{"id":1333489,"date":"2020-10-16T11:36:27","date_gmt":"2020-10-16T09:36:27","guid":{"rendered":"https:\/\/laboklin.de\/leistungen\/infektionskrankheiten-erreger-und-antikoerpernachweise\/viren\/rotaviren\/rotavirus-antigen-eia\/"},"modified":"2025-01-31T09:05:47","modified_gmt":"2025-01-31T08:05:47","slug":"rotavirus-antigen-eia","status":"publish","type":"page","link":"https:\/\/laboklin.de\/de-ch\/leistungen\/infektionskrankheiten-erreger-und-antikoerpernachweise\/viren\/rotaviren\/rotavirus-antigen-eia\/","title":{"rendered":"Rotavirus &#8211; Antigen (EIA)"},"content":{"rendered":"<h3 class=\"csc-firstHeader\">Rotavirus - Antigen (EIA)<\/h3><p><span>LABOKLIN Leistungs-ID: 172<\/span><\/p><p class=\"bodytext\">Der Rotavirus-Antigennachweis ist Bestandteil der Profile \"Gro\u00dfes Kotprofil Kalb\", \"Kotprofil Kalb\" und \"Kotprofil Kameliden\" und kann nur \u00fcber diese angefordert werden.<\/p><table class=\"tx-laboklinleistung-table contenttable contenttable-2\" style=\"margin-top: 35px;\"><tr><td class=\"td-0\"><strong>Material<\/strong><\/td><td class=\"td-1\"><p class=\"bodytext\">Faeces<\/p><\/td><\/tr><tr><td class=\"td-0\"><strong>Methode<\/strong><\/td><td class=\"td-1\"><p class=\"bodytext\">ELISA<\/p><\/td><\/tr><tr><td class=\"td-0\"><strong>Dauer<\/strong><\/td><td class=\"td-1\"><p class=\"bodytext\">1 - 2 Tage<\/p><\/td><\/tr><tr><td class=\"td-0\"><strong>Anmerkung<\/strong><\/td><td class=\"td-1\"><p class=\"bodytext\">Mindestens kirschgro\u00dfe Faecesprobe einsenden.<\/p><\/td><\/tr><\/table>\n","protected":false},"excerpt":{"rendered":"<p>Rotavirus &#8211; Antigen (EIA)LABOKLIN Leistungs-ID: 172Der Rotavirus-Antigennachweis ist Bestandteil der Profile &#171;Gro\u00dfes Kotprofil Kalb&#187;, &#171;Kotprofil Kalb&#187; und &#171;Kotprofil Kameliden&#187; und kann nur \u00fcber diese angefordert werden.MaterialFaecesMethodeELISADauer1 &#8211; 2 TageAnmerkungMindestens kirschgro\u00dfe Faecesprobe einsenden.<\/p>\n","protected":false},"author":1,"featured_media":0,"parent":1333008,"menu_order":0,"comment_status":"closed","ping_status":"closed","template":"","meta":{"_seopress_robots_primary_cat":"","_seopress_titles_title":"","_seopress_titles_desc":"","_seopress_robots_index":"","footnotes":""},"class_list":["post-1333489","page","type-page","status-publish","hentry","description-off"],"_links":{"self":[{"href":"https:\/\/laboklin.de\/de-ch\/wp-json\/wp\/v2\/pages\/1333489","targetHints":{"allow":["GET"]}}],"collection":[{"href":"https:\/\/laboklin.de\/de-ch\/wp-json\/wp\/v2\/pages"}],"about":[{"href":"https:\/\/laboklin.de\/de-ch\/wp-json\/wp\/v2\/types\/page"}],"author":[{"embeddable":true,"href":"https:\/\/laboklin.de\/de-ch\/wp-json\/wp\/v2\/users\/1"}],"replies":[{"embeddable":true,"href":"https:\/\/laboklin.de\/de-ch\/wp-json\/wp\/v2\/comments?post=1333489"}],"version-history":[{"count":1,"href":"https:\/\/laboklin.de\/de-ch\/wp-json\/wp\/v2\/pages\/1333489\/revisions"}],"predecessor-version":[{"id":1505092,"href":"https:\/\/laboklin.de\/de-ch\/wp-json\/wp\/v2\/pages\/1333489\/revisions\/1505092"}],"up":[{"embeddable":true,"href":"https:\/\/laboklin.de\/de-ch\/wp-json\/wp\/v2\/pages\/1333008"}],"wp:attachment":[{"href":"https:\/\/laboklin.de\/de-ch\/wp-json\/wp\/v2\/media?parent=1333489"}],"curies":[{"name":"wp","href":"https:\/\/api.w.org\/{rel}","templated":true}]}}