{"id":1333431,"date":"2020-10-16T11:36:27","date_gmt":"2020-10-16T09:36:27","guid":{"rendered":"https:\/\/laboklin.de\/leistungen\/infektionskrankheiten-erreger-und-antikoerpernachweise\/viren\/equine-infektioese-anaemie-virus-eiav\/equine-infektioese-anaeemie-virus-eiav-antikoerper-coggins-test\/"},"modified":"2026-01-08T13:16:55","modified_gmt":"2026-01-08T12:16:55","slug":"equine-infektioese-anaeemie-virus-eiav-antikoerper-coggins-test","status":"publish","type":"page","link":"https:\/\/laboklin.de\/de-ch\/leistungen\/infektionskrankheiten-erreger-und-antikoerpernachweise\/viren\/equine-infektioese-anaemie-virus-eiav\/equine-infektioese-anaeemie-virus-eiav-antikoerper-coggins-test\/","title":{"rendered":"Equine-infekti\u00f6se-An\u00e4emie-Virus (EIAV) &#8211; Antik\u00f6rper: Coggins-Test"},"content":{"rendered":"<h3 class=\"csc-firstHeader\">Equine-infekti\u00f6se-An\u00e4emie-Virus (EIAV) - Antik\u00f6rper: Coggins-Test<\/h3><p><span>LABOKLIN Leistungs-ID: 3130<\/span><\/p><table class=\"tx-laboklinleistung-table contenttable contenttable-2\" style=\"margin-top: 35px;\"><tr><td class=\"td-0\"><strong>Material<\/strong><\/td><td class=\"td-1\"><p class=\"bodytext\">Serum 0,5 ml<\/p><\/td><\/tr><tr><td class=\"td-0\"><strong>Methode<\/strong><\/td><td class=\"td-1\"><p class=\"bodytext\">Agargeldiffusionstest (Coggins-Test)<\/p><\/td><\/tr><tr><td class=\"td-0\"><strong>Dauer<\/strong><\/td><td class=\"td-1\"><p class=\"bodytext\">3 Tage<\/p><\/td><\/tr><tr><td class=\"td-0\"><strong>Anmerkung<\/strong><\/td><td class=\"td-1\"><p class=\"bodytext\"><ul><li>Antik\u00f6rper sind fr\u00fchestens 2 - 3 Wochen post inf. nachweisbar. <\/li><li>Bei negativer serologischer Untersuchung sollten verd\u00e4chtige Tiere \u2013 ggf. auch mehrfach \u2013 in 3 - 4 w\u00f6chigen Abst\u00e4nden nachgetestet werden.<\/li> <li> Das Ergebnis eines positiven Coggins-Tests ist in Deutschland anzeigepflichtig. Ein positiver ELISA muss durch einen Coggins-Test best\u00e4tigt werden.<\/li> <li><strong>Schweiz: <\/strong>keine amtliche Untersuchung; nur f\u00fcr Ausreise.<\/li><\/ul>  <\/p><\/td><\/tr><\/table>\n","protected":false},"excerpt":{"rendered":"<p>EIAV Coggins-Test bei Laboklin: Goldstandard AGID-Test f\u00fcr Equine Infekti\u00f6se An\u00e4mie-Antik\u00f6rper bei Pferden. Schnelle, zuverl\u00e4ssige Best\u00e4tigung positiv ELISA, Pflicht f\u00fcr Export\/Turniere.<\/p>\n","protected":false},"author":1,"featured_media":0,"parent":1332933,"menu_order":0,"comment_status":"closed","ping_status":"closed","template":"","meta":{"_seopress_robots_primary_cat":"","_seopress_titles_title":"Coggins-Test: Nachweis des Equinen Infekti\u00f6sen An\u00e4mievirus","_seopress_titles_desc":"EIAV Coggins-Test bei Laboklin: Goldstandard AGID-Test f\u00fcr Equine Infekti\u00f6se An\u00e4mie-Antik\u00f6rper bei Pferden. Schnelle, zuverl\u00e4ssige Best\u00e4tigung positiv ELISA.","_seopress_robots_index":"","footnotes":""},"class_list":["post-1333431","page","type-page","status-publish","hentry","description-off"],"_links":{"self":[{"href":"https:\/\/laboklin.de\/de-ch\/wp-json\/wp\/v2\/pages\/1333431","targetHints":{"allow":["GET"]}}],"collection":[{"href":"https:\/\/laboklin.de\/de-ch\/wp-json\/wp\/v2\/pages"}],"about":[{"href":"https:\/\/laboklin.de\/de-ch\/wp-json\/wp\/v2\/types\/page"}],"author":[{"embeddable":true,"href":"https:\/\/laboklin.de\/de-ch\/wp-json\/wp\/v2\/users\/1"}],"replies":[{"embeddable":true,"href":"https:\/\/laboklin.de\/de-ch\/wp-json\/wp\/v2\/comments?post=1333431"}],"version-history":[{"count":2,"href":"https:\/\/laboklin.de\/de-ch\/wp-json\/wp\/v2\/pages\/1333431\/revisions"}],"predecessor-version":[{"id":1580808,"href":"https:\/\/laboklin.de\/de-ch\/wp-json\/wp\/v2\/pages\/1333431\/revisions\/1580808"}],"up":[{"embeddable":true,"href":"https:\/\/laboklin.de\/de-ch\/wp-json\/wp\/v2\/pages\/1332933"}],"wp:attachment":[{"href":"https:\/\/laboklin.de\/de-ch\/wp-json\/wp\/v2\/media?parent=1333431"}],"curies":[{"name":"wp","href":"https:\/\/api.w.org\/{rel}","templated":true}]}}