{"id":1333388,"date":"2020-10-16T11:36:27","date_gmt":"2020-10-16T09:36:27","guid":{"rendered":"https:\/\/laboklin.de\/leistungen\/haematologie-klin-chemie-endokrinologie\/endokrinologie-tumormarker\/17-oh-progesteron\/"},"modified":"2026-02-11T13:04:16","modified_gmt":"2026-02-11T12:04:16","slug":"17-oh-progesteron","status":"publish","type":"page","link":"https:\/\/laboklin.de\/de-ch\/leistungen\/haematologie-klin-chemie-endokrinologie\/endokrinologie-tumormarker\/17-oh-progesteron\/","title":{"rendered":"Progesteron, 17-OH"},"content":{"rendered":"<h3 class=\"csc-firstHeader\">Progesteron, 17-OH<\/h3><p><span>LABOKLIN Leistungs-ID: 1123<\/span><\/p><p class=\"bodytext\"><br><ul><li>Diagnostik bei Cushing-Syndrom.<\/li><li><strong>Hund<\/strong>: Insbesondere zur Diagnostik bei Hinweis auf subdiagnostisches (fr\u00fcher atypisches) Cushing-Syndrom; hohe diagnostische Sensitivit\u00e4t bei relativ geringer Spezifit\u00e4t.<\/li><li><strong>Hund, Frettchen<\/strong>: Diagnostik von Sexualsteroide-produzierenden Erkrankungen der Nebennierenrinde (NNR).<\/li><\/ul><\/p><table class=\"tx-laboklinleistung-table contenttable contenttable-2\" style=\"margin-top: 35px;\"><tr><td class=\"td-0\"><strong>Material<\/strong><\/td><td class=\"td-1\"><p class=\"bodytext\">Serum 0,5 ml<\/p><\/td><\/tr><tr><td class=\"td-0\"><strong>Methode<\/strong><\/td><td class=\"td-1\"><p class=\"bodytext\">Fl\u00fcssigchromatographie-Massenspektrometrie (LCMS)<\/p><\/td><\/tr><tr><td class=\"td-0\"><strong>Tierart(en)<\/strong><\/td><td class=\"td-1\"><p class=\"bodytext\">Hund, Frettchen, weitere auf Anfrage<\/p><\/td><\/tr><tr><td class=\"td-0\"><strong>Dauer<\/strong><\/td><td class=\"td-1\"><p class=\"bodytext\">2-6 Arbeitstage<\/p><\/td><\/tr><tr><td class=\"td-0\"><strong>Anmerkung<\/strong><\/td><td class=\"td-1\"><p class=\"bodytext\"><ul><li>Bei der Interpretation sind geschlechtsspezifische Unterschiede zu beachten.<\/li><li>17-OH-Progesteron ist Bestandteil des erweiterten ACTH-Stimulationstests (siehe Endokrinologie\/Funktionstests) sowie des NNR-Profils (siehe Profile\/Kleintier\/klinisch.chemische Profile).<\/li><\/ul><\/p><\/td><\/tr><\/table>\n","protected":false},"excerpt":{"rendered":"<p>Progesteron, 17-OHLABOKLIN Leistungs-ID: 1123Diagnostik bei Cushing-Syndrom.Hund: Insbesondere zur Diagnostik bei Hinweis auf subdiagnostisches (fr\u00fcher atypisches) Cushing-Syndrom; hohe diagnostische Sensitivit\u00e4t bei relativ geringer Spezifit\u00e4t.Hund, Frettchen: Diagnostik von Sexualsteroide-produzierenden Erkrankungen der Nebennierenrinde (NNR).MaterialSerum 0,5 mlMethodeFl\u00fcssigchromatographie-Massenspektrometrie (LCMS)Tierart(en)Hund, Frettchen, weitere auf AnfrageDauer2-6 ArbeitstageAnmerkungBei der Interpretation sind geschlechtsspezifische Unterschiede zu beachten.17-OH-Progesteron ist Bestandteil des erweiterten ACTH-Stimulationstests (siehe Endokrinologie\/Funktionstests) sowie des&hellip;<\/p>\n","protected":false},"author":1,"featured_media":0,"parent":1332762,"menu_order":0,"comment_status":"closed","ping_status":"closed","template":"","meta":{"_seopress_robots_primary_cat":"","_seopress_titles_title":"","_seopress_titles_desc":"","_seopress_robots_index":"","footnotes":""},"class_list":["post-1333388","page","type-page","status-publish","hentry","description-off"],"_links":{"self":[{"href":"https:\/\/laboklin.de\/de-ch\/wp-json\/wp\/v2\/pages\/1333388","targetHints":{"allow":["GET"]}}],"collection":[{"href":"https:\/\/laboklin.de\/de-ch\/wp-json\/wp\/v2\/pages"}],"about":[{"href":"https:\/\/laboklin.de\/de-ch\/wp-json\/wp\/v2\/types\/page"}],"author":[{"embeddable":true,"href":"https:\/\/laboklin.de\/de-ch\/wp-json\/wp\/v2\/users\/1"}],"replies":[{"embeddable":true,"href":"https:\/\/laboklin.de\/de-ch\/wp-json\/wp\/v2\/comments?post=1333388"}],"version-history":[{"count":2,"href":"https:\/\/laboklin.de\/de-ch\/wp-json\/wp\/v2\/pages\/1333388\/revisions"}],"predecessor-version":[{"id":1588572,"href":"https:\/\/laboklin.de\/de-ch\/wp-json\/wp\/v2\/pages\/1333388\/revisions\/1588572"}],"up":[{"embeddable":true,"href":"https:\/\/laboklin.de\/de-ch\/wp-json\/wp\/v2\/pages\/1332762"}],"wp:attachment":[{"href":"https:\/\/laboklin.de\/de-ch\/wp-json\/wp\/v2\/media?parent=1333388"}],"curies":[{"name":"wp","href":"https:\/\/api.w.org\/{rel}","templated":true}]}}