{"id":1333381,"date":"2020-10-16T11:36:27","date_gmt":"2020-10-16T09:36:27","guid":{"rendered":"https:\/\/laboklin.de\/leistungen\/haematologie-klin-chemie-endokrinologie\/klinisch-chemische-parameter\/enzyme\/tli-test-trypsin-like-immunoreactivity\/"},"modified":"2025-01-28T12:47:10","modified_gmt":"2025-01-28T11:47:10","slug":"tli-test-trypsin-like-immunoreactivity","status":"publish","type":"page","link":"https:\/\/laboklin.de\/de-ch\/leistungen\/haematologie-klin-chemie-endokrinologie\/klinisch-chemische-parameter\/enzyme\/tli-test-trypsin-like-immunoreactivity\/","title":{"rendered":"TLI-Test (Trypsin-like Immunoreactivity)"},"content":{"rendered":"<h3 class=\"csc-firstHeader\">TLI (Trypsin-like Immunoreactivity)<\/h3><p><span>LABOKLIN Leistungs-ID: 3003<\/span><\/p><p class=\"bodytext\"><br><\/p><table class=\"tx-laboklinleistung-table contenttable contenttable-2\" style=\"margin-top: 35px;\"><tr><td class=\"td-0\"><strong>Material<\/strong><\/td><td class=\"td-1\"><p class=\"bodytext\">Serum 0,5 ml<\/p><\/td><\/tr><tr><td class=\"td-0\"><strong>Methode<\/strong><\/td><td class=\"td-1\"><p class=\"bodytext\">Hund: Chemoluminiszenzassay (CLIA)<br>Katze: Enzym Linked Immunosorbent Assay (ELISA)<\/p><\/td><\/tr><tr><td class=\"td-0\"><strong>Tierart(en)<\/strong><\/td><td class=\"td-1\"><p class=\"bodytext\">Hund, Katze<\/p><\/td><\/tr><tr><td class=\"td-0\"><strong>Dauer<\/strong><\/td><td class=\"td-1\"><p class=\"bodytext\">Hund: Befund\u00fcbermittlung am Tag des Probeneingangs (Mo.-Sa.); <br>Katze: 1-2 Arbeitstage<\/p><\/td><\/tr><tr><td class=\"td-0\"><strong>Anmerkung<\/strong><\/td><td class=\"td-1\"><p class=\"bodytext\"><ul><li>Sensitivster Test zum Nachweis einer exkretorischen Pankreasinsuffizienz.<\/li><li>Niereninsuffizienzen k\u00f6nnen zu erh\u00f6hten TLI-Werten f\u00fchren.<\/li><li>Hunde und Katzen <strong>sollten<\/strong> 12 Stdn. vor Blutentnahme fasten.<\/li><\/ul><\/p><\/td><\/tr><\/table>\n","protected":false},"excerpt":{"rendered":"<p>TLI (Trypsin-like Immunoreactivity)LABOKLIN Leistungs-ID: 3003MaterialSerum 0,5 mlMethodeHund: Chemoluminiszenzassay (CLIA)Katze: Enzym Linked Immunosorbent Assay (ELISA)Tierart(en)Hund, KatzeDauerHund: Befund\u00fcbermittlung am Tag des Probeneingangs (Mo.-Sa.); Katze: 1-2 ArbeitstageAnmerkungSensitivster Test zum Nachweis einer exkretorischen Pankreasinsuffizienz.Niereninsuffizienzen k\u00f6nnen zu erh\u00f6hten TLI-Werten f\u00fchren.Hunde und Katzen sollten 12 Stdn. vor Blutentnahme fasten.<\/p>\n","protected":false},"author":1,"featured_media":0,"parent":1332893,"menu_order":0,"comment_status":"closed","ping_status":"closed","template":"","meta":{"_seopress_robots_primary_cat":"","_seopress_titles_title":"","_seopress_titles_desc":"","_seopress_robots_index":"","footnotes":""},"class_list":["post-1333381","page","type-page","status-publish","hentry","description-off"],"_links":{"self":[{"href":"https:\/\/laboklin.de\/de-ch\/wp-json\/wp\/v2\/pages\/1333381","targetHints":{"allow":["GET"]}}],"collection":[{"href":"https:\/\/laboklin.de\/de-ch\/wp-json\/wp\/v2\/pages"}],"about":[{"href":"https:\/\/laboklin.de\/de-ch\/wp-json\/wp\/v2\/types\/page"}],"author":[{"embeddable":true,"href":"https:\/\/laboklin.de\/de-ch\/wp-json\/wp\/v2\/users\/1"}],"replies":[{"embeddable":true,"href":"https:\/\/laboklin.de\/de-ch\/wp-json\/wp\/v2\/comments?post=1333381"}],"version-history":[{"count":1,"href":"https:\/\/laboklin.de\/de-ch\/wp-json\/wp\/v2\/pages\/1333381\/revisions"}],"predecessor-version":[{"id":1504291,"href":"https:\/\/laboklin.de\/de-ch\/wp-json\/wp\/v2\/pages\/1333381\/revisions\/1504291"}],"up":[{"embeddable":true,"href":"https:\/\/laboklin.de\/de-ch\/wp-json\/wp\/v2\/pages\/1332893"}],"wp:attachment":[{"href":"https:\/\/laboklin.de\/de-ch\/wp-json\/wp\/v2\/media?parent=1333381"}],"curies":[{"name":"wp","href":"https:\/\/api.w.org\/{rel}","templated":true}]}}