{"id":1333376,"date":"2020-10-16T11:36:27","date_gmt":"2020-10-16T09:36:27","guid":{"rendered":"https:\/\/laboklin.de\/leistungen\/haematologie-klin-chemie-endokrinologie\/haematologie\/blutgruppen-bestimmung\/blutgruppenbestimmung-genetisch\/"},"modified":"2025-01-28T12:23:12","modified_gmt":"2025-01-28T11:23:12","slug":"blutgruppenbestimmung-genetisch","status":"publish","type":"page","link":"https:\/\/laboklin.de\/de-ch\/leistungen\/haematologie-klin-chemie-endokrinologie\/haematologie\/blutgruppen-bestimmung\/blutgruppenbestimmung-genetisch\/","title":{"rendered":"Blutgruppenbestimmung genetisch"},"content":{"rendered":"<h3 class=\"csc-firstHeader\">Blutgruppenbestimmung genetisch<\/h3><p><span>LABOKLIN Leistungs-ID: 8121<\/span><\/p><p class=\"bodytext\">Das AB-System ist das vorherrschende Blutgruppensystem bei der Katze. Die h\u00e4ufigsten Bluttypen sind A und B. Katzen der Blutgruppe A haben normalerweise einen niedrigen Anti-B-Antik\u00f6rper-Titer, Katzen der Blutgruppe B gew\u00f6hnlich einen hohen Anti-A-Antik\u00f6rper-Titer. Auch ist in einigen Rassen die eher seltene Blutgruppe C (wird auch als Blutgruppe \u201eAB\u201c bezeichnet) bekannt. Katzen mit der Blutgruppe C haben weder A- noch B-Antik\u00f6rper, sie sind so Universalempf\u00e4nger bei Bluttransfusionen.<br>Die Bestimmung der Blutgruppe bei der Katze erlaubt im Vorfeld von Verpaarungen die genetische Differenzierung der serologisch bestimmten Blutgruppe. So ist es m\u00f6glich, das rezessive Allel b, welches mit dem Blutgruppentyp B assoziiert ist, zu identifizieren. Katzen mit 2 Kopien des Allels b bilden Blutgruppe B aus. Hinter der Blutgruppe A kann sich genetisch nicht nur ein reinerbiges AA- sondern auch ein mischerbiges Ab-Tr\u00e4gertier verbergen. Zur Abkl\u00e4rung der genetischen Grundlage bei A- und C (AB)-Katzen ist daher die genetische Untersuchung empfohlen. (siehe auch Rubrik Genetik\/Erbkrankheiten\/Katze\/Blutgruppenbestimmung genetisch)<\/p><table class=\"tx-laboklinleistung-table contenttable contenttable-2\" style=\"margin-top: 35px;\"><tr><td class=\"td-0\"><strong>Material<\/strong><\/td><td class=\"td-1\"><p class=\"bodytext\">EDTA-Blut 1 ml oder Backenabstrich<\/p><\/td><\/tr><tr><td class=\"td-0\"><strong>Methode<\/strong><\/td><td class=\"td-1\"><p class=\"bodytext\">TaqMan SNP Assay<\/p><\/td><\/tr><tr><td class=\"td-0\"><strong>Tierart(en)<\/strong><\/td><td class=\"td-1\"><p class=\"bodytext\">Katze<\/p><\/td><\/tr><tr><td class=\"td-0\"><strong>Rasse<\/strong><\/td><td class=\"td-1\"><p class=\"bodytext\">Abessinier, American Bobtail Longhair, American Bobtail Shorthair, American Curl Longhair, American Curl Shorthair, American Shorthair, American Wirehair, Anatoli, Arabische Mau, Australische Schleierkatze, Balinese, Bengal, Bombay, Brasilianisch Kurzhaar, Britisch Kurzhaar, Britisch Langhaar , Burma, Burmilla, Ceylon-Katze, Chartreux, Chausie, Cornish Rex, Cymric, Deutsch Langhaar, Devon Rex, Don Sphynx, Exotic Shorthair, Foldex, German Rex, Heilige Birma, Himalaya, Japanese Bobtail Longhair, Japanese Bobtail Shorthair, Javanese, Kanaani-Katze, Kart\u00e4user, Korat, Kurilen Bobtail, LaPerm Longhair, LaPerm Shorthair, Maine Coon, Manx, Mix \/ Mischling, Munchkin, Nebelung, Neva Masquerade, Norwegische Waldkatze, Ocicat, Ojos Azules , Orientalisch Kurzhaar, Orientalisch Langhaar, Perser, Peterbald, Pixiebob Longhair, Pixiebob Shorthair, Ragdoll, Russisch Blau, Savannah, Scottish Fold Longhair, Scottish Fold Shorthair, Selkirk Rex Longhair, Selkirk Rex Shorthair, Serengeti, Seychellois, Siam, Sibirische Katze, Singapura, Snowshoe, Sokoke, Somali, Sphynx, Thai, Tonkanese, Toyger, T\u00fcrkisch Angora, T\u00fcrkisch Van, Ural Rex, sonstige \/ unbekannt, \u00c4gyptische Mau<\/p><\/td><\/tr><tr><td class=\"td-0\"><strong>Dauer<\/strong><\/td><td class=\"td-1\"><p class=\"bodytext\">3 - 5 Werktage nach Erhalt der Probe<\/p><\/td><\/tr><\/table>\n","protected":false},"excerpt":{"rendered":"<p>Blutgruppenbestimmung genetischLABOKLIN Leistungs-ID: 8121Das AB-System ist das vorherrschende Blutgruppensystem bei der Katze. Die h\u00e4ufigsten Bluttypen sind A und B. Katzen der Blutgruppe A haben normalerweise einen niedrigen Anti-B-Antik\u00f6rper-Titer, Katzen der Blutgruppe B gew\u00f6hnlich einen hohen Anti-A-Antik\u00f6rper-Titer. Auch ist in einigen Rassen die eher seltene Blutgruppe C (wird auch als Blutgruppe \u201eAB\u201c bezeichnet) bekannt. Katzen mit&hellip;<\/p>\n","protected":false},"author":1,"featured_media":0,"parent":1332887,"menu_order":0,"comment_status":"closed","ping_status":"closed","template":"","meta":{"_seopress_robots_primary_cat":"","_seopress_titles_title":"","_seopress_titles_desc":"","_seopress_robots_index":"","footnotes":""},"class_list":["post-1333376","page","type-page","status-publish","hentry","description-off"],"_links":{"self":[{"href":"https:\/\/laboklin.de\/de-ch\/wp-json\/wp\/v2\/pages\/1333376","targetHints":{"allow":["GET"]}}],"collection":[{"href":"https:\/\/laboklin.de\/de-ch\/wp-json\/wp\/v2\/pages"}],"about":[{"href":"https:\/\/laboklin.de\/de-ch\/wp-json\/wp\/v2\/types\/page"}],"author":[{"embeddable":true,"href":"https:\/\/laboklin.de\/de-ch\/wp-json\/wp\/v2\/users\/1"}],"replies":[{"embeddable":true,"href":"https:\/\/laboklin.de\/de-ch\/wp-json\/wp\/v2\/comments?post=1333376"}],"version-history":[{"count":1,"href":"https:\/\/laboklin.de\/de-ch\/wp-json\/wp\/v2\/pages\/1333376\/revisions"}],"predecessor-version":[{"id":1504239,"href":"https:\/\/laboklin.de\/de-ch\/wp-json\/wp\/v2\/pages\/1333376\/revisions\/1504239"}],"up":[{"embeddable":true,"href":"https:\/\/laboklin.de\/de-ch\/wp-json\/wp\/v2\/pages\/1332887"}],"wp:attachment":[{"href":"https:\/\/laboklin.de\/de-ch\/wp-json\/wp\/v2\/media?parent=1333376"}],"curies":[{"name":"wp","href":"https:\/\/api.w.org\/{rel}","templated":true}]}}