{"id":1333373,"date":"2020-10-16T11:36:27","date_gmt":"2020-10-16T09:36:27","guid":{"rendered":"https:\/\/laboklin.de\/leistungen\/haematologie-klin-chemie-endokrinologie\/haematologie\/blutbild\/mchc-mch-mcv\/"},"modified":"2025-01-28T10:27:57","modified_gmt":"2025-01-28T09:27:57","slug":"mchc-mch-mcv","status":"publish","type":"page","link":"https:\/\/laboklin.de\/de-ch\/leistungen\/haematologie-klin-chemie-endokrinologie\/haematologie\/blutbild\/mchc-mch-mcv\/","title":{"rendered":"MCHC, MCH, MCV"},"content":{"rendered":"<h3 class=\"csc-firstHeader\">MCHC, MCH, MCV<\/h3><p><span>LABOKLIN Leistungs-ID: 1012<\/span><\/p><table class=\"tx-laboklinleistung-table contenttable contenttable-2\" style=\"margin-top: 35px;\"><tr><td class=\"td-0\"><strong>Material<\/strong><\/td><td class=\"td-1\"><p class=\"bodytext\">EDTA-Blut 1 ml<\/p><\/td><\/tr><tr><td class=\"td-0\"><strong>Parameter<\/strong><\/td><td class=\"td-1\"><p class=\"bodytext\">MCHC, MCH, MCV<\/p><\/td><\/tr><tr><td class=\"td-0\"><strong>Methode<\/strong><\/td><td class=\"td-1\"><p class=\"bodytext\">Durchflusszytometrie<\/p><\/td><\/tr><tr><td class=\"td-0\"><strong>Tierart(en)<\/strong><\/td><td class=\"td-1\"><p class=\"bodytext\">Hund, Katze, Pferd, Wiederk\u00e4uer, Schwein, weitere auf Anfrage <br>(nicht V\u00f6gel, Reptilien, Amphibien, Fische)<\/p><\/td><\/tr><tr><td class=\"td-0\"><strong>Dauer<\/strong><\/td><td class=\"td-1\"><p class=\"bodytext\">Befund\u00fcbermittlung am Tag des Probeneingangs (Mo.-Sa.)<\/p><\/td><\/tr><tr><td class=\"td-0\"><strong>Anmerkung<\/strong><\/td><td class=\"td-1\"><p class=\"bodytext\"><ul><li>Diese errechneten Erythrozytenindizes dienen der Differenzierung von An\u00e4mieformen. <\/li><li>Das Erythrozytenvolumen ver\u00e4ndert sich bei Alterung des Blutes. Die Indizes sind bei Versandblutproben daher nur bedingt aussagekr\u00e4ftig.<\/li><li>Diese Indizes sind im Blutbild inkludiert und nicht separat anforderbar.<\/li><\/ul><\/p><\/td><\/tr><\/table>\n","protected":false},"excerpt":{"rendered":"<p>MCHC, MCH, MCVLABOKLIN Leistungs-ID: 1012MaterialEDTA-Blut 1 mlParameterMCHC, MCH, MCVMethodeDurchflusszytometrieTierart(en)Hund, Katze, Pferd, Wiederk\u00e4uer, Schwein, weitere auf Anfrage (nicht V\u00f6gel, Reptilien, Amphibien, Fische)DauerBefund\u00fcbermittlung am Tag des Probeneingangs (Mo.-Sa.)AnmerkungDiese errechneten Erythrozytenindizes dienen der Differenzierung von An\u00e4mieformen. Das Erythrozytenvolumen ver\u00e4ndert sich bei Alterung des Blutes. Die Indizes sind bei Versandblutproben daher nur bedingt aussagekr\u00e4ftig.Diese Indizes sind im Blutbild inkludiert&hellip;<\/p>\n","protected":false},"author":1,"featured_media":0,"parent":1332883,"menu_order":0,"comment_status":"closed","ping_status":"closed","template":"","meta":{"_seopress_robots_primary_cat":"","_seopress_titles_title":"","_seopress_titles_desc":"","_seopress_robots_index":"","footnotes":""},"class_list":["post-1333373","page","type-page","status-publish","hentry","description-off"],"_links":{"self":[{"href":"https:\/\/laboklin.de\/de-ch\/wp-json\/wp\/v2\/pages\/1333373","targetHints":{"allow":["GET"]}}],"collection":[{"href":"https:\/\/laboklin.de\/de-ch\/wp-json\/wp\/v2\/pages"}],"about":[{"href":"https:\/\/laboklin.de\/de-ch\/wp-json\/wp\/v2\/types\/page"}],"author":[{"embeddable":true,"href":"https:\/\/laboklin.de\/de-ch\/wp-json\/wp\/v2\/users\/1"}],"replies":[{"embeddable":true,"href":"https:\/\/laboklin.de\/de-ch\/wp-json\/wp\/v2\/comments?post=1333373"}],"version-history":[{"count":1,"href":"https:\/\/laboklin.de\/de-ch\/wp-json\/wp\/v2\/pages\/1333373\/revisions"}],"predecessor-version":[{"id":1333374,"href":"https:\/\/laboklin.de\/de-ch\/wp-json\/wp\/v2\/pages\/1333373\/revisions\/1333374"}],"up":[{"embeddable":true,"href":"https:\/\/laboklin.de\/de-ch\/wp-json\/wp\/v2\/pages\/1332883"}],"wp:attachment":[{"href":"https:\/\/laboklin.de\/de-ch\/wp-json\/wp\/v2\/media?parent=1333373"}],"curies":[{"name":"wp","href":"https:\/\/api.w.org\/{rel}","templated":true}]}}