{"id":1333361,"date":"2020-10-19T15:43:34","date_gmt":"2020-10-19T13:43:34","guid":{"rendered":"https:\/\/laboklin.de\/leistungen\/mikrobiologie-parasitologie\/autovakzine-bestandsspezifische-vakzine\/schluckimpfstoff\/"},"modified":"2023-01-31T17:04:07","modified_gmt":"2023-01-31T16:04:07","slug":"schluckimpfstoff","status":"publish","type":"page","link":"https:\/\/laboklin.de\/de-ch\/leistungen\/mikrobiologie-parasitologie\/autovakzine-bestandsspezifische-vakzine\/schluckimpfstoff\/","title":{"rendered":"Schluckimpfstoff"},"content":{"rendered":"<h3 class=\"csc-firstHeader\">Schluckimpfstoff<\/h3><p><span>LABOKLIN Leistungs-ID: 1551<\/span><\/p><p class=\"bodytext\"><br><ul> <li>bei chronischem Durchfall, Kotwasserproblematik Pferd<\/li> <li>Es ist eine vorausgehende bakteriologische Untersuchung erforderlich<\/li> <li><strong>Bitte beachten Sie: <\/strong>Zur Herstellung dieses Pr\u00e4parates ben\u00f6tigen wir von Ihrer Praxis ein <strong>Rezept!<\/strong><\/li><\/ul><\/p><table class=\"tx-laboklinleistung-table contenttable contenttable-2\" style=\"margin-top: 35px;\"><tr><td class=\"td-0\"><strong>Material<\/strong><\/td><td class=\"td-1\"><p class=\"bodytext\">Faeces (ggf. auch Tupfer mit Medium aus Faeces)<\/p><\/td><\/tr><tr><td class=\"td-0\"><strong>Methode<\/strong><\/td><td class=\"td-1\"><p class=\"bodytext\">Bakteriologische Anzucht der aeroben Keime, darauf folgende Inaktivierung der Erreger und anschlie\u00dfende Herstellung der Autovakzine-L\u00f6sung <\/p><\/td><\/tr><tr><td class=\"td-0\"><strong>Tierart(en)<\/strong><\/td><td class=\"td-1\"><p class=\"bodytext\">siehe Seite \"Autovakzine\/bestandsspezifische Vakzine\"<\/p><\/td><\/tr><tr><td class=\"td-0\"><strong>Dauer<\/strong><\/td><td class=\"td-1\"><p class=\"bodytext\">3 Wochen<\/p><\/td><\/tr><tr><td class=\"td-0\"><strong>Anmerkung<\/strong><\/td><td class=\"td-1\"><p class=\"bodytext\">Chronische Durchf\u00e4lle geh\u00f6ren auch zu den Indikationen f\u00fcr eine Mikrobiomanalyse (siehe Mikrobiologie\/Parasitologie \/ Untersuchungen bei Verdauungsst\u00f6rungen und Diarrh\u00f6). Zur anschlie\u00dfenden Herstellung einer Autovakzine ist eine vorangehende kulturelle Untersuchung mit Keimisolierung notwendig.<\/p><\/td><\/tr><\/table>\n","protected":false},"excerpt":{"rendered":"<p>SchluckimpfstoffLABOKLIN Leistungs-ID: 1551 bei chronischem Durchfall, Kotwasserproblematik Pferd Es ist eine vorausgehende bakteriologische Untersuchung erforderlich Bitte beachten Sie: Zur Herstellung dieses Pr\u00e4parates ben\u00f6tigen wir von Ihrer Praxis ein Rezept!MaterialFaeces (ggf. auch Tupfer mit Medium aus Faeces)MethodeBakteriologische Anzucht der aeroben Keime, darauf folgende Inaktivierung der Erreger und anschlie\u00dfende Herstellung der Autovakzine-L\u00f6sung Tierart(en)siehe Seite &#171;Autovakzine\/bestandsspezifische Vakzine&#187;Dauer3 WochenAnmerkungChronische&hellip;<\/p>\n","protected":false},"author":1,"featured_media":0,"parent":1332791,"menu_order":0,"comment_status":"closed","ping_status":"closed","template":"","meta":{"_seopress_robots_primary_cat":"","_seopress_titles_title":"","_seopress_titles_desc":"","_seopress_robots_index":"","footnotes":""},"class_list":["post-1333361","page","type-page","status-publish","hentry","description-off"],"_links":{"self":[{"href":"https:\/\/laboklin.de\/de-ch\/wp-json\/wp\/v2\/pages\/1333361","targetHints":{"allow":["GET"]}}],"collection":[{"href":"https:\/\/laboklin.de\/de-ch\/wp-json\/wp\/v2\/pages"}],"about":[{"href":"https:\/\/laboklin.de\/de-ch\/wp-json\/wp\/v2\/types\/page"}],"author":[{"embeddable":true,"href":"https:\/\/laboklin.de\/de-ch\/wp-json\/wp\/v2\/users\/1"}],"replies":[{"embeddable":true,"href":"https:\/\/laboklin.de\/de-ch\/wp-json\/wp\/v2\/comments?post=1333361"}],"version-history":[{"count":1,"href":"https:\/\/laboklin.de\/de-ch\/wp-json\/wp\/v2\/pages\/1333361\/revisions"}],"predecessor-version":[{"id":1333362,"href":"https:\/\/laboklin.de\/de-ch\/wp-json\/wp\/v2\/pages\/1333361\/revisions\/1333362"}],"up":[{"embeddable":true,"href":"https:\/\/laboklin.de\/de-ch\/wp-json\/wp\/v2\/pages\/1332791"}],"wp:attachment":[{"href":"https:\/\/laboklin.de\/de-ch\/wp-json\/wp\/v2\/media?parent=1333361"}],"curies":[{"name":"wp","href":"https:\/\/api.w.org\/{rel}","templated":true}]}}