{"id":1333357,"date":"2020-11-03T12:01:05","date_gmt":"2020-11-03T11:01:05","guid":{"rendered":"https:\/\/laboklin.de\/leistungen\/mikrobiologie-parasitologie\/parasitologie\/untersuchung-auf-blutparasiten\/babesien-mikroskopisch\/"},"modified":"2020-11-03T12:01:05","modified_gmt":"2020-11-03T11:01:05","slug":"babesien-mikroskopisch","status":"publish","type":"page","link":"https:\/\/laboklin.de\/de-ch\/leistungen\/mikrobiologie-parasitologie\/parasitologie\/untersuchung-auf-blutparasiten\/babesien-mikroskopisch\/","title":{"rendered":"Babesien &#8211; mikroskopisch"},"content":{"rendered":"<h3 class=\"csc-firstHeader\">Babesien - mikroskopisch<\/h3><p><span>LABOKLIN Leistungs-ID: 571<\/span><\/p><table class=\"tx-laboklinleistung-table contenttable contenttable-2\" style=\"margin-top: 35px;\"><tr><td class=\"td-0\"><strong>Material<\/strong><\/td><td class=\"td-1\"><p class=\"bodytext\">EDTA-Blut 1 ml + Blutausstrich<\/p><\/td><\/tr><tr><td class=\"td-0\"><strong>Methode<\/strong><\/td><td class=\"td-1\"><p class=\"bodytext\">Mikroskopie<\/p><\/td><\/tr><tr><td class=\"td-0\"><strong>Dauer<\/strong><\/td><td class=\"td-1\"><p class=\"bodytext\">Befund\u00fcbermittlung am Tag des Probeneingangs (Mo.-Fr.)<\/p><\/td><\/tr><tr><td class=\"td-0\"><strong>Anmerkung<\/strong><\/td><td class=\"td-1\"><p class=\"bodytext\"><ul><li>Der mikroskopische Nachweis ist ab dem 5. Tag post infectionem m\u00f6glich.<\/li><li>M\u00f6glichst Kapillarblut entnehmen (Ohrrand) und auf Objekttr\u00e4ger ausstreichen. Der Nachweis aus Kapillarblut erh\u00f6ht die Sensitivit\u00e4t wesentlich.<\/li><\/ul><\/p><\/td><\/tr><\/table>\n","protected":false},"excerpt":{"rendered":"<p>Babesien &#8211; mikroskopischLABOKLIN Leistungs-ID: 571MaterialEDTA-Blut 1 ml + BlutausstrichMethodeMikroskopieDauerBefund\u00fcbermittlung am Tag des Probeneingangs (Mo.-Fr.)AnmerkungDer mikroskopische Nachweis ist ab dem 5. Tag post infectionem m\u00f6glich.M\u00f6glichst Kapillarblut entnehmen (Ohrrand) und auf Objekttr\u00e4ger ausstreichen. Der Nachweis aus Kapillarblut erh\u00f6ht die Sensitivit\u00e4t wesentlich.<\/p>\n","protected":false},"author":1,"featured_media":0,"parent":1333222,"menu_order":0,"comment_status":"closed","ping_status":"closed","template":"","meta":{"_seopress_robots_primary_cat":"","_seopress_titles_title":"","_seopress_titles_desc":"","_seopress_robots_index":"","footnotes":""},"class_list":["post-1333357","page","type-page","status-publish","hentry","description-off"],"_links":{"self":[{"href":"https:\/\/laboklin.de\/de-ch\/wp-json\/wp\/v2\/pages\/1333357","targetHints":{"allow":["GET"]}}],"collection":[{"href":"https:\/\/laboklin.de\/de-ch\/wp-json\/wp\/v2\/pages"}],"about":[{"href":"https:\/\/laboklin.de\/de-ch\/wp-json\/wp\/v2\/types\/page"}],"author":[{"embeddable":true,"href":"https:\/\/laboklin.de\/de-ch\/wp-json\/wp\/v2\/users\/1"}],"replies":[{"embeddable":true,"href":"https:\/\/laboklin.de\/de-ch\/wp-json\/wp\/v2\/comments?post=1333357"}],"version-history":[{"count":0,"href":"https:\/\/laboklin.de\/de-ch\/wp-json\/wp\/v2\/pages\/1333357\/revisions"}],"up":[{"embeddable":true,"href":"https:\/\/laboklin.de\/de-ch\/wp-json\/wp\/v2\/pages\/1333222"}],"wp:attachment":[{"href":"https:\/\/laboklin.de\/de-ch\/wp-json\/wp\/v2\/media?parent=1333357"}],"curies":[{"name":"wp","href":"https:\/\/api.w.org\/{rel}","templated":true}]}}