{"id":1333301,"date":"2022-01-05T10:23:07","date_gmt":"2022-01-05T09:23:07","guid":{"rendered":"https:\/\/laboklin.de\/leistungen\/genetik\/erbkrankheiten\/hund\/spongiforme-leukoenzephalomyelopathie-slem\/"},"modified":"2025-02-17T13:55:08","modified_gmt":"2025-02-17T12:55:08","slug":"spongiforme-leukoenzephalomyelopathie-slem","status":"publish","type":"page","link":"https:\/\/laboklin.de\/de-ch\/leistungen\/genetik\/erbkrankheiten\/hund\/spongiforme-leukoenzephalomyelopathie-slem\/","title":{"rendered":"Spongiforme Leukoenzephalomyelopathie* (SLEM)"},"content":{"rendered":"<h3 class=\"csc-firstHeader\">Spongiforme Leukoenzephalomyelopathie* (SLEM)<\/h3><p><span>LABOKLIN Leistungs-ID: 8768<\/span><\/p><p class=\"bodytext\">Beim Border Terrier konnte eine genetische Variante als Ursache f\u00fcr eine degenerative neurologische Erkrankung gefunden werden, die als spongiforme Leukoenzephalomyelopathie (SLEM) oder Shaking Puppy Syndrome bezeichnet wird. <br \/>\r\nVer\u00e4nderungen der isolierenden Myelinschicht um die Nervenfasern der wei\u00dfen Substanz des Gehirns resultieren in einer reduzierten Weiterleitung der Nervenimpulse und letztendlich in neurologischen Symptomen wie mangelnder Koordination, Zittern und Anfallserscheinungen. Die ersten Symptome werden \u00fcblicherweise sichtbar, sobald die Welpen beginnen zu stehen und zu laufen, in der Regel im Alter von etwa 2 Wochen. Zun\u00e4chst zeigt sich ein Zittern der Hinterl\u00e4ufe, sp\u00e4ter breitet sich das Zittern auf den ganzen K\u00f6rper aus und wird von einer allgemein schlechten Koordinationsf\u00e4higkeit begleitet. Die betroffenen Welpen meist kleiner und leichter als ihre gesunden Wurfgeschwister. <br \/>\r\nManche betroffenen Welpen zeigen jedoch bis zum Alter von 10 - 12 Wochen weder Koordinationsprobleme noch Zittern und auch der Schweregrad der klinischen Symptome kann sehr unterschiedlich sein. Daher geht man von weiteren Genvarianten oder Umweltfaktoren aus, die das Fortschreiten der Myelindefekte beeinflussen k\u00f6nnten.<br \/>\r\nZurzeit gibt es noch keine effektive Therapie f\u00fcr SLEM-betroffene Welpen, sodass diese aufgrund der schlechten Lebensqualit\u00e4t meist euthanasiert werden m\u00fcssen. <\/p><table class=\"tx-laboklinleistung-table contenttable contenttable-2\" style=\"margin-top: 35px;\"><tr><td class=\"td-0\"><strong>Methode<\/strong><\/td><td class=\"td-1\"><p class=\"bodytext\">Partnerlabor<\/p><\/td><\/tr><tr><td class=\"td-0\"><strong>Rasse<\/strong><\/td><td class=\"td-1\"><p class=\"bodytext\">Border Terrier<\/p><\/td><\/tr><tr><td class=\"td-0\"><strong>Erbgang<\/strong><\/td><td class=\"td-1\"><p class=\"bodytext\">autosomal-rezessiv<\/p><\/td><\/tr><tr><td class=\"td-0\"><strong>Dauer<\/strong><\/td><td class=\"td-1\"><p class=\"bodytext\">5 - 6 Wochen nach Erhalt der Probe<\/p><\/td><\/tr><\/table>\n","protected":false},"excerpt":{"rendered":"<p>Spongiforme Leukoenzephalomyelopathie* (SLEM)LABOKLIN Leistungs-ID: 8768Beim Border Terrier konnte eine genetische Variante als Ursache f\u00fcr eine degenerative neurologische Erkrankung gefunden werden, die als spongiforme Leukoenzephalomyelopathie (SLEM) oder Shaking Puppy Syndrome bezeichnet wird. Ver\u00e4nderungen der isolierenden Myelinschicht um die Nervenfasern der wei\u00dfen Substanz des Gehirns resultieren in einer reduzierten Weiterleitung der Nervenimpulse und letztendlich in neurologischen Symptomen&hellip;<\/p>\n","protected":false},"author":10,"featured_media":0,"parent":1332702,"menu_order":0,"comment_status":"closed","ping_status":"closed","template":"","meta":{"_seopress_robots_primary_cat":"","_seopress_titles_title":"","_seopress_titles_desc":"","_seopress_robots_index":"","footnotes":""},"class_list":["post-1333301","page","type-page","status-publish","hentry","description-off"],"_links":{"self":[{"href":"https:\/\/laboklin.de\/de-ch\/wp-json\/wp\/v2\/pages\/1333301","targetHints":{"allow":["GET"]}}],"collection":[{"href":"https:\/\/laboklin.de\/de-ch\/wp-json\/wp\/v2\/pages"}],"about":[{"href":"https:\/\/laboklin.de\/de-ch\/wp-json\/wp\/v2\/types\/page"}],"author":[{"embeddable":true,"href":"https:\/\/laboklin.de\/de-ch\/wp-json\/wp\/v2\/users\/10"}],"replies":[{"embeddable":true,"href":"https:\/\/laboklin.de\/de-ch\/wp-json\/wp\/v2\/comments?post=1333301"}],"version-history":[{"count":1,"href":"https:\/\/laboklin.de\/de-ch\/wp-json\/wp\/v2\/pages\/1333301\/revisions"}],"predecessor-version":[{"id":1333302,"href":"https:\/\/laboklin.de\/de-ch\/wp-json\/wp\/v2\/pages\/1333301\/revisions\/1333302"}],"up":[{"embeddable":true,"href":"https:\/\/laboklin.de\/de-ch\/wp-json\/wp\/v2\/pages\/1332702"}],"wp:attachment":[{"href":"https:\/\/laboklin.de\/de-ch\/wp-json\/wp\/v2\/media?parent=1333301"}],"curies":[{"name":"wp","href":"https:\/\/api.w.org\/{rel}","templated":true}]}}