{"id":1333282,"date":"2022-07-15T12:21:19","date_gmt":"2022-07-15T10:21:19","guid":{"rendered":"https:\/\/laboklin.de\/leistungen\/vitamine-medikamentenspiegel-vergiftungen\/vergiftungsnachweis\/hypoglycin-a\/"},"modified":"2025-01-29T12:54:05","modified_gmt":"2025-01-29T11:54:05","slug":"bergahorn-hypoglycin-a","status":"publish","type":"page","link":"https:\/\/laboklin.de\/de-ch\/leistungen\/vitamine-medikamentenspiegel-vergiftungen\/vergiftungsnachweis\/bergahorn-hypoglycin-a\/","title":{"rendered":"Bergahorn (Hypoglycin A)"},"content":{"rendered":"<h3 class=\"csc-firstHeader\">Bergahorn (Hypoglycin A)<\/h3><p><span>LABOKLIN Leistungs-ID: 263<\/span><\/p><p class=\"bodytext\"><br>Hypoglycin A kommt in den Samen verschiedener Ahornarten (Berg-, Eschen-, F\u00e4cher-Ahorn) vor und ist eine der Ursachen f\u00fcr die atypische Myopathie (Weidemyopathie) beim Pferd. Die Weidemyopathie f\u00fchrt u. a. zu generalisierter Schw\u00e4che, Steifheit, Kolik, erh\u00f6hter Atem- und Herzfrequenz sowie Myoglobinurie und verl\u00e4uft oft letal.<\/p><table class=\"tx-laboklinleistung-table contenttable contenttable-2\" style=\"margin-top: 35px;\"><tr><td class=\"td-0\"><strong>Material<\/strong><\/td><td class=\"td-1\"><p class=\"bodytext\">Serum 1 ml<\/p><\/td><\/tr><tr><td class=\"td-0\"><strong>Methode<\/strong><\/td><td class=\"td-1\"><p class=\"bodytext\">Fl\u00fcssigchromatographie-Massenspektrometrie (LCMS)<\/p><\/td><\/tr><tr><td class=\"td-0\"><strong>Tierart(en)<\/strong><\/td><td class=\"td-1\"><p class=\"bodytext\">Pferd<\/p><\/td><\/tr><tr><td class=\"td-0\"><strong>Dauer<\/strong><\/td><td class=\"td-1\"><p class=\"bodytext\">1\u20132 Arbeitstage<\/p><\/td><\/tr><\/table>\n","protected":false},"excerpt":{"rendered":"<p>Bergahorn (Hypoglycin A)LABOKLIN Leistungs-ID: 263Hypoglycin A kommt in den Samen verschiedener Ahornarten (Berg-, Eschen-, F\u00e4cher-Ahorn) vor und ist eine der Ursachen f\u00fcr die atypische Myopathie (Weidemyopathie) beim Pferd. Die Weidemyopathie f\u00fchrt u. a. zu generalisierter Schw\u00e4che, Steifheit, Kolik, erh\u00f6hter Atem- und Herzfrequenz sowie Myoglobinurie und verl\u00e4uft oft letal.MaterialSerum 1 mlMethodeFl\u00fcssigchromatographie-Massenspektrometrie (LCMS)Tierart(en)PferdDauer1\u20132 Arbeitstage<\/p>\n","protected":false},"author":10,"featured_media":0,"parent":1332771,"menu_order":0,"comment_status":"closed","ping_status":"closed","template":"","meta":{"_seopress_robots_primary_cat":"","_seopress_titles_title":"","_seopress_titles_desc":"","_seopress_robots_index":"","footnotes":""},"class_list":["post-1333282","page","type-page","status-publish","hentry","description-off"],"_links":{"self":[{"href":"https:\/\/laboklin.de\/de-ch\/wp-json\/wp\/v2\/pages\/1333282","targetHints":{"allow":["GET"]}}],"collection":[{"href":"https:\/\/laboklin.de\/de-ch\/wp-json\/wp\/v2\/pages"}],"about":[{"href":"https:\/\/laboklin.de\/de-ch\/wp-json\/wp\/v2\/types\/page"}],"author":[{"embeddable":true,"href":"https:\/\/laboklin.de\/de-ch\/wp-json\/wp\/v2\/users\/10"}],"replies":[{"embeddable":true,"href":"https:\/\/laboklin.de\/de-ch\/wp-json\/wp\/v2\/comments?post=1333282"}],"version-history":[{"count":2,"href":"https:\/\/laboklin.de\/de-ch\/wp-json\/wp\/v2\/pages\/1333282\/revisions"}],"predecessor-version":[{"id":1490833,"href":"https:\/\/laboklin.de\/de-ch\/wp-json\/wp\/v2\/pages\/1333282\/revisions\/1490833"}],"up":[{"embeddable":true,"href":"https:\/\/laboklin.de\/de-ch\/wp-json\/wp\/v2\/pages\/1332771"}],"wp:attachment":[{"href":"https:\/\/laboklin.de\/de-ch\/wp-json\/wp\/v2\/media?parent=1333282"}],"curies":[{"name":"wp","href":"https:\/\/api.w.org\/{rel}","templated":true}]}}