{"id":1333251,"date":"2023-01-11T09:18:16","date_gmt":"2023-01-11T08:18:16","guid":{"rendered":"https:\/\/laboklin.de\/leistungen\/pathologie\/c-kit-mutation\/c-kit-mutation-hund\/"},"modified":"2026-04-07T14:53:32","modified_gmt":"2026-04-07T12:53:32","slug":"c-kit-mutation-hund","status":"publish","type":"page","link":"https:\/\/laboklin.de\/de-ch\/leistungen\/pathologie\/tumorgenetische-tests\/c-kit-mutation-hund\/","title":{"rendered":"c-kit-Mutation (Hund)"},"content":{"rendered":"<h3 class=\"csc-firstHeader\">c-kit-Mutation (Hund) <\/h3><p><span>LABOKLIN Leistungs-ID: 8199<\/span><\/p><p class=\"bodytext\"><br>Es wird auf eine Mutation des c-kit-Gens untersucht.<br \/>\r\nJe h\u00f6her der histologische Grad eines kutanen Mastzelltumors ist (nach Patnaik et al. 1984 bzw. Kiupel et al. 2011), desto gr\u00f6\u00dfer ist die Wahrscheinlichkeit, dass eine Mutation des c-kit-Gens im Exon 8, 9 oder 11 vorliegt. Der Nachweis der c-kit-Genmutation dient der verbesserten Einsch\u00e4tzung der Prognose und der individualisierten Therapieplanung.<br \/>\r\n<\/p><table class=\"tx-laboklinleistung-table contenttable contenttable-2\" style=\"margin-top: 35px;\"><tr><td class=\"td-0\"><strong>Material<\/strong><\/td><td class=\"td-1\"><p class=\"bodytext\">formalinfixiertes Gewebe, Objekttr\u00e4ger<\/p><\/td><\/tr><tr><td class=\"td-0\"><strong>Methode<\/strong><\/td><td class=\"td-1\"><p class=\"bodytext\">Sequenzierung<\/p><\/td><\/tr><tr><td class=\"td-0\"><strong>Tierart(en)<\/strong><\/td><td class=\"td-1\"><p class=\"bodytext\">Hund<\/p><\/td><\/tr><tr><td class=\"td-0\"><strong>Dauer<\/strong><\/td><td class=\"td-1\"><p class=\"bodytext\">14 Arbeitstage<\/p><\/td><\/tr><tr><td class=\"td-0\"><strong>Anmerkung<\/strong><\/td><td class=\"td-1\"><p class=\"bodytext\">Es erfolgt die Sequenzierung der Exons 8, 9 und 11.<\/p><\/td><\/tr><\/table>\n","protected":false},"excerpt":{"rendered":"<p>Erfahren Sie mehr \u00fcber den c-KIT-Mutationstest beim Hund \u2013 pr\u00e4zise Diagnose und Unterst\u00fctzung f\u00fcr gezielte Therapieoptionen.<\/p>\n","protected":false},"author":10,"featured_media":0,"parent":1472264,"menu_order":2,"comment_status":"closed","ping_status":"closed","template":"","meta":{"_seopress_robots_primary_cat":"","_seopress_titles_title":"c-Kit-Mutation Hund \u2013 Tumorgenetische Tests erkl\u00e4rt","_seopress_titles_desc":"Erfahren Sie mehr \u00fcber den c-KIT-Mutationstest beim Hund \u2013 pr\u00e4zise Diagnose und Unterst\u00fctzung f\u00fcr gezielte Therapieoptionen.","_seopress_robots_index":"","footnotes":""},"class_list":["post-1333251","page","type-page","status-publish","hentry","description-off"],"_links":{"self":[{"href":"https:\/\/laboklin.de\/de-ch\/wp-json\/wp\/v2\/pages\/1333251","targetHints":{"allow":["GET"]}}],"collection":[{"href":"https:\/\/laboklin.de\/de-ch\/wp-json\/wp\/v2\/pages"}],"about":[{"href":"https:\/\/laboklin.de\/de-ch\/wp-json\/wp\/v2\/types\/page"}],"author":[{"embeddable":true,"href":"https:\/\/laboklin.de\/de-ch\/wp-json\/wp\/v2\/users\/10"}],"replies":[{"embeddable":true,"href":"https:\/\/laboklin.de\/de-ch\/wp-json\/wp\/v2\/comments?post=1333251"}],"version-history":[{"count":2,"href":"https:\/\/laboklin.de\/de-ch\/wp-json\/wp\/v2\/pages\/1333251\/revisions"}],"predecessor-version":[{"id":1603061,"href":"https:\/\/laboklin.de\/de-ch\/wp-json\/wp\/v2\/pages\/1333251\/revisions\/1603061"}],"up":[{"embeddable":true,"href":"https:\/\/laboklin.de\/de-ch\/wp-json\/wp\/v2\/pages\/1472264"}],"wp:attachment":[{"href":"https:\/\/laboklin.de\/de-ch\/wp-json\/wp\/v2\/media?parent=1333251"}],"curies":[{"name":"wp","href":"https:\/\/api.w.org\/{rel}","templated":true}]}}