{"id":1333237,"date":"2020-11-03T10:13:57","date_gmt":"2020-11-03T09:13:57","guid":{"rendered":"https:\/\/laboklin.de\/leistungen\/mikrobiologie-parasitologie\/untersuchungen-bei-verdauungsstoerungen-und-diarrhoee\/mikrobiom-analyse\/"},"modified":"2024-10-29T20:18:27","modified_gmt":"2024-10-29T19:18:27","slug":"mikrobiomanalyse","status":"publish","type":"page","link":"https:\/\/laboklin.de\/de-ch\/leistungen\/mikrobiologie-parasitologie\/untersuchungen-bei-verdauungsstoerungen-und-diarrhoee\/mikrobiomanalyse\/","title":{"rendered":"Mikrobiomanalyse"},"content":{"rendered":"<div class=\"wpb-content-wrapper\"><p>[vc_row][vc_column][vc_column_text]<h3>Leistungsspektrum<\/h3><div class=\"vc_tta-panels-container\"><div class=\"vc_tta-panels\"><li class=\"menu-item sub-page\"><a href=\"https:\/\/laboklin.de\/de-ch\/leistungen\/mikrobiologie-parasitologie\/untersuchungen-bei-verdauungsstoerungen-und-diarrhoee\/mikrobiomanalyse\/dysbioseanalyse\/\">Dysbioseanalyse<\/a><\/li><li class=\"menu-item sub-page\"><a href=\"https:\/\/laboklin.de\/de-ch\/leistungen\/mikrobiologie-parasitologie\/untersuchungen-bei-verdauungsstoerungen-und-diarrhoee\/mikrobiomanalyse\/dysbioseprofil\/\">Dysbioseprofil<\/a><\/li><\/div><\/div>[\/vc_column_text][\/vc_column][\/vc_row][vc_row][vc_column][vc_column_text css=&#187;.vc_custom_1730229499620{margin-top: 20px !important;}&#187;]<\/p>\n<h3>Allgemeine Informationen<\/h3>\n<p class=\"bodytext\">Die Gesamtheit aller Keime, die die K\u00f6rperoberfl\u00e4chen und das Innere eines Tieres besiedeln, wird als Mikrobiota bezeichnet. Der gr\u00f6\u00dfte Teil davon ist im Colon lokalisiert (10<sup>11 <\/sup>\u2013 10<sup>12 <\/sup>Bakterien\/g Kot). Die unter den dortigen Bedingungen wachsenden Bakterien sind zu 99,9 % Anaerobier. Diese Keime haben v.a. schleimhautnutritive und -protektive Funktion. Bei bakteriellen Dysbalancen k\u00f6nnen diese Aufgaben nur unzureichend erf\u00fcllt werden. Eine Folge davon ist die Verringerung der Kolonisationsresistenz und eine vermehrte Besiedelung mit obligat oder fakultativ pathogenen Erregern. Aufgrund der verminderten Barrierefunktion der Schleimhaut k\u00f6nnen u.a. Antigene, Endotoxine und Histamin aus dem Darmlumen in die Blutbahn \u00fcbertreten und so Pathomechanismen initiieren oder diese verst\u00e4rken.<\/p>\n<p>Einige Bakterien und Bakteriengruppen deuten als Markerkeime auf einen dysbiotischen Zustand des Darmes hin. Damit kann die Diagnostik einer Dysbiose erfolgen und die vollst\u00e4ndige Untersuchung des Darmmikrobioms (alle gesammelten genetischen Informationen der kommensalen Darmbakterien).[\/vc_column_text][\/vc_column][\/vc_row]<\/p>\n<\/div>","protected":false},"excerpt":{"rendered":"<p>[vc_row][vc_column][vc_column_text][\/vc_column_text][\/vc_column][\/vc_row][vc_row][vc_column][vc_column_text css=&#187;.vc_custom_1730229499620{margin-top: 20px !important;}&#187;] Allgemeine Informationen Die Gesamtheit aller Keime, die die K\u00f6rperoberfl\u00e4chen und das Innere eines Tieres besiedeln, wird als Mikrobiota bezeichnet. Der gr\u00f6\u00dfte Teil davon ist im Colon lokalisiert (1011 \u2013 1012 Bakterien\/g Kot). Die unter den dortigen Bedingungen wachsenden Bakterien sind zu 99,9 % Anaerobier. Diese Keime haben v.a. schleimhautnutritive und -protektive&hellip;<\/p>\n","protected":false},"author":1,"featured_media":0,"parent":1332788,"menu_order":5,"comment_status":"closed","ping_status":"closed","template":"","meta":{"_seopress_robots_primary_cat":"","_seopress_titles_title":"","_seopress_titles_desc":"","_seopress_robots_index":"","footnotes":""},"class_list":["post-1333237","page","type-page","status-publish","hentry","description-off"],"_links":{"self":[{"href":"https:\/\/laboklin.de\/de-ch\/wp-json\/wp\/v2\/pages\/1333237","targetHints":{"allow":["GET"]}}],"collection":[{"href":"https:\/\/laboklin.de\/de-ch\/wp-json\/wp\/v2\/pages"}],"about":[{"href":"https:\/\/laboklin.de\/de-ch\/wp-json\/wp\/v2\/types\/page"}],"author":[{"embeddable":true,"href":"https:\/\/laboklin.de\/de-ch\/wp-json\/wp\/v2\/users\/1"}],"replies":[{"embeddable":true,"href":"https:\/\/laboklin.de\/de-ch\/wp-json\/wp\/v2\/comments?post=1333237"}],"version-history":[{"count":2,"href":"https:\/\/laboklin.de\/de-ch\/wp-json\/wp\/v2\/pages\/1333237\/revisions"}],"predecessor-version":[{"id":1491736,"href":"https:\/\/laboklin.de\/de-ch\/wp-json\/wp\/v2\/pages\/1333237\/revisions\/1491736"}],"up":[{"embeddable":true,"href":"https:\/\/laboklin.de\/de-ch\/wp-json\/wp\/v2\/pages\/1332788"}],"wp:attachment":[{"href":"https:\/\/laboklin.de\/de-ch\/wp-json\/wp\/v2\/media?parent=1333237"}],"curies":[{"name":"wp","href":"https:\/\/api.w.org\/{rel}","templated":true}]}}