{"id":1333225,"date":"2020-10-16T11:36:27","date_gmt":"2020-10-16T09:36:27","guid":{"rendered":"https:\/\/laboklin.de\/leistungen\/mikrobiologie-parasitologie\/untersuchungen-bei-verdauungsstoerungen-und-diarrhoee\/kotprofile\/"},"modified":"2023-03-19T18:05:45","modified_gmt":"2023-03-19T17:05:45","slug":"kotprofile","status":"publish","type":"page","link":"https:\/\/laboklin.de\/de-ch\/leistungen\/mikrobiologie-parasitologie\/untersuchungen-bei-verdauungsstoerungen-und-diarrhoee\/kotprofile\/","title":{"rendered":"Kotprofile"},"content":{"rendered":"<div class=\"wpb-content-wrapper\"><p>[vc_row][vc_column][vc_column_text]<div class=\"vc_tta-panels-container\"><div class=\"vc_tta-panels\"><\/div><\/div>[\/vc_column_text][\/vc_column][\/vc_row][vc_row][vc_column][vc_column_text css=&#187;.vc_custom_1679245532506{margin-top: 20px !important;}&#187;]<\/p>\n<ul>\n<li><a href=\"https:\/\/laboklin.de\/de-ch\/leistungen\/profile\/profile-screenings-kleintiere\/kotprofile\/\">Kleintiere<\/a><\/li>\n<li><a href=\"https:\/\/laboklin.de\/de-ch\/leistungen\/profile\/profile-screenings-kleinsaeuger-voegel-reptilien-fische\/kotprofile\/\">Kleins\u00e4uger, V\u00f6gel, Reptilien<\/a><\/li>\n<li><a href=\"https:\/\/laboklin.de\/de-ch\/leistungen\/profile\/profile-screenings-pferd\/kotprofile\/\">Pferd<\/a><\/li>\n<li><a href=\"https:\/\/laboklin.de\/de-ch\/leistungen\/profile\/profile-screenings-wiederkaeuer\/kotprofile\/\">Wiederk\u00e4uer<\/a><\/li>\n<li><a href=\"https:\/\/laboklin.de\/de-ch\/leistungen\/profile\/profile-screenings-schwein\/kotprofile\/\" rel=\"nofollow \">Schwein<\/a><\/li>\n<li><a href=\"https:\/\/laboklin.de\/de-ch\/leistungen\/profile\/profile-lama-alpaka\/kotprofil-kameliden\/\">Lama, Alpaka<\/a><\/li>\n<\/ul>\n<h4>Allgemeine Informationen<\/h4>\n<p>Die Kotprofile beinhalten \u2013 sofern nichts anderes angegeben ist &#8211; eine\u00a0<b><strong>kulturelle\u00a0<\/strong><\/b>bakteriologische und ggf. mykologische Untersuchung. Die Keimdifferenzierung erfolgt mittels\u00a0<b><strong>MALDI-TOF<\/strong><\/b>.<\/p>\n<p>Wenn erforderlich werden als zus\u00e4tzliche (kostenpflichtige) Leistungen eine\u00a0<b><strong>serologische Keimdifferenzierung<\/strong><\/b>\u00a0(z.B. Salmonellen) und die Erstellung eines\u00a0<b><strong>Antibiogramms<\/strong><\/b>\u00a0angeschlossen.<\/p>\n<p>Angaben zu Erregern, die mittels anderer Methoden (ELISA, PCR) nachgewiesen werden, finden sich bei den Leistungsbeschreibungen in der Rubrik Parameter.<\/p>\n<p>Kotprofile, bei denen alle Parameter mittels Polymerase-Kettenreaktion (PCR) untersucht werden, sind als\u00a0<b><strong>PCR-Profile<\/strong><\/b>\u00a0gekennzeichnet.[\/vc_column_text][\/vc_column][\/vc_row]<\/p>\n<\/div>","protected":false},"excerpt":{"rendered":"<p>[vc_row][vc_column][vc_column_text][\/vc_column_text][\/vc_column][\/vc_row][vc_row][vc_column][vc_column_text css=&#187;.vc_custom_1679245532506{margin-top: 20px !important;}&#187;] Kleintiere Kleins\u00e4uger, V\u00f6gel, Reptilien Pferd Wiederk\u00e4uer Schwein Lama, Alpaka Allgemeine Informationen Die Kotprofile beinhalten \u2013 sofern nichts anderes angegeben ist &#8211; eine\u00a0kulturelle\u00a0bakteriologische und ggf. mykologische Untersuchung. Die Keimdifferenzierung erfolgt mittels\u00a0MALDI-TOF. Wenn erforderlich werden als zus\u00e4tzliche (kostenpflichtige) Leistungen eine\u00a0serologische Keimdifferenzierung\u00a0(z.B. Salmonellen) und die Erstellung eines\u00a0Antibiogramms\u00a0angeschlossen. Angaben zu Erregern, die mittels anderer Methoden&hellip;<\/p>\n","protected":false},"author":1,"featured_media":0,"parent":1332788,"menu_order":0,"comment_status":"closed","ping_status":"closed","template":"","meta":{"_seopress_robots_primary_cat":"","_seopress_titles_title":"","_seopress_titles_desc":"","_seopress_robots_index":"","footnotes":""},"class_list":["post-1333225","page","type-page","status-publish","hentry","description-off"],"_links":{"self":[{"href":"https:\/\/laboklin.de\/de-ch\/wp-json\/wp\/v2\/pages\/1333225","targetHints":{"allow":["GET"]}}],"collection":[{"href":"https:\/\/laboklin.de\/de-ch\/wp-json\/wp\/v2\/pages"}],"about":[{"href":"https:\/\/laboklin.de\/de-ch\/wp-json\/wp\/v2\/types\/page"}],"author":[{"embeddable":true,"href":"https:\/\/laboklin.de\/de-ch\/wp-json\/wp\/v2\/users\/1"}],"replies":[{"embeddable":true,"href":"https:\/\/laboklin.de\/de-ch\/wp-json\/wp\/v2\/comments?post=1333225"}],"version-history":[{"count":8,"href":"https:\/\/laboklin.de\/de-ch\/wp-json\/wp\/v2\/pages\/1333225\/revisions"}],"predecessor-version":[{"id":1427940,"href":"https:\/\/laboklin.de\/de-ch\/wp-json\/wp\/v2\/pages\/1333225\/revisions\/1427940"}],"up":[{"embeddable":true,"href":"https:\/\/laboklin.de\/de-ch\/wp-json\/wp\/v2\/pages\/1332788"}],"wp:attachment":[{"href":"https:\/\/laboklin.de\/de-ch\/wp-json\/wp\/v2\/media?parent=1333225"}],"curies":[{"name":"wp","href":"https:\/\/api.w.org\/{rel}","templated":true}]}}