{"id":1333210,"date":"2020-10-16T11:36:27","date_gmt":"2020-10-16T09:36:27","guid":{"rendered":"https:\/\/laboklin.de\/leistungen\/mikrobiologie-parasitologie\/bakteriologie-mykologie\/spezifischer-erregernachweis\/"},"modified":"2025-02-11T20:00:28","modified_gmt":"2025-02-11T19:00:28","slug":"spezifischer-erregernachweis","status":"publish","type":"page","link":"https:\/\/laboklin.de\/de-ch\/leistungen\/mikrobiologie-parasitologie\/bakteriologie-mykologie\/spezifischer-erregernachweis\/","title":{"rendered":"Spezifischer Erregernachweis"},"content":{"rendered":"<div class=\"wpb-content-wrapper\"><p>[vc_row][vc_column][vc_column_text css=&#187;&#187;]<h3>Leistungsspektrum<\/h3><div class=\"vc_tta-panels-container\"><div class=\"vc_tta-panels\"><li class=\"menu-item sub-page\"><a href=\"https:\/\/laboklin.de\/de-ch\/leistungen\/mikrobiologie-parasitologie\/bakteriologie-mykologie\/spezifischer-erregernachweis\/bordetella-bronchiseptica-pcr\/\">Bordetella bronchiseptica - PCR<\/a><\/li><li class=\"menu-item sub-page\"><a href=\"https:\/\/laboklin.de\/de-ch\/leistungen\/mikrobiologie-parasitologie\/bakteriologie-mykologie\/spezifischer-erregernachweis\/chlamydien-pcr\/\">Chlamydien - PCR<\/a><\/li><li class=\"menu-item sub-page\"><a href=\"https:\/\/laboklin.de\/de-ch\/leistungen\/mikrobiologie-parasitologie\/bakteriologie-mykologie\/spezifischer-erregernachweis\/esbl-differenzierung\/\">ESBL-Differenzierung<\/a><\/li><li class=\"menu-item sub-page\"><a href=\"https:\/\/laboklin.de\/de-ch\/leistungen\/mikrobiologie-parasitologie\/bakteriologie-mykologie\/spezifischer-erregernachweis\/francisella-tularensis-pcr\/\">Francisella tularensis - PCR<\/a><\/li><li class=\"menu-item sub-page\"><a href=\"https:\/\/laboklin.de\/de-ch\/leistungen\/mikrobiologie-parasitologie\/bakteriologie-mykologie\/spezifischer-erregernachweis\/leptospiren-pcr\/\">Leptospiren - PCR<\/a><\/li><li class=\"menu-item sub-page\"><a href=\"https:\/\/laboklin.de\/de-ch\/leistungen\/mikrobiologie-parasitologie\/bakteriologie-mykologie\/spezifischer-erregernachweis\/melissococcus-plutonius-gutartige-europaeische-faulbrut-efb-pcr\/\">Melissococcus plutonius (Gutartige\/Europ\u00e4ische Faulbrut, EFB) - PCR<\/a><\/li><li class=\"menu-item sub-page\"><a href=\"https:\/\/laboklin.de\/de-ch\/leistungen\/mikrobiologie-parasitologie\/bakteriologie-mykologie\/spezifischer-erregernachweis\/mrsa-differenzierung\/\">MRSA-Differenzierung<\/a><\/li><li class=\"menu-item sub-page\"><a href=\"https:\/\/laboklin.de\/de-ch\/leistungen\/mikrobiologie-parasitologie\/bakteriologie-mykologie\/spezifischer-erregernachweis\/mrsp-differenzierung\/\">MRSP-Differenzierung<\/a><\/li><li class=\"menu-item sub-page\"><a href=\"https:\/\/laboklin.de\/de-ch\/leistungen\/mikrobiologie-parasitologie\/bakteriologie-mykologie\/spezifischer-erregernachweis\/nocardien-actinomyces-kultur\/\">Nocardien\/Actinomyces - Kultur<\/a><\/li><li class=\"menu-item sub-page\"><a href=\"https:\/\/laboklin.de\/de-ch\/leistungen\/mikrobiologie-parasitologie\/bakteriologie-mykologie\/spezifischer-erregernachweis\/pasteurella-multocida-toxinbildner-pcr\/\">Pasteurella multocida + Toxin-Gennachweis - PCR<\/a><\/li><li class=\"menu-item sub-page\"><a href=\"https:\/\/laboklin.de\/de-ch\/leistungen\/mikrobiologie-parasitologie\/bakteriologie-mykologie\/spezifischer-erregernachweis\/rhodococcus-equi-pcr\/\">Rhodococcus equi (R. hoagii) - PCR<\/a><\/li><li class=\"menu-item sub-page\"><a href=\"https:\/\/laboklin.de\/de-ch\/leistungen\/mikrobiologie-parasitologie\/bakteriologie-mykologie\/spezifischer-erregernachweis\/treponema-paraluiscuniculi-pcr\/\">Treponema paraluiscuniculi - PCR<\/a><\/li><\/div><\/div><div class=\"gap\" style=\"line-height: 20px; height: 20px;\"><\/div>\n<p>*Partnerlabor<\/p>\n<div class=\"gap\" style=\"line-height: 20px; height: 20px;\"><\/div>[\/vc_column_text][\/vc_column][\/vc_row][vc_row][vc_column][vc_column_text css=&#187;.vc_custom_1679270158292{margin-top: 30px !important;}&#187;]<\/p>\n<p class=\"bodytext\"><b>Bordetella bronchiseptica<\/b> kann auch kulturell nachgewiesen werden (<a class=\"internal-link\" title=\"\u00d6ffnet einen internen Link\" href=\"https:\/\/laboklin.de\/de-ch\/leistungen\/mikrobiologie-parasitologie\/bakteriologie-mykologie\/abstriche-punktate-milch-blut\/bakteriologie-aerob\/\">Leistung 150 Bakteriologie<\/a>).<\/p>\n<p class=\"bodytext\">Bei der Anforderung der bakteriologischen Untersuchung bitte auf dem Untersuchungsantrag eindeutig kenntlich machen, dass auf Bordetella bronchiseptica untersucht werden soll, da hierf\u00fcr spezielle N\u00e4hrb\u00f6den erforderlich sind.<\/p>\n<p class=\"bodytext\">F\u00fcr den Nachweis von <b><a class=\"internal-link\" title=\"\u00d6ffnet einen internen Link\" href=\"https:\/\/laboklin.de\/de-ch\/leistungen\/infektionskrankheiten-erreger-und-antikoerpernachweise\/bakterien\/mykoplasmen\/\">Mykoplasmen<\/a><\/b> stehen zahreiche Untersuchungen mittels PCR zur Verf\u00fcgung.<\/p>\n<p>[\/vc_column_text][\/vc_column][\/vc_row]<\/p>\n<\/div>","protected":false},"excerpt":{"rendered":"<p>[vc_row][vc_column][vc_column_text css=&#187;&#187;] *Partnerlabor [\/vc_column_text][\/vc_column][\/vc_row][vc_row][vc_column][vc_column_text css=&#187;.vc_custom_1679270158292{margin-top: 30px !important;}&#187;] Bordetella bronchiseptica kann auch kulturell nachgewiesen werden (Leistung 150 Bakteriologie). Bei der Anforderung der bakteriologischen Untersuchung bitte auf dem Untersuchungsantrag eindeutig kenntlich machen, dass auf Bordetella bronchiseptica untersucht werden soll, da hierf\u00fcr spezielle N\u00e4hrb\u00f6den erforderlich sind. F\u00fcr den Nachweis von Mykoplasmen stehen zahreiche Untersuchungen mittels PCR zur Verf\u00fcgung.&hellip;<\/p>\n","protected":false},"author":1,"featured_media":0,"parent":1332784,"menu_order":3,"comment_status":"closed","ping_status":"closed","template":"","meta":{"_seopress_robots_primary_cat":"","_seopress_titles_title":"","_seopress_titles_desc":"","_seopress_robots_index":"","footnotes":""},"class_list":["post-1333210","page","type-page","status-publish","hentry","description-off"],"_links":{"self":[{"href":"https:\/\/laboklin.de\/de-ch\/wp-json\/wp\/v2\/pages\/1333210","targetHints":{"allow":["GET"]}}],"collection":[{"href":"https:\/\/laboklin.de\/de-ch\/wp-json\/wp\/v2\/pages"}],"about":[{"href":"https:\/\/laboklin.de\/de-ch\/wp-json\/wp\/v2\/types\/page"}],"author":[{"embeddable":true,"href":"https:\/\/laboklin.de\/de-ch\/wp-json\/wp\/v2\/users\/1"}],"replies":[{"embeddable":true,"href":"https:\/\/laboklin.de\/de-ch\/wp-json\/wp\/v2\/comments?post=1333210"}],"version-history":[{"count":3,"href":"https:\/\/laboklin.de\/de-ch\/wp-json\/wp\/v2\/pages\/1333210\/revisions"}],"predecessor-version":[{"id":1507818,"href":"https:\/\/laboklin.de\/de-ch\/wp-json\/wp\/v2\/pages\/1333210\/revisions\/1507818"}],"up":[{"embeddable":true,"href":"https:\/\/laboklin.de\/de-ch\/wp-json\/wp\/v2\/pages\/1332784"}],"wp:attachment":[{"href":"https:\/\/laboklin.de\/de-ch\/wp-json\/wp\/v2\/media?parent=1333210"}],"curies":[{"name":"wp","href":"https:\/\/api.w.org\/{rel}","templated":true}]}}