{"id":1333199,"date":"2020-10-16T11:36:27","date_gmt":"2020-10-16T09:36:27","guid":{"rendered":"https:\/\/laboklin.de\/leistungen\/infektionskrankheiten-erreger-und-antikoerpernachweise\/pilze\/macrorhabdus-ornithogaster\/"},"modified":"2020-10-16T11:36:27","modified_gmt":"2020-10-16T09:36:27","slug":"macrorhabdus-ornithogaster","status":"publish","type":"page","link":"https:\/\/laboklin.de\/de-ch\/leistungen\/infektionskrankheiten-erreger-und-antikoerpernachweise\/pilze\/macrorhabdus-ornithogaster\/","title":{"rendered":"Macrorhabdus ornithogaster"},"content":{"rendered":"<div class=\"wpb-content-wrapper\"><p>[vc_row][vc_column][vc_column_text]<h3>Leistungsspektrum<\/h3><div class=\"vc_tta-panels-container\"><div class=\"vc_tta-panels\"><li class=\"menu-item sub-page\"><a href=\"https:\/\/laboklin.de\/de-ch\/leistungen\/infektionskrankheiten-erreger-und-antikoerpernachweise\/pilze\/macrorhabdus-ornithogaster\/macrorhabdus-ornithogaster-mikroskopie\/\">Macrorhabdus ornithogaster - Mikroskopie<\/a><\/li><\/div><\/div>[\/vc_column_text][\/vc_column][\/vc_row][vc_row][vc_column][vc_column_text css=&#187;.vc_custom_1604575583723{margin-top: 40px !important;}&#187;]<\/p>\n<h3>Allgemeine Informationen<\/h3>\n<p>Macrorhabdus ornithogaster geh\u00f6rt zu den Hefepilzen. Er kommt bei vielen verschiedenen <b><strong>Vogel<\/strong><\/b>spezies vor, v.a. bei Wellensittichen. Eine Makrorhabdiose wird auch als <b><strong>Megabakteriose<\/strong><\/b> oder <b><strong>Going-light-Syndrom<\/strong><\/b> bezeichnet. Infizierte Tiere k\u00f6nnen eine Maldigestion entwickeln und bei unver\u00e4ndertem Appetit abmagern. Dabei k\u00f6nnen unverdaute K\u00f6rner mit dem Kot ausgeschieden werden, z.T. befindet sich auch Blut im Kot. W\u00fcrgen und Erbrechen sowie allgemeine Schw\u00e4che k\u00f6nnen auch bei einer Makrorhabdiose auftreten. Inapparente Tr\u00e4ger kommen regelm\u00e4\u00dfig vor. Die \u00dcbertragung erfolgt wahrscheinlich durch Schn\u00e4beln und F\u00fcttern sowie durch kontaminiertes Futter und Wasser.[\/vc_column_text][\/vc_column][\/vc_row]<\/p>\n<\/div>","protected":false},"excerpt":{"rendered":"<p>[vc_row][vc_column][vc_column_text][\/vc_column_text][\/vc_column][\/vc_row][vc_row][vc_column][vc_column_text css=&#187;.vc_custom_1604575583723{margin-top: 40px !important;}&#187;] Allgemeine Informationen Macrorhabdus ornithogaster geh\u00f6rt zu den Hefepilzen. Er kommt bei vielen verschiedenen Vogelspezies vor, v.a. bei Wellensittichen. Eine Makrorhabdiose wird auch als Megabakteriose oder Going-light-Syndrom bezeichnet. Infizierte Tiere k\u00f6nnen eine Maldigestion entwickeln und bei unver\u00e4ndertem Appetit abmagern. Dabei k\u00f6nnen unverdaute K\u00f6rner mit dem Kot ausgeschieden werden, z.T. befindet sich auch&hellip;<\/p>\n","protected":false},"author":1,"featured_media":0,"parent":1332778,"menu_order":5,"comment_status":"closed","ping_status":"closed","template":"","meta":{"_seopress_robots_primary_cat":"","_seopress_titles_title":"","_seopress_titles_desc":"","_seopress_robots_index":"","footnotes":""},"class_list":["post-1333199","page","type-page","status-publish","hentry","description-off"],"_links":{"self":[{"href":"https:\/\/laboklin.de\/de-ch\/wp-json\/wp\/v2\/pages\/1333199","targetHints":{"allow":["GET"]}}],"collection":[{"href":"https:\/\/laboklin.de\/de-ch\/wp-json\/wp\/v2\/pages"}],"about":[{"href":"https:\/\/laboklin.de\/de-ch\/wp-json\/wp\/v2\/types\/page"}],"author":[{"embeddable":true,"href":"https:\/\/laboklin.de\/de-ch\/wp-json\/wp\/v2\/users\/1"}],"replies":[{"embeddable":true,"href":"https:\/\/laboklin.de\/de-ch\/wp-json\/wp\/v2\/comments?post=1333199"}],"version-history":[{"count":0,"href":"https:\/\/laboklin.de\/de-ch\/wp-json\/wp\/v2\/pages\/1333199\/revisions"}],"up":[{"embeddable":true,"href":"https:\/\/laboklin.de\/de-ch\/wp-json\/wp\/v2\/pages\/1332778"}],"wp:attachment":[{"href":"https:\/\/laboklin.de\/de-ch\/wp-json\/wp\/v2\/media?parent=1333199"}],"curies":[{"name":"wp","href":"https:\/\/api.w.org\/{rel}","templated":true}]}}