{"id":1333187,"date":"2020-10-16T11:36:27","date_gmt":"2020-10-16T09:36:27","guid":{"rendered":"https:\/\/laboklin.de\/leistungen\/infektionskrankheiten-erreger-und-antikoerpernachweise\/pilze\/aspergillus\/"},"modified":"2025-10-09T17:13:34","modified_gmt":"2025-10-09T15:13:34","slug":"aspergillus","status":"publish","type":"page","link":"https:\/\/laboklin.de\/de-ch\/leistungen\/infektionskrankheiten-erreger-und-antikoerpernachweise\/pilze\/aspergillus\/","title":{"rendered":"Aspergillus"},"content":{"rendered":"<div class=\"wpb-content-wrapper\"><p>[vc_row][vc_column][vc_column_text css=&#187;&#187;]<h3>Leistungsspektrum<\/h3><div class=\"vc_tta-panels-container\"><div class=\"vc_tta-panels\"><li class=\"menu-item sub-page\"><a href=\"https:\/\/laboklin.de\/de-ch\/leistungen\/infektionskrankheiten-erreger-und-antikoerpernachweise\/pilze\/aspergillus\/aspergillus-antikoerper\/\">Aspergillus - Antik\u00f6rper<\/a><\/li><li class=\"menu-item sub-page\"><a href=\"https:\/\/laboklin.de\/de-ch\/leistungen\/infektionskrankheiten-erreger-und-antikoerpernachweise\/pilze\/aspergillus\/aspergillus-galactomannan\/\">Aspergillus-Galactomannan<\/a><\/li><\/div><\/div>\n<h3><div class=\"gap\" style=\"line-height: 20px; height: 20px;\"><\/div><\/h3>\n<p>Aspergillus kann auch kulturell nachgewiesen werden (<a href=\"https:\/\/laboklin.de\/de\/leistungen\/mikrobiologie-parasitologie\/bakteriologie-mykologie\/abstriche-punktate-milch-blut\/mykologie\/\">Leistung 2151 Mykologie<\/a>).<\/p>\n<p>Bei der Anforderung der mykologischen Untersuchung bitte auf dem Untersuchungsantrag angeben, wenn Verdacht einer Aspergillus-Infektion besteht.<\/p>\n<h3><div class=\"gap\" style=\"line-height: 20px; height: 20px;\"><\/div><\/h3>\n<h3>Allgemeine Informationen<\/h3>\n<p>Aspergillus geh\u00f6rt zur Gattung der Schimmelpilze und ist weltweit mit ca. 200 Arten verbreitet. In der Umwelt kommt Aspergillus besonders im Boden, in organischen Abf\u00e4llen, aber auch in Futtermitteln vor. Papageien infizieren sich h\u00e4ufig \u00fcber ungesch\u00e4lte Erdn\u00fcsse.<\/p>\n<p>Die Aspergillose wird meist durch die Art Aspergillus fumigatus hervorgerufen und bef\u00e4llt bevorzugt Haut, Nase, Nebenh\u00f6hlen und die Lunge. Beim Vogel kommt eine Aspergillose h\u00e4ufig vor, insbesondere wenn das Tier durch falsche Haltung, Antibiotikagaben oder Stress pr\u00e4disponiert ist. Hier kommt es oft zu schwerwiegender respiratorischer Erkrankung. Andere Organe (z.B. ZNS) k\u00f6nnen auch betroffen sein.[\/vc_column_text][\/vc_column][\/vc_row][vc_row][vc_column][vc_column_text css=&#187;.vc_custom_1664192889080{margin-top: 40px !important;}&#187;][\/vc_column_text][\/vc_column][\/vc_row]<\/p>\n<\/div>","protected":false},"excerpt":{"rendered":"<p>[vc_row][vc_column][vc_column_text css=&#187;&#187;] Aspergillus kann auch kulturell nachgewiesen werden (Leistung 2151 Mykologie). Bei der Anforderung der mykologischen Untersuchung bitte auf dem Untersuchungsantrag angeben, wenn Verdacht einer Aspergillus-Infektion besteht. Allgemeine Informationen Aspergillus geh\u00f6rt zur Gattung der Schimmelpilze und ist weltweit mit ca. 200 Arten verbreitet. In der Umwelt kommt Aspergillus besonders im Boden, in organischen Abf\u00e4llen, aber&hellip;<\/p>\n","protected":false},"author":1,"featured_media":0,"parent":1332778,"menu_order":0,"comment_status":"closed","ping_status":"closed","template":"","meta":{"_seopress_robots_primary_cat":"","_seopress_titles_title":"","_seopress_titles_desc":"","_seopress_robots_index":"","footnotes":""},"class_list":["post-1333187","page","type-page","status-publish","hentry","description-off"],"_links":{"self":[{"href":"https:\/\/laboklin.de\/de-ch\/wp-json\/wp\/v2\/pages\/1333187","targetHints":{"allow":["GET"]}}],"collection":[{"href":"https:\/\/laboklin.de\/de-ch\/wp-json\/wp\/v2\/pages"}],"about":[{"href":"https:\/\/laboklin.de\/de-ch\/wp-json\/wp\/v2\/types\/page"}],"author":[{"embeddable":true,"href":"https:\/\/laboklin.de\/de-ch\/wp-json\/wp\/v2\/users\/1"}],"replies":[{"embeddable":true,"href":"https:\/\/laboklin.de\/de-ch\/wp-json\/wp\/v2\/comments?post=1333187"}],"version-history":[{"count":7,"href":"https:\/\/laboklin.de\/de-ch\/wp-json\/wp\/v2\/pages\/1333187\/revisions"}],"predecessor-version":[{"id":1566773,"href":"https:\/\/laboklin.de\/de-ch\/wp-json\/wp\/v2\/pages\/1333187\/revisions\/1566773"}],"up":[{"embeddable":true,"href":"https:\/\/laboklin.de\/de-ch\/wp-json\/wp\/v2\/pages\/1332778"}],"wp:attachment":[{"href":"https:\/\/laboklin.de\/de-ch\/wp-json\/wp\/v2\/media?parent=1333187"}],"curies":[{"name":"wp","href":"https:\/\/api.w.org\/{rel}","templated":true}]}}