{"id":1333182,"date":"2020-10-16T11:36:27","date_gmt":"2020-10-16T09:36:27","guid":{"rendered":"https:\/\/laboklin.de\/leistungen\/infektionskrankheiten-erreger-und-antikoerpernachweise\/parasiten\/tritrichomonas-foetus\/"},"modified":"2020-10-16T11:36:27","modified_gmt":"2020-10-16T09:36:27","slug":"tritrichomonas-foetus","status":"publish","type":"page","link":"https:\/\/laboklin.de\/de-ch\/leistungen\/infektionskrankheiten-erreger-und-antikoerpernachweise\/parasiten\/tritrichomonas-foetus\/","title":{"rendered":"Tritrichomonas foetus"},"content":{"rendered":"<div class=\"wpb-content-wrapper\"><p>[vc_row][vc_column][vc_column_text]<h3>Leistungsspektrum<\/h3><div class=\"vc_tta-panels-container\"><div class=\"vc_tta-panels\"><li class=\"menu-item sub-page\"><a href=\"https:\/\/laboklin.de\/de-ch\/leistungen\/infektionskrankheiten-erreger-und-antikoerpernachweise\/parasiten\/tritrichomonas-foetus\/tritrichomonas-foetus-pcr\/\">Tritrichomonas foetus - PCR<\/a><\/li><\/div><\/div>[\/vc_column_text][\/vc_column][\/vc_row][vc_row][vc_column][vc_column_text css=&#187;.vc_custom_1612188633115{margin-top: 40px !important;}&#187;]<\/p>\n<h3>Allgemeine Informationen<\/h3>\n<p>Tritrichomonas foetus ist ein Protozoon der Ordnung Trichomonadidae, der Trophozoit ist durch drei Gei\u00dfeln an seinem Vorderende und einer Gei\u00dfel an seinem Hinterende gekennzeichnet. Diese k\u00f6nnen aber \u00e4hnlich wie bei den Giardien nur im frisch abgesetzten Kot mikroskopisch erkannt werden.<\/p>\n<p>Die \u00dcbertragung geschieht direkt orof\u00e4kal von Katze zu Katze. Die \u00dcbertragung vom Rind oder Schwein auf die Katze ist nicht belegt.<\/p>\n<p>Die Tiere zeigen typischen Dickdarmdurchfall mit h\u00e4ufigem Kotabsatz in kleinen Portionen, es k\u00f6nnen Schleim- und Blutbeimengungen auftreten. Tenesmus und unkontrollierter Kotabsatz werden h\u00e4ufig beobachtet. Das Allgemeinbefinden ist dabei meist ungest\u00f6rt, Temperaturerh\u00f6hungen eher die Ausnahme. T. foetus sollte immer differentialdiagnostisch in Betracht gezogen werden bei Katzen mit chronischem, intermittierendem Durchfall.<\/p>\n<p>Beim Rind f\u00fchrt Tritrichomonas foetus zur Trichomonadenseuche, die bei K\u00fchen durch Entz\u00fcndungen des Genitales mit Umrindern und Aborten gekennzeichnet ist. Die \u00dcbertragung erfolgt \u00fcber Bullen, bei denen der Erreger keine klinischen Symptome verursacht.<\/p>\n<p>Die <strong>Trichomonadenseuche<\/strong> der Rinder ist in Deutschland <strong>anzeigepflichtig.<\/strong>[\/vc_column_text][\/vc_column][\/vc_row]<\/p>\n<\/div>","protected":false},"excerpt":{"rendered":"<p>[vc_row][vc_column][vc_column_text][\/vc_column_text][\/vc_column][\/vc_row][vc_row][vc_column][vc_column_text css=&#187;.vc_custom_1612188633115{margin-top: 40px !important;}&#187;] Allgemeine Informationen Tritrichomonas foetus ist ein Protozoon der Ordnung Trichomonadidae, der Trophozoit ist durch drei Gei\u00dfeln an seinem Vorderende und einer Gei\u00dfel an seinem Hinterende gekennzeichnet. Diese k\u00f6nnen aber \u00e4hnlich wie bei den Giardien nur im frisch abgesetzten Kot mikroskopisch erkannt werden. Die \u00dcbertragung geschieht direkt orof\u00e4kal von Katze zu Katze.&hellip;<\/p>\n","protected":false},"author":1,"featured_media":0,"parent":1332781,"menu_order":20,"comment_status":"closed","ping_status":"closed","template":"","meta":{"_seopress_robots_primary_cat":"","_seopress_titles_title":"","_seopress_titles_desc":"","_seopress_robots_index":"","footnotes":""},"class_list":["post-1333182","page","type-page","status-publish","hentry","description-off"],"_links":{"self":[{"href":"https:\/\/laboklin.de\/de-ch\/wp-json\/wp\/v2\/pages\/1333182","targetHints":{"allow":["GET"]}}],"collection":[{"href":"https:\/\/laboklin.de\/de-ch\/wp-json\/wp\/v2\/pages"}],"about":[{"href":"https:\/\/laboklin.de\/de-ch\/wp-json\/wp\/v2\/types\/page"}],"author":[{"embeddable":true,"href":"https:\/\/laboklin.de\/de-ch\/wp-json\/wp\/v2\/users\/1"}],"replies":[{"embeddable":true,"href":"https:\/\/laboklin.de\/de-ch\/wp-json\/wp\/v2\/comments?post=1333182"}],"version-history":[{"count":0,"href":"https:\/\/laboklin.de\/de-ch\/wp-json\/wp\/v2\/pages\/1333182\/revisions"}],"up":[{"embeddable":true,"href":"https:\/\/laboklin.de\/de-ch\/wp-json\/wp\/v2\/pages\/1332781"}],"wp:attachment":[{"href":"https:\/\/laboklin.de\/de-ch\/wp-json\/wp\/v2\/media?parent=1333182"}],"curies":[{"name":"wp","href":"https:\/\/api.w.org\/{rel}","templated":true}]}}