{"id":1333177,"date":"2020-10-16T11:36:27","date_gmt":"2020-10-16T09:36:27","guid":{"rendered":"https:\/\/laboklin.de\/leistungen\/infektionskrankheiten-erreger-und-antikoerpernachweise\/parasiten\/toxoplasmen\/"},"modified":"2020-10-16T11:36:27","modified_gmt":"2020-10-16T09:36:27","slug":"toxoplasmen","status":"publish","type":"page","link":"https:\/\/laboklin.de\/de-ch\/leistungen\/infektionskrankheiten-erreger-und-antikoerpernachweise\/parasiten\/toxoplasmen\/","title":{"rendered":"Toxoplasmen"},"content":{"rendered":"<div class=\"wpb-content-wrapper\"><p>[vc_row][vc_column][vc_column_text]<h3>Leistungsspektrum<\/h3><div class=\"vc_tta-panels-container\"><div class=\"vc_tta-panels\"><li class=\"menu-item sub-page\"><a href=\"https:\/\/laboklin.de\/de-ch\/leistungen\/infektionskrankheiten-erreger-und-antikoerpernachweise\/parasiten\/toxoplasmen\/toxoplasma-antikoerper\/\">Toxoplasma - Antik\u00f6rper<\/a><\/li><li class=\"menu-item sub-page\"><a href=\"https:\/\/laboklin.de\/de-ch\/leistungen\/infektionskrankheiten-erreger-und-antikoerpernachweise\/parasiten\/toxoplasmen\/toxoplasma-gondii-pcr\/\">Toxoplasma gondii - PCR<\/a><\/li><\/div><\/div>[\/vc_column_text][\/vc_column][\/vc_row][vc_row][vc_column][vc_column_text css=&#187;.vc_custom_1664884820707{margin-top: 40px !important;}&#187;]<\/p>\n<h3>Allgemeine Informationen<\/h3>\n<p>Toxoplasma gondii ist ein obligat intrazellul\u00e4rer, zur Klasse der Kokzidien geh\u00f6render Parasit. Er ist ubiquit\u00e4r verbreitet und verursacht Krankheitsbilder in allen Warmbl\u00fctern, einschlie\u00dflich des Menschen.<\/p>\n<p>Weltweit haben mehr als 1 Mrd. Menschen Antik\u00f6rper gegen Toxoplasmen. Neben Fieber und erk\u00e4ltungs\u00e4hnlichen Symptomen ist die congenitale Infektion in der Schwangerschaft gef\u00fcrchtet. Die intrauterine Infektion des Fetus erfolgt ca. 3 &#8211; 4 Wochen nach Erstinfektion einer seronegativen Mutter, wenn die Plazentaschranke \u00fcberwunden wird und es zur Plazentitis kommt. Fehlgeburten und schwere neurologische bzw. ophthalmologische Erkrankungen beim Neugeborenen k\u00f6nnen auftreten. Die Katze, als Endwirt, scheidet f\u00fcr ca. 3 Wochen Oozysten aus, die nach etwa 2 &#8211; 4 Tagen (je nach Temperatur) sporulieren und infekti\u00f6s werden (t\u00e4gliche Katzenkloreinigung!).<\/p>\n<p>Eine weitere Infektionsquelle stellt mit Gewebezysten belastetes Fleisch dar, welches vor dem Verzehr nicht ausreichend gegart wurde. Als Hauptansteckungsquelle gilt allerdings Gartenarbeit, bei der Oozysten \u00fcber kontaminierte Erde (Aerosole) aufgenommen werden k\u00f6nnen.<\/p>\n<p>Katzen k\u00f6nnen gleichzeitig auch Zwischenwirt sein, sie erkranken selten, doch sind die Symptome je nach Lokalisation der Gewebezysten gelagert. Es kommt beispielsweise zu Hepatitis, Cholangitis, Dyspnoe, bei ZNS-Beteiligung zu Ataxien, motorischen Ausf\u00e4llen und epileptiformen Anf\u00e4llen. Es treten zudem Uveitis und Chorioretinitis auf. Eine gleiche Symptomatik ist auch beim Hund anzutreffen.<\/p>\n<p>Bei Schafen und Ziegen werden weltweit ca. 10 % der Aborte auf T. gondii zur\u00fcckgef\u00fchrt.<\/p>\n<p>Der Nachweis von Toxoplasma gondii ist in Deutschland <b><strong>meldepflichtig<\/strong><\/b> bei Katzen, Hasen, Kanin\u00adchen, Einhufern, Wiederk\u00e4uern, Schweinen und anderen, insbesondere Lebensmittel liefernden S\u00e4ugetieren.[\/vc_column_text][\/vc_column][\/vc_row]<\/p>\n<\/div>","protected":false},"excerpt":{"rendered":"<p>[vc_row][vc_column][vc_column_text][\/vc_column_text][\/vc_column][\/vc_row][vc_row][vc_column][vc_column_text css=&#187;.vc_custom_1664884820707{margin-top: 40px !important;}&#187;] Allgemeine Informationen Toxoplasma gondii ist ein obligat intrazellul\u00e4rer, zur Klasse der Kokzidien geh\u00f6render Parasit. Er ist ubiquit\u00e4r verbreitet und verursacht Krankheitsbilder in allen Warmbl\u00fctern, einschlie\u00dflich des Menschen. Weltweit haben mehr als 1 Mrd. Menschen Antik\u00f6rper gegen Toxoplasmen. Neben Fieber und erk\u00e4ltungs\u00e4hnlichen Symptomen ist die congenitale Infektion in der Schwangerschaft gef\u00fcrchtet. Die&hellip;<\/p>\n","protected":false},"author":1,"featured_media":0,"parent":1332781,"menu_order":18,"comment_status":"closed","ping_status":"closed","template":"","meta":{"_seopress_robots_primary_cat":"","_seopress_titles_title":"","_seopress_titles_desc":"","_seopress_robots_index":"","footnotes":""},"class_list":["post-1333177","page","type-page","status-publish","hentry","description-off"],"_links":{"self":[{"href":"https:\/\/laboklin.de\/de-ch\/wp-json\/wp\/v2\/pages\/1333177","targetHints":{"allow":["GET"]}}],"collection":[{"href":"https:\/\/laboklin.de\/de-ch\/wp-json\/wp\/v2\/pages"}],"about":[{"href":"https:\/\/laboklin.de\/de-ch\/wp-json\/wp\/v2\/types\/page"}],"author":[{"embeddable":true,"href":"https:\/\/laboklin.de\/de-ch\/wp-json\/wp\/v2\/users\/1"}],"replies":[{"embeddable":true,"href":"https:\/\/laboklin.de\/de-ch\/wp-json\/wp\/v2\/comments?post=1333177"}],"version-history":[{"count":0,"href":"https:\/\/laboklin.de\/de-ch\/wp-json\/wp\/v2\/pages\/1333177\/revisions"}],"up":[{"embeddable":true,"href":"https:\/\/laboklin.de\/de-ch\/wp-json\/wp\/v2\/pages\/1332781"}],"wp:attachment":[{"href":"https:\/\/laboklin.de\/de-ch\/wp-json\/wp\/v2\/media?parent=1333177"}],"curies":[{"name":"wp","href":"https:\/\/api.w.org\/{rel}","templated":true}]}}