{"id":1333175,"date":"2020-10-16T11:36:27","date_gmt":"2020-10-16T09:36:27","guid":{"rendered":"https:\/\/laboklin.de\/leistungen\/infektionskrankheiten-erreger-und-antikoerpernachweise\/parasiten\/sarcoptes\/"},"modified":"2023-03-20T00:01:40","modified_gmt":"2023-03-19T23:01:40","slug":"sarcoptes","status":"publish","type":"page","link":"https:\/\/laboklin.de\/de-ch\/leistungen\/infektionskrankheiten-erreger-und-antikoerpernachweise\/parasiten\/sarcoptes\/","title":{"rendered":"Sarcoptes"},"content":{"rendered":"<div class=\"wpb-content-wrapper\"><p>[vc_row][vc_column][vc_column_text]<h3>Leistungsspektrum<\/h3><div class=\"vc_tta-panels-container\"><div class=\"vc_tta-panels\"><li class=\"menu-item sub-page\"><a href=\"https:\/\/laboklin.de\/de-ch\/leistungen\/infektionskrankheiten-erreger-und-antikoerpernachweise\/parasiten\/sarcoptes\/sarcoptes-antikoerper\/\">Sarcoptes - Antik\u00f6rper<\/a><\/li><li class=\"menu-item sub-page\"><a href=\"https:\/\/laboklin.de\/de-ch\/leistungen\/infektionskrankheiten-erreger-und-antikoerpernachweise\/parasiten\/sarcoptes\/sarcoptes-scabiei-var-canis-pcr\/\">Sarcoptes scabiei - PCR<\/a><\/li><\/div><\/div>[\/vc_column_text][\/vc_column][\/vc_row][vc_row][vc_column][vc_column_text css=&#187;.vc_custom_1679266891306{margin-top: 40px !important;}&#187;]Sarcoptes kann auch mikroskopisch nachgewiesen werden (<a href=\"https:\/\/laboklin.de\/de-ch\/leistungen\/mikrobiologie-parasitologie\/parasitologie\/parasitologische-untersuchungen-haut\/ektoparasiten\/\">Leistung 174 Parasitologische Untersuchung \/ Ektoparasiten<\/a>). Erfasst wird somit z.B. auch Notoedres.<\/p>\n<h3><div class=\"gap\" style=\"line-height: 20px; height: 20px;\"><\/div><\/h3>\n<h3>Allgemeine Informationen<\/h3>\n<p>Sarcoptes scabiei ist die einzige Art der Gattung Sarcoptes. Die bei den einzelnen Wirten vorkommenden Sarcoptesmilben werden dabei als Variet\u00e4ten von S. scabiei angesehen. Die Variet\u00e4ten sind meist wirtsspezifisch, jedoch k\u00f6nnen die Grabmilben auch auf andere Wirte \u00fcbergehen, sich dort aber in der Regel nicht dauerhaft ansiedeln.<\/p>\n<p>Sarcoptes scabiei varietas canis ist der Erreger der Sarcoptes-R\u00e4ude beim Hund. Als Reservoirtiere gelten Rotf\u00fcchse. Gelegentlich kann die Milbe auch beim Frettchen, Kaninchen, Meerschweinchen und bei der Katze und dem Menschen auftreten.<\/p>\n<p>Die \u00dcbertragung erfolgt durch direkten Tierkontakt, aber auch indirekt \u00fcber die kontaminierte Umgebung. Beim Hund scheint die indirekte \u00dcbertragung zunehmend an Bedeutung zu gewinnen. Der gesamte Entwicklungszyklus der Grabmilben spielt sich auf dem Wirtstier ab. In abgescheuertem Hautmaterial k\u00f6nnen die Milben in feuchter, k\u00fchler Umgebung bis zu 3 Wochen \u00fcberleben.<\/p>\n<p>Die Milben graben ihre Tunnel in die Hornschicht der Haut. Bevorzugt werden wenig behaarte Stellen der Haut, sodass sie am h\u00e4ufigsten auf Ohren, Ellbogen, Unterbauch und Sprunggelenken anzutreffen sind. Breitet sich die Erkrankung weiter aus, k\u00f6nnen auch gr\u00f6\u00dfere K\u00f6rperbereiche besiedelt werden. Klinisch steht der massive Juckreiz der Tiere, der bei W\u00e4rme oft verst\u00e4rkt wird, im Vordergrund.<\/p>\n<p>Beim Schwein breiten sich die Milben beginnend von der Ohrmuschelinnenseite aus. Die Kopfr\u00e4ude des Rindes betrifft vorzugsweise Kopf und Hals, kann aber auch auf das Euter \u00fcbergehen. R\u00e4ude f\u00fchrt zu Leistungseinbu\u00dfen.[\/vc_column_text][\/vc_column][\/vc_row]<\/p>\n<\/div>","protected":false},"excerpt":{"rendered":"<p>[vc_row][vc_column][vc_column_text][\/vc_column_text][\/vc_column][\/vc_row][vc_row][vc_column][vc_column_text css=&#187;.vc_custom_1679266891306{margin-top: 40px !important;}&#187;]Sarcoptes kann auch mikroskopisch nachgewiesen werden (Leistung 174 Parasitologische Untersuchung \/ Ektoparasiten). Erfasst wird somit z.B. auch Notoedres. Allgemeine Informationen Sarcoptes scabiei ist die einzige Art der Gattung Sarcoptes. Die bei den einzelnen Wirten vorkommenden Sarcoptesmilben werden dabei als Variet\u00e4ten von S. scabiei angesehen. Die Variet\u00e4ten sind meist wirtsspezifisch, jedoch k\u00f6nnen die&hellip;<\/p>\n","protected":false},"author":1,"featured_media":0,"parent":1332781,"menu_order":17,"comment_status":"closed","ping_status":"closed","template":"","meta":{"_seopress_robots_primary_cat":"","_seopress_titles_title":"","_seopress_titles_desc":"","_seopress_robots_index":"","footnotes":""},"class_list":["post-1333175","page","type-page","status-publish","hentry","description-off"],"_links":{"self":[{"href":"https:\/\/laboklin.de\/de-ch\/wp-json\/wp\/v2\/pages\/1333175","targetHints":{"allow":["GET"]}}],"collection":[{"href":"https:\/\/laboklin.de\/de-ch\/wp-json\/wp\/v2\/pages"}],"about":[{"href":"https:\/\/laboklin.de\/de-ch\/wp-json\/wp\/v2\/types\/page"}],"author":[{"embeddable":true,"href":"https:\/\/laboklin.de\/de-ch\/wp-json\/wp\/v2\/users\/1"}],"replies":[{"embeddable":true,"href":"https:\/\/laboklin.de\/de-ch\/wp-json\/wp\/v2\/comments?post=1333175"}],"version-history":[{"count":1,"href":"https:\/\/laboklin.de\/de-ch\/wp-json\/wp\/v2\/pages\/1333175\/revisions"}],"predecessor-version":[{"id":1428078,"href":"https:\/\/laboklin.de\/de-ch\/wp-json\/wp\/v2\/pages\/1333175\/revisions\/1428078"}],"up":[{"embeddable":true,"href":"https:\/\/laboklin.de\/de-ch\/wp-json\/wp\/v2\/pages\/1332781"}],"wp:attachment":[{"href":"https:\/\/laboklin.de\/de-ch\/wp-json\/wp\/v2\/media?parent=1333175"}],"curies":[{"name":"wp","href":"https:\/\/api.w.org\/{rel}","templated":true}]}}