{"id":1333170,"date":"2020-10-16T11:36:27","date_gmt":"2020-10-16T09:36:27","guid":{"rendered":"https:\/\/laboklin.de\/leistungen\/infektionskrankheiten-erreger-und-antikoerpernachweise\/parasiten\/nosema\/"},"modified":"2024-10-11T10:13:17","modified_gmt":"2024-10-11T08:13:17","slug":"nosema","status":"publish","type":"page","link":"https:\/\/laboklin.de\/de-ch\/leistungen\/infektionskrankheiten-erreger-und-antikoerpernachweise\/pilze\/nosema\/","title":{"rendered":"Nosema"},"content":{"rendered":"<div class=\"wpb-content-wrapper\"><p>[vc_row][vc_column][vc_column_text]<h3>Leistungsspektrum<\/h3><div class=\"vc_tta-panels-container\"><div class=\"vc_tta-panels\"><li class=\"menu-item sub-page\"><a href=\"https:\/\/laboklin.de\/de-ch\/leistungen\/infektionskrankheiten-erreger-und-antikoerpernachweise\/pilze\/nosema\/nosema-mikroskopie\/\">Nosema spp. - Mikroskopie<\/a><\/li><li class=\"menu-item sub-page\"><a href=\"https:\/\/laboklin.de\/de-ch\/leistungen\/infektionskrankheiten-erreger-und-antikoerpernachweise\/pilze\/nosema\/nosema-differenzierung-pcr\/\">Nosema Differenzierung - PCR<\/a><\/li><\/div><\/div>[\/vc_column_text][\/vc_column][\/vc_row][vc_row][vc_column][vc_column_text css=&#187;.vc_custom_1728634284538{margin-top: 40px !important;}&#187;]<\/p>\n<h3>Allgemeine Informationen<\/h3>\n<p style=\"font-weight: 300;\">Die Nosemose ist die h\u00e4ufigste Erkrankung der adulten Honigbiene. Die Gattung Nosema geh\u00f6rt zu den Mikrosporidien, dabei handelt es sich um parasitische Pilze. Die Verbreitung geschieht \u00fcber Sporen, die mehrere Jahre \u00fcberlebensf\u00e4hig sind. Man unterscheidet zwei Arten: Nosema apis und Nosema ceranae, die sich nur mittels PCR auseinanderhalten lassen, sich aber in der Pathogenit\u00e4t unterscheiden. Die Erreger befallen die Darmzellen des Mitteldarms und f\u00fchren so zu gelblichem Durchfall. Betroffene Tiere sind oft flugunf\u00e4hig und das Abdomen ist aufgebl\u00e4ht. Die Symptome sind h\u00e4ufig recht unspezifisch, die Bienen matt. Die Nosemose ist eine Faktorenkrankheit, das hei\u00dft zum Ausbruch der Krankheit kommt es nur, wenn andere widrige Bedingungen wie K\u00e4lte, andere Erkrankungen etc. hinzukommen. Somit ist eine Nosemose m\u00f6glicherweise\u00a0 therapierbar, indem die anderen Faktoren behoben werden. Aufgrund der Widerstandsf\u00e4higkeit der Sporen ist es oft schwer, die Erreger g\u00e4nzlich zu eliminieren. Wie bei vielen Bienenkrankheiten erfolgt die \u00dcbertragung durch die Bienen selbst (Verflug oder R\u00e4uberei) oder durch den Imker.<\/p>\n<p>[\/vc_column_text][\/vc_column][\/vc_row]<\/p>\n<\/div>","protected":false},"excerpt":{"rendered":"<p>[vc_row][vc_column][vc_column_text][\/vc_column_text][\/vc_column][\/vc_row][vc_row][vc_column][vc_column_text css=&#187;.vc_custom_1728634284538{margin-top: 40px !important;}&#187;] Allgemeine Informationen Die Nosemose ist die h\u00e4ufigste Erkrankung der adulten Honigbiene. Die Gattung Nosema geh\u00f6rt zu den Mikrosporidien, dabei handelt es sich um parasitische Pilze. Die Verbreitung geschieht \u00fcber Sporen, die mehrere Jahre \u00fcberlebensf\u00e4hig sind. Man unterscheidet zwei Arten: Nosema apis und Nosema ceranae, die sich nur mittels PCR auseinanderhalten lassen,&hellip;<\/p>\n","protected":false},"author":1,"featured_media":0,"parent":1332778,"menu_order":7,"comment_status":"closed","ping_status":"closed","template":"","meta":{"_seopress_robots_primary_cat":"","_seopress_titles_title":"","_seopress_titles_desc":"","_seopress_robots_index":"","footnotes":""},"class_list":["post-1333170","page","type-page","status-publish","hentry","description-off"],"_links":{"self":[{"href":"https:\/\/laboklin.de\/de-ch\/wp-json\/wp\/v2\/pages\/1333170","targetHints":{"allow":["GET"]}}],"collection":[{"href":"https:\/\/laboklin.de\/de-ch\/wp-json\/wp\/v2\/pages"}],"about":[{"href":"https:\/\/laboklin.de\/de-ch\/wp-json\/wp\/v2\/types\/page"}],"author":[{"embeddable":true,"href":"https:\/\/laboklin.de\/de-ch\/wp-json\/wp\/v2\/users\/1"}],"replies":[{"embeddable":true,"href":"https:\/\/laboklin.de\/de-ch\/wp-json\/wp\/v2\/comments?post=1333170"}],"version-history":[{"count":2,"href":"https:\/\/laboklin.de\/de-ch\/wp-json\/wp\/v2\/pages\/1333170\/revisions"}],"predecessor-version":[{"id":1488939,"href":"https:\/\/laboklin.de\/de-ch\/wp-json\/wp\/v2\/pages\/1333170\/revisions\/1488939"}],"up":[{"embeddable":true,"href":"https:\/\/laboklin.de\/de-ch\/wp-json\/wp\/v2\/pages\/1332778"}],"wp:attachment":[{"href":"https:\/\/laboklin.de\/de-ch\/wp-json\/wp\/v2\/media?parent=1333170"}],"curies":[{"name":"wp","href":"https:\/\/api.w.org\/{rel}","templated":true}]}}