{"id":1333168,"date":"2020-10-16T11:36:27","date_gmt":"2020-10-16T09:36:27","guid":{"rendered":"https:\/\/laboklin.de\/leistungen\/infektionskrankheiten-erreger-und-antikoerpernachweise\/parasiten\/neospora\/"},"modified":"2023-03-19T23:58:43","modified_gmt":"2023-03-19T22:58:43","slug":"neospora","status":"publish","type":"page","link":"https:\/\/laboklin.de\/de-ch\/leistungen\/infektionskrankheiten-erreger-und-antikoerpernachweise\/parasiten\/neospora\/","title":{"rendered":"Neospora"},"content":{"rendered":"<div class=\"wpb-content-wrapper\"><p>[vc_row][vc_column][vc_column_text]<h3>Leistungsspektrum<\/h3><div class=\"vc_tta-panels-container\"><div class=\"vc_tta-panels\"><li class=\"menu-item sub-page\"><a href=\"https:\/\/laboklin.de\/de-ch\/leistungen\/infektionskrankheiten-erreger-und-antikoerpernachweise\/parasiten\/neospora\/neospora-antikoerper-elisa\/\">Neospora caninum - Antik\u00f6rper <\/a><\/li><li class=\"menu-item sub-page\"><a href=\"https:\/\/laboklin.de\/de-ch\/leistungen\/infektionskrankheiten-erreger-und-antikoerpernachweise\/parasiten\/neospora\/neospora-caninum-pcr\/\">Neospora caninum - PCR<\/a><\/li><\/div><\/div>[\/vc_column_text][\/vc_column][\/vc_row][vc_row type=&#187;vc_default&#187; css=&#187;.vc_custom_1612187921129{margin-top: 30px !important;}&#187;][vc_column][vc_column_text]Neospora caninum kann bei Hunden im Kot auch mikroskopisch nachgewiesen werden (<a href=\"https:\/\/laboklin.de\/de-ch\/leistungen\/mikrobiologie-parasitologie\/parasitologie\/parasitologische-untersuchungen-kot\/parasitologische-untersuchung-endoparasiten\/\">Leistung 149 Endoparasiten<\/a>).<\/p>\n<h3><div class=\"gap\" style=\"line-height: 20px; height: 20px;\"><\/div><\/h3>\n<h3>Allgemeine Informationen<\/h3>\n<p>1984 wurde erstmals in Norwegen eine neurologische Erkrankung bei Hunden beschrieben deren Erreger den Toxoplasmen \u00e4hnelte, jedoch nicht klassifiziert werden konnte. 1988 wurde in den USA ein \u00e4hnlicher Erreger bei Hunden gefunden und Neospora caninum benannt. Sp\u00e4ter konnte festgestellt werden, dass Neospora caninum mit dem norwegischen Erreger identisch ist. Die Neosporose ist bereits in vielen L\u00e4ndern nachgewiesen worden, es muss daher von einer weltweiten Verbreitung ausgegangen werden. Nat\u00fcrliche Infektionen wurden bei Hunden, Rindern, Pferden, Schafen, Ziegen und Rotwild sowie Katzen festgestellt. Zahlreiche weitere Tiere k\u00f6nnen experimentell infiziert werden.<\/p>\n<p>Klinisch sind Hunde und Rinder besonders schwer betroffen. Bei letzteren bestimmen Aborte in jedem Tr\u00e4chtigkeitsstadium das Bild. Bei Hunden stehen neurologische Symptome im Vordergrund: aufsteigende Paralysen der Hinterhand mit Hyperextension sind ein klassischer Befund, es k\u00f6nnen auch alle Gliedma\u00dfen betroffen sein (Tetraplegie). Weitere m\u00f6gliche Befunde sind Schluckbeschwerden, Paralyse des Kiefers, Kopfschiefhaltung, Muskelschw\u00e4che, Herzinsuffizienz und Pneumonie. Junge, kongenital infizierte Hunde, zeigen eine schwerere Symptomatik z.T. mit pl\u00f6tzlichen Todesf\u00e4llen. \u00c4ltere Hunde zeigen \u00f6fter Zeichen einer disseminierten Infektion mit Polyradikulitis, Polymyositis und evtl. multipler Organbeteiligung. Bei \u00e4lteren Hunden mit neurologischen Erscheinungen sollte man daher immer eine Neosporose in die Differentialdiagnose mit einbeziehen. Aufgrund der oft hohen regionalen Antik\u00f6rperpr\u00e4valenz wird allerdings angenommen, dass nur ein geringer Prozentsatz der infizierten Hunde tats\u00e4chlich klinisch erkrankt.[\/vc_column_text][\/vc_column][\/vc_row]<\/p>\n<\/div>","protected":false},"excerpt":{"rendered":"<p>[vc_row][vc_column][vc_column_text][\/vc_column_text][\/vc_column][\/vc_row][vc_row type=&#187;vc_default&#187; css=&#187;.vc_custom_1612187921129{margin-top: 30px !important;}&#187;][vc_column][vc_column_text]Neospora caninum kann bei Hunden im Kot auch mikroskopisch nachgewiesen werden (Leistung 149 Endoparasiten). Allgemeine Informationen 1984 wurde erstmals in Norwegen eine neurologische Erkrankung bei Hunden beschrieben deren Erreger den Toxoplasmen \u00e4hnelte, jedoch nicht klassifiziert werden konnte. 1988 wurde in den USA ein \u00e4hnlicher Erreger bei Hunden gefunden und Neospora caninum&hellip;<\/p>\n","protected":false},"author":1,"featured_media":0,"parent":1332781,"menu_order":14,"comment_status":"closed","ping_status":"closed","template":"","meta":{"_seopress_robots_primary_cat":"","_seopress_titles_title":"","_seopress_titles_desc":"","_seopress_robots_index":"","footnotes":""},"class_list":["post-1333168","page","type-page","status-publish","hentry","description-off"],"_links":{"self":[{"href":"https:\/\/laboklin.de\/de-ch\/wp-json\/wp\/v2\/pages\/1333168","targetHints":{"allow":["GET"]}}],"collection":[{"href":"https:\/\/laboklin.de\/de-ch\/wp-json\/wp\/v2\/pages"}],"about":[{"href":"https:\/\/laboklin.de\/de-ch\/wp-json\/wp\/v2\/types\/page"}],"author":[{"embeddable":true,"href":"https:\/\/laboklin.de\/de-ch\/wp-json\/wp\/v2\/users\/1"}],"replies":[{"embeddable":true,"href":"https:\/\/laboklin.de\/de-ch\/wp-json\/wp\/v2\/comments?post=1333168"}],"version-history":[{"count":1,"href":"https:\/\/laboklin.de\/de-ch\/wp-json\/wp\/v2\/pages\/1333168\/revisions"}],"predecessor-version":[{"id":1428076,"href":"https:\/\/laboklin.de\/de-ch\/wp-json\/wp\/v2\/pages\/1333168\/revisions\/1428076"}],"up":[{"embeddable":true,"href":"https:\/\/laboklin.de\/de-ch\/wp-json\/wp\/v2\/pages\/1332781"}],"wp:attachment":[{"href":"https:\/\/laboklin.de\/de-ch\/wp-json\/wp\/v2\/media?parent=1333168"}],"curies":[{"name":"wp","href":"https:\/\/api.w.org\/{rel}","templated":true}]}}