{"id":1333158,"date":"2020-10-16T11:36:27","date_gmt":"2020-10-16T09:36:27","guid":{"rendered":"https:\/\/laboklin.de\/leistungen\/infektionskrankheiten-erreger-und-antikoerpernachweise\/parasiten\/giardien\/"},"modified":"2023-03-19T23:51:46","modified_gmt":"2023-03-19T22:51:46","slug":"giardien","status":"publish","type":"page","link":"https:\/\/laboklin.de\/de-ch\/leistungen\/infektionskrankheiten-erreger-und-antikoerpernachweise\/parasiten\/giardien\/","title":{"rendered":"Giardien"},"content":{"rendered":"<div class=\"wpb-content-wrapper\"><p>[vc_row][vc_column][vc_column_text]<h3>Leistungsspektrum<\/h3><div class=\"vc_tta-panels-container\"><div class=\"vc_tta-panels\"><li class=\"menu-item sub-page\"><a href=\"https:\/\/laboklin.de\/de-ch\/leistungen\/infektionskrankheiten-erreger-und-antikoerpernachweise\/parasiten\/giardien\/giardia-sp-antigen-eia\/\">Giardia sp. - Antigen (EIA)<\/a><\/li><li class=\"menu-item sub-page\"><a href=\"https:\/\/laboklin.de\/de-ch\/leistungen\/infektionskrankheiten-erreger-und-antikoerpernachweise\/parasiten\/giardien\/giardien-antigen-ifat\/\">Giardien - Antigen (IFAT)<\/a><\/li><li class=\"menu-item sub-page\"><a href=\"https:\/\/laboklin.de\/de-ch\/leistungen\/infektionskrankheiten-erreger-und-antikoerpernachweise\/parasiten\/giardien\/giardien-pcr\/\">Giardien - PCR<\/a><\/li><\/div><\/div>[\/vc_column_text][\/vc_column][\/vc_row][vc_row][vc_column][vc_column_text css=&#187;.vc_custom_1679266295997{margin-top: 40px !important;}&#187;]Giardien k\u00f6nnen auch mikroskopisch nachgewiesen werden (<a href=\"https:\/\/laboklin.de\/de-ch\/leistungen\/mikrobiologie-parasitologie\/parasitologie\/parasitologische-untersuchungen-kot\/parasitologische-untersuchung-endoparasiten\/\">Leistung 149 Parasitologische Untersuchung \/ Endoparasiten<\/a>).<\/p>\n<h3><div class=\"gap\" style=\"line-height: 20px; height: 20px;\"><\/div><\/h3>\n<h3>Allgemeine Informationen<\/h3>\n<p>Giardien sind Flagellaten, die im Darm von S\u00e4ugetieren, V\u00f6geln, Reptilien, Amphibien und Menschen zu finden sind. Es gibt einige gut differenzierte Spezies wie z.B. G. in\u00adtestinalis (lamblia, duodenalis). Giardien werden oral (Nahrung, Wasser) oder durch eine Schmierinfektion als Zysten aufgenommen, exzystieren im Darm und heften sich als Trophozoiten an die Darmwand an, wo sie sich vermehren. Sch\u00e4digungen und Abl\u00f6sung des Darmepithels f\u00fchrt zu chronisch intermittierenden katarrhalischen bis schleimig-blutigen Durchf\u00e4llen. Die mit dem Kot ausgeschiedenen Zysten bleiben im kalten Wasser und feuchter Umgebung monatelang infekti\u00f6s.<\/p>\n<p>Mit Ausnahme der Giardien von V\u00f6geln und Amphibien besitzen Giardien teilweise einen zoonotischen Charakter. Durch genetische Charakterisierung wurden 7 Varianten identifiziert, von denen die Varianten (Assemblages) A und B haupts\u00e4chlich beim Menschen vorkommen, die Varianten C und D haupts\u00e4chlich beim Hund nachgewiesen werden und die Variante F \u00fcberwiegend bei der Katze vorliegt. Spezies\u00fcbergreifend sind jedoch auch Isolate unterschiedlicher Subtypen von A sowie solcher von B bei verschiedenen Tierarten nachweisbar, so dass eine \u00dcbertragung von Mensch auf Tier und von Tier auf Mensch nicht ausgeschlossen werden kann. Bei Hunden und Katzen stellen die Giardien die pr\u00e4dominierenden Darmparasiten dar. In eigenen Untersuchungen wurden bei 15 % der Katzen Giardieninfektionen nachgewiesen; 3,5 % dieser Tiere beherbergten die humanpathogene Assemblage A.[\/vc_column_text][\/vc_column][\/vc_row]<\/p>\n<\/div>","protected":false},"excerpt":{"rendered":"<p>[vc_row][vc_column][vc_column_text][\/vc_column_text][\/vc_column][\/vc_row][vc_row][vc_column][vc_column_text css=&#187;.vc_custom_1679266295997{margin-top: 40px !important;}&#187;]Giardien k\u00f6nnen auch mikroskopisch nachgewiesen werden (Leistung 149 Parasitologische Untersuchung \/ Endoparasiten). Allgemeine Informationen Giardien sind Flagellaten, die im Darm von S\u00e4ugetieren, V\u00f6geln, Reptilien, Amphibien und Menschen zu finden sind. Es gibt einige gut differenzierte Spezies wie z.B. G. in\u00adtestinalis (lamblia, duodenalis). Giardien werden oral (Nahrung, Wasser) oder durch eine Schmierinfektion als&hellip;<\/p>\n","protected":false},"author":1,"featured_media":0,"parent":1332781,"menu_order":10,"comment_status":"closed","ping_status":"closed","template":"","meta":{"_seopress_robots_primary_cat":"","_seopress_titles_title":"","_seopress_titles_desc":"","_seopress_robots_index":"","footnotes":""},"class_list":["post-1333158","page","type-page","status-publish","hentry","description-off"],"_links":{"self":[{"href":"https:\/\/laboklin.de\/de-ch\/wp-json\/wp\/v2\/pages\/1333158","targetHints":{"allow":["GET"]}}],"collection":[{"href":"https:\/\/laboklin.de\/de-ch\/wp-json\/wp\/v2\/pages"}],"about":[{"href":"https:\/\/laboklin.de\/de-ch\/wp-json\/wp\/v2\/types\/page"}],"author":[{"embeddable":true,"href":"https:\/\/laboklin.de\/de-ch\/wp-json\/wp\/v2\/users\/1"}],"replies":[{"embeddable":true,"href":"https:\/\/laboklin.de\/de-ch\/wp-json\/wp\/v2\/comments?post=1333158"}],"version-history":[{"count":2,"href":"https:\/\/laboklin.de\/de-ch\/wp-json\/wp\/v2\/pages\/1333158\/revisions"}],"predecessor-version":[{"id":1428071,"href":"https:\/\/laboklin.de\/de-ch\/wp-json\/wp\/v2\/pages\/1333158\/revisions\/1428071"}],"up":[{"embeddable":true,"href":"https:\/\/laboklin.de\/de-ch\/wp-json\/wp\/v2\/pages\/1332781"}],"wp:attachment":[{"href":"https:\/\/laboklin.de\/de-ch\/wp-json\/wp\/v2\/media?parent=1333158"}],"curies":[{"name":"wp","href":"https:\/\/api.w.org\/{rel}","templated":true}]}}