{"id":1333156,"date":"2020-10-16T11:36:27","date_gmt":"2020-10-16T09:36:27","guid":{"rendered":"https:\/\/laboklin.de\/leistungen\/infektionskrankheiten-erreger-und-antikoerpernachweise\/parasiten\/filarien\/"},"modified":"2023-03-19T23:44:42","modified_gmt":"2023-03-19T22:44:42","slug":"filarien","status":"publish","type":"page","link":"https:\/\/laboklin.de\/de-ch\/leistungen\/infektionskrankheiten-erreger-und-antikoerpernachweise\/parasiten\/filarien\/","title":{"rendered":"Filarien"},"content":{"rendered":"<div class=\"wpb-content-wrapper\"><p>[vc_row][vc_column][vc_column_text]<h3>Leistungsspektrum<\/h3><div class=\"vc_tta-panels-container\"><div class=\"vc_tta-panels\"><li class=\"menu-item sub-page\"><a href=\"https:\/\/laboklin.de\/de-ch\/leistungen\/infektionskrankheiten-erreger-und-antikoerpernachweise\/parasiten\/filarien\/dirofilarien-antigen\/\">Dirofilarien - Antigen<\/a><\/li><li class=\"menu-item sub-page\"><a href=\"https:\/\/laboklin.de\/de-ch\/leistungen\/infektionskrankheiten-erreger-und-antikoerpernachweise\/parasiten\/filarien\/dirofilarien-antigen-hitzevorbehandlung\/\">Dirofilarien - Antigen (inkl. Hitzevorbehandlung)<\/a><\/li><li class=\"menu-item sub-page\"><a href=\"https:\/\/laboklin.de\/de-ch\/leistungen\/infektionskrankheiten-erreger-und-antikoerpernachweise\/parasiten\/filarien\/mikrofilarien-filtrationstest\/\">Mikrofilarien - Filtrationstest<\/a><\/li><li class=\"menu-item sub-page\"><a href=\"https:\/\/laboklin.de\/de-ch\/leistungen\/infektionskrankheiten-erreger-und-antikoerpernachweise\/parasiten\/filarien\/mikrofilarien-knott-test\/\">Mikrofilarien - Knott-Test<\/a><\/li><li class=\"menu-item sub-page\"><a href=\"https:\/\/laboklin.de\/de-ch\/leistungen\/infektionskrankheiten-erreger-und-antikoerpernachweise\/parasiten\/filarien\/mikrofilarien-pcr-qualitativ\/\">Mikrofilarien - PCR (qualitativ)<\/a><\/li><li class=\"menu-item sub-page\"><a href=\"https:\/\/laboklin.de\/de-ch\/leistungen\/infektionskrankheiten-erreger-und-antikoerpernachweise\/parasiten\/filarien\/mikrofilarien-pcr-quantitativ\/\">Mikrofilarien - PCR (quantitativ)<\/a><\/li><\/div><\/div>[\/vc_column_text][\/vc_column][\/vc_row][vc_row][vc_column][vc_column_text css=&#187;.vc_custom_1679265867724{margin-top: 40px !important;}&#187;]Der Nachweis von Mikrofilarien kann auch mikroskopisch erfolgen (<a href=\"https:\/\/laboklin.de\/de-ch\/leistungen\/haematologie-klin-chemie-endokrinologie\/haematologie\/blutbild\/blutausstrich-zytologisch\/\">Leistung 215 Blutausstrich zytologisch<\/a>).<\/p>\n<h3><div class=\"gap\" style=\"line-height: 20px; height: 20px;\"><\/div><\/h3>\n<h3>Allgemeine Informationen<\/h3>\n<p>Als Verursacher von Filariosen sind allein in Europa f\u00fcnf verschiedene Filarienarten beim Hund bekannt: Dirofilaria immitis, Dirofilaria repens sowie Acanthocheilonema (Dipetalonema) reconditum, Acanthocheilonema (Dipetalonema) dracunculoides und Cercopithifilaria grassi. Diro\u00adfilaria immitis verursacht die \u201ekardiovaskul\u00e4re Dirofilariose\u201c (Herzwurmerkrankung), Dirofilaria repens die \u201ekutane Dirofilariose\u201c. Beide Dirofilariosen sind Zoonosen und werden durch Stechm\u00fccken \u00fcbertragen, so auch durch die Hausm\u00fccke (Culex pipiens), welche in Deutschland sehr h\u00e4ufig ist. Die M\u00fccken-Gattungen Aedes und Anopheles stellen in Europa ebenfalls kompetente Zwischenwirte und Vektoren dar.[\/vc_column_text][\/vc_column][\/vc_row]<\/p>\n<\/div>","protected":false},"excerpt":{"rendered":"<p>[vc_row][vc_column][vc_column_text][\/vc_column_text][\/vc_column][\/vc_row][vc_row][vc_column][vc_column_text css=&#187;.vc_custom_1679265867724{margin-top: 40px !important;}&#187;]Der Nachweis von Mikrofilarien kann auch mikroskopisch erfolgen (Leistung 215 Blutausstrich zytologisch). Allgemeine Informationen Als Verursacher von Filariosen sind allein in Europa f\u00fcnf verschiedene Filarienarten beim Hund bekannt: Dirofilaria immitis, Dirofilaria repens sowie Acanthocheilonema (Dipetalonema) reconditum, Acanthocheilonema (Dipetalonema) dracunculoides und Cercopithifilaria grassi. Diro\u00adfilaria immitis verursacht die \u201ekardiovaskul\u00e4re Dirofilariose\u201c (Herzwurmerkrankung), Dirofilaria repens die&hellip;<\/p>\n","protected":false},"author":1,"featured_media":0,"parent":1332781,"menu_order":9,"comment_status":"closed","ping_status":"closed","template":"","meta":{"_seopress_robots_primary_cat":"","_seopress_titles_title":"","_seopress_titles_desc":"","_seopress_robots_index":"","footnotes":""},"class_list":["post-1333156","page","type-page","status-publish","hentry","description-off"],"_links":{"self":[{"href":"https:\/\/laboklin.de\/de-ch\/wp-json\/wp\/v2\/pages\/1333156","targetHints":{"allow":["GET"]}}],"collection":[{"href":"https:\/\/laboklin.de\/de-ch\/wp-json\/wp\/v2\/pages"}],"about":[{"href":"https:\/\/laboklin.de\/de-ch\/wp-json\/wp\/v2\/types\/page"}],"author":[{"embeddable":true,"href":"https:\/\/laboklin.de\/de-ch\/wp-json\/wp\/v2\/users\/1"}],"replies":[{"embeddable":true,"href":"https:\/\/laboklin.de\/de-ch\/wp-json\/wp\/v2\/comments?post=1333156"}],"version-history":[{"count":1,"href":"https:\/\/laboklin.de\/de-ch\/wp-json\/wp\/v2\/pages\/1333156\/revisions"}],"predecessor-version":[{"id":1428065,"href":"https:\/\/laboklin.de\/de-ch\/wp-json\/wp\/v2\/pages\/1333156\/revisions\/1428065"}],"up":[{"embeddable":true,"href":"https:\/\/laboklin.de\/de-ch\/wp-json\/wp\/v2\/pages\/1332781"}],"wp:attachment":[{"href":"https:\/\/laboklin.de\/de-ch\/wp-json\/wp\/v2\/media?parent=1333156"}],"curies":[{"name":"wp","href":"https:\/\/api.w.org\/{rel}","templated":true}]}}