{"id":1333151,"date":"2020-10-16T11:36:27","date_gmt":"2020-10-16T09:36:27","guid":{"rendered":"https:\/\/laboklin.de\/leistungen\/infektionskrankheiten-erreger-und-antikoerpernachweise\/parasiten\/encephalitozoon\/"},"modified":"2020-10-16T11:36:27","modified_gmt":"2020-10-16T09:36:27","slug":"encephalitozoon","status":"publish","type":"page","link":"https:\/\/laboklin.de\/de-ch\/leistungen\/infektionskrankheiten-erreger-und-antikoerpernachweise\/parasiten\/encephalitozoon\/","title":{"rendered":"Encephalitozoon"},"content":{"rendered":"<div class=\"wpb-content-wrapper\"><p>[vc_row][vc_column][vc_column_text]<h3>Leistungsspektrum<\/h3><div class=\"vc_tta-panels-container\"><div class=\"vc_tta-panels\"><li class=\"menu-item sub-page\"><a href=\"https:\/\/laboklin.de\/de-ch\/leistungen\/infektionskrankheiten-erreger-und-antikoerpernachweise\/parasiten\/encephalitozoon\/encephalitozoon-cuniculi-antikoerper-igg\/\">Encephalitozoon cuniculi - Antik\u00f6rper (IgG)<\/a><\/li><li class=\"menu-item sub-page\"><a href=\"https:\/\/laboklin.de\/de-ch\/leistungen\/infektionskrankheiten-erreger-und-antikoerpernachweise\/parasiten\/encephalitozoon\/encephalitozoon-cuniculi-antikoerper-igm-igg\/\">Encephalitozoon cuniculi - Antik\u00f6rper (IgM + IgG) <\/a><\/li><li class=\"menu-item sub-page\"><a href=\"https:\/\/laboklin.de\/de-ch\/leistungen\/infektionskrankheiten-erreger-und-antikoerpernachweise\/parasiten\/encephalitozoon\/encephalitozoon-cuniculi-pcr\/\">Encephalitozoon cuniculi - PCR<\/a><\/li><li class=\"menu-item sub-page\"><a href=\"https:\/\/laboklin.de\/de-ch\/leistungen\/infektionskrankheiten-erreger-und-antikoerpernachweise\/parasiten\/encephalitozoon\/encephalitozoon-pogonae-pcr\/\">Encephalitozoon pogonae - PCR<\/a><\/li><\/div><\/div>[\/vc_column_text][\/vc_column][\/vc_row][vc_row type=&#187;vc_default&#187; css=&#187;.vc_custom_1643802036135{margin-top: 20px !important;}&#187;][vc_column][vc_column_text]<\/p>\n<h3><div class=\"gap\" style=\"line-height: 10px; height: 10px;\"><\/div><\/h3>\n<h3>Allgemeine Informationen<\/h3>\n<p>[\/vc_column_text][\/vc_column][\/vc_row][vc_row type=&#187;vc_default&#187; css=&#187;.vc_custom_1643805119397{margin-top: 40px !important;}&#187;][vc_column][vc_accordion active_tab=&#187;false&#187; collapsible=&#187;yes&#187; title_size=&#187;normal&#187; style=&#187;2&#8243;][vc_accordion_tab title=&#187;Encephalitozoon cuniculi&#187;][vc_column_text css=&#187;.vc_custom_1643801838007{margin-top: 40px !important;}&#187;]Der Erreger <strong>Encephalitozoon cuniculi<\/strong> l\u00f6st die Krankheit <strong>Enzephalitozoonose<\/strong> (auch <strong>Torticollis, Schiefhals, Headtilt<\/strong> genannt) bei <strong>Kaninchen<\/strong> aus. Ca. 80 % der gesunden Kaninchen tragen den Erreger in sich, ohne dass Krankheitssymptome auftreten. Reife infektionsf\u00e4hige Sporen werden intermittierend mit dem Urin ausgeschieden, wodurch die \u00dcbertragung oral und nasal, durch Fressen von infizierter Nahrung oder Schn\u00fcffeln an Nahrung und Streu, stattfindet. Jedoch k\u00f6nnen auch infizierte tr\u00e4chtige H\u00e4sinnen den Erreger im Mutterleib an ihre Jungen weitergeben. Eine Erregerausscheidung mit dem Kot wurde nachgewiesen, scheint aber von geringer Bedeutung zu sein.<\/p>\n<p>Der Erreger wurde auch in vielen anderen Tierarten wie Hund, Fuchs, Nager und einige Vogelarten und sogar beim Menschen festgestellt. V.a. bei immunsupprimierten Personen kann eine Infektion relevant sein.<\/p>\n<p>Das Krankheitsbild beim Kaninchen ist neben der Kopfschiefhaltung v.a. durch Ataxien, Nystagmus, Anf\u00e4llen oder Kr\u00e4mpfen gekennzeichnet. Da die Krankheit auch milder verlaufen kann, ist bei jeder neurologischen Auff\u00e4lligkeit eine Untersuchung auf E. cuniculi empfehlenswert.[\/vc_column_text][\/vc_accordion_tab][vc_accordion_tab title=&#187;Encephalitozoon pogonae&#187;][vc_column_text]<\/p>\n<p style=\"font-weight: 300;\">Der Erreger\u00a0<b><strong>Encephalitozoon pogonae<\/strong><\/b>\u00a0wurde bei\u00a0<b><strong>Bartagamen<\/strong><\/b>\u00a0(Pogona<em>\u00a0<\/em>spp.; Agamidae) beschrieben und geh\u00f6rt zu den Mikrosporidien. Hierbei handelt es sich um einzellige, intrazellul\u00e4re, sporenbildende Pilze, die fr\u00fcher zu der Gruppe der Protozoen gez\u00e4hlt wurden. Aufgrund \u00e4hnlicher Morphologie sowie genetischer \u00dcbereinstimmungen wurde der Erreger urspr\u00fcnglich als Encephalitozoon cuniculi identifiziert. 2016 wurde er dann als eigenst\u00e4ndige Spezies klassifiziert.<\/p>\n<p style=\"font-weight: 300;\">Infektionen k\u00f6nnen mit unspezifischen Symptomen wie Lethargie, Anorexie, Gewichtsverlust und Polydipsie assoziiert sein. Die Vermehrung findet in Makrophagen unterschiedlicher Organe statt, hier ist vor allem die Niere, aber auch der Magen-Darm-Trakt, die Leber, die Ovarien, die Milz, die Lunge, das vaskul\u00e4re Endothel und die ventrikul\u00e4ren Ependymal-Zellen des Gehirns betroffen und es werden Granulome ausgebildet. Koinfektionen mit dem Agamid Adenovirus 1 und Kokzidien sind beschrieben und k\u00f6nnen m\u00f6glicherweise zur Verschlimmerung des Krankheitsbildes f\u00fchren.<\/p>\n<p style=\"font-weight: 300;\">Die Ausscheidung des Erregers kann f\u00e4kal erfolgen und eine f\u00e4kal-orale \u00dcbertragung ist wahrscheinlich. Die Diagnose erfolgt per PCR oder\/und Histologie aus betroffenem Gewebe oder per PCR aus einem Kloakalabstrich bzw. Faeces.<\/p>\n<p>[\/vc_column_text][\/vc_accordion_tab][\/vc_accordion][\/vc_column][\/vc_row]<\/p>\n<\/div>","protected":false},"excerpt":{"rendered":"<p>[vc_row][vc_column][vc_column_text][\/vc_column_text][\/vc_column][\/vc_row][vc_row type=&#187;vc_default&#187; css=&#187;.vc_custom_1643802036135{margin-top: 20px !important;}&#187;][vc_column][vc_column_text] Allgemeine Informationen [\/vc_column_text][\/vc_column][\/vc_row][vc_row type=&#187;vc_default&#187; css=&#187;.vc_custom_1643805119397{margin-top: 40px !important;}&#187;][vc_column][vc_accordion active_tab=&#187;false&#187; collapsible=&#187;yes&#187; title_size=&#187;normal&#187; style=&#187;2&#8243;][vc_accordion_tab title=&#187;Encephalitozoon cuniculi&#187;][vc_column_text css=&#187;.vc_custom_1643801838007{margin-top: 40px !important;}&#187;]Der Erreger Encephalitozoon cuniculi l\u00f6st die Krankheit Enzephalitozoonose (auch Torticollis, Schiefhals, Headtilt genannt) bei Kaninchen aus. Ca. 80 % der gesunden Kaninchen tragen den Erreger in sich, ohne dass Krankheitssymptome auftreten. Reife infektionsf\u00e4hige Sporen werden&hellip;<\/p>\n","protected":false},"author":1,"featured_media":0,"parent":1332781,"menu_order":7,"comment_status":"closed","ping_status":"closed","template":"","meta":{"_seopress_robots_primary_cat":"","_seopress_titles_title":"","_seopress_titles_desc":"","_seopress_robots_index":"","footnotes":""},"class_list":["post-1333151","page","type-page","status-publish","hentry","description-off"],"_links":{"self":[{"href":"https:\/\/laboklin.de\/de-ch\/wp-json\/wp\/v2\/pages\/1333151","targetHints":{"allow":["GET"]}}],"collection":[{"href":"https:\/\/laboklin.de\/de-ch\/wp-json\/wp\/v2\/pages"}],"about":[{"href":"https:\/\/laboklin.de\/de-ch\/wp-json\/wp\/v2\/types\/page"}],"author":[{"embeddable":true,"href":"https:\/\/laboklin.de\/de-ch\/wp-json\/wp\/v2\/users\/1"}],"replies":[{"embeddable":true,"href":"https:\/\/laboklin.de\/de-ch\/wp-json\/wp\/v2\/comments?post=1333151"}],"version-history":[{"count":0,"href":"https:\/\/laboklin.de\/de-ch\/wp-json\/wp\/v2\/pages\/1333151\/revisions"}],"up":[{"embeddable":true,"href":"https:\/\/laboklin.de\/de-ch\/wp-json\/wp\/v2\/pages\/1332781"}],"wp:attachment":[{"href":"https:\/\/laboklin.de\/de-ch\/wp-json\/wp\/v2\/media?parent=1333151"}],"curies":[{"name":"wp","href":"https:\/\/api.w.org\/{rel}","templated":true}]}}