{"id":1333144,"date":"2020-10-16T11:36:27","date_gmt":"2020-10-16T09:36:27","guid":{"rendered":"https:\/\/laboklin.de\/leistungen\/infektionskrankheiten-erreger-und-antikoerpernachweise\/parasiten\/demodex\/"},"modified":"2024-10-16T09:59:47","modified_gmt":"2024-10-16T07:59:47","slug":"demodex","status":"publish","type":"page","link":"https:\/\/laboklin.de\/de-ch\/leistungen\/infektionskrankheiten-erreger-und-antikoerpernachweise\/parasiten\/demodex\/","title":{"rendered":"Demodex"},"content":{"rendered":"<div class=\"wpb-content-wrapper\"><p>[vc_row][vc_column][vc_column_text]<h3>Leistungsspektrum<\/h3><div class=\"vc_tta-panels-container\"><div class=\"vc_tta-panels\"><li class=\"menu-item sub-page\"><a href=\"https:\/\/laboklin.de\/de-ch\/leistungen\/infektionskrankheiten-erreger-und-antikoerpernachweise\/parasiten\/demodex\/demodex-pcr\/\">Demodex spp. - PCR<\/a><\/li><li class=\"menu-item sub-page\"><a href=\"https:\/\/laboklin.de\/de-ch\/leistungen\/infektionskrankheiten-erreger-und-antikoerpernachweise\/parasiten\/demodex\/demodex-gatoi-katze-pcr\/\">Demodex gatoi (Katze) - PCR<\/a><\/li><\/div><\/div>[\/vc_column_text][\/vc_column][\/vc_row][vc_row][vc_column][vc_column_text css=&#187;.vc_custom_1729065584168{margin-top: 40px !important;}&#187;]Demodex spp. k\u00f6nnen auch mikroskopisch nachgewiesen werden<span style=\"color: #ff0000;\"> (L<\/span><a href=\"https:\/\/laboklin.de\/de-ch\/leistungen\/mikrobiologie-parasitologie\/parasitologie\/parasitologische-untersuchungen-haut\/ektoparasiten\/\">eistung 174 Parasitologische Untersuchung \/ Ektoparasiten<\/a>).<\/p>\n<h3><div class=\"gap\" style=\"line-height: 20px; height: 20px;\"><\/div><\/h3>\n<h3>Allgemeine Informationen<\/h3>\n<p>Demodexmilben sind streng wirtsspezifische Ektoparasiten zahlreicher S\u00e4ugetiere und des Menschen. Bei Hund und Katze sind bisher jeweils drei Arten beschrieben (Hund: vor allem Demodex (D.) canis, selten D. injai und D. cornei; Katze: in erster Linie D. cati, aber auch D. gatoi und eine unbenannte Spezies).<\/p>\n<p>Die gesamte Entwicklung der Demodexmilben findet auf dem Wirt in Haarfollikeln, Talg- und apokrinen Schwei\u00dfdr\u00fcsen statt. In der Umwelt sind sie nicht lange \u00fcberlebensf\u00e4hig. Die \u00dcbertragung erfolgt v.a. in der postpartalen Phase beim S\u00e4ugen. Demodexmilben geh\u00f6ren zur physiologischen Hautfauna, sind aber fakultativ pathogen. W\u00e4hrend eine geringe Milbenzahl bei Hunden ohne klinische Symptome h\u00e4ufig ist (Pr\u00e4valenzen bis 85 %), tritt die Demodikose seltener auf. Dennoch geh\u00f6rt sie beim Hund (v.a. Junghund) zu den h\u00e4ufigsten Dermatosen, bei Katzen hingegen ist sie sehr selten.<\/p>\n<p>Beim <b><strong>Hund<\/strong><\/b> beginnen erste L\u00e4sionen meist im Gesicht oder an den Vorderbeinen und k\u00f6nnen sich von dort ausbreiten. Die <em>lokalisierte Form<\/em> betrifft einige gut umschriebene Hautstellen und tritt vor allem bei Junghunden auf. Die Hautstellen sind oft haarlos, ggf. auch schuppig. Typisch sind auch Komedonen. Juckreiz tritt i. Allg. erst bei bakteriellen Sekund\u00e4rinfektionen auf.<\/p>\n<p>Sind mehr als vier lokale L\u00e4sionen vorhanden, eine ganze K\u00f6rperregion oder mindestens zwei Pfoten betroffen und kommt es ohne Therapie zur stetigen Verschlechterung, spricht man von einer <em>generalisierten Demodikose<\/em>. Meist liegen bakterielle Sekund\u00e4rinfektionen vor und es zeigt sich Alopezie mit follikul\u00e4ren Papeln bis hin zu Furunkulose, fokalen Ulzerationen und Fistelg\u00e4ngen. Meist besteht kein Juckreiz, teils aber starke Schmerzen. Es kann zu Fieber, Anorexie, Lethargie, Lymphadenopathie und Sepsis kommen und ohne Behandlung auch t\u00f6dlich enden. Sonderformen sind die <em>Podo<\/em>&#8211; und die <em>Oto-Demodikose<\/em>.<\/p>\n<p>Als beg\u00fcnstigende Faktoren f\u00fcr eine massenhafte Vermehrung der Milben gelten z.B. Endoparasitosen, Mangelern\u00e4hrung, Kortison-Behandlungen, Neoplasien, Hypothyreose oder Hyperadrenokortizismus. Beim Junghund gibt es eine erbliche Veranlagung (juvenile generalisierte Demodikose). Diese Hunde sollten von der Zucht ausgeschlossen werden.<\/p>\n<p>Bei der <b><strong>Katze<\/strong><\/b> tritt Demodikose v.a. beim Vorliegen systemischer Krankheiten wie Diabetes mellitus, FIV, FeLV oder Neoplasien auf und f\u00fchrt v.a. zu Alopezie und Krusten an Kopf und Nacken. Auch Juckreiz ist m\u00f6glich.<\/p>\n<p>D. gatoi ist eine eher oberfl\u00e4chlich lebenden Milbe, die im Stratum corneum (nicht in den Haarfollikeln) lebt. Sie hat einen kurzen, gedrungenen K\u00f6rper. D. gatoi gilt als prim\u00e4r pathogener Parasit mit hoher Kontagiosit\u00e4t. Im Gegensatz dazu weist D. cati die f\u00fcr Demodex-Milben charakteristische l\u00e4ngliche Morphologie auf, lebt in den Haarfollikeln und ist Teil der Hautfauna der Katze. Eine \u00dcberempfindlichkeit gegen die Milben scheint dazu zu f\u00fchren, dass schon wenige D. gatoi-Milben einen starken Juckreiz ausl\u00f6sen k\u00f6nnen (wie bei der Sarcoptes-R\u00e4ude des Hundes). Die Intensit\u00e4t des Juckreizes variiert je nach Katze, auch asymptomatische Tr\u00e4ger sind beschrieben. Die Krankheit \u00e4u\u00dfert sich durch juckende L\u00e4sionen, selbstinduzierte Alopezie, mili\u00e4re Dermatitis, Exkoriationen, Erosionen und Ulzerationen. Jede K\u00f6rperstelle kann betroffen sein, obwohl der Bauch, die Innenseiten der Oberschenkel, die Flanken und die Vorderbeine die h\u00e4ufigsten Stellen zu sein scheinen. Eine Demodikose durch D. gatoi sollte bei jeder Katze mit Juckreiz in die Differentialdiagnose einbezogen werden.[\/vc_column_text][\/vc_column][\/vc_row]<\/p>\n<\/div>","protected":false},"excerpt":{"rendered":"<p>[vc_row][vc_column][vc_column_text][\/vc_column_text][\/vc_column][\/vc_row][vc_row][vc_column][vc_column_text css=&#187;.vc_custom_1729065584168{margin-top: 40px !important;}&#187;]Demodex spp. k\u00f6nnen auch mikroskopisch nachgewiesen werden (Leistung 174 Parasitologische Untersuchung \/ Ektoparasiten). Allgemeine Informationen Demodexmilben sind streng wirtsspezifische Ektoparasiten zahlreicher S\u00e4ugetiere und des Menschen. Bei Hund und Katze sind bisher jeweils drei Arten beschrieben (Hund: vor allem Demodex (D.) canis, selten D. injai und D. cornei; Katze: in erster Linie D.&hellip;<\/p>\n","protected":false},"author":1,"featured_media":0,"parent":1332781,"menu_order":4,"comment_status":"closed","ping_status":"closed","template":"","meta":{"_seopress_robots_primary_cat":"","_seopress_titles_title":"","_seopress_titles_desc":"","_seopress_robots_index":"","footnotes":""},"class_list":["post-1333144","page","type-page","status-publish","hentry","description-off"],"_links":{"self":[{"href":"https:\/\/laboklin.de\/de-ch\/wp-json\/wp\/v2\/pages\/1333144","targetHints":{"allow":["GET"]}}],"collection":[{"href":"https:\/\/laboklin.de\/de-ch\/wp-json\/wp\/v2\/pages"}],"about":[{"href":"https:\/\/laboklin.de\/de-ch\/wp-json\/wp\/v2\/types\/page"}],"author":[{"embeddable":true,"href":"https:\/\/laboklin.de\/de-ch\/wp-json\/wp\/v2\/users\/1"}],"replies":[{"embeddable":true,"href":"https:\/\/laboklin.de\/de-ch\/wp-json\/wp\/v2\/comments?post=1333144"}],"version-history":[{"count":3,"href":"https:\/\/laboklin.de\/de-ch\/wp-json\/wp\/v2\/pages\/1333144\/revisions"}],"predecessor-version":[{"id":1489362,"href":"https:\/\/laboklin.de\/de-ch\/wp-json\/wp\/v2\/pages\/1333144\/revisions\/1489362"}],"up":[{"embeddable":true,"href":"https:\/\/laboklin.de\/de-ch\/wp-json\/wp\/v2\/pages\/1332781"}],"wp:attachment":[{"href":"https:\/\/laboklin.de\/de-ch\/wp-json\/wp\/v2\/media?parent=1333144"}],"curies":[{"name":"wp","href":"https:\/\/api.w.org\/{rel}","templated":true}]}}