{"id":1333126,"date":"2020-10-16T11:36:27","date_gmt":"2020-10-16T09:36:27","guid":{"rendered":"https:\/\/laboklin.de\/leistungen\/infektionskrankheiten-erreger-und-antikoerpernachweise\/bakterien\/yersinien\/"},"modified":"2024-05-15T12:16:44","modified_gmt":"2024-05-15T10:16:44","slug":"yersinien","status":"publish","type":"page","link":"https:\/\/laboklin.de\/de-ch\/leistungen\/infektionskrankheiten-erreger-und-antikoerpernachweise\/bakterien\/yersinien\/","title":{"rendered":"Yersinien"},"content":{"rendered":"<div class=\"wpb-content-wrapper\"><p>[vc_row][vc_column][vc_column_text]<h3>Leistungsspektrum<\/h3><div class=\"vc_tta-panels-container\"><div class=\"vc_tta-panels\"><li class=\"menu-item sub-page\"><a href=\"https:\/\/laboklin.de\/de-ch\/leistungen\/infektionskrankheiten-erreger-und-antikoerpernachweise\/bakterien\/yersinien\/yersinia-enterocolitica-pcr\/\">Yersinia enterocolitica - PCR<\/a><\/li><li class=\"menu-item sub-page\"><a href=\"https:\/\/laboklin.de\/de-ch\/leistungen\/infektionskrankheiten-erreger-und-antikoerpernachweise\/bakterien\/yersinien\/yersinien-kultur\/\">Yersinien - Kultur<\/a><\/li><li class=\"menu-item sub-page\"><a href=\"https:\/\/laboklin.de\/de-ch\/leistungen\/infektionskrankheiten-erreger-und-antikoerpernachweise\/bakterien\/yersinien\/yersinien-und-campylobacter-kultur\/\">Yersinien und Campylobacter - Kultur<\/a><\/li><\/div><\/div>\n<p>&nbsp;<\/p>\n<p>Yersinien sind ferner Bestandteil des <a href=\"https:\/\/laboklin.de\/de-ch\/leistungen\/profile\/profile-screenings-kleintiere\/kotprofile\/kotprofil-pathogene-keime\/\">Kotprofil pathogene Keime<\/a> und des <a href=\"https:\/\/laboklin.de\/de-ch\/leistungen\/profile\/profile-screenings-kleintiere\/kotprofile\/\">Kotprofils BARF<\/a>.[\/vc_column_text][\/vc_column][\/vc_row][vc_row][vc_column][vc_column_text css=&#187;.vc_custom_1715768201815{margin-top: 40px !important;}&#187;]<\/p>\n<h3>Allgemeine Informationen<\/h3>\n<p>Yersinien geh\u00f6ren zur Ordnung der Enterobacterales. Yersinia (Y.) pseudotuberculosis ist Verursacher der <strong>Pseudotuberkulose \/ Rodentiose<\/strong>, einer Infektionskrankheit, an der viele S\u00e4ugetier- und Vogelarten erkranken k\u00f6nnen. Pr\u00e4disponiert sind z. B. Nagetiere und Katzen. Katzen zeigen jedoch nur selten eine klinische Symptomatik, die dann oft unspezifisch ist. Der Erreger besitzt eine hohe Tenazit\u00e4t. Im Erdboden bleibt der Erreger \u00fcber Monate infekti\u00f6s.<\/p>\n<p>Y. enterocolitica verursacht Enterokolitiden bei Mensch und Tier. Immunpathologische Reaktionen k\u00f6nnen Arthritiden, Arthrosen und Hauterkrankungen ausl\u00f6sen. Als Erregerreservoir fungieren h\u00e4ufig Tiere, insbesondere Schweine, Schafe und Gefl\u00fcgel. Hunde erkranken selten; betroffen sind dann v. a. Welpen. Die Infektion manifestiert sich als Enteritis, in deren Folge es zu schleimigem bis blutigem Durchfall kommt. Insbesondere bei Infektionen mit Y. pseudotuberculosis k\u00f6nnen Abszesse in verschiedenen Organen auftreten. Y. pseudotuberculosis kann vor allem auch bei Wildwiederk\u00e4uern eine Rolle spielen (Wildgehege!). Y. pseudotuberculosis ist ebenso wie Y. enterocolitica <strong>Zoonoseerreger<\/strong>![\/vc_column_text][\/vc_column][\/vc_row]<\/p>\n<\/div>","protected":false},"excerpt":{"rendered":"<p>[vc_row][vc_column][vc_column_text] &nbsp; Yersinien sind ferner Bestandteil des Kotprofil pathogene Keime und des Kotprofils BARF.[\/vc_column_text][\/vc_column][\/vc_row][vc_row][vc_column][vc_column_text css=&#187;.vc_custom_1715768201815{margin-top: 40px !important;}&#187;] Allgemeine Informationen Yersinien geh\u00f6ren zur Ordnung der Enterobacterales. Yersinia (Y.) pseudotuberculosis ist Verursacher der Pseudotuberkulose \/ Rodentiose, einer Infektionskrankheit, an der viele S\u00e4ugetier- und Vogelarten erkranken k\u00f6nnen. Pr\u00e4disponiert sind z. B. Nagetiere und Katzen. Katzen zeigen jedoch nur&hellip;<\/p>\n","protected":false},"author":1,"featured_media":0,"parent":1332776,"menu_order":40,"comment_status":"closed","ping_status":"closed","template":"","meta":{"_seopress_robots_primary_cat":"","_seopress_titles_title":"","_seopress_titles_desc":"","_seopress_robots_index":"","footnotes":""},"class_list":["post-1333126","page","type-page","status-publish","hentry","description-off"],"_links":{"self":[{"href":"https:\/\/laboklin.de\/de-ch\/wp-json\/wp\/v2\/pages\/1333126","targetHints":{"allow":["GET"]}}],"collection":[{"href":"https:\/\/laboklin.de\/de-ch\/wp-json\/wp\/v2\/pages"}],"about":[{"href":"https:\/\/laboklin.de\/de-ch\/wp-json\/wp\/v2\/types\/page"}],"author":[{"embeddable":true,"href":"https:\/\/laboklin.de\/de-ch\/wp-json\/wp\/v2\/users\/1"}],"replies":[{"embeddable":true,"href":"https:\/\/laboklin.de\/de-ch\/wp-json\/wp\/v2\/comments?post=1333126"}],"version-history":[{"count":5,"href":"https:\/\/laboklin.de\/de-ch\/wp-json\/wp\/v2\/pages\/1333126\/revisions"}],"predecessor-version":[{"id":1474803,"href":"https:\/\/laboklin.de\/de-ch\/wp-json\/wp\/v2\/pages\/1333126\/revisions\/1474803"}],"up":[{"embeddable":true,"href":"https:\/\/laboklin.de\/de-ch\/wp-json\/wp\/v2\/pages\/1332776"}],"wp:attachment":[{"href":"https:\/\/laboklin.de\/de-ch\/wp-json\/wp\/v2\/media?parent=1333126"}],"curies":[{"name":"wp","href":"https:\/\/api.w.org\/{rel}","templated":true}]}}