{"id":1333116,"date":"2020-10-16T11:36:27","date_gmt":"2020-10-16T09:36:27","guid":{"rendered":"https:\/\/laboklin.de\/leistungen\/infektionskrankheiten-erreger-und-antikoerpernachweise\/bakterien\/staphylokokken\/"},"modified":"2023-03-19T23:02:11","modified_gmt":"2023-03-19T22:02:11","slug":"staphylokokken","status":"publish","type":"page","link":"https:\/\/laboklin.de\/de-ch\/leistungen\/infektionskrankheiten-erreger-und-antikoerpernachweise\/bakterien\/staphylokokken\/","title":{"rendered":"Staphylokokken"},"content":{"rendered":"<div class=\"wpb-content-wrapper\"><p>[vc_row][vc_column][vc_column_text]<h3>Leistungsspektrum<\/h3><div class=\"vc_tta-panels-container\"><div class=\"vc_tta-panels\"><li class=\"menu-item sub-page\"><a href=\"https:\/\/laboklin.de\/de-ch\/leistungen\/infektionskrankheiten-erreger-und-antikoerpernachweise\/bakterien\/staphylokokken\/staphylokokken-antikoerper\/\">Staphylokokken - Antik\u00f6rper<\/a><\/li><\/div><\/div>[\/vc_column_text][\/vc_column][\/vc_row][vc_row][vc_column][vc_column_text css=&#187;.vc_custom_1679263311199{margin-top: 30px !important;}&#187;]Der Erregernachweis von Staphylokokken erfolgt kulturell (<a href=\"https:\/\/laboklin.de\/de-ch\/leistungen\/mikrobiologie-parasitologie\/bakteriologie-mykologie\/abstriche-punktate-milch-blut\/bakteriologie-aerob\/\">Leistung 150 Bakteriologie<\/a>).<\/p>\n<h3><div class=\"gap\" style=\"line-height: 20px; height: 20px;\"><\/div><\/h3>\n<h3>Allgemeine Informationen<\/h3>\n<p>Staphylokokken sind grampositive und extrem widerstandsf\u00e4hige Bakterien. Sie kommen v.a. auf der Haut und den Schleimh\u00e4uten vor, wo sie zur physiologischen Keimflora geh\u00f6ren.<\/p>\n<p>Entz\u00fcndungen, die durch Staphylokokken hervorgerufen werden, verlaufen in der Regel lokal begrenzt. Erst beim Vorliegen einer Resistenzminderung kann es zu Septik\u00e4mien und Py\u00e4mien kommen. Bei Wiederk\u00e4uern haben Staphylokokken gro\u00dfe Bedeutung als Erreger von Mastitiden.<\/p>\n<p>Besonderes Augenmerk ist heute darauf zu richten, ob Methicillin-resistente St\u00e4mme von Staphylococcus aureus (MRSA) bzw. in der Kleintierpraxis von Staphylococcus pseudintermedius (MRSP) vorliegen. Bei wiederholten Wundheilungsproblemen bei Patienten in der Praxis, ausgel\u00f6st durch MRSA bzw. MRSP, sollten evtl. auch die Mitarbeiter der Praxis \u00fcberpr\u00fcft werden, ob sie diese Keimvariante auf ihrer Nasenschleimhaut tragen.<\/p>\n<p>Der Nachweis kann durch eine kulturelle Untersuchung aus Variaproben, z.B. Tupfer von Pusteln, Schleimhautabstrichen und anderen K\u00f6rperse- und -exkreten erfolgen.[\/vc_column_text][\/vc_column][\/vc_row]<\/p>\n<\/div>","protected":false},"excerpt":{"rendered":"<p>[vc_row][vc_column][vc_column_text][\/vc_column_text][\/vc_column][\/vc_row][vc_row][vc_column][vc_column_text css=&#187;.vc_custom_1679263311199{margin-top: 30px !important;}&#187;]Der Erregernachweis von Staphylokokken erfolgt kulturell (Leistung 150 Bakteriologie). Allgemeine Informationen Staphylokokken sind grampositive und extrem widerstandsf\u00e4hige Bakterien. Sie kommen v.a. auf der Haut und den Schleimh\u00e4uten vor, wo sie zur physiologischen Keimflora geh\u00f6ren. Entz\u00fcndungen, die durch Staphylokokken hervorgerufen werden, verlaufen in der Regel lokal begrenzt. Erst beim Vorliegen einer Resistenzminderung kann&hellip;<\/p>\n","protected":false},"author":1,"featured_media":0,"parent":1332776,"menu_order":36,"comment_status":"closed","ping_status":"closed","template":"","meta":{"_seopress_robots_primary_cat":"","_seopress_titles_title":"","_seopress_titles_desc":"","_seopress_robots_index":"","footnotes":""},"class_list":["post-1333116","page","type-page","status-publish","hentry","description-off"],"_links":{"self":[{"href":"https:\/\/laboklin.de\/de-ch\/wp-json\/wp\/v2\/pages\/1333116","targetHints":{"allow":["GET"]}}],"collection":[{"href":"https:\/\/laboklin.de\/de-ch\/wp-json\/wp\/v2\/pages"}],"about":[{"href":"https:\/\/laboklin.de\/de-ch\/wp-json\/wp\/v2\/types\/page"}],"author":[{"embeddable":true,"href":"https:\/\/laboklin.de\/de-ch\/wp-json\/wp\/v2\/users\/1"}],"replies":[{"embeddable":true,"href":"https:\/\/laboklin.de\/de-ch\/wp-json\/wp\/v2\/comments?post=1333116"}],"version-history":[{"count":2,"href":"https:\/\/laboklin.de\/de-ch\/wp-json\/wp\/v2\/pages\/1333116\/revisions"}],"predecessor-version":[{"id":1428035,"href":"https:\/\/laboklin.de\/de-ch\/wp-json\/wp\/v2\/pages\/1333116\/revisions\/1428035"}],"up":[{"embeddable":true,"href":"https:\/\/laboklin.de\/de-ch\/wp-json\/wp\/v2\/pages\/1332776"}],"wp:attachment":[{"href":"https:\/\/laboklin.de\/de-ch\/wp-json\/wp\/v2\/media?parent=1333116"}],"curies":[{"name":"wp","href":"https:\/\/api.w.org\/{rel}","templated":true}]}}