{"id":1333109,"date":"2020-10-16T11:36:27","date_gmt":"2020-10-16T09:36:27","guid":{"rendered":"https:\/\/laboklin.de\/leistungen\/infektionskrankheiten-erreger-und-antikoerpernachweise\/bakterien\/rhodococcus-hoagii-r-equi\/"},"modified":"2025-11-21T13:27:17","modified_gmt":"2025-11-21T12:27:17","slug":"rhodococcus-equi-r-hoagii","status":"publish","type":"page","link":"https:\/\/laboklin.de\/de-ch\/leistungen\/infektionskrankheiten-erreger-und-antikoerpernachweise\/bakterien\/rhodococcus-equi-r-hoagii\/","title":{"rendered":"Rhodococcus equi (= R. hoagii)"},"content":{"rendered":"<div class=\"wpb-content-wrapper\"><p>[vc_row][vc_column][vc_column_text]<h3>Leistungsspektrum<\/h3><div class=\"vc_tta-panels-container\"><div class=\"vc_tta-panels\"><li class=\"menu-item sub-page\"><a href=\"https:\/\/laboklin.de\/de-ch\/leistungen\/infektionskrankheiten-erreger-und-antikoerpernachweise\/bakterien\/rhodococcus-equi-r-hoagii\/rhodococcus-equi-pcr\/\">Rhodococcus equi (R. hoagii) - PCR<\/a><\/li><\/div><\/div>[\/vc_column_text][\/vc_column][\/vc_row][vc_row][vc_column][vc_column_text css=&#187;.vc_custom_1762959132186{margin-top: 30px !important;}&#187;]Rhodococcus equi (Rhodococcus hoagii) kann auch kulturell nachgewiesen werden (<a href=\"https:\/\/laboklin.de\/de-ch\/leistungen\/mikrobiologie-parasitologie\/bakteriologie-mykologie\/abstriche-punktate-milch-blut\/bakteriologie-aerob\/\">Leistung 150 Bakteriologie<\/a>). Als Material eignen sich Tupfer mit Medium (Nase, Nabel) oder BAL oder TSP (bevorzugt) oder Faeces<\/p>\n<h3><div class=\"gap\" style=\"line-height: 20px; height: 20px;\"><\/div><\/h3>\n<h3>Allgemeine Informationen<\/h3>\n<p>Rhodococcus equi ist ein fakultativ pathogener Keim, der im Boden und im Kot von Pferden vorkommt. R. equi ist der h\u00e4ufigste Erreger schwerer Pneumonien mit hohen Letalit\u00e4tsraten bei Fohlen im Alter von 3 Wochen bis 6 Monaten. Eintrittspforte und Pr\u00e4dilektionsstelle ist die Lunge (Abszessbildungen!), von wo aus auch eine h\u00e4matogene Streuung in andere Organe und durch Abschlucken eine Absiedelung in den Magen-Darm-Trakt (Ulzera, Diarrh\u00f6en, Infektionsquelle!) m\u00f6glich sind. Auch Nabelinfektionen kommen vor. Dar\u00fcber hinaus weist R. equi eine Affinit\u00e4t zu Knochen und Gelenken auf.[\/vc_column_text][\/vc_column][\/vc_row]<\/p>\n<\/div>","protected":false},"excerpt":{"rendered":"<p>Rhodococcus equi verursacht bei Fohlen schwere Lungeninfektionen. Erfahre mehr \u00fcber Nachweis, \u00dcbertragung und Vorsorge beim Pferd.<\/p>\n","protected":false},"author":1,"featured_media":0,"parent":1332776,"menu_order":33,"comment_status":"closed","ping_status":"closed","template":"","meta":{"_seopress_robots_primary_cat":"","_seopress_titles_title":"","_seopress_titles_desc":"Rhodococcus equi verursacht bei Fohlen schwere Lungeninfektionen. Erfahre mehr \u00fcber Nachweis, \u00dcbertragung und Vorsorge beim Pferd.","_seopress_robots_index":"","footnotes":""},"class_list":["post-1333109","page","type-page","status-publish","hentry","description-off"],"_links":{"self":[{"href":"https:\/\/laboklin.de\/de-ch\/wp-json\/wp\/v2\/pages\/1333109","targetHints":{"allow":["GET"]}}],"collection":[{"href":"https:\/\/laboklin.de\/de-ch\/wp-json\/wp\/v2\/pages"}],"about":[{"href":"https:\/\/laboklin.de\/de-ch\/wp-json\/wp\/v2\/types\/page"}],"author":[{"embeddable":true,"href":"https:\/\/laboklin.de\/de-ch\/wp-json\/wp\/v2\/users\/1"}],"replies":[{"embeddable":true,"href":"https:\/\/laboklin.de\/de-ch\/wp-json\/wp\/v2\/comments?post=1333109"}],"version-history":[{"count":4,"href":"https:\/\/laboklin.de\/de-ch\/wp-json\/wp\/v2\/pages\/1333109\/revisions"}],"predecessor-version":[{"id":1574070,"href":"https:\/\/laboklin.de\/de-ch\/wp-json\/wp\/v2\/pages\/1333109\/revisions\/1574070"}],"up":[{"embeddable":true,"href":"https:\/\/laboklin.de\/de-ch\/wp-json\/wp\/v2\/pages\/1332776"}],"wp:attachment":[{"href":"https:\/\/laboklin.de\/de-ch\/wp-json\/wp\/v2\/media?parent=1333109"}],"curies":[{"name":"wp","href":"https:\/\/api.w.org\/{rel}","templated":true}]}}