{"id":1333085,"date":"2020-10-16T11:36:27","date_gmt":"2020-10-16T09:36:27","guid":{"rendered":"https:\/\/laboklin.de\/leistungen\/infektionskrankheiten-erreger-und-antikoerpernachweise\/bakterien\/leptospiren\/"},"modified":"2025-04-29T09:55:16","modified_gmt":"2025-04-29T07:55:16","slug":"leptospiren","status":"publish","type":"page","link":"https:\/\/laboklin.de\/de-ch\/leistungen\/infektionskrankheiten-erreger-und-antikoerpernachweise\/bakterien\/leptospiren\/","title":{"rendered":"Leptospiren"},"content":{"rendered":"<div class=\"wpb-content-wrapper\"><p>[vc_row][vc_column][vc_column_text]<h3>Leistungsspektrum<\/h3><div class=\"vc_tta-panels-container\"><div class=\"vc_tta-panels\"><li class=\"menu-item sub-page\"><a href=\"https:\/\/laboklin.de\/de-ch\/leistungen\/infektionskrankheiten-erreger-und-antikoerpernachweise\/bakterien\/leptospiren\/leptospiren-antikoerper\/\">Leptospiren - Antik\u00f6rper<\/a><\/li><li class=\"menu-item sub-page\"><a href=\"https:\/\/laboklin.de\/de-ch\/leistungen\/infektionskrankheiten-erreger-und-antikoerpernachweise\/bakterien\/leptospiren\/leptospiren-pcr\/\">Leptospiren - PCR<\/a><\/li><\/div><\/div>[\/vc_column_text][\/vc_column][\/vc_row][vc_row][vc_column][vc_column_text css=&#187;.vc_custom_1664533318369{margin-top: 30px !important;margin-bottom: 30px !important;}&#187;]<\/p>\n<h3>Allgemeine Informationen<\/h3>\n<p>Leptospiren sind gramnegative Bakterien und Zoonoseerreger, die zur Gruppe der Spiroch\u00e4ten geh\u00f6ren. Es handelt sich dabei um sehr d\u00fcnne, flexible, schraubenf\u00f6rmige Bakterien mit hakenf\u00f6rmigem Ende. Leptospiren sind durch Drehungen aktiv beweglich. Innerhalb der Gattung Leptospira interrogans sensu lato werden verschiedene pathogene und saprophytische Arten unterschieden, die nicht morphologisch, sondern nur serologisch oder genetisch zu differenzieren sind. Seit 1989 wurden \u00fcber 250 Serovare beschrieben, die zurzeit in 24 Serogruppen eingeordnet werden.<\/p>\n<p>Die Erreger\u00fcbertragung erfolgt direkt \u00fcber Harn oder Blut von infizierten Tieren oder in\u00addirekt \u00fcber unbelebte Vektoren wie z. B. kontaminiertes Wasser, Futter und Schlafpl\u00e4tze oder lebende Vektoren wie Nagetiere. Leptospiren \u00fcberleben am besten in feuchter Umgebung bei Temperaturen von 0 &#8211; 25 \u00b0C.[\/vc_column_text][\/vc_column][\/vc_row][vc_row][vc_column][vc_accordion active_tab=&#187;false&#187; collapsible=&#187;yes&#187; title_size=&#187;normal&#187; style=&#187;2&#8243;][vc_accordion_tab title=&#187;Hund&#187;][vc_column_text css=&#187;&#187;]<\/p>\n<p class=\"bodytext\">Klinisch \u00e4u\u00dfert sich eine Leptospirose beim Hund zun\u00e4chst durch Anorexie, Erbrechen, Dehydratation und Fieber. Sp\u00e4ter sind die Tiere apathisch und zeigen h\u00e4ufig eine erschwerte Atmung. Die Schleimh\u00e4ute sind ikterisch, es tritt An\u00e4mie mit H\u00e4moglobinurie und als Komplikation in manchen F\u00e4llen eine disseminierte intravasale Koagulopathie (DIC) auf. Toxische Zerfallsprodukte f\u00fchren zu einer h\u00e4morrhagischen Diathese und Nekrosen. Als Folge kommt es dann h\u00e4ufig zu einer akuten Nephritis mit Azot\u00e4mie. In einigen F\u00e4llen tritt zudem eine oft hochakut verlaufende Hepatitis auf. Leptospiren sind fetotrop.<\/p>\n<p class=\"bodytext\">In den letzten Jahren kommt es nach eigenen Untersuchungen zu einer Verschiebung der Serotypen. Untersuchte Serovare beim Hund sind L. Bratislava, L. Australis, L. Autumnalis, L. Icterohaemorrhagiae, L. Pomona, L. Canicola, L. Saxkoebing, L. Grippotyphosa, L. Copenhageni und L. Sejroe.<\/p>\n<p>[\/vc_column_text][\/vc_accordion_tab][vc_accordion_tab title=&#187;Katze&#187;][vc_column_text]<\/p>\n<p class=\"bodytext\">Katzen scheinen eine nat\u00fcrliche Resistenz aufzuweisen. Doch h\u00e4ufen sich auch hier die F\u00e4lle mit klinischer Beteiligung. Die vorherrschenden Serovare sind L. Grippotyphosa und L. Bratislava, gefolgt von L. Icterohaemorrhagiae, L. Sejroe, L. Autumnalis, L. Australis und L. Javanica.<\/p>\n<p>[\/vc_column_text][\/vc_accordion_tab][vc_accordion_tab title=&#187;Reptilien&#187;][vc_column_text]Bei Reptilien k\u00f6nnen relativ h\u00e4ufig Leptospiren-Antik\u00f6rper nachgewiesen werden.<\/p>\n<p>[\/vc_column_text][\/vc_accordion_tab][vc_accordion_tab title=&#187;Pferd&#187;][vc_column_text css=&#187;&#187;]Die \u00fcber den Urin von Nagern verbreiteten Leptospireninfektionen des Pferdes verlaufen meist klinisch inapparent. Die Seropr\u00e4valenz unter den gesunden Pferden ist daher hoch (bis zu ca. 75 %). Der Erreger wird \u00fcber Futter oder Wasser aufgenommen und f\u00fchrt bei Pferden zu eher unspezifischen Symptomen wie Fieber (oft intermittierend), Ikterus, Inappetenz und Leistungsminderung. Es wurden auch Aborte beschrieben. Eine Erreger\u00fcbertragung von Pferd zu Pferd kommt praktisch nicht vor.<\/p>\n<p>Equine rezidivierende Uveitis (ERU) \u2013 Die Beteiligung einer intraokul\u00e4r persistierenden Leptospireninfektion an der \u00c4tiologie der ERU gilt als wahrscheinlich. Sich daraus ergebende Autoimmunreaktionen f\u00fchren zu fortschreitender Sch\u00e4digung innerer Strukturen des Auges bis hin zur Erblindung.<\/p>\n<p>Antik\u00f6rpernachweis (= sensitivster Nachweis) oder aber Erregernachweis mittels PCR ist aus Kammerwasser oder Glask\u00f6rpermaterial m\u00f6glich.[\/vc_column_text][\/vc_accordion_tab][vc_accordion_tab title=&#187;Wiederk\u00e4uer&#187;][vc_column_text css=&#187;&#187;]<\/p>\n<p style=\"font-weight: 300;\">Die Leptospirose der Wiederk\u00e4uer kann zu wirtschaftlichen Verlusten f\u00fchren und ist beim <strong>Schaf<\/strong> eine <strong>meldepflichtige Tierkrankheit <\/strong>in Deutschland. Es infizieren sich \u00fcberwiegend Rinder in extensiver Weidehaltung. Beim Rind dominieren Fieber, Anorexie, ikterische Schleimh\u00e4ute, An\u00e4mie mit H\u00e4moglobinurie und Leistungsabfall. Es k\u00f6nnen auch Durchfall und Mastitiden auftreten. Bei Rindern und kleinen Wiederk\u00e4uern k\u00f6nnen Aborte und Fruchtbarkeitsst\u00f6rungen durch Leptospiren verursacht werden.<\/p>\n<p style=\"font-weight: 300;\">Vorherrschende Serovare in unseren eigenen Untersuchungen sind hierbei L. Icterohaemorrhagiae, Saxkoebing und Bratislava. Der neu aufgetretene Serotyp L. Hardjo wurde in keiner der von uns untersuchten Proben nachgewiesen.<\/p>\n<p>[\/vc_column_text][\/vc_accordion_tab][vc_accordion_tab title=&#187;Schwein&#187;][vc_column_text css=&#187;&#187;]Gravide Schweine sind besonders anf\u00e4llig f\u00fcr Leptospiren. Hauptsymptome sind die Geburt lebensschwacher Ferkel oder Aborte. Abortierte W\u00fcrfe weisen meist unterschiedliche Gr\u00f6\u00dfen und Zersetzungsgrade der Feten auf, da protrahierte Verlaufsformen vorherrschen.<\/p>\n<p>Beim Schwein testen wir im Antik\u00f6rpernachweis f\u00fcr diese Tierspezies spezifische Serovare: L. Canicola, L. Grippotyphosa, L. Saxk\u00f6bing, L. Bratislava, L. Sejroe, L. Pomona, L. Copenhageni und L. Tarrasovi.<\/p>\n<p>Beim Schwein besteht <b><strong>Meldepflicht <\/strong><\/b>in Deutschland.[\/vc_column_text][\/vc_accordion_tab][\/vc_accordion][\/vc_column][\/vc_row]<\/p>\n<\/div>","protected":false},"excerpt":{"rendered":"<p>[vc_row][vc_column][vc_column_text][\/vc_column_text][\/vc_column][\/vc_row][vc_row][vc_column][vc_column_text css=&#187;.vc_custom_1664533318369{margin-top: 30px !important;margin-bottom: 30px !important;}&#187;] Allgemeine Informationen Leptospiren sind gramnegative Bakterien und Zoonoseerreger, die zur Gruppe der Spiroch\u00e4ten geh\u00f6ren. Es handelt sich dabei um sehr d\u00fcnne, flexible, schraubenf\u00f6rmige Bakterien mit hakenf\u00f6rmigem Ende. Leptospiren sind durch Drehungen aktiv beweglich. Innerhalb der Gattung Leptospira interrogans sensu lato werden verschiedene pathogene und saprophytische Arten unterschieden, die nicht&hellip;<\/p>\n","protected":false},"author":1,"featured_media":0,"parent":1332776,"menu_order":23,"comment_status":"closed","ping_status":"closed","template":"","meta":{"_seopress_robots_primary_cat":"","_seopress_titles_title":"","_seopress_titles_desc":"","_seopress_robots_index":"","footnotes":""},"class_list":["post-1333085","page","type-page","status-publish","hentry","description-off"],"_links":{"self":[{"href":"https:\/\/laboklin.de\/de-ch\/wp-json\/wp\/v2\/pages\/1333085","targetHints":{"allow":["GET"]}}],"collection":[{"href":"https:\/\/laboklin.de\/de-ch\/wp-json\/wp\/v2\/pages"}],"about":[{"href":"https:\/\/laboklin.de\/de-ch\/wp-json\/wp\/v2\/types\/page"}],"author":[{"embeddable":true,"href":"https:\/\/laboklin.de\/de-ch\/wp-json\/wp\/v2\/users\/1"}],"replies":[{"embeddable":true,"href":"https:\/\/laboklin.de\/de-ch\/wp-json\/wp\/v2\/comments?post=1333085"}],"version-history":[{"count":6,"href":"https:\/\/laboklin.de\/de-ch\/wp-json\/wp\/v2\/pages\/1333085\/revisions"}],"predecessor-version":[{"id":1522650,"href":"https:\/\/laboklin.de\/de-ch\/wp-json\/wp\/v2\/pages\/1333085\/revisions\/1522650"}],"up":[{"embeddable":true,"href":"https:\/\/laboklin.de\/de-ch\/wp-json\/wp\/v2\/pages\/1332776"}],"wp:attachment":[{"href":"https:\/\/laboklin.de\/de-ch\/wp-json\/wp\/v2\/media?parent=1333085"}],"curies":[{"name":"wp","href":"https:\/\/api.w.org\/{rel}","templated":true}]}}