{"id":1333070,"date":"2020-10-16T11:36:27","date_gmt":"2020-10-16T09:36:27","guid":{"rendered":"https:\/\/laboklin.de\/leistungen\/infektionskrankheiten-erreger-und-antikoerpernachweise\/bakterien\/ehrlichien\/"},"modified":"2023-01-31T16:46:28","modified_gmt":"2023-01-31T15:46:28","slug":"ehrlichien","status":"publish","type":"page","link":"https:\/\/laboklin.de\/de-ch\/leistungen\/infektionskrankheiten-erreger-und-antikoerpernachweise\/bakterien\/ehrlichien\/","title":{"rendered":"Ehrlichien"},"content":{"rendered":"<div class=\"wpb-content-wrapper\"><p>[vc_row][vc_column][vc_column_text]<h3>Leistungsspektrum<\/h3><div class=\"vc_tta-panels-container\"><div class=\"vc_tta-panels\"><li class=\"menu-item sub-page\"><a href=\"https:\/\/laboklin.de\/de-ch\/leistungen\/infektionskrankheiten-erreger-und-antikoerpernachweise\/bakterien\/ehrlichien\/ehrlichia-canis-antikoerper\/\">Ehrlichia canis - Antik\u00f6rper<\/a><\/li><li class=\"menu-item sub-page\"><a href=\"https:\/\/laboklin.de\/de-ch\/leistungen\/infektionskrankheiten-erreger-und-antikoerpernachweise\/bakterien\/ehrlichien\/ehrlichia-canis-pcr\/\">Ehrlichia canis - PCR<\/a><\/li><\/div><\/div>[\/vc_column_text][\/vc_column][\/vc_row][vc_row][vc_column][vc_column_text css=&#187;.vc_custom_1663937902421{margin-top: 30px !important;}&#187;]<\/p>\n<h3>Allgemeine Informationen<\/h3>\n<p>Infektionen mit Ehrlichien treten weltweit auf. Ehrlichien sind gramnegative, obligat intrazellul\u00e4re Bakterien, geh\u00f6ren zur Ordnung Rickettsiales und werden durch Zecken \u00fcbertragen. Je nach Region unterscheiden sich die Zeckenarten und somit auch die <b><strong>Ehrlichien<\/strong><\/b>-Spezies. W\u00e4hrend in den Mittelmeerl\u00e4ndern und tropischen sowie w\u00e4rmeren Gebieten eher Rhipicephalus sanguineus, der Haupt\u00fcbertr\u00e4ger von E. canis, zu finden ist, findet sich im mittel- und nordeurop\u00e4ischen Raum Ixodes ricinus. Nach Deutschland verschleppte R. sanguineus k\u00f6nnen allerdings in beheizten R\u00e4umen \u00fcberleben. Die Infektion mit Ehrlichia canis stellt eher noch eine &#171;klassische&#187; Reisekrankheit dar oder kommt prim\u00e4r bei Importtieren vor.<\/p>\n<p>Bei einer Infektion mit E. canis kommt es zur Infektion der Monozyten und somit zur <b><strong>caninen monozyt\u00e4ren Ehrlichiose (<\/strong><\/b><b><strong>CME)<\/strong><\/b>. Die Inkubationszeit betr\u00e4gt etwa 8 &#8211; 20 Tage, die dann in eine akute Phase von 2 &#8211; 4 Wochen \u00fcbergeht. Klinische Symptome sind meist unspezifisch: Fieber, Anorexie, Dyspnoe, An\u00e4mie, Lymphadenopathie. In seltenen F\u00e4llen treten ZNS-St\u00f6rungen auf. In den ersten 10 &#8211; 20 Tagen sieht man Thrombozytopenie, wobei es aber eher selten zu spontanen Blutungen kommt. Danach kommt es unbehandelt zu einem monate- bis jahrelangen subklinschen Stadium oder zu chronischen Infektionen, die h\u00e4ufig mit Hypergammaglobulin\u00e4mien einhergehen. E. canis kann auch Katzen infizieren![\/vc_column_text][\/vc_column][\/vc_row]<\/p>\n<\/div>","protected":false},"excerpt":{"rendered":"<p>[vc_row][vc_column][vc_column_text][\/vc_column_text][\/vc_column][\/vc_row][vc_row][vc_column][vc_column_text css=&#187;.vc_custom_1663937902421{margin-top: 30px !important;}&#187;] Allgemeine Informationen Infektionen mit Ehrlichien treten weltweit auf. Ehrlichien sind gramnegative, obligat intrazellul\u00e4re Bakterien, geh\u00f6ren zur Ordnung Rickettsiales und werden durch Zecken \u00fcbertragen. Je nach Region unterscheiden sich die Zeckenarten und somit auch die Ehrlichien-Spezies. W\u00e4hrend in den Mittelmeerl\u00e4ndern und tropischen sowie w\u00e4rmeren Gebieten eher Rhipicephalus sanguineus, der Haupt\u00fcbertr\u00e4ger von E.&hellip;<\/p>\n","protected":false},"author":1,"featured_media":0,"parent":1332776,"menu_order":17,"comment_status":"closed","ping_status":"closed","template":"","meta":{"_seopress_robots_primary_cat":"","_seopress_titles_title":"","_seopress_titles_desc":"","_seopress_robots_index":"","footnotes":""},"class_list":["post-1333070","page","type-page","status-publish","hentry","description-off"],"_links":{"self":[{"href":"https:\/\/laboklin.de\/de-ch\/wp-json\/wp\/v2\/pages\/1333070","targetHints":{"allow":["GET"]}}],"collection":[{"href":"https:\/\/laboklin.de\/de-ch\/wp-json\/wp\/v2\/pages"}],"about":[{"href":"https:\/\/laboklin.de\/de-ch\/wp-json\/wp\/v2\/types\/page"}],"author":[{"embeddable":true,"href":"https:\/\/laboklin.de\/de-ch\/wp-json\/wp\/v2\/users\/1"}],"replies":[{"embeddable":true,"href":"https:\/\/laboklin.de\/de-ch\/wp-json\/wp\/v2\/comments?post=1333070"}],"version-history":[{"count":1,"href":"https:\/\/laboklin.de\/de-ch\/wp-json\/wp\/v2\/pages\/1333070\/revisions"}],"predecessor-version":[{"id":1333071,"href":"https:\/\/laboklin.de\/de-ch\/wp-json\/wp\/v2\/pages\/1333070\/revisions\/1333071"}],"up":[{"embeddable":true,"href":"https:\/\/laboklin.de\/de-ch\/wp-json\/wp\/v2\/pages\/1332776"}],"wp:attachment":[{"href":"https:\/\/laboklin.de\/de-ch\/wp-json\/wp\/v2\/media?parent=1333070"}],"curies":[{"name":"wp","href":"https:\/\/api.w.org\/{rel}","templated":true}]}}