{"id":1333034,"date":"2020-10-16T11:36:27","date_gmt":"2020-10-16T09:36:27","guid":{"rendered":"https:\/\/laboklin.de\/leistungen\/infektionskrankheiten-erreger-und-antikoerpernachweise\/bakterien\/anaplasmen\/"},"modified":"2024-09-23T11:57:53","modified_gmt":"2024-09-23T09:57:53","slug":"anaplasmen","status":"publish","type":"page","link":"https:\/\/laboklin.de\/de-ch\/leistungen\/infektionskrankheiten-erreger-und-antikoerpernachweise\/bakterien\/anaplasmen\/","title":{"rendered":"Anaplasmen"},"content":{"rendered":"<div class=\"wpb-content-wrapper\"><p>[vc_row][vc_column][vc_column_text]<h3>Leistungsspektrum<\/h3><div class=\"vc_tta-panels-container\"><div class=\"vc_tta-panels\"><li class=\"menu-item sub-page\"><a href=\"https:\/\/laboklin.de\/de-ch\/leistungen\/infektionskrankheiten-erreger-und-antikoerpernachweise\/bakterien\/anaplasmen\/anaplasma-ovis-mycoplasma-ovis-pcr\/\">Anaplasma ovis\/Mycoplasma ovis - PCR<\/a><\/li><li class=\"menu-item sub-page\"><a href=\"https:\/\/laboklin.de\/de-ch\/leistungen\/infektionskrankheiten-erreger-und-antikoerpernachweise\/bakterien\/anaplasmen\/anaplasma-phagocytophilum-antikoerper\/\">Anaplasma phagocytophilum - Antik\u00f6rper <\/a><\/li><li class=\"menu-item sub-page\"><a href=\"https:\/\/laboklin.de\/de-ch\/leistungen\/infektionskrankheiten-erreger-und-antikoerpernachweise\/bakterien\/anaplasmen\/anaplasma-phagocytophilum-pcr\/\">Anaplasma phagocytophilum - PCR<\/a><\/li><li class=\"menu-item sub-page\"><a href=\"https:\/\/laboklin.de\/de-ch\/leistungen\/infektionskrankheiten-erreger-und-antikoerpernachweise\/bakterien\/anaplasmen\/anaplasma-platys-pcr\/\">Anaplasma platys - PCR<\/a><\/li><\/div><\/div>[\/vc_column_text][\/vc_column][\/vc_row][vc_row][vc_column][vc_column_text css=&#187;.vc_custom_1612167060007{margin-top: 30px !important;margin-bottom: 30px !important;}&#187;]<\/p>\n<h3>Allgemeine Informationen<\/h3>\n<p>Aufgrund von Genanalysen wurden die fr\u00fcheren Spezies Ehrlichia phagocytophila, Ehrlichia equi und der Erreger der humanen granulozyt\u00e4ren Ehrlichiose (HGE) zur neuen Spezies Anaplasma phagocytophilum zusammengefasst. Zudem spielt auch in Europa die Infektion mit Anaplasma platys, dem Erreger der infekti\u00f6sen caninen zyklischen Thrombozytopenie, eine zunehmende Rolle.[\/vc_column_text][\/vc_column][\/vc_row][vc_row][vc_column][vc_accordion active_tab=&#187;false&#187; title_size=&#187;normal&#187; style=&#187;2&#8243;][vc_accordion_tab title=&#187;Anaplasma phagocytophilum&#187;][vc_column_text]Anaplasma phagocytophilum ist ein gramnegatives, obligat intrazellul\u00e4res Bakterium, das v.a. neutrophile Granulozyten infiziert und und in diesen bei seiner Vermehrung typische Einschlussk\u00f6rperchen, die sogenannten Morulae, bildet. Der h\u00e4ufigste Vektor in Europa ist Ixodes ricinus. Reservoirwirte sind Reh, Maus und andere Nager.<\/p>\n<p>Die klinischen Symptome \u00e4hneln denen der Ehrlichiose, doch sind hier vermehrt Thrombozytopenien u.a. durch die Bildung von Anti-Thrombozyten-Antik\u00f6rpern zu beobachten. Die Infektion mit Anaplasmen kann asymptomatisch verlaufen, unspezifische Symptome (Fieber, Inappetenz, Apathie) bzw. schwerwiegende Symptome (ZNS-St\u00f6rungen) hervorrufen. H\u00e4ufig werden orthop\u00e4dische Probleme (Myositiden, Gelenkschwellungen, Lahmheiten) in Zusammenhang mit einer Anaplasmeninfektion beim <strong>Hund<\/strong> beschrieben.<\/p>\n<p>Beim <strong>Pferd<\/strong> dominieren initial Fieber, Apathie, Gliedma\u00dfen\u00f6deme und Bewegungsunlust. Pferde \u00fcber 4 Jahren zeigen deutlichere Symptome als j\u00fcngere Tiere. Nach der Infektion besteht f\u00fcr ca. 2 Jahre eine belastbare Immunit\u00e4t.<\/p>\n<p>Beim <strong>Wiederk\u00e4uer<\/strong> kann Anaplasma phagocytophilum das <strong>Zeckenbissfieber<\/strong> ausl\u00f6sen. Die meisten Infektionen verlaufen subklinisch, es kann aber auch zu Fieber und Leistungsr\u00fcckgang oder Aborten kommen. Schwere Verl\u00e4ufe treten auf, wenn nicht immune Tiere in endemisch verseuchte Gebiete verbracht werden.[\/vc_column_text][\/vc_accordion_tab][vc_accordion_tab title=&#187;Anaplasma platys&#187;][vc_column_text]Anaplasma platys (ehemals Ehrlichia platys) ist ein obligat intrazellul\u00e4res gramnegatives Bakterium bei Hunden, das sich in Thrombozyten vermehrt und zu einer zyklischen Thrombozytopenie und Bakteri\u00e4mie in Intervallen von etwa 14 Tagen f\u00fchrt. Die Erkrankung wird als infekti\u00f6se canine zyklische Thrombozytopenie bezeichnet. Erste Beschreibungen dieser Anaplasmen-Art stammen aus \u00dcbersee, allerdings ist der Erreger auch im s\u00fcdlichen Mittelmeerraum (Nordafrika, S\u00fcden Portugals, Andalusien, Sizilien, S\u00fcd-Italien, S\u00fcden Griechenlands) nachweisbar. Die \u00dcbertragung erfolgt durch Zecken (Rhipicephalus sanguineus). Nach Erstinfektion kommt es innerhalb von 7 Tagen zu einer Abnahme der Thrombozytenzahl, die niedrigsten Werte werden zwischen 14 und 24 Tagen p.i. erreicht.<\/p>\n<p>Basophile Einschl\u00fcsse (Morulae) in den Thrombozyten k\u00f6nnen v.a. 7 &#8211; 10 Tage p.i. nachgewiesen werden. Die Phase der Bakteri\u00e4mie erstreckt sich in etwa \u00fcber den Zeitraum von 4 &#8211; 14 Tage p.i., darauf folgt eine Phase, in der der Erreger nicht im peripheren Blut nachweisbar ist. Diese Phasen wechseln sich anschlie\u00dfend zyklisch in Abh\u00e4ngigkeit von der Thrombozytenzahl ab. In der Bakteri\u00e4mie-Phase kann man den Erreger mittels PCR in Blutproben nachweisen.[\/vc_column_text][\/vc_accordion_tab][vc_accordion_tab title=&#187;Anaplasma ovis&#187;][vc_column_text css=&#187;&#187;]Anaplasma ovis ist ein h\u00e4matogenes Bakterium bei<strong> kleinen Wiederk\u00e4uern<\/strong>.<\/p>\n<p>Anaplasma ovis ist ein gramnegatives, obligat intrazellul\u00e4res, kokkoides oder pleomorphes Bakterium aus der Klasse der Rickettsiales, welches Erythrozyten infiziert. Morphologisch ist es nicht von der nahe verwandten Anaplasma marginale zu unterscheiden.<\/p>\n<p>Eine Infektion mit Anaplasma ovis z\u00e4hlt zu den \u201evector-borne diseases\u201c, der Erreger wird vermutlich \u00fcber Zecken der Gattung Dermacentor, Rhipicephalus und Hyalomma \u00fcbertragen. Klinisch zeigt sich eine An\u00e4mie, Anorexie und Gewichtsverlust.<\/p>\n<p>Die beiden PCR-Nachweise Anaplasma ovis und Mycoplasma ovis sind nur in Kombination erh\u00e4ltlich.[\/vc_column_text][\/vc_accordion_tab][\/vc_accordion][\/vc_column][\/vc_row]<\/p>\n<\/div>","protected":false},"excerpt":{"rendered":"<p>[vc_row][vc_column][vc_column_text][\/vc_column_text][\/vc_column][\/vc_row][vc_row][vc_column][vc_column_text css=&#187;.vc_custom_1612167060007{margin-top: 30px !important;margin-bottom: 30px !important;}&#187;] Allgemeine Informationen Aufgrund von Genanalysen wurden die fr\u00fcheren Spezies Ehrlichia phagocytophila, Ehrlichia equi und der Erreger der humanen granulozyt\u00e4ren Ehrlichiose (HGE) zur neuen Spezies Anaplasma phagocytophilum zusammengefasst. Zudem spielt auch in Europa die Infektion mit Anaplasma platys, dem Erreger der infekti\u00f6sen caninen zyklischen Thrombozytopenie, eine zunehmende Rolle.[\/vc_column_text][\/vc_column][\/vc_row][vc_row][vc_column][vc_accordion active_tab=&#187;false&#187; title_size=&#187;normal&#187;&hellip;<\/p>\n","protected":false},"author":1,"featured_media":0,"parent":1332776,"menu_order":2,"comment_status":"closed","ping_status":"closed","template":"","meta":{"_seopress_robots_primary_cat":"","_seopress_titles_title":"","_seopress_titles_desc":"","_seopress_robots_index":"","footnotes":""},"class_list":["post-1333034","page","type-page","status-publish","hentry","description-off"],"_links":{"self":[{"href":"https:\/\/laboklin.de\/de-ch\/wp-json\/wp\/v2\/pages\/1333034","targetHints":{"allow":["GET"]}}],"collection":[{"href":"https:\/\/laboklin.de\/de-ch\/wp-json\/wp\/v2\/pages"}],"about":[{"href":"https:\/\/laboklin.de\/de-ch\/wp-json\/wp\/v2\/types\/page"}],"author":[{"embeddable":true,"href":"https:\/\/laboklin.de\/de-ch\/wp-json\/wp\/v2\/users\/1"}],"replies":[{"embeddable":true,"href":"https:\/\/laboklin.de\/de-ch\/wp-json\/wp\/v2\/comments?post=1333034"}],"version-history":[{"count":4,"href":"https:\/\/laboklin.de\/de-ch\/wp-json\/wp\/v2\/pages\/1333034\/revisions"}],"predecessor-version":[{"id":1486529,"href":"https:\/\/laboklin.de\/de-ch\/wp-json\/wp\/v2\/pages\/1333034\/revisions\/1486529"}],"up":[{"embeddable":true,"href":"https:\/\/laboklin.de\/de-ch\/wp-json\/wp\/v2\/pages\/1332776"}],"wp:attachment":[{"href":"https:\/\/laboklin.de\/de-ch\/wp-json\/wp\/v2\/media?parent=1333034"}],"curies":[{"name":"wp","href":"https:\/\/api.w.org\/{rel}","templated":true}]}}