{"id":1333022,"date":"2020-10-16T11:36:27","date_gmt":"2020-10-16T09:36:27","guid":{"rendered":"https:\/\/laboklin.de\/leistungen\/infektionskrankheiten-erreger-und-antikoerpernachweise\/viren\/tollwutvirus\/"},"modified":"2024-11-13T13:35:55","modified_gmt":"2024-11-13T12:35:55","slug":"tollwutvirus","status":"publish","type":"page","link":"https:\/\/laboklin.de\/de-ch\/leistungen\/infektionskrankheiten-erreger-und-antikoerpernachweise\/viren\/tollwutvirus\/","title":{"rendered":"Tollwutvirus"},"content":{"rendered":"<div class=\"wpb-content-wrapper\"><p>[vc_row][vc_column][vc_column_text]<h3>Leistungsspektrum<\/h3><div class=\"vc_tta-panels-container\"><div class=\"vc_tta-panels\"><li class=\"menu-item sub-page\"><a href=\"https:\/\/laboklin.de\/de-ch\/leistungen\/infektionskrankheiten-erreger-und-antikoerpernachweise\/viren\/tollwutvirus\/tollwutvirus-antikoerper\/\">Tollwutvirus* - Antik\u00f6rper<\/a><\/li><\/div><\/div>[\/vc_column_text][\/vc_column][\/vc_row][vc_row][vc_column][vc_column_text css=&#187;.vc_custom_1612018683483{margin-top: 30px !important;}&#187;]* Partnerlabor<\/p>\n<h3><div class=\"gap\" style=\"line-height: 20px; height: 20px;\"><\/div>Allgemeine Informationen<\/h3>\n<p>Das Tollwutvirus (Rabiesvirus, RABV) geh\u00f6rt zum Genus Lyssavirus der Familie Rhabdoviridae und ist weltweit verbreitet. Tollwut ist in Deutschland eine <b><strong>anzeigepflichtige <\/strong><\/b>Tierseuche. Deutschland gilt nach intensiven Bek\u00e4mpfungsma\u00dfnahmen seit 2008 als frei von klassischer Tollwut (RABV).<\/p>\n<p>Im Reiseverkehr wird von einigen L\u00e4ndern ein Nachweis des Antik\u00f6rpertiters gefordert.[\/vc_column_text][\/vc_column][\/vc_row]<\/p>\n<\/div>","protected":false},"excerpt":{"rendered":"<p>[vc_row][vc_column][vc_column_text][\/vc_column_text][\/vc_column][\/vc_row][vc_row][vc_column][vc_column_text css=&#187;.vc_custom_1612018683483{margin-top: 30px !important;}&#187;]* Partnerlabor Allgemeine Informationen Das Tollwutvirus (Rabiesvirus, RABV) geh\u00f6rt zum Genus Lyssavirus der Familie Rhabdoviridae und ist weltweit verbreitet. Tollwut ist in Deutschland eine anzeigepflichtige Tierseuche. Deutschland gilt nach intensiven Bek\u00e4mpfungsma\u00dfnahmen seit 2008 als frei von klassischer Tollwut (RABV). Im Reiseverkehr wird von einigen L\u00e4ndern ein Nachweis des Antik\u00f6rpertiters gefordert.[\/vc_column_text][\/vc_column][\/vc_row]<\/p>\n","protected":false},"author":1,"featured_media":0,"parent":1332774,"menu_order":530,"comment_status":"closed","ping_status":"closed","template":"","meta":{"_seopress_robots_primary_cat":"","_seopress_titles_title":"","_seopress_titles_desc":"","_seopress_robots_index":"","footnotes":""},"class_list":["post-1333022","page","type-page","status-publish","hentry","description-off"],"_links":{"self":[{"href":"https:\/\/laboklin.de\/de-ch\/wp-json\/wp\/v2\/pages\/1333022","targetHints":{"allow":["GET"]}}],"collection":[{"href":"https:\/\/laboklin.de\/de-ch\/wp-json\/wp\/v2\/pages"}],"about":[{"href":"https:\/\/laboklin.de\/de-ch\/wp-json\/wp\/v2\/types\/page"}],"author":[{"embeddable":true,"href":"https:\/\/laboklin.de\/de-ch\/wp-json\/wp\/v2\/users\/1"}],"replies":[{"embeddable":true,"href":"https:\/\/laboklin.de\/de-ch\/wp-json\/wp\/v2\/comments?post=1333022"}],"version-history":[{"count":1,"href":"https:\/\/laboklin.de\/de-ch\/wp-json\/wp\/v2\/pages\/1333022\/revisions"}],"predecessor-version":[{"id":1494170,"href":"https:\/\/laboklin.de\/de-ch\/wp-json\/wp\/v2\/pages\/1333022\/revisions\/1494170"}],"up":[{"embeddable":true,"href":"https:\/\/laboklin.de\/de-ch\/wp-json\/wp\/v2\/pages\/1332774"}],"wp:attachment":[{"href":"https:\/\/laboklin.de\/de-ch\/wp-json\/wp\/v2\/media?parent=1333022"}],"curies":[{"name":"wp","href":"https:\/\/api.w.org\/{rel}","templated":true}]}}