{"id":1333017,"date":"2020-10-16T11:36:27","date_gmt":"2020-10-16T09:36:27","guid":{"rendered":"https:\/\/laboklin.de\/leistungen\/infektionskrankheiten-erreger-und-antikoerpernachweise\/viren\/staupevirus\/"},"modified":"2024-11-13T13:37:29","modified_gmt":"2024-11-13T12:37:29","slug":"staupevirus","status":"publish","type":"page","link":"https:\/\/laboklin.de\/de-ch\/leistungen\/infektionskrankheiten-erreger-und-antikoerpernachweise\/viren\/staupevirus\/","title":{"rendered":"Staupevirus"},"content":{"rendered":"<div class=\"wpb-content-wrapper\"><p>[vc_row][vc_column][vc_column_text]<h3>Leistungsspektrum<\/h3><div class=\"vc_tta-panels-container\"><div class=\"vc_tta-panels\"><li class=\"menu-item sub-page\"><a href=\"https:\/\/laboklin.de\/de-ch\/leistungen\/infektionskrankheiten-erreger-und-antikoerpernachweise\/viren\/staupevirus\/staupevirus-antikoerper\/\">Staupevirus - Antik\u00f6rper<\/a><\/li><li class=\"menu-item sub-page\"><a href=\"https:\/\/laboklin.de\/de-ch\/leistungen\/infektionskrankheiten-erreger-und-antikoerpernachweise\/viren\/staupevirus\/staupevirus-pcr-qualitativ\/\">Staupevirus - PCR (qualitativ)<\/a><\/li><li class=\"menu-item sub-page\"><a href=\"https:\/\/laboklin.de\/de-ch\/leistungen\/infektionskrankheiten-erreger-und-antikoerpernachweise\/viren\/staupevirus\/staupevirus-pcr-quantitativ\/\">Staupevirus - PCR (quantitativ)<\/a><\/li><\/div><\/div>[\/vc_column_text][\/vc_column][\/vc_row][vc_row][vc_column][vc_column_text css=&#187;.vc_custom_1604410658585{margin-top: 30px !important;}&#187;]<\/p>\n<h3>Allgemeine Informationen<\/h3>\n<p>Das Staupevirus des Hundes (Canine Distemper Virus, CDV) geh\u00f6rt zum Genus Morbillivirus (Masern-Staupe-Rinderpest-Gruppe). Infizieren k\u00f6nnen sich alle Tiere der Familien Canidae (wie z.B. Hund, Fuchs, Wolf), Procyonidae (wie z.B. Waschb\u00e4ren und Pandas), Mustelidae (wie z.B. Frettchen, Dachs, Marder) und Felidae (Tiger, L\u00f6we). Die Staupe ist weltweit enzootisch. Die \u00dcbertragung erfolgt oral oder aerogen \u00fcber Sekrete und Exkrete kranker Hunde oder klinisch gesunder Ausscheider. Auch intrauterine Infektionen sind m\u00f6glich. Die Staupe ist eine akut bis subakut verlaufende, fieberhafte Allgemeinerkrankung. Es lassen sich eine respiratorische, eine intestinale, eine zentralnerv\u00f6se und eine kutane Verlaufsform unterscheiden.<br \/>\nDie Virusausscheidung beginnt nach ca. 7 Tagen (bis zu 60 bis 90 Tage p.i.), in deren Verlauf es zu einer typischen zyklischen Infektion mit leukozytenassoziierter (evtl. auch nicht zellgebundener) Vir\u00e4mie kommt. Je nach F\u00e4higkeit des Immunsystems, neutralisierende Antik\u00f6rper auszubilden, kann die Staupe einen milden oder t\u00f6dlichen Verlauf nehmen.[\/vc_column_text][\/vc_column][\/vc_row]<\/p>\n<\/div>","protected":false},"excerpt":{"rendered":"<p>[vc_row][vc_column][vc_column_text][\/vc_column_text][\/vc_column][\/vc_row][vc_row][vc_column][vc_column_text css=&#187;.vc_custom_1604410658585{margin-top: 30px !important;}&#187;] Allgemeine Informationen Das Staupevirus des Hundes (Canine Distemper Virus, CDV) geh\u00f6rt zum Genus Morbillivirus (Masern-Staupe-Rinderpest-Gruppe). Infizieren k\u00f6nnen sich alle Tiere der Familien Canidae (wie z.B. Hund, Fuchs, Wolf), Procyonidae (wie z.B. Waschb\u00e4ren und Pandas), Mustelidae (wie z.B. Frettchen, Dachs, Marder) und Felidae (Tiger, L\u00f6we). Die Staupe ist weltweit enzootisch. Die \u00dcbertragung&hellip;<\/p>\n","protected":false},"author":1,"featured_media":0,"parent":1332774,"menu_order":510,"comment_status":"closed","ping_status":"closed","template":"","meta":{"_seopress_robots_primary_cat":"","_seopress_titles_title":"","_seopress_titles_desc":"","_seopress_robots_index":"","footnotes":""},"class_list":["post-1333017","page","type-page","status-publish","hentry","description-off"],"_links":{"self":[{"href":"https:\/\/laboklin.de\/de-ch\/wp-json\/wp\/v2\/pages\/1333017","targetHints":{"allow":["GET"]}}],"collection":[{"href":"https:\/\/laboklin.de\/de-ch\/wp-json\/wp\/v2\/pages"}],"about":[{"href":"https:\/\/laboklin.de\/de-ch\/wp-json\/wp\/v2\/types\/page"}],"author":[{"embeddable":true,"href":"https:\/\/laboklin.de\/de-ch\/wp-json\/wp\/v2\/users\/1"}],"replies":[{"embeddable":true,"href":"https:\/\/laboklin.de\/de-ch\/wp-json\/wp\/v2\/comments?post=1333017"}],"version-history":[{"count":1,"href":"https:\/\/laboklin.de\/de-ch\/wp-json\/wp\/v2\/pages\/1333017\/revisions"}],"predecessor-version":[{"id":1494171,"href":"https:\/\/laboklin.de\/de-ch\/wp-json\/wp\/v2\/pages\/1333017\/revisions\/1494171"}],"up":[{"embeddable":true,"href":"https:\/\/laboklin.de\/de-ch\/wp-json\/wp\/v2\/pages\/1332774"}],"wp:attachment":[{"href":"https:\/\/laboklin.de\/de-ch\/wp-json\/wp\/v2\/media?parent=1333017"}],"curies":[{"name":"wp","href":"https:\/\/api.w.org\/{rel}","templated":true}]}}