{"id":1333015,"date":"2020-10-16T11:36:27","date_gmt":"2020-10-16T09:36:27","guid":{"rendered":"https:\/\/laboklin.de\/leistungen\/infektionskrankheiten-erreger-und-antikoerpernachweise\/viren\/sendai-virus\/"},"modified":"2024-11-13T13:37:56","modified_gmt":"2024-11-13T12:37:56","slug":"sendai-virus","status":"publish","type":"page","link":"https:\/\/laboklin.de\/de-ch\/leistungen\/infektionskrankheiten-erreger-und-antikoerpernachweise\/viren\/sendai-virus\/","title":{"rendered":"Sendai-Virus"},"content":{"rendered":"<div class=\"wpb-content-wrapper\"><p>[vc_row][vc_column][vc_column_text]<h3>Leistungsspektrum<\/h3><div class=\"vc_tta-panels-container\"><div class=\"vc_tta-panels\"><li class=\"menu-item sub-page\"><a href=\"https:\/\/laboklin.de\/de-ch\/leistungen\/infektionskrankheiten-erreger-und-antikoerpernachweise\/viren\/sendai-virus\/sendai-virus-antikoerper\/\">Sendai-Virus - Antik\u00f6rper*<\/a><\/li><\/div><\/div>[\/vc_column_text][\/vc_column][\/vc_row][vc_row][vc_column][vc_column_text css=&#187;.vc_custom_1715668640676{margin-top: 20px !important;}&#187;]* Partnerlabor<\/p>\n<h3><div class=\"gap\" style=\"line-height: 20px; height: 20px;\"><\/div>Allgemeine Informationen<\/h3>\n<p>Das Sendai-Virus, auch<strong> murines Parainfluenzavirus 1<\/strong> genannt, f\u00fchrt zu Infektionen bei Kaninchen, Meerschweinchen, Hamstern, Ratten und M\u00e4usen und auch bei Menschen. Der Nachweis ist v.a. bei Labortieren relevant. Neueinschleppung in einen Bestand f\u00fchrt zu starken respiratorischen Symptomen (herdf\u00f6rmig ulzerierende \/ nekrotisierende Rhinitis \/ Tracheitis, Pneumonie und Pleuritis) und Mortalit\u00e4tsraten bis 100 % v.a. bei M\u00e4usen. Persistiert die Infektion in einem Bestand, verl\u00e4uft die Infektion milder oder subklinisch. Nach \u00fcberstandener Infektion sind lebenslang Antik\u00f6rper nachweisbar.[\/vc_column_text][\/vc_column][\/vc_row]<\/p>\n<\/div>","protected":false},"excerpt":{"rendered":"<p>[vc_row][vc_column][vc_column_text][\/vc_column_text][\/vc_column][\/vc_row][vc_row][vc_column][vc_column_text css=&#187;.vc_custom_1715668640676{margin-top: 20px !important;}&#187;]* Partnerlabor Allgemeine Informationen Das Sendai-Virus, auch murines Parainfluenzavirus 1 genannt, f\u00fchrt zu Infektionen bei Kaninchen, Meerschweinchen, Hamstern, Ratten und M\u00e4usen und auch bei Menschen. Der Nachweis ist v.a. bei Labortieren relevant. Neueinschleppung in einen Bestand f\u00fchrt zu starken respiratorischen Symptomen (herdf\u00f6rmig ulzerierende \/ nekrotisierende Rhinitis \/ Tracheitis, Pneumonie und Pleuritis) und&hellip;<\/p>\n","protected":false},"author":1,"featured_media":0,"parent":1332774,"menu_order":500,"comment_status":"closed","ping_status":"closed","template":"","meta":{"_seopress_robots_primary_cat":"","_seopress_titles_title":"","_seopress_titles_desc":"","_seopress_robots_index":"","footnotes":""},"class_list":["post-1333015","page","type-page","status-publish","hentry","description-off"],"_links":{"self":[{"href":"https:\/\/laboklin.de\/de-ch\/wp-json\/wp\/v2\/pages\/1333015","targetHints":{"allow":["GET"]}}],"collection":[{"href":"https:\/\/laboklin.de\/de-ch\/wp-json\/wp\/v2\/pages"}],"about":[{"href":"https:\/\/laboklin.de\/de-ch\/wp-json\/wp\/v2\/types\/page"}],"author":[{"embeddable":true,"href":"https:\/\/laboklin.de\/de-ch\/wp-json\/wp\/v2\/users\/1"}],"replies":[{"embeddable":true,"href":"https:\/\/laboklin.de\/de-ch\/wp-json\/wp\/v2\/comments?post=1333015"}],"version-history":[{"count":1,"href":"https:\/\/laboklin.de\/de-ch\/wp-json\/wp\/v2\/pages\/1333015\/revisions"}],"predecessor-version":[{"id":1474746,"href":"https:\/\/laboklin.de\/de-ch\/wp-json\/wp\/v2\/pages\/1333015\/revisions\/1474746"}],"up":[{"embeddable":true,"href":"https:\/\/laboklin.de\/de-ch\/wp-json\/wp\/v2\/pages\/1332774"}],"wp:attachment":[{"href":"https:\/\/laboklin.de\/de-ch\/wp-json\/wp\/v2\/media?parent=1333015"}],"curies":[{"name":"wp","href":"https:\/\/api.w.org\/{rel}","templated":true}]}}