{"id":1332993,"date":"2020-10-16T11:36:27","date_gmt":"2020-10-16T09:36:27","guid":{"rendered":"https:\/\/laboklin.de\/leistungen\/infektionskrankheiten-erreger-und-antikoerpernachweise\/viren\/polyomaviren\/"},"modified":"2024-11-13T13:45:14","modified_gmt":"2024-11-13T12:45:14","slug":"polyomaviren","status":"publish","type":"page","link":"https:\/\/laboklin.de\/de-ch\/leistungen\/infektionskrankheiten-erreger-und-antikoerpernachweise\/viren\/polyomaviren\/","title":{"rendered":"Polyomaviren"},"content":{"rendered":"<div class=\"wpb-content-wrapper\"><p>[vc_row][vc_column][vc_column_text]<h3>Leistungsspektrum<\/h3><div class=\"vc_tta-panels-container\"><div class=\"vc_tta-panels\"><li class=\"menu-item sub-page\"><a href=\"https:\/\/laboklin.de\/de-ch\/leistungen\/infektionskrankheiten-erreger-und-antikoerpernachweise\/viren\/polyomaviren\/polyomavirus-pcr\/\">Polyomavirus - PCR<\/a><\/li><\/div><\/div>[\/vc_column_text][\/vc_column][\/vc_row][vc_row][vc_column][vc_column_text css=&#187;.vc_custom_1663926607744{margin-top: 20px !important;}&#187;]<\/p>\n<h3>Allgemeine Informationen<\/h3>\n<p>Polyomaviren sind unbeh\u00fcllte DNA-Viren, haben einen Durchmesser von 45 nm und ein ikosaedrisches Capsid (\u00e4hnlich Papillomaviren). Polyomaviren kommen latent in S\u00e4ugerzellen vor und verursachen dort meist persistierende Infektionen. Sie bilden in infizierten Zellen meist typische intranukle\u00e4re Einschl\u00fcsse und f\u00fchren nach Infektion heterologer Zellen zu deren Transformation. Sie gelten daher als onkogen. Polyomaviren besitzen eine zirkul\u00e4re doppelstr\u00e4ngige DNA.<\/p>\n<p>Das hochansteckende\u00a0<b><strong>Budgerigar Fledgling Disease Virus (<\/strong><\/b><b><strong>BFDV)<\/strong><\/b>\u00a0gilt als das erste\u00a0<b><strong>avi\u00e4re Polyomavirus (<\/strong><\/b><b><strong>APV)<\/strong><\/b>. BFDV verursacht eine f\u00fcr Psittaciden-Nestlinge zum Teil t\u00f6dlich verlaufende Infektion, bei adulten V\u00f6geln werden Septik\u00e4mie und Hepatitis beobachtet. Bei chronischem Verlauf kommt es zu Federfehlbildung und Flugunf\u00e4higkeit, betroffene Tiere hei\u00dfen \u201eHopser\u201c oder \u201eRenner\u201c. V.a. Wellensittiche sind betroffen. Die Krankheit wird auch<b><strong>\u00a0<\/strong><\/b><b><strong>Franz\u00f6sische Mauser,\u00a0<\/strong><\/b><b><strong>Rennerkrankheit\u00a0<\/strong><\/b>oder<b><strong>\u00a0<\/strong><\/b><b><strong>Nestlingskrankheit der Wellensittiche<\/strong><\/b>\u00a0genannt.[\/vc_column_text][\/vc_column][\/vc_row]<\/p>\n<\/div>","protected":false},"excerpt":{"rendered":"<p>[vc_row][vc_column][vc_column_text][\/vc_column_text][\/vc_column][\/vc_row][vc_row][vc_column][vc_column_text css=&#187;.vc_custom_1663926607744{margin-top: 20px !important;}&#187;] Allgemeine Informationen Polyomaviren sind unbeh\u00fcllte DNA-Viren, haben einen Durchmesser von 45 nm und ein ikosaedrisches Capsid (\u00e4hnlich Papillomaviren). Polyomaviren kommen latent in S\u00e4ugerzellen vor und verursachen dort meist persistierende Infektionen. Sie bilden in infizierten Zellen meist typische intranukle\u00e4re Einschl\u00fcsse und f\u00fchren nach Infektion heterologer Zellen zu deren Transformation. Sie gelten daher&hellip;<\/p>\n","protected":false},"author":1,"featured_media":0,"parent":1332774,"menu_order":410,"comment_status":"closed","ping_status":"closed","template":"","meta":{"_seopress_robots_primary_cat":"","_seopress_titles_title":"","_seopress_titles_desc":"","_seopress_robots_index":"","footnotes":""},"class_list":["post-1332993","page","type-page","status-publish","hentry","description-off"],"_links":{"self":[{"href":"https:\/\/laboklin.de\/de-ch\/wp-json\/wp\/v2\/pages\/1332993","targetHints":{"allow":["GET"]}}],"collection":[{"href":"https:\/\/laboklin.de\/de-ch\/wp-json\/wp\/v2\/pages"}],"about":[{"href":"https:\/\/laboklin.de\/de-ch\/wp-json\/wp\/v2\/types\/page"}],"author":[{"embeddable":true,"href":"https:\/\/laboklin.de\/de-ch\/wp-json\/wp\/v2\/users\/1"}],"replies":[{"embeddable":true,"href":"https:\/\/laboklin.de\/de-ch\/wp-json\/wp\/v2\/comments?post=1332993"}],"version-history":[{"count":1,"href":"https:\/\/laboklin.de\/de-ch\/wp-json\/wp\/v2\/pages\/1332993\/revisions"}],"predecessor-version":[{"id":1494181,"href":"https:\/\/laboklin.de\/de-ch\/wp-json\/wp\/v2\/pages\/1332993\/revisions\/1494181"}],"up":[{"embeddable":true,"href":"https:\/\/laboklin.de\/de-ch\/wp-json\/wp\/v2\/pages\/1332774"}],"wp:attachment":[{"href":"https:\/\/laboklin.de\/de-ch\/wp-json\/wp\/v2\/media?parent=1332993"}],"curies":[{"name":"wp","href":"https:\/\/api.w.org\/{rel}","templated":true}]}}