{"id":1332988,"date":"2020-10-16T11:36:27","date_gmt":"2020-10-16T09:36:27","guid":{"rendered":"https:\/\/laboklin.de\/leistungen\/infektionskrankheiten-erreger-und-antikoerpernachweise\/viren\/parvoviren\/"},"modified":"2024-11-13T13:46:05","modified_gmt":"2024-11-13T12:46:05","slug":"parvoviren","status":"publish","type":"page","link":"https:\/\/laboklin.de\/de-ch\/leistungen\/infektionskrankheiten-erreger-und-antikoerpernachweise\/viren\/parvoviren\/","title":{"rendered":"Parvoviren"},"content":{"rendered":"<div class=\"wpb-content-wrapper\"><p>[vc_row][vc_column][vc_column_text]<h3>Leistungsspektrum<\/h3><div class=\"vc_tta-panels-container\"><div class=\"vc_tta-panels\"><li class=\"menu-item sub-page\"><a href=\"https:\/\/laboklin.de\/de-ch\/leistungen\/infektionskrankheiten-erreger-und-antikoerpernachweise\/viren\/parvoviren\/parvovirus-frettchen-aleutenkrankheit-pcr\/\">Parvovirus (Frettchen) (Aleutenkrankheit) - PCR<\/a><\/li><li class=\"menu-item sub-page\"><a href=\"https:\/\/laboklin.de\/de-ch\/leistungen\/infektionskrankheiten-erreger-und-antikoerpernachweise\/viren\/parvoviren\/parvovirus-hund-antikoerper\/\">Parvovirus (Hund) - Antik\u00f6rper<\/a><\/li><li class=\"menu-item sub-page\"><a href=\"https:\/\/laboklin.de\/de-ch\/leistungen\/infektionskrankheiten-erreger-und-antikoerpernachweise\/viren\/parvoviren\/parvovirus-hund-pcr-quantitativ\/\">Parvovirus (Hund) - PCR (quantitativ)<\/a><\/li><li class=\"menu-item sub-page\"><a href=\"https:\/\/laboklin.de\/de-ch\/leistungen\/infektionskrankheiten-erreger-und-antikoerpernachweise\/viren\/parvoviren\/parvovirus-hund-katze-antigen-eia\/\">Parvovirus (Hund, Katze) - Antigen (EIA)<\/a><\/li><li class=\"menu-item sub-page\"><a href=\"https:\/\/laboklin.de\/de-ch\/leistungen\/infektionskrankheiten-erreger-und-antikoerpernachweise\/viren\/parvoviren\/parvovirus-hund-katze-pcr-qualitativ\/\">Parvovirus (Hund, Katze) - PCR (qualitativ)<\/a><\/li><li class=\"menu-item sub-page\"><a href=\"https:\/\/laboklin.de\/de-ch\/leistungen\/infektionskrankheiten-erreger-und-antikoerpernachweise\/viren\/parvoviren\/parvovirus-katze-antikoerper\/\">Parvovirus (Katze) - Antik\u00f6rper <\/a><\/li><li class=\"menu-item sub-page\"><a href=\"https:\/\/laboklin.de\/de-ch\/leistungen\/infektionskrankheiten-erreger-und-antikoerpernachweise\/viren\/parvoviren\/parvovirus-pferd-pcr\/\">Parvovirus (Pferd) (EqPV-H) - PCR<\/a><\/li><li class=\"menu-item sub-page\"><a href=\"https:\/\/laboklin.de\/de-ch\/leistungen\/infektionskrankheiten-erreger-und-antikoerpernachweise\/viren\/parvoviren\/parvovirus-schwein-pcr\/\">Parvovirus (Schwein) - PCR<\/a><\/li><\/div><\/div>[\/vc_column_text][\/vc_column][\/vc_row][vc_row][vc_column][vc_column_text css=&#187;.vc_custom_1663926077986{margin-top: 20px !important;margin-bottom: 30px !important;}&#187;]* Partnerlabor<\/p>\n<p>&nbsp;<\/p>\n<h3>Allgemeine Informationen<\/h3>\n<p>Das Parvovirus ist ein sehr kleines, unbeh\u00fclltes DNA-Virus mit extremer Umweltstabilit\u00e4t. Es kann bis zu einem Jahr in der Umgebung persistieren und ist ebenfalls sehr temperaturstabil. Tiere stecken sich oronasal mit Parvoviren an. Zun\u00e4chst kommt es zur Virusreplikation in den Schleimh\u00e4uten und danach zur Vir\u00e4mie. Das lymphatische System und Organe werden infiziert.[\/vc_column_text][\/vc_column][\/vc_row][vc_row][vc_column][vc_accordion active_tab=&#187;false&#187; title_size=&#187;normal&#187; style=&#187;2&#8243;][vc_accordion_tab title=&#187;Hund&#187;][vc_column_text css=&#187;.vc_custom_1715596235386{margin-left: 20px !important;}&#187;]Bei Hunden verl\u00e4uft die <strong>Parvovirose<\/strong> meist als zyklische Allgemeinerkrankung, mit einer Manifestation im Darmepithel und dem daraus resultierenden Bild von Anorexie, Fieber, Erbrechen und unstillbarem blutigen Durchfall. Welpen erkranken am schwersten.<\/p>\n<p>Es kann zu verschiedenen klinischen Verlaufsformen der Parvovirose kommen. Insbesondere beim Welpen kann es zu einer perakuten kardialen Form mit Myokarditis und pl\u00f6tzlichen Todesf\u00e4llen kommen. Die akute Form dagegen zeichnet sich durch eine schwere Symptomatik aus. Es treten hohes Fieber, schwere blutige Diarrh\u00f6en und Vomitus auf. Wegen der hohen Affinit\u00e4t des Virus zu Geweben mit hoher Mitoseaktivit\u00e4t kommt es parallel zu schwerer Leukopenie. Sinken die Leukozytenzahlen unter 2000 Zellen\/\u03bcl, ist die Prognose vorsichtig zu stellen. Subklinisch infizierte Tiere stellen als Ausscheider von Viren \u00fcber den Kot das Erregerreservoir dar.[\/vc_column_text][\/vc_accordion_tab][vc_accordion_tab title=&#187;Katze&#187;][vc_column_text css=&#187;.vc_custom_1663926371467{margin-left: 20px !important;}&#187;]Die Parvovirose der Katze \u2013 <strong>Panleukopenie<\/strong> \u2013 ist eine hochkontagi\u00f6se Allgemeinerkrankung der Feliden. Die Letalit\u00e4t unter ungeimpften Tieren liegt bei \u00fcber 80 %.<\/p>\n<p>Klinisch ist die Erkrankung gekennzeichnet durch Fieber, Diarrh\u00f6e, Erbrechen und Dehydratation. Im Blutbild findet man extreme Leukopenien. Eine Sonderform nimmt die intrauterine Infektion ein. Es kommt zur Infektion der Mutterkatze ohne Symptomatik, f\u00fchrt aber zu Abort oder Tod der Welpen. Werden lebende K\u00e4tzchen geboren, besteht h\u00e4ufig eine Cerebellumhypoplasie, die zu Ataxie und Tremor, meist ohne Bewusstseinsst\u00f6rungen, f\u00fchrt.[\/vc_column_text][\/vc_accordion_tab][vc_accordion_tab title=&#187;Frettchen&#187;][vc_column_text css=&#187;.vc_custom_1715596581434{margin-left: 20px !important;}&#187;]Die sogenannte\u00a0<b><strong>Aleutenkrankheit<\/strong><\/b> (engl: Aleutian Mink Disease) wird verursacht durch das carnivore Amdoparvovirus-1, ein hochkontagi\u00f6ses Parvovirus des Genus Amdoparvovirus. Dieses einzelstr\u00e4ngige DNA Virus ist unbeh\u00fcllt und somit, wie auch die caninen und felinen Parvoviren, \u00e4u\u00dferst widerstandsf\u00e4hig. Nerze, aber auch Frettchen, Stinktiere, Otter, Waschb\u00e4ren, F\u00fcchse u.a. k\u00f6nnen von dieser Erkrankung betroffen sein.<\/p>\n<p>Das Virus l\u00f6st eine Immunkomplex-vermittelte Erkrankung aus, die vor allem durch eine Hypergammaglobulin\u00e4mie gekennzeichnet ist. Die Symptome variieren; Jungtiere bekommen eher Pneumonien, adulte Tiere entwickeln eine Glomerulonephritis, Arteritis, und \/ oder Meningoencephalitis, au\u00dferdem sind blutige Durchf\u00e4lle, Hinterhandparesen und Fertilit\u00e4sst\u00f6rungen beschrieben. H\u00e4ufig ist der Ausgang letal.<\/p>\n<p>Da momentan kein Impfstoff verf\u00fcgbar ist, werden viele Frettchen mit Hundevakzinen geimpft; dass dadurch ein Schutz gegen eine Infektion mit dem Aleutian Mink Disease Virus entsteht ist unwahrscheinlich.<\/p>\n<p>Die \u00dcbertragung ist sowohl direkt als auch indirekt m\u00f6glich.[\/vc_column_text][\/vc_accordion_tab][vc_accordion_tab title=&#187;Schwein&#187;][vc_column_text css=&#187;.vc_custom_1642765789879{margin-left: 20px !important;}&#187;]Das porcine Parvovirus (PPV) kann weltweit in fast allen Schweinebest\u00e4nden nachgewiesen werden. In Deutschland ist von einer Pr\u00e4valenz von 60 &#8211; 80 % auszugehen.<\/p>\n<p>Klinisch stehen bei einer Infektion mit PPV Fruchtbarkeitsst\u00f6rungen und embryonale Infektionen mit anschlie\u00dfendem Fruchttod im Vordergrund (<b><strong>SMEDI<\/strong><\/b>: stillbirth, mummification, embrionic death, infertility). Die Muttertiere zeigen gew\u00f6hnlich keine klinischen Erscheinungen.[\/vc_column_text][\/vc_accordion_tab][vc_accordion_tab title=&#187;Pferd&#187;][vc_column_text]Die<strong> equine Serumhepatitis<\/strong>, fr\u00fcher als <strong>Theiler\u2018s Disease<\/strong> bezeichnet, wird durch eine Infektion mit dem <strong>equinen Parvovirus-Hepatitis-Virus (EqPV-H)<\/strong> verursacht. EqPV-H ist ein hepatotropes Einzelstrang-DNA-Virus, das bei infizierten Pferden Hepatitis verursachen kann. Eine asymptomatische Infektion ist h\u00e4ufig. Ca. 2 % der infizierten Pferde entwickeln eine klinische Lebererkrankung, die von einer leichten Erkrankung bis hin zu einem akuten fulminanten Leberversagen reicht. Klinische Anzeichen k\u00f6nnen eines oder mehrere der folgenden Symptome umfassen: Lethargie, Anorexie, Gelbsucht, neurologische Anzeichen, die mit hyperammon\u00e4mischer Enzephalopathie assoziiert sind, Tod normalerweise innerhalb von 72 Stunden. Der Verdacht auf EqPV-H stellt sich bei Pferden mit Krankheitsanzeichen und\/oder einer Lebererkrankung. Bei Pferden zwischen 3-6 Jahren betr\u00e4gt die Seropr\u00e4valenz rund 14%, in der Altersgruppe von 11-15 Jahren ist sogar ein Wert von rund 43% beschrieben. EqPV-H-positive Pferde haben oft 4-8 Wochen vorher ein Blutprodukt erhalten.[\/vc_column_text][\/vc_accordion_tab][\/vc_accordion][\/vc_column][\/vc_row]<\/p>\n<\/div>","protected":false},"excerpt":{"rendered":"<p>[vc_row][vc_column][vc_column_text][\/vc_column_text][\/vc_column][\/vc_row][vc_row][vc_column][vc_column_text css=&#187;.vc_custom_1663926077986{margin-top: 20px !important;margin-bottom: 30px !important;}&#187;]* Partnerlabor &nbsp; Allgemeine Informationen Das Parvovirus ist ein sehr kleines, unbeh\u00fclltes DNA-Virus mit extremer Umweltstabilit\u00e4t. Es kann bis zu einem Jahr in der Umgebung persistieren und ist ebenfalls sehr temperaturstabil. Tiere stecken sich oronasal mit Parvoviren an. Zun\u00e4chst kommt es zur Virusreplikation in den Schleimh\u00e4uten und danach zur Vir\u00e4mie.&hellip;<\/p>\n","protected":false},"author":1,"featured_media":0,"parent":1332774,"menu_order":390,"comment_status":"closed","ping_status":"closed","template":"","meta":{"_seopress_robots_primary_cat":"","_seopress_titles_title":"","_seopress_titles_desc":"","_seopress_robots_index":"","footnotes":""},"class_list":["post-1332988","page","type-page","status-publish","hentry","description-off"],"_links":{"self":[{"href":"https:\/\/laboklin.de\/de-ch\/wp-json\/wp\/v2\/pages\/1332988","targetHints":{"allow":["GET"]}}],"collection":[{"href":"https:\/\/laboklin.de\/de-ch\/wp-json\/wp\/v2\/pages"}],"about":[{"href":"https:\/\/laboklin.de\/de-ch\/wp-json\/wp\/v2\/types\/page"}],"author":[{"embeddable":true,"href":"https:\/\/laboklin.de\/de-ch\/wp-json\/wp\/v2\/users\/1"}],"replies":[{"embeddable":true,"href":"https:\/\/laboklin.de\/de-ch\/wp-json\/wp\/v2\/comments?post=1332988"}],"version-history":[{"count":3,"href":"https:\/\/laboklin.de\/de-ch\/wp-json\/wp\/v2\/pages\/1332988\/revisions"}],"predecessor-version":[{"id":1474701,"href":"https:\/\/laboklin.de\/de-ch\/wp-json\/wp\/v2\/pages\/1332988\/revisions\/1474701"}],"up":[{"embeddable":true,"href":"https:\/\/laboklin.de\/de-ch\/wp-json\/wp\/v2\/pages\/1332774"}],"wp:attachment":[{"href":"https:\/\/laboklin.de\/de-ch\/wp-json\/wp\/v2\/media?parent=1332988"}],"curies":[{"name":"wp","href":"https:\/\/api.w.org\/{rel}","templated":true}]}}