{"id":1332976,"date":"2020-10-16T11:36:27","date_gmt":"2020-10-16T09:36:27","guid":{"rendered":"https:\/\/laboklin.de\/leistungen\/infektionskrankheiten-erreger-und-antikoerpernachweise\/viren\/orthopoxviren\/"},"modified":"2024-11-13T13:49:54","modified_gmt":"2024-11-13T12:49:54","slug":"orthopoxviren","status":"publish","type":"page","link":"https:\/\/laboklin.de\/de-ch\/leistungen\/infektionskrankheiten-erreger-und-antikoerpernachweise\/viren\/orthopoxviren\/","title":{"rendered":"Orthopoxviren"},"content":{"rendered":"<div class=\"wpb-content-wrapper\"><p>[vc_row][vc_column][vc_column_text]<h3>Leistungsspektrum<\/h3><div class=\"vc_tta-panels-container\"><div class=\"vc_tta-panels\"><li class=\"menu-item sub-page\"><a href=\"https:\/\/laboklin.de\/de-ch\/leistungen\/infektionskrankheiten-erreger-und-antikoerpernachweise\/viren\/orthopoxviren\/pox-orthopoxvirus-pcr\/\">Pox (Orthopoxvirus) - PCR<\/a><\/li><\/div><\/div>[\/vc_column_text][\/vc_column][\/vc_row][vc_row type=&#187;vc_default&#187; css=&#187;.vc_custom_1612017480646{margin-top: 30px !important;}&#187;][vc_column][vc_column_text css=&#187;.vc_custom_1604315836278{margin-top: 20px !important;margin-bottom: 30px !important;}&#187;]<\/p>\n<h3>Allgemeine Informationen<\/h3>\n<p>Das Genus Orthopoxvirus geh\u00f6rt zur Familie der Poxviridae. Diese nehmen durch ihren Aufbau und ihre viruseigenen Enzyme eine Sonderstellung innerhalb der Viren ein. Pockenviren sind in der Lage, im Zytoplasma der Wirtszelle ohne Mitwirkung des Zellkerns zu infektionst\u00fcchtigen Viren heranzureifen. Pockenviren besitzen ein relativ gro\u00dfes Genom mit einer doppelstr\u00e4ngigen linearen DNA.<\/p>\n<p>Orthopoxviren haben ein breites Wirtsspektrum und werden daher wechselnd als z.B. Kuhpocken, Katzenpocken, Elefantenpocken oder Rattenpocken bezeichnet. Besonders empf\u00e4nglich sind Rinder, Fleischfresser, Nager und der Mensch.<\/p>\n<p>In Deutschland besteht\u00a0<b><strong>Meldepflicht.<\/strong><\/b>[\/vc_column_text][\/vc_column][\/vc_row][vc_row][vc_column][vc_accordion active_tab=&#187;false&#187; title_size=&#187;normal&#187; style=&#187;2&#8243;][vc_accordion_tab title=&#187;Katze&#187;][vc_column_text]Eine Infektion mit Orthopoxvirus bovis kann sowohl bei der Katze als auch beim Menschen die so genannten \u201eKatzenpocken\u201c verursachen. Katzen infizieren sich in der Regel durch ihre Beutetiere wie Maus und Ratte. Zu einem Eindringen des Virus in die Haut kommt es durch Biss- oder Kratzverletzungen, die meist am Kopf, Hals oder den Vordergliedma\u00dfen lokalisiert sind. An diesen Stellen treten dann zum Teil nekrotisierende, stark juckende Pocken auf. In den meisten F\u00e4llen kommt es nach einigen Wochen zu einer Selbstheilung,<br \/>\njedoch kann bei immunsupprimierten Menschen und auch Katzen (z.B. FIV-Infektion) eine systemische Infektion mit schweren bis t\u00f6dlichen Pneumonien entstehen.<\/p>\n<p>Die bis in die siebziger Jahre hin durchgef\u00fchrte Vakzination gegen Menschenpocken stellt zwar keinen Schutz gegen eine Infektion dar, doch kann es durch Serokonversion mit dem zur Schutzimpfung benutzten Vacciniavirus wahrscheinlich zu einem abgeschw\u00e4chten Erkrankungsbild kommen. Diese Impfungen wurden Mitte der 70er Jahre eingestellt und ein geh\u00e4uftes Auftreten dieser Infektion wird wieder wahrscheinlicher.<\/p>\n<p>Eine PCR-Analyse aus Hautkrustenmaterial kann eine schnelle und sichere Diagnose liefern.<\/p>\n<p>Der Eigenschutz bei Probenentnahme und der Behandlung einer erkrankten Katze sollte nicht vernachl\u00e4ssigt werden. Auch sollte es zu einer Aufkl\u00e4rung von tier\u00e4rztlichem Personal und gegebenenfalls Besitzer kommen. Sollte sich ein Mensch mit Pocken infizieren, kann in den meisten F\u00e4llen diagnostisch abgekl\u00e4rt werden, ob das Haustier als \u00dcbertr\u00e4ger in Frage kommen kann.[\/vc_column_text][\/vc_accordion_tab][vc_accordion_tab title=&#187;Ratte&#187;][vc_column_text css=&#187;&#187;]Das Auftreten von Orthopoxvirus-bovis-Infektionen bei Heimtierratten und die daraus resultierende \u00dcbertragung auf den Menschen wurde ebenfalls beschrieben. Die Ratten zeigen nekrotisierende L\u00e4sionen an Gliedma\u00dfen und im Bereich von Kopf und Schwanz.[\/vc_column_text][\/vc_accordion_tab][\/vc_accordion][\/vc_column][\/vc_row]<\/p>\n<\/div>","protected":false},"excerpt":{"rendered":"<p>[vc_row][vc_column][vc_column_text][\/vc_column_text][\/vc_column][\/vc_row][vc_row type=&#187;vc_default&#187; css=&#187;.vc_custom_1612017480646{margin-top: 30px !important;}&#187;][vc_column][vc_column_text css=&#187;.vc_custom_1604315836278{margin-top: 20px !important;margin-bottom: 30px !important;}&#187;] Allgemeine Informationen Das Genus Orthopoxvirus geh\u00f6rt zur Familie der Poxviridae. Diese nehmen durch ihren Aufbau und ihre viruseigenen Enzyme eine Sonderstellung innerhalb der Viren ein. Pockenviren sind in der Lage, im Zytoplasma der Wirtszelle ohne Mitwirkung des Zellkerns zu infektionst\u00fcchtigen Viren heranzureifen. Pockenviren besitzen ein&hellip;<\/p>\n","protected":false},"author":1,"featured_media":0,"parent":1332774,"menu_order":340,"comment_status":"closed","ping_status":"closed","template":"","meta":{"_seopress_robots_primary_cat":"","_seopress_titles_title":"","_seopress_titles_desc":"","_seopress_robots_index":"","footnotes":""},"class_list":["post-1332976","page","type-page","status-publish","hentry","description-off"],"_links":{"self":[{"href":"https:\/\/laboklin.de\/de-ch\/wp-json\/wp\/v2\/pages\/1332976","targetHints":{"allow":["GET"]}}],"collection":[{"href":"https:\/\/laboklin.de\/de-ch\/wp-json\/wp\/v2\/pages"}],"about":[{"href":"https:\/\/laboklin.de\/de-ch\/wp-json\/wp\/v2\/types\/page"}],"author":[{"embeddable":true,"href":"https:\/\/laboklin.de\/de-ch\/wp-json\/wp\/v2\/users\/1"}],"replies":[{"embeddable":true,"href":"https:\/\/laboklin.de\/de-ch\/wp-json\/wp\/v2\/comments?post=1332976"}],"version-history":[{"count":2,"href":"https:\/\/laboklin.de\/de-ch\/wp-json\/wp\/v2\/pages\/1332976\/revisions"}],"predecessor-version":[{"id":1474688,"href":"https:\/\/laboklin.de\/de-ch\/wp-json\/wp\/v2\/pages\/1332976\/revisions\/1474688"}],"up":[{"embeddable":true,"href":"https:\/\/laboklin.de\/de-ch\/wp-json\/wp\/v2\/pages\/1332774"}],"wp:attachment":[{"href":"https:\/\/laboklin.de\/de-ch\/wp-json\/wp\/v2\/media?parent=1332976"}],"curies":[{"name":"wp","href":"https:\/\/api.w.org\/{rel}","templated":true}]}}