{"id":1332962,"date":"2020-10-16T11:36:27","date_gmt":"2020-10-16T09:36:27","guid":{"rendered":"https:\/\/laboklin.de\/leistungen\/infektionskrankheiten-erreger-und-antikoerpernachweise\/viren\/iridoviren\/"},"modified":"2024-11-13T13:53:10","modified_gmt":"2024-11-13T12:53:10","slug":"iridoviren","status":"publish","type":"page","link":"https:\/\/laboklin.de\/de-ch\/leistungen\/infektionskrankheiten-erreger-und-antikoerpernachweise\/viren\/iridoviren\/","title":{"rendered":"Iridoviren"},"content":{"rendered":"<div class=\"wpb-content-wrapper\"><p>[vc_row][vc_column][vc_column_text]<h3>Leistungsspektrum<\/h3><div class=\"vc_tta-panels-container\"><div class=\"vc_tta-panels\"><li class=\"menu-item sub-page\"><a href=\"https:\/\/laboklin.de\/de-ch\/leistungen\/infektionskrankheiten-erreger-und-antikoerpernachweise\/viren\/iridoviren\/iridovirus-pcr\/\">Iridovirus - PCR<\/a><\/li><\/div><\/div>[\/vc_column_text][\/vc_column][\/vc_row][vc_row][vc_column][vc_column_text css=&#187;.vc_custom_1679251381770{margin-top: 20px !important;}&#187;]<i>Iridoviren siehe auch<\/i><i>\u00a0\u00a0\u00a0\u00a0\u00a0\u00a0\u00a0\u00a0\u00a0\u00a0\u00a0<b>\u21d2<\/b>\u00a0\u00a0\u00a0\u00a0\u00a0\u00a0\u00a0\u00a0 <a href=\"https:\/\/laboklin.de\/de-ch\/leistungen\/infektionskrankheiten-erreger-und-antikoerpernachweise\/viren\/ranaviren\/\">Ranaviren<\/a><\/i><\/p>\n<h3><div class=\"gap\" style=\"line-height: 20px; height: 20px;\"><\/div>Allgemeine Informationen<\/h3>\n<p>Die\u00a0<b><strong>Invertebraten-Iridoviren\u00a0<\/strong><\/b>(IIV) kommen v.a. bei Insekten vor. Daneben werden sie regelm\u00e4\u00dfig bei Echsen gefunden, wo sie m\u00f6glicherweise Hautl\u00e4sionen verursachen. Ein Iridovirus-Nachweis kann bei erh\u00f6hter Sterblichkeit im Futtertier- oder Echsenbestand von Interesse sein.[\/vc_column_text][\/vc_column][\/vc_row]<\/p>\n<\/div>","protected":false},"excerpt":{"rendered":"<p>[vc_row][vc_column][vc_column_text][\/vc_column_text][\/vc_column][\/vc_row][vc_row][vc_column][vc_column_text css=&#187;.vc_custom_1679251381770{margin-top: 20px !important;}&#187;]Iridoviren siehe auch\u00a0\u00a0\u00a0\u00a0\u00a0\u00a0\u00a0\u00a0\u00a0\u00a0\u00a0\u21d2\u00a0\u00a0\u00a0\u00a0\u00a0\u00a0\u00a0\u00a0 Ranaviren Allgemeine Informationen Die\u00a0Invertebraten-Iridoviren\u00a0(IIV) kommen v.a. bei Insekten vor. Daneben werden sie regelm\u00e4\u00dfig bei Echsen gefunden, wo sie m\u00f6glicherweise Hautl\u00e4sionen verursachen. Ein Iridovirus-Nachweis kann bei erh\u00f6hter Sterblichkeit im Futtertier- oder Echsenbestand von Interesse sein.[\/vc_column_text][\/vc_column][\/vc_row]<\/p>\n","protected":false},"author":1,"featured_media":0,"parent":1332774,"menu_order":280,"comment_status":"closed","ping_status":"closed","template":"","meta":{"_seopress_robots_primary_cat":"","_seopress_titles_title":"","_seopress_titles_desc":"","_seopress_robots_index":"","footnotes":""},"class_list":["post-1332962","page","type-page","status-publish","hentry","description-off"],"_links":{"self":[{"href":"https:\/\/laboklin.de\/de-ch\/wp-json\/wp\/v2\/pages\/1332962","targetHints":{"allow":["GET"]}}],"collection":[{"href":"https:\/\/laboklin.de\/de-ch\/wp-json\/wp\/v2\/pages"}],"about":[{"href":"https:\/\/laboklin.de\/de-ch\/wp-json\/wp\/v2\/types\/page"}],"author":[{"embeddable":true,"href":"https:\/\/laboklin.de\/de-ch\/wp-json\/wp\/v2\/users\/1"}],"replies":[{"embeddable":true,"href":"https:\/\/laboklin.de\/de-ch\/wp-json\/wp\/v2\/comments?post=1332962"}],"version-history":[{"count":1,"href":"https:\/\/laboklin.de\/de-ch\/wp-json\/wp\/v2\/pages\/1332962\/revisions"}],"predecessor-version":[{"id":1427968,"href":"https:\/\/laboklin.de\/de-ch\/wp-json\/wp\/v2\/pages\/1332962\/revisions\/1427968"}],"up":[{"embeddable":true,"href":"https:\/\/laboklin.de\/de-ch\/wp-json\/wp\/v2\/pages\/1332774"}],"wp:attachment":[{"href":"https:\/\/laboklin.de\/de-ch\/wp-json\/wp\/v2\/media?parent=1332962"}],"curies":[{"name":"wp","href":"https:\/\/api.w.org\/{rel}","templated":true}]}}