{"id":1332957,"date":"2020-10-16T11:36:27","date_gmt":"2020-10-16T09:36:27","guid":{"rendered":"https:\/\/laboklin.de\/leistungen\/infektionskrankheiten-erreger-und-antikoerpernachweise\/viren\/herpesviren\/"},"modified":"2020-10-16T11:36:27","modified_gmt":"2020-10-16T09:36:27","slug":"herpesviren","status":"publish","type":"page","link":"https:\/\/laboklin.de\/de-ch\/leistungen\/infektionskrankheiten-erreger-und-antikoerpernachweise\/viren\/herpesviren\/","title":{"rendered":"Herpesviren"},"content":{"rendered":"<div class=\"wpb-content-wrapper\"><p>[vc_row][vc_column][vc_column_text]<h3>Leistungsspektrum<\/h3><div class=\"vc_tta-panels-container\"><div class=\"vc_tta-panels\"><li class=\"menu-item sub-page\"><a href=\"https:\/\/laboklin.de\/de-ch\/leistungen\/infektionskrankheiten-erreger-und-antikoerpernachweise\/viren\/herpesviren\/hund-katze-herpesvirus-antikoerper\/\">Hund, Katze: Herpesvirus - Antik\u00f6rper<\/a><\/li><li class=\"menu-item sub-page\"><a href=\"https:\/\/laboklin.de\/de-ch\/leistungen\/infektionskrankheiten-erreger-und-antikoerpernachweise\/viren\/herpesviren\/hund-canines-herpesvirus-chv-pcr\/\">Hund: Canines Herpesvirus (CHV) - PCR<\/a><\/li><li class=\"menu-item sub-page\"><a href=\"https:\/\/laboklin.de\/de-ch\/leistungen\/infektionskrankheiten-erreger-und-antikoerpernachweise\/viren\/herpesviren\/katze-felines-herpesvirus-fhv-pcr\/\">Katze: Felines Herpesvirus (FHV) - PCR<\/a><\/li><li class=\"menu-item sub-page\"><a href=\"https:\/\/laboklin.de\/de-ch\/leistungen\/infektionskrankheiten-erreger-und-antikoerpernachweise\/viren\/herpesviren\/koi-koi-herpesvirus-pcr\/\">Fische: Koi-Herpesvirus (KHV) - PCR<\/a><\/li><li class=\"menu-item sub-page\"><a href=\"https:\/\/laboklin.de\/de-ch\/leistungen\/infektionskrankheiten-erreger-und-antikoerpernachweise\/viren\/herpesviren\/pferd-equines-herpesvirus-ehv-14-antikoerper\/\">Pferd: Equines Herpesvirus 1\/4 (EHV 1\/4) - AK (ELISA)<\/a><\/li><li class=\"menu-item sub-page\"><a href=\"https:\/\/laboklin.de\/de-ch\/leistungen\/infektionskrankheiten-erreger-und-antikoerpernachweise\/viren\/herpesviren\/pferd-equines-herpesvirus-1-ehv-1-pcr\/\">Pferd: Equines Herpesvirus 1 (EHV-1) - PCR<\/a><\/li><li class=\"menu-item sub-page\"><a href=\"https:\/\/laboklin.de\/de-ch\/leistungen\/infektionskrankheiten-erreger-und-antikoerpernachweise\/viren\/herpesviren\/pferd-equines-herpesvirus-2-ehv-2-pcr\/\">Pferd: Equines Herpesvirus 2 (EHV-2) - PCR<\/a><\/li><li class=\"menu-item sub-page\"><a href=\"https:\/\/laboklin.de\/de-ch\/leistungen\/infektionskrankheiten-erreger-und-antikoerpernachweise\/viren\/herpesviren\/pferd-equines-herpesvirus-3-ehv-3-pcr\/\">Pferd: Equines Herpesvirus 3 (EHV-3) - PCR<\/a><\/li><li class=\"menu-item sub-page\"><a href=\"https:\/\/laboklin.de\/de-ch\/leistungen\/infektionskrankheiten-erreger-und-antikoerpernachweise\/viren\/herpesviren\/pferd-equines-herpesvirus-4-ehv-4-pcr\/\">Pferd: Equines Herpesvirus 4 (EHV-4) - PCR<\/a><\/li><li class=\"menu-item sub-page\"><a href=\"https:\/\/laboklin.de\/de-ch\/leistungen\/infektionskrankheiten-erreger-und-antikoerpernachweise\/viren\/herpesviren\/pferd-equines-herpesvirus-5-ehv-5-pcr\/\">Pferd: Equines Herpesvirus 5 (EHV-5) - PCR<\/a><\/li><li class=\"menu-item sub-page\"><a href=\"https:\/\/laboklin.de\/de-ch\/leistungen\/infektionskrankheiten-erreger-und-antikoerpernachweise\/viren\/herpesviren\/reptilien-herpesviren-pcr\/\">Reptilien: Herpesviren - PCR<\/a><\/li><li class=\"menu-item sub-page\"><a href=\"https:\/\/laboklin.de\/de-ch\/leistungen\/infektionskrankheiten-erreger-und-antikoerpernachweise\/viren\/herpesviren\/voegel-herpesviren-z-b-pacheco-pcr\/\">V\u00f6gel: Herpesviren (Pacheco u.a.) - PCR<\/a><\/li><li class=\"menu-item sub-page\"><a href=\"https:\/\/laboklin.de\/de-ch\/leistungen\/infektionskrankheiten-erreger-und-antikoerpernachweise\/viren\/herpesviren\/voegel-pacheco-virus-antikoerper\/\">V\u00f6gel: Pacheco-Virus* - Antik\u00f6rper<\/a><\/li><\/div><\/div>[\/vc_column_text][\/vc_column][\/vc_row][vc_row type=&#187;vc_default&#187; css=&#187;.vc_custom_1603120142582{margin-top: 20px !important;}&#187;][vc_column][vc_column_text]<\/p>\n<div id=\"c7885\" class=\"csc-default csc-space-before-15\">\n<p class=\"bodytext\">* Partnerlabor<\/p>\n<\/div>\n<div id=\"c1229\" class=\"csc-default\">\n<h3><div class=\"gap\" style=\"line-height: 20px; height: 20px;\"><\/div>Allgemeine Informationen<\/h3>\n<p class=\"bodytext\">Herpesviren verursachen bei fast allen Tierarten seuchenhafte sowie latente oder persistierende Krankheiten. Der Name leitet sich von dem griechischen Wort \u201eherpein\u201c (kriechen) ab. Allen Herpesviren gemeinsam ist die lebenslange Latenz im Wirtsorganismus.<\/p>\n<\/div>\n<p>[\/vc_column_text][\/vc_column][\/vc_row][vc_row type=&#187;vc_default&#187; css=&#187;.vc_custom_1603120342350{margin-top: 30px !important;}&#187;][vc_column][vc_accordion active_tab=&#187;false&#187; collapsible=&#187;yes&#187; title_size=&#187;normal&#187; style=&#187;2&#8243;][vc_accordion_tab title=&#187;Herpesviren Hund&#187;][vc_column_text]<\/p>\n<p style=\"font-weight: 300;\">Das sog. \u201eWelpensterben\u201c bei Hunden wird durch das canine Herpesvirus 1\u00a0 (<b><strong>CHV-1<\/strong><\/b>) verursacht. Welpen unter 3 Wochen versterben an einer h\u00e4morrhagischen Allgemeinerkrankung. Es kommt zu massiver lytischer Virusvermehrung bei subnormaler K\u00f6rpertemperatur von 36 &#8211; 37\u00b0 C und Tod innerhalb von 48 Stunden. Die Morbidit\u00e4tsrate liegt bei 100 %, die Mortalit\u00e4tsrate bei fast 95 %!<\/p>\n<p style=\"font-weight: 300;\">\u00c4ltere Welpen zeigen meist milde respiratorische Symptome, daher wird CHV eine \u00e4tiologische Beteiligung am Zwingerhusten-Komplex zugeschrieben.<\/p>\n<p style=\"font-weight: 300;\">Adulte Tiere machen meist klinisch inapparente Infektionen durch. CHV-1 f\u00fchrt zu einer latenten Infektion; die Viren ziehen sich nach einer prim\u00e4ren zelllytischen Infektion in die trigeminalen und lumbosakralen Ganglienzellen zur\u00fcck. In Stresssituationen (wie z.B. Geburt oder beginnende Laktation) kann es zu einer Reaktivierung, gefolgt von einer Ausscheidung von Viren im Speichel sowie im Nasen- und Augensekret kommen. H\u00fcndinnen k\u00f6nnen das Virus intrauterin auf die Feten \u00fcbertragen, selten kommt es zu Aborten und Totgeburten. Bei adulten, immunsupprimierten Tieren kann es zu perakuten Verl\u00e4ufen mit Todesfolge kommen. Eine Diagnostik bei Zuchttieren ist zu empfehlen.<\/p>\n<p style=\"font-weight: 300;\">Die Infektion mit dem suiden Herpesvirus 1 f\u00fchrt zur<b><strong> Aujeszkyschen Krankheit (Pseudorabies)<\/strong><\/b>. Weitere Informationen siehe Herpesviren Schwein.<\/p>\n<p>[\/vc_column_text][\/vc_accordion_tab][vc_accordion_tab title=&#187;Herpesviren Katze (FHV)&#187;][vc_column_text]Beim felinen Herpesvirus 1 (FHV-1) stehen respiratorische Symptome wie Rhinitis und Sinusitis mit Augen- und Nasenausfluss im Vordergrund. Es kann zu Konjunktivitis, Korneaulzera, Dyspnoe und Anorexie kommen. Koinfektionen von etwa felinen Caliciviren und Bakterien sind m\u00f6glich. Nach der Prim\u00e4rinfektion entwickelt sich eine lebenslange latente Infektion, die unter Stress wieder aktiviert werden kann und damit zu rezidivierenden Symptomen f\u00fchrt. Bei Jungtieren kann es neben sehr hohem Fieber und allgemeiner Schw\u00e4che auch zu Todesf\u00e4llen kommen (Fading Kitten Syndrome).[\/vc_column_text][\/vc_accordion_tab][vc_accordion_tab title=&#187;Herpesviren V\u00f6gel&#187;][vc_column_text]<\/p>\n<p style=\"font-weight: 300;\">Es gibt sehr viele verschiedene Herpesviren, die bei V\u00f6geln, inklusive Wirtschaftsgefl\u00fcgel, Zier-, Wild- und Zoov\u00f6geln vorkommen. Es werden auch regelm\u00e4\u00dfig neue Viren bei diesen Tiergruppen gefunden. Bei Papageien sind ebenfalls mehrere Herpesviren beschrieben worden. Das bekannteste und vielleicht klinisch relevanteste ist das psittacide Herpesvirus 1 (PsHV-1).<\/p>\n<p style=\"font-weight: 300;\"><b><strong>PsHV-1<\/strong><\/b>\u00a0ist f\u00fcr die\u00a0<b><strong>Pacheco\u00b4sche Krankheit<\/strong><\/b>\u00a0der Papageien verantwortlich und wird deshalb auch\u00a0<b><strong>Pachecovirus<\/strong><\/b>\u00a0genannt. Der klinische Verlauf ist abh\u00e4ngig vom Geno- bzw. Serotyp und der betroffenen Psittacidenart. Bei Wellen- und Nymphensittichen werden milde bis subklinische Verl\u00e4ufe mit Virusausscheidung beschrieben. Bei Gro\u00dfpapageien wie Aras, Amazonen, Kakadus oder Graupapageien endet eine Infektion h\u00e4ufig mit dem Tod. Treten Symptome auf, so sind diese meist unspezifisch und bestehen aus Anorexie, Apathie und schlecht entwickeltem Gefieder. Ver\u00e4nderter Kot und vermehrte Harns\u00e4ure\u00adausscheidung k\u00f6nnen ebenfalls auftreten. Gelegentlich werden auch ZNS-Symptome beobachtet. Die Erkrankung kommt insbesondere in Stresssituationen zum Ausbruch, z.B. Fang und Quarant\u00e4ne bei Importv\u00f6geln, Besitzerwechsel, Klinikaufenthalt, Brutbeginn oder Eintritt der Sexualreife. Daher empfiehlt sich eine geeignete Voruntersuchung von V\u00f6geln, die in den Bestand eingegliedert werden sollen, um eine Gef\u00e4hrdung der anderen V\u00f6gel zu vermeiden.<\/p>\n<p style=\"font-weight: 300;\">Auch bei anderen Tieren mit systemischen Erkrankungen, Erkrankungen des respiratorischen Systems, der Leber oder mit Haut- bzw. Schleimhautl\u00e4sionen an der Kloake oder um den Schnabel kann eine Untersuchung auf Herpesviren angebracht sein.<\/p>\n<p style=\"font-weight: 300;\">Psittacine Herpesviren k\u00f6nnen auch bei Papillomen in Rachen und Kloake bei Amazonen und Kakadus nachgewiesen werden.<\/p>\n<p>[\/vc_column_text][\/vc_accordion_tab][vc_accordion_tab title=&#187;Herpesviren Reptilien&#187;][vc_column_text]Herpesvirusinfektionen kommen am h\u00e4ufigsten bei verschiedensten Schildkr\u00f6tenspezies inklusive Land-, Wasser- und Meeresschildkr\u00f6ten vor. In der tier\u00e4rztlichen Praxis spielen<br \/>\nv.a. die Herpesviren der\u00a0<b><strong>Landschildkr\u00f6ten<\/strong><\/b>\u00a0der Gattung Testudo eine Rolle. Da es sich um eine hochkontagi\u00f6se Virose handelt, sollten Tiere vor dem Einbringen in einen Bestand routinem\u00e4\u00dfig auf eine Infektion untersucht werden.<\/p>\n<p>Klinische Symptome \u00e4u\u00dfern sich in Nasen- und Augenausfluss, Regurgitieren, Anorexie und Lethargie. Typisch sind auch nekrotische Bel\u00e4ge in der Maulh\u00f6hle und auf der Zunge.<\/p>\n<p style=\"font-weight: 300;\">Bisher sind 4 verschiedene Herpesvirustypen,\u00a0<b><strong>testudinid Herpesvirus<\/strong><\/b>\u00a01 &#8211; 4 (<b><strong>TeHV-<\/strong><\/b>1 &#8211; 4), bei Landschildkr\u00f6ten bekannt. In Europa kommen v.a. TeHV-1 und 3 vor. TeHV-3 hat ein breites Wirtsspektrum unter den Landschildkr\u00f6ten und Infektionen sind meist mit sehr hohen Morbidit\u00e4ts- und Mortalit\u00e4tsraten verbunden. TeHV.-1 kann vor allem bei Vierzehenschildkr\u00f6ten detektiert werden. Oft handelt es sich um Einzeltiererkrankungen, da TeHV-1 im Vergleich zu TeHV-3 eine erheblich geringere Neigung hat, sich im Bestand auszubreiten. TeHV-2 (v.a. bei W\u00fcstenschildkr\u00f6ten) und TeHV-4 (bei Afrikanischen Landschildkr\u00f6ten) konnten in den letzten Jahren in Einzelf\u00e4llen in Europa nachgewiesen werden.<\/p>\n<p>Bei\u00a0<b><strong>Wasserschildkr\u00f6ten<\/strong><\/b> stehen Herpesvirusinfektionen v.a. im Zusammenhang mit Leberentz\u00fcndungen. Bei lebenden Tieren k\u00f6nnen trockene Rachen- und Kloakenabstriche, bei toten Tieren Leberproben mittels PCR untersucht werden.<\/p>\n<p>Bei\u00a0<b><strong>Meeresschildkr\u00f6ten<\/strong><\/b> verursachen Herpesviren unter anderem die Fibropapillomatose. Ein Virusnachweis mittels PCR ist aus ver\u00e4ndertem Gewebe m\u00f6glich.<\/p>\n<p>Bei\u00a0<b><strong>Echsen<\/strong><\/b>\u00a0werden Herpesviren v.a. im Zusammenhang mit oralen L\u00e4sionen gesehen.[\/vc_column_text][\/vc_accordion_tab][vc_accordion_tab title=&#187;Herpesviren Pferd (EHV)&#187;][vc_column_text]<b><strong>EHV-1 und EHV-4<\/strong><\/b><\/p>\n<p>Infektionen sowohl mit EHV-1 als auch mit EHV-4 werden bei Pferd, Esel, Maultier und Zebra durch Tr\u00f6pfcheninfektionen oder direkten Kontakt verursacht. Die Auspr\u00e4gung der klinischen Symptome h\u00e4ngt von Alter und Immunstatus des infizierten Tieres ab. V.a. Infektionen mit EHV-1 sind in der Lage, sich \u00fcber die Respirationsschleimhaut hinaus auszubreiten und die schwerwiegenden Manifestationen der Krankheit herbeizuf\u00fchren: Aborte, perinataler Fohlentod, neurologische Erkrankungen.<\/p>\n<p>Bei Infektionen mit EHV-4 sind bei Fohlen v.a. in der Absatzzeit Morbidit\u00e4ten bis zu 100 % m\u00f6glich. Mehr als 80 % der Isolate stammen von Tieren mit Rhinopneumonitis.<\/p>\n<p>Einmal mit Herpesviren infizierte Pferde bleiben zeitlebens Virustr\u00e4ger, wobei das Virus unter ung\u00fcnstigen Umst\u00e4nden (Stress etc.) endogen wieder aktiviert werden kann. Latenzorgane stellen haupts\u00e4chlich Lymphorgane, die Leukozytenfraktion und Trigeminalganglien dar. Unter Hinzunahme der geimpften Pferde ergibt sich eine hohe Seropr\u00e4valenz in der Pferde\u00adpopulation.<\/p>\n<p>In den zur\u00fcckliegenden Jahren wurde mit zunehmender H\u00e4ufigkeit und Schwere der klinischen Erkrankung \u00fcber EHV-1-assoziierte neurologische Erkrankungen berichtet, f\u00fcr die ein \u201eneurotroper\u201c Stamm von EHV-1 verantwortlich gemacht wird. Dieses sehr gef\u00fcrchtete Krankheitsbild wird unter dem Begriff <b><strong>EHM (<\/strong><\/b><b><strong>equine Herpesvirus-Myeloencephalopathie)<\/strong><\/b>\u00a0zusammengefasst.<\/p>\n<p>Beim Pferd sind zwei verschiedene Varianten von EHV-1 beschrieben (DNApol D752 vs. DNApol N752), die mit unterschiedlicher Neuropathogenit\u00e4t einhergehen. Die D752-Variante ist mit den meisten neurologischen Krankheitsausbr\u00fcchen assoziiert und wird daher als neuropathogen bezeichnet. Allerdings entwickelt nur ein Teil der infizierten Pferde neurologische Symptome. Die N752-Variante wird vor allem bei Aborten, aber auch bei einem kleineren Teil neurologischer Erkrankungen isoliert. Eine Differenzierung ist v.a. aus epidemiologischer Sicht interessant.<\/p>\n<p><b><strong>EHV-2 und EHV-5<\/strong><\/b><\/p>\n<p>Eine Beteiligung von EHV-2 und\/oder EHV-5 an einer Keratokonjunktivitis wird seit Langem vermutet, und diese Viren werden tats\u00e4chlich auch regelm\u00e4\u00dfig aus Konjunktival\u00adtupfern nachgewiesen. In den zur\u00fcckliegenden Jahren wurden EHV-2 und 5 aber auch zunehmend als Wegbereiter f\u00fcr andere virale und bakterielle Infektionen des Respirationstraktes nachgewiesen. Vor allem bei Jungtieren konnten EHV-2 und\/oder 5 bei behandlungs\u00adresistenten, teils katarrhalisch-eitrigen, teils nekrotisierenden oder abszedierenden Bronchopneumonien nachgewiesen werden. EHV-5 wurde k\u00fcrzlich als \u00e4tiologisches Agens einer <b><strong>\u201eEquine Multinodular Pulmonary Fibrosis\u201c (<\/strong><\/b><b><strong>EMPF)<\/strong><\/b>\u00a0dargestellt.<\/p>\n<p><b><strong>EHV-3<\/strong><\/b><\/p>\n<p>Das durch das equine Herpesvirus Typ 3 (EHV-3) hervorgerufene, in Deutschland nur sporadisch auftretende Koitalexanthem ist eine mild verlaufende Deckinfektion beim Pferd. Klinisch zeigen sich Bl\u00e4schen, Pusteln und Erosionen auf der Schleimhaut von Vestibulum, Penis oder Pr\u00e4putium sowie auf benachbarten Hautstellen. Eine Heilung erfolgt spontan nach ca. 2-3 Wochen, kann aber durch Sekund\u00e4rinfektionen verkompliziert werden. Die \u00dcbertragung erfolgt vor allem \u00fcber den Deckakt, ist aber auch durch engen Kontakt sowie rektale und vaginale Untersuchungen m\u00f6glich. Infizierte Tiere bleiben lebenslang Virustr\u00e4ger.[\/vc_column_text][\/vc_accordion_tab][vc_accordion_tab title=&#187;Herpesviren Rind (BHV)&#187;][vc_column_text]<\/p>\n<p style=\"font-weight: 300;\">Das bovine Herpesvirus 1 (BHV-1) ist der Erreger der infekti\u00f6sen bovinen Rhinotracheitis (IBR), die \u2013 je nach Lokalisation der Erkrankung in den einzelnen Organsystemen \u2013 auch als infekti\u00f6se pustul\u00f6se Vulvovaginitis (IPV) und infekti\u00f6se Balanopostitis (IBP) bezeichnet wird.<\/p>\n<p style=\"font-weight: 300;\"><strong>Es handelt sich um eine in Deutschland anzeigepflichtige Tierseuche!<\/strong><\/p>\n<p>[\/vc_column_text][\/vc_accordion_tab][vc_accordion_tab title=&#187;Herpesviren Schwein&#187;][vc_column_text]Das suide Herpesvirus 1 verursacht die <strong>Aujeszkysche Krankheit (Pseudorabies) <\/strong>und wird auch als Aujeszky-Virus (AKV) oder Pseudorabies-Virus (PrV) bezeichnet. Das Schwein ist der nat\u00fcrliche Wirt; es entwickelt je nach Alter verschiedene Krankheitsbilder und kann die Infektion \u00fcberleben, w\u00e4hrend die Infektion bei anderen Tieren t\u00f6dlich verl\u00e4uft. Deutschland ist bei Hausschweinen seit 2003 Aujeszky-frei, aber in der Schwarzwildpopulation kommt das Virus vor und kann v.a. Jagdhunde \u2013 auch \u00fcber Fleischabf\u00e4lle gesunder, aber latent infizierter Wildschweine \u2013 anstecken. Beim Hund f\u00fchrt die Infektion zu zentralnerv\u00f6sen St\u00f6rungen, meist Juckreiz und Tod nach 1 &#8211; 3 Tagen.<br \/>\nDie Aujeszkysche Krankheit ist in Deutschland bei Hausrindern und Hausschweinen<strong> anzeigepflichtig.<\/strong>[\/vc_column_text][\/vc_accordion_tab][vc_accordion_tab title=&#187;Herpesviren Koi (KHV)&#187;][vc_column_text]Das Koi-Herpesvirus ist ein hochinfekti\u00f6ses Virus, das bei Karpfen (Koi und Nutzkarpfen) in den letzten Jahren seuchenhafte Krankheitsgeschehen in Abh\u00e4ngigkeit von der Wassertemperatur verursacht hat. Morbidit\u00e4ts- und Mortalit\u00e4tsraten k\u00f6nnen innerhalb von 1 &#8211; 2 Wochen nach Erregereintrag bis zu 100 % betragen. Die Inkubationszeit betr\u00e4gt von wenigen Wochen bis zu mehreren Monaten. Sie ist von verschiedenen \u00e4u\u00dferen und inneren Faktoren wie Stress und Kondition der Fische abh\u00e4ngig. Betroffen sind Fische aller Altersklassen bei Wassertemperaturen zwischen 18 &#8211; 29\u00b0 C. Klinisch gesehen stehen Kiemennekrosen, vermehrte Schleimproduktion, H\u00e4morrhagien der Haut, Leber, Milz und Nieren im Vordergrund. \u00dcberlebende Fische bleiben vermutlich \u00fcber Jahre latente Virustr\u00e4ger und stellen eine potentielle Gefahr beim Handel mit Lebendfischen in der Teichwirtschaft und Hobbyhaltung dar. Eine Immunisierung mittels attenuiertem Lebendimpfstoff wird derzeit aus wissenschaftlicher Sicht abgelehnt.<\/p>\n<p><b><strong>Anzeigepflichtige Tierseuche in Deutschland!<\/strong><\/b>[\/vc_column_text][\/vc_accordion_tab][\/vc_accordion][\/vc_column][\/vc_row]<\/p>\n<\/div>","protected":false},"excerpt":{"rendered":"<p>[vc_row][vc_column][vc_column_text][\/vc_column_text][\/vc_column][\/vc_row][vc_row type=&#187;vc_default&#187; css=&#187;.vc_custom_1603120142582{margin-top: 20px !important;}&#187;][vc_column][vc_column_text] * Partnerlabor Allgemeine Informationen Herpesviren verursachen bei fast allen Tierarten seuchenhafte sowie latente oder persistierende Krankheiten. Der Name leitet sich von dem griechischen Wort \u201eherpein\u201c (kriechen) ab. Allen Herpesviren gemeinsam ist die lebenslange Latenz im Wirtsorganismus. [\/vc_column_text][\/vc_column][\/vc_row][vc_row type=&#187;vc_default&#187; css=&#187;.vc_custom_1603120342350{margin-top: 30px !important;}&#187;][vc_column][vc_accordion active_tab=&#187;false&#187; collapsible=&#187;yes&#187; title_size=&#187;normal&#187; style=&#187;2&#8243;][vc_accordion_tab title=&#187;Herpesviren Hund&#187;][vc_column_text] Das sog. \u201eWelpensterben\u201c&hellip;<\/p>\n","protected":false},"author":1,"featured_media":0,"parent":1332774,"menu_order":260,"comment_status":"closed","ping_status":"closed","template":"","meta":{"_seopress_robots_primary_cat":"","_seopress_titles_title":"","_seopress_titles_desc":"","_seopress_robots_index":"","footnotes":""},"class_list":["post-1332957","page","type-page","status-publish","hentry","description-off"],"_links":{"self":[{"href":"https:\/\/laboklin.de\/de-ch\/wp-json\/wp\/v2\/pages\/1332957","targetHints":{"allow":["GET"]}}],"collection":[{"href":"https:\/\/laboklin.de\/de-ch\/wp-json\/wp\/v2\/pages"}],"about":[{"href":"https:\/\/laboklin.de\/de-ch\/wp-json\/wp\/v2\/types\/page"}],"author":[{"embeddable":true,"href":"https:\/\/laboklin.de\/de-ch\/wp-json\/wp\/v2\/users\/1"}],"replies":[{"embeddable":true,"href":"https:\/\/laboklin.de\/de-ch\/wp-json\/wp\/v2\/comments?post=1332957"}],"version-history":[{"count":0,"href":"https:\/\/laboklin.de\/de-ch\/wp-json\/wp\/v2\/pages\/1332957\/revisions"}],"up":[{"embeddable":true,"href":"https:\/\/laboklin.de\/de-ch\/wp-json\/wp\/v2\/pages\/1332774"}],"wp:attachment":[{"href":"https:\/\/laboklin.de\/de-ch\/wp-json\/wp\/v2\/media?parent=1332957"}],"curies":[{"name":"wp","href":"https:\/\/api.w.org\/{rel}","templated":true}]}}