{"id":1332936,"date":"2020-10-16T11:36:27","date_gmt":"2020-10-16T09:36:27","guid":{"rendered":"https:\/\/laboklin.de\/leistungen\/infektionskrankheiten-erreger-und-antikoerpernachweise\/viren\/equines-arteritis-virus-eav\/"},"modified":"2024-11-13T14:03:43","modified_gmt":"2024-11-13T13:03:43","slug":"equines-arteritis-virus-eav","status":"publish","type":"page","link":"https:\/\/laboklin.de\/de-ch\/leistungen\/infektionskrankheiten-erreger-und-antikoerpernachweise\/viren\/equines-arteritis-virus-eav\/","title":{"rendered":"Equines Arteritis-Virus (EAV)"},"content":{"rendered":"<div class=\"wpb-content-wrapper\"><p>[vc_row][vc_column][vc_column_text]<h3>Leistungsspektrum<\/h3><div class=\"vc_tta-panels-container\"><div class=\"vc_tta-panels\"><li class=\"menu-item sub-page\"><a href=\"https:\/\/laboklin.de\/de-ch\/leistungen\/infektionskrankheiten-erreger-und-antikoerpernachweise\/viren\/equines-arteritis-virus-eav\/equines-arteriitis-virus-eva-antikoerper\/\">Equines Arteritisvirus (EVA) - Antik\u00f6rper<\/a><\/li><\/div><\/div>[\/vc_column_text][\/vc_column][\/vc_row][vc_row type=&#187;vc_default&#187; css=&#187;.vc_custom_1612016057265{margin-top: 30px !important;}&#187;][vc_column][vc_column_text css=&#187;.vc_custom_1604308289240{margin-top: 20px !important;}&#187;]<\/p>\n<h3>Allgemeine Informationen<\/h3>\n<p>Die <strong>equine virale Arteriitis (EVA)<\/strong> ist eine durch das <strong>equine Arteriitis-Virus (EAV)<\/strong> verursachte ansteckende Viruserkrankung der Equiden, die weltweit verbreitet ist. Best\u00e4tigte Ausbr\u00fcche scheinen in den zur\u00fcckliegenden Jahren zugenommen zu haben. Die Mehrheit der nat\u00fcrlich erworbenen Infektionen verl\u00e4uft subklinisch; dennoch kommt es zur Serokonversion. Wenn klinische Symptome auftreten, variieren sie in Art und Auspr\u00e4gung: Fieber, Depression, Anorexie und periphere \u00d6deme, Konjunktivitis (\u201ePink eye\u201c), Nesselfieber oder Aborte, bei Jungtieren kommen auch Pneumonien und Pneumo-Enteritiden vor. Zur Virus\u00fcbertragung kommt es haupts\u00e4chlich \u00fcber das Ejakulat. Persistent infizierte Carrierhengste beherbergen das Virus in ihren akzessorischen Geschlechtsdr\u00fcsen und scheiden es intermittierend mit den Genitalsekreten aus. Wallache, pr\u00e4pubert\u00e4re Hengste und Stuten k\u00f6nnen keine Carrier sein. V.a. bei allgemeinerkrankten Tieren kann es zu einer Ausscheidung auch \u00fcber andere K\u00f6rpersekrete kommen, wie z.B. aerolisierte Sekrete des Respirationstraktes, Urin, Abortmaterial o.a.<\/p>\n<p>Der Nachweis von EVA bei Einhufern (Pferd, Esel etc.) ist in Deutschland<strong> meldepflichtig.<\/strong>[\/vc_column_text][\/vc_column][\/vc_row]<\/p>\n<\/div>","protected":false},"excerpt":{"rendered":"<p>[vc_row][vc_column][vc_column_text][\/vc_column_text][\/vc_column][\/vc_row][vc_row type=&#187;vc_default&#187; css=&#187;.vc_custom_1612016057265{margin-top: 30px !important;}&#187;][vc_column][vc_column_text css=&#187;.vc_custom_1604308289240{margin-top: 20px !important;}&#187;] Allgemeine Informationen Die equine virale Arteriitis (EVA) ist eine durch das equine Arteriitis-Virus (EAV) verursachte ansteckende Viruserkrankung der Equiden, die weltweit verbreitet ist. Best\u00e4tigte Ausbr\u00fcche scheinen in den zur\u00fcckliegenden Jahren zugenommen zu haben. Die Mehrheit der nat\u00fcrlich erworbenen Infektionen verl\u00e4uft subklinisch; dennoch kommt es zur Serokonversion. Wenn&hellip;<\/p>\n","protected":false},"author":1,"featured_media":0,"parent":1332774,"menu_order":160,"comment_status":"closed","ping_status":"closed","template":"","meta":{"_seopress_robots_primary_cat":"","_seopress_titles_title":"","_seopress_titles_desc":"","_seopress_robots_index":"","footnotes":""},"class_list":["post-1332936","page","type-page","status-publish","hentry","description-off"],"_links":{"self":[{"href":"https:\/\/laboklin.de\/de-ch\/wp-json\/wp\/v2\/pages\/1332936","targetHints":{"allow":["GET"]}}],"collection":[{"href":"https:\/\/laboklin.de\/de-ch\/wp-json\/wp\/v2\/pages"}],"about":[{"href":"https:\/\/laboklin.de\/de-ch\/wp-json\/wp\/v2\/types\/page"}],"author":[{"embeddable":true,"href":"https:\/\/laboklin.de\/de-ch\/wp-json\/wp\/v2\/users\/1"}],"replies":[{"embeddable":true,"href":"https:\/\/laboklin.de\/de-ch\/wp-json\/wp\/v2\/comments?post=1332936"}],"version-history":[{"count":1,"href":"https:\/\/laboklin.de\/de-ch\/wp-json\/wp\/v2\/pages\/1332936\/revisions"}],"predecessor-version":[{"id":1494191,"href":"https:\/\/laboklin.de\/de-ch\/wp-json\/wp\/v2\/pages\/1332936\/revisions\/1494191"}],"up":[{"embeddable":true,"href":"https:\/\/laboklin.de\/de-ch\/wp-json\/wp\/v2\/pages\/1332774"}],"wp:attachment":[{"href":"https:\/\/laboklin.de\/de-ch\/wp-json\/wp\/v2\/media?parent=1332936"}],"curies":[{"name":"wp","href":"https:\/\/api.w.org\/{rel}","templated":true}]}}