{"id":1332924,"date":"2020-10-16T11:36:27","date_gmt":"2020-10-16T09:36:27","guid":{"rendered":"https:\/\/laboklin.de\/leistungen\/infektionskrankheiten-erreger-und-antikoerpernachweise\/viren\/carp-edema-virus-cev\/"},"modified":"2024-11-13T14:05:50","modified_gmt":"2024-11-13T13:05:50","slug":"carp-edema-virus-cev","status":"publish","type":"page","link":"https:\/\/laboklin.de\/de-ch\/leistungen\/infektionskrankheiten-erreger-und-antikoerpernachweise\/viren\/carp-edema-virus-cev\/","title":{"rendered":"Carp Edema Virus (CEV)"},"content":{"rendered":"<div class=\"wpb-content-wrapper\"><p>[vc_row][vc_column][vc_column_text]<h3>Leistungsspektrum<\/h3><div class=\"vc_tta-panels-container\"><div class=\"vc_tta-panels\"><li class=\"menu-item sub-page\"><a href=\"https:\/\/laboklin.de\/de-ch\/leistungen\/infektionskrankheiten-erreger-und-antikoerpernachweise\/viren\/carp-edema-virus-cev\/carp-edema-virus-cev-pcr\/\">Carp Edema Virus (CEV) - PCR<\/a><\/li><\/div><\/div>[\/vc_column_text][\/vc_column][\/vc_row][vc_row type=&#187;vc_default&#187; css=&#187;.vc_custom_1612015821653{margin-top: 30px !important;}&#187;][vc_column][vc_column_text css=&#187;.vc_custom_1612015839838{margin-top: 20px !important;}&#187;]<\/p>\n<h3>Allgemeine Informationen<\/h3>\n<p class=\"bodytext\">Das Carp Edema Virus wurde erstmals 1974 in Japan und 2014 auch in Deutschland beschrieben und geh\u00f6rt zur Familie der Poxviridae. Es wurden drei unterschiedliche CEV-Linien identifiziert, die zu klinischen Symptomen bei Koi- und Karpfen f\u00fchren k\u00f6nnen.<br \/>\nDie\u00a0<b>Koi Sleepy Disease\u00a0(Schlafkrankheit der Koi)<\/b> tritt normalerweise im Bereich von 15 &#8211; 25 \u00b0C auf, insbesondere bei Karpfen aber auch bei deutlich niedrigeren Temperaturen.<br \/>\nDie Inkubationszeit ist von der Wassertemperatur abh\u00e4ngig. Symptome sind Lethargie und das Ablegen auf den Grund. Zus\u00e4tzlich kann es zu Erosionen und H\u00e4morrhagien der Haut mit \u00d6demen in den darunter liegenden Gewebeschichten sowie einer \u00dcberproduktion von Schleim auf Haut und Kiemen kommen. Sekund\u00e4rinfektionen sind m\u00f6glich.<br \/>\nDifferentialdiagnostisch sind das Koi-Herpesvirus (KHV), Spring Viraemia of Carp (SVC), eine hohe organische Belastung des Wassers sowie der Befall mit Ektoparasiten zu beachten.<\/p>\n<p>[\/vc_column_text][\/vc_column][\/vc_row]<\/p>\n<\/div>","protected":false},"excerpt":{"rendered":"<p>[vc_row][vc_column][vc_column_text][\/vc_column_text][\/vc_column][\/vc_row][vc_row type=&#187;vc_default&#187; css=&#187;.vc_custom_1612015821653{margin-top: 30px !important;}&#187;][vc_column][vc_column_text css=&#187;.vc_custom_1612015839838{margin-top: 20px !important;}&#187;] Allgemeine Informationen Das Carp Edema Virus wurde erstmals 1974 in Japan und 2014 auch in Deutschland beschrieben und geh\u00f6rt zur Familie der Poxviridae. Es wurden drei unterschiedliche CEV-Linien identifiziert, die zu klinischen Symptomen bei Koi- und Karpfen f\u00fchren k\u00f6nnen. Die\u00a0Koi Sleepy Disease\u00a0(Schlafkrankheit der Koi) tritt normalerweise im&hellip;<\/p>\n","protected":false},"author":1,"featured_media":0,"parent":1332774,"menu_order":110,"comment_status":"closed","ping_status":"closed","template":"","meta":{"_seopress_robots_primary_cat":"","_seopress_titles_title":"","_seopress_titles_desc":"","_seopress_robots_index":"","footnotes":""},"class_list":["post-1332924","page","type-page","status-publish","hentry","description-off"],"_links":{"self":[{"href":"https:\/\/laboklin.de\/de-ch\/wp-json\/wp\/v2\/pages\/1332924","targetHints":{"allow":["GET"]}}],"collection":[{"href":"https:\/\/laboklin.de\/de-ch\/wp-json\/wp\/v2\/pages"}],"about":[{"href":"https:\/\/laboklin.de\/de-ch\/wp-json\/wp\/v2\/types\/page"}],"author":[{"embeddable":true,"href":"https:\/\/laboklin.de\/de-ch\/wp-json\/wp\/v2\/users\/1"}],"replies":[{"embeddable":true,"href":"https:\/\/laboklin.de\/de-ch\/wp-json\/wp\/v2\/comments?post=1332924"}],"version-history":[{"count":1,"href":"https:\/\/laboklin.de\/de-ch\/wp-json\/wp\/v2\/pages\/1332924\/revisions"}],"predecessor-version":[{"id":1494197,"href":"https:\/\/laboklin.de\/de-ch\/wp-json\/wp\/v2\/pages\/1332924\/revisions\/1494197"}],"up":[{"embeddable":true,"href":"https:\/\/laboklin.de\/de-ch\/wp-json\/wp\/v2\/pages\/1332774"}],"wp:attachment":[{"href":"https:\/\/laboklin.de\/de-ch\/wp-json\/wp\/v2\/media?parent=1332924"}],"curies":[{"name":"wp","href":"https:\/\/api.w.org\/{rel}","templated":true}]}}