{"id":1332900,"date":"2020-10-16T11:36:27","date_gmt":"2020-10-16T09:36:27","guid":{"rendered":"https:\/\/laboklin.de\/leistungen\/infektionskrankheiten-erreger-und-antikoerpernachweise\/viren\/adenoviren\/"},"modified":"2024-11-13T14:09:17","modified_gmt":"2024-11-13T13:09:17","slug":"adenoviren","status":"publish","type":"page","link":"https:\/\/laboklin.de\/de-ch\/leistungen\/infektionskrankheiten-erreger-und-antikoerpernachweise\/viren\/adenoviren\/","title":{"rendered":"Adenoviren"},"content":{"rendered":"<div class=\"wpb-content-wrapper\"><p>[vc_row][vc_column][vc_column_text]<h3>Leistungsspektrum<\/h3><div class=\"vc_tta-panels-container\"><div class=\"vc_tta-panels\"><li class=\"menu-item sub-page\"><a href=\"https:\/\/laboklin.de\/de-ch\/leistungen\/infektionskrankheiten-erreger-und-antikoerpernachweise\/viren\/adenoviren\/adenovirus-kleinsaeuger-antikoerper\/\">Adenovirus (Kleins\u00e4uger) - Antik\u00f6rper*<\/a><\/li><li class=\"menu-item sub-page\"><a href=\"https:\/\/laboklin.de\/de-ch\/leistungen\/infektionskrankheiten-erreger-und-antikoerpernachweise\/viren\/adenoviren\/adenovirus-meerschwein-pcr\/\">Adenovirus (Meerschwein) - PCR<\/a><\/li><li class=\"menu-item sub-page\"><a href=\"https:\/\/laboklin.de\/de-ch\/leistungen\/infektionskrankheiten-erreger-und-antikoerpernachweise\/viren\/adenoviren\/adenovirus-reptil-vogel-pcr\/\">Adenovirus (Reptil, Vogel) - PCR<\/a><\/li><li class=\"menu-item sub-page\"><a href=\"https:\/\/laboklin.de\/de-ch\/leistungen\/infektionskrankheiten-erreger-und-antikoerpernachweise\/viren\/adenoviren\/canines-adenovirus-1-cav-1-hcc-antikoerper\/\">Canines Adenovirus 1 (CAV 1, Hcc) - Antik\u00f6rper<\/a><\/li><li class=\"menu-item sub-page\"><a href=\"https:\/\/laboklin.de\/de-ch\/leistungen\/infektionskrankheiten-erreger-und-antikoerpernachweise\/viren\/adenoviren\/canines-adenovirus-1-cav-1-hcc-pcr\/\">Canines Adenovirus 1 (CAV-1, HCC) - PCR<\/a><\/li><li class=\"menu-item sub-page\"><a href=\"https:\/\/laboklin.de\/de-ch\/leistungen\/infektionskrankheiten-erreger-und-antikoerpernachweise\/viren\/adenoviren\/canines-adenovirus-2-cav-2-pcr\/\">Canines Adenovirus 2 (CAV-2) - PCR<\/a><\/li><\/div><\/div>\n<div class=\"gap\" style=\"line-height: 20px; height: 20px;\"><\/div>\n<p>* Partnerlabor[\/vc_column_text][\/vc_column][\/vc_row][vc_row type=&#187;vc_default&#187; css=&#187;.vc_custom_1603118181977{margin-top: 20px !important;}&#187;][vc_column][vc_column_text css=&#187;.vc_custom_1604502462987{margin-top: 30px !important;margin-bottom: 20px !important;}&#187;]<\/p>\n<h3>Allgemeine Informationen<\/h3>\n<p class=\"bodytext\">Adenoviren sind unbeh\u00fcllte Doppelstrang-DNA-Viren, die sich durch eine hohe Tenazit\u00e4t auszeichnen. Sie geh\u00f6ren zu den linearen doppelstr\u00e4ngigen DNA-Viren. Adenoviren sind streng wirtsspezifisch und nur in Ausnahmef\u00e4llen kommt es zu einer Infektion verwandter oder artfremder Tierarten. Adenoviren verursachen zumeist milde respiratorische Symptome und sind an vielen Faktorenerkrankungen beteiligt.<\/p>\n<p>[\/vc_column_text][vc_accordion active_tab=&#187;false&#187; title_size=&#187;normal&#187; style=&#187;2&#8243;][vc_accordion_tab title=&#187;Adenoviren Hund (CAV 1, 2)&#187;][vc_column_text css=&#187;.vc_custom_1715581671826{margin-left: 20px !important;}&#187;]<b><strong>Hepatitis contagiosa canis (HCC)<\/strong><\/b><\/p>\n<p>Eine HCC wird durch das\u00a0<b><strong>canine Adenovirus 1 (<\/strong><\/b><b><strong>CAV-1)<\/strong><\/b>\u00a0verursacht. Das Virus wird \u00fcber Urin und Kot ausgeschieden und die \u00dcbertragung erfolgt direkt oder indirekt. Nach oronasaler Infektion vermehrt sich das Virus zuerst in den Tonsillen, anschlie\u00dfend im Endothel der Blutgef\u00e4\u00dfe, in Hepatozyten sowie in Kornea und Uvea. Die Ablagerung von Immunkomplexen kann zu Glomerulonephritis und Uveitis mit Tr\u00fcbung der Kornea (\u201eBlue eye\u201c) f\u00fchren. Die HCC kann akut oder chronisch verlaufen. V.a. bei ungeimpften Welpen ist ein perakuter oder akuter Verlauf mit t\u00f6dlichem Ausgang m\u00f6glich. Neben Hunden sind auch alle anderen Spezies der Familie Canidae empf\u00e4nglich f\u00fcr eine Infektion mit CAV-1.<\/p>\n<p>Da in Deutschland seit einiger Zeit konsequent gegen die HCC geimpft wird, ist das Virus CAV-1 heutzutage weitestgehend aus den Hundepopulationen verschwunden und wird nur noch sporadisch nachgewiesen. In osteurop\u00e4ischen L\u00e4ndern kommt CAV-1 jedoch noch vor.<\/p>\n<p><b><strong>Infekti\u00f6se Laryngotracheitis<\/strong><\/b><\/p>\n<p>Die infekti\u00f6se Laryngotracheitis wird durch das\u00a0<b><strong>canine Adenovirus 2 (<\/strong><\/b><b><strong>CAV-2)<\/strong><\/b>\u00a0verursacht. Das Virus besitzt eine starke Affinit\u00e4t zu den Epithelien des Respirationstraktes und ist eine Komponente des \u201eZwingerhustenkomplexes\u201c.[\/vc_column_text][\/vc_accordion_tab][vc_accordion_tab title=&#187;Adenoviren Reptilien&#187;][vc_column_text css=&#187;.vc_custom_1639488059391{margin-left: 20px !important;}&#187;]Adenoviren, zumeist bei Echsen und Schlangen nachgewiesen, spielen bei Reptilien eine wichtige Rolle. In der Literatur werden Adenoviren insbesondere bei Bartagamen beschrieben. Das klinische Bild ist oft unspezifisch. Bei den\u00a0<b>Bartagamen<\/b>\u00a0sind \u00fcberwiegend Jungtiere betroffen. Oft zu beobachtende klinische Symptome umfassen Anorexie, Apathie, Diarrh\u00f6e und Opisthotonus. Zu den h\u00e4ufig betroffenen\u00a0<b>Schlangen<\/b>familien geh\u00f6ren Boas, Nattern und Vipern. Gastro\u00adintestinale Symptome stehen im Vordergrund. Die Leber ist ebenfalls sehr h\u00e4ufig betroffen. Die \u00dcbertragung geschieht wahrscheinlich \u00fcber den Kot, auch eine vertikale \u00dcbertragung wird diskutiert.[\/vc_column_text][\/vc_accordion_tab][vc_accordion_tab title=&#187;Adenoviren Meerschweinchen&#187;][vc_column_text css=&#187;&#187;]Das Adenovirus beim Meerschwein (GPAdV) hat eine Inkubationszeit von 5-10 Tagen (Nachweis \u00fcber PCR auf nasalen Schleimh\u00e4uten im Zeitraum Tag 6 \u2013 15 nach Infektion) und kann eine nicht eitrige nekrotisierende Bronchitis und Bronchiolitis verursachen. Das Adenovirus wird \u00fcber direkten Kontakt von Tier zu Tier \u00fcbertragen. Eine Ausscheidung des Virusmaterials \u00fcber Mund-\/Nasensekrete und Faeces ist beschrieben. Vor allem junge und immunsupprimierte Tiere sind empf\u00e4nglich f\u00fcr das Virus. Als klinische Symptome k\u00f6nnen Inappetenz, Nasenausfluss und eine Tracheobronchitis auftreten. Ebenso kann in manchen F\u00e4llen ein perakuter Tod die Folge einer Infektion sein. Eine hohe Mortalit\u00e4t ist vor allem bei jungen Tieren zu beobachten.[\/vc_column_text][\/vc_accordion_tab][vc_accordion_tab title=&#187;Adenoviren V\u00f6gel&#187;][vc_column_text css=&#187;&#187;]Adenovirusinfektionen verlaufen beim adulten Vogel oft subklinisch, bei Jungv\u00f6geln oder immungeschw\u00e4chten Tieren kann es jedoch zu schweren Erkrankungen kommen. Wie bei den Reptilien ist das klinische Bild unspezifisch. Je nach Serotyp zeigen sich unterschiedliche Symptome wie verringerte Futteraufnahme, Leistungseinbr\u00fcche (bei Nutzgefl\u00fcgel), Hepatitis, respiratorische Symptome, Durchf\u00e4lle u. a. \u2013 sehr h\u00e4ufig sind Adenoviren an multifaktoriellen Erkrankungen beteiligt.[\/vc_column_text][\/vc_accordion_tab][\/vc_accordion][\/vc_column][\/vc_row]<\/p>\n<\/div>","protected":false},"excerpt":{"rendered":"<p>[vc_row][vc_column][vc_column_text] * Partnerlabor[\/vc_column_text][\/vc_column][\/vc_row][vc_row type=&#187;vc_default&#187; css=&#187;.vc_custom_1603118181977{margin-top: 20px !important;}&#187;][vc_column][vc_column_text css=&#187;.vc_custom_1604502462987{margin-top: 30px !important;margin-bottom: 20px !important;}&#187;] Allgemeine Informationen Adenoviren sind unbeh\u00fcllte Doppelstrang-DNA-Viren, die sich durch eine hohe Tenazit\u00e4t auszeichnen. Sie geh\u00f6ren zu den linearen doppelstr\u00e4ngigen DNA-Viren. Adenoviren sind streng wirtsspezifisch und nur in Ausnahmef\u00e4llen kommt es zu einer Infektion verwandter oder artfremder Tierarten. Adenoviren verursachen zumeist milde respiratorische Symptome&hellip;<\/p>\n","protected":false},"author":1,"featured_media":0,"parent":1332774,"menu_order":10,"comment_status":"closed","ping_status":"closed","template":"","meta":{"_seopress_robots_primary_cat":"","_seopress_titles_title":"","_seopress_titles_desc":"","_seopress_robots_index":"","footnotes":""},"class_list":["post-1332900","page","type-page","status-publish","hentry","description-off"],"_links":{"self":[{"href":"https:\/\/laboklin.de\/de-ch\/wp-json\/wp\/v2\/pages\/1332900","targetHints":{"allow":["GET"]}}],"collection":[{"href":"https:\/\/laboklin.de\/de-ch\/wp-json\/wp\/v2\/pages"}],"about":[{"href":"https:\/\/laboklin.de\/de-ch\/wp-json\/wp\/v2\/types\/page"}],"author":[{"embeddable":true,"href":"https:\/\/laboklin.de\/de-ch\/wp-json\/wp\/v2\/users\/1"}],"replies":[{"embeddable":true,"href":"https:\/\/laboklin.de\/de-ch\/wp-json\/wp\/v2\/comments?post=1332900"}],"version-history":[{"count":3,"href":"https:\/\/laboklin.de\/de-ch\/wp-json\/wp\/v2\/pages\/1332900\/revisions"}],"predecessor-version":[{"id":1474381,"href":"https:\/\/laboklin.de\/de-ch\/wp-json\/wp\/v2\/pages\/1332900\/revisions\/1474381"}],"up":[{"embeddable":true,"href":"https:\/\/laboklin.de\/de-ch\/wp-json\/wp\/v2\/pages\/1332774"}],"wp:attachment":[{"href":"https:\/\/laboklin.de\/de-ch\/wp-json\/wp\/v2\/media?parent=1332900"}],"curies":[{"name":"wp","href":"https:\/\/api.w.org\/{rel}","templated":true}]}}