{"id":1332849,"date":"2020-10-16T11:36:26","date_gmt":"2020-10-16T09:36:26","guid":{"rendered":"https:\/\/laboklin.de\/leistungen\/profile\/profile-screenings-pferd\/klinisch-chemische-profile-screenings\/"},"modified":"2025-01-27T12:25:14","modified_gmt":"2025-01-27T11:25:14","slug":"klinisch-chemische-profile-screenings","status":"publish","type":"page","link":"https:\/\/laboklin.de\/de-ch\/leistungen\/profile\/profile-screenings-pferd\/klinisch-chemische-profile-screenings\/","title":{"rendered":"Klinisch-chemische Profile\/Screenings"},"content":{"rendered":"<h3>Leistungsspektrum<\/h3><div class=\"vc_tta-panels-container\"><div class=\"vc_tta-panels\"><li class=\"menu-item sub-page\"><a href=\"https:\/\/laboklin.de\/de-ch\/leistungen\/profile\/profile-screenings-pferd\/klinisch-chemische-profile-screenings\/blutspende-profil-pferd\/\">Blutspende-Profil (Pferd)<\/a><\/li><li class=\"menu-item sub-page\"><a href=\"https:\/\/laboklin.de\/de-ch\/leistungen\/profile\/profile-screenings-pferd\/klinisch-chemische-profile-screenings\/eisenstoffwechsel-profil\/\">Eisenstoffwechsel-Profil<\/a><\/li><li class=\"menu-item sub-page\"><a href=\"https:\/\/laboklin.de\/de-ch\/leistungen\/profile\/profile-screenings-pferd\/klinisch-chemische-profile-screenings\/ems-monitoring\/\">EMS-Monitoring (equines metabolisches Syndrom) <\/a><\/li><li class=\"menu-item sub-page\"><a href=\"https:\/\/laboklin.de\/de-ch\/leistungen\/profile\/profile-screenings-pferd\/klinisch-chemische-profile-screenings\/ems-profil-equines-metabolisches-syndrom\/\">EMS-Profil (equines metabolisches Syndrom) <\/a><\/li><li class=\"menu-item sub-page\"><a href=\"https:\/\/laboklin.de\/de-ch\/leistungen\/profile\/profile-screenings-pferd\/klinisch-chemische-profile-screenings\/equines-cushing-profil\/\">PPID-Profil (equines Cushing)<\/a><\/li><li class=\"menu-item sub-page\"><a href=\"https:\/\/laboklin.de\/de-ch\/leistungen\/profile\/profile-screenings-pferd\/klinisch-chemische-profile-screenings\/fohlenprofil\/\">Fohlenprofil<\/a><\/li><li class=\"menu-item sub-page\"><a href=\"https:\/\/laboklin.de\/de-ch\/leistungen\/profile\/profile-screenings-pferd\/klinisch-chemische-profile-screenings\/leber-1\/\">Leber 1 <\/a><\/li><li class=\"menu-item sub-page\"><a href=\"https:\/\/laboklin.de\/de-ch\/leistungen\/profile\/profile-screenings-pferd\/klinisch-chemische-profile-screenings\/leber-2\/\">Leber 2<\/a><\/li><li class=\"menu-item sub-page\"><a href=\"https:\/\/laboklin.de\/de-ch\/leistungen\/profile\/profile-screenings-pferd\/klinisch-chemische-profile-screenings\/leistungszustand-pferd\/\">Leistungsprofil Pferd<\/a><\/li><li class=\"menu-item sub-page\"><a href=\"https:\/\/laboklin.de\/de-ch\/leistungen\/profile\/profile-screenings-pferd\/klinisch-chemische-profile-screenings\/mineralstoff-profil-ii\/\">Mineralstoff-Profil II<\/a><\/li><li class=\"menu-item sub-page\"><a href=\"https:\/\/laboklin.de\/de-ch\/leistungen\/profile\/profile-screenings-pferd\/klinisch-chemische-profile-screenings\/muskel-screening\/\">Muskel-Screening<\/a><\/li><li class=\"menu-item sub-page\"><a href=\"https:\/\/laboklin.de\/de-ch\/leistungen\/profile\/profile-screenings-pferd\/klinisch-chemische-profile-screenings\/muskel-screening-erweitert\/\">Muskel-Screening erweitert <\/a><\/li><li class=\"menu-item sub-page\"><a href=\"https:\/\/laboklin.de\/de-ch\/leistungen\/profile\/profile-screenings-pferd\/klinisch-chemische-profile-screenings\/niere-1\/\">Niere 1<\/a><\/li><li class=\"menu-item sub-page\"><a href=\"https:\/\/laboklin.de\/de-ch\/leistungen\/profile\/profile-screenings-pferd\/klinisch-chemische-profile-screenings\/niere-grosstier\/\">Niere Gro\u00dftier<\/a><\/li><li class=\"menu-item sub-page\"><a href=\"https:\/\/laboklin.de\/de-ch\/leistungen\/profile\/profile-screenings-pferd\/klinisch-chemische-profile-screenings\/schwermetall-screening\/\">Schwermetall-Screening<\/a><\/li><li class=\"menu-item sub-page\"><a href=\"https:\/\/laboklin.de\/de-ch\/leistungen\/profile\/profile-screenings-pferd\/klinisch-chemische-profile-screenings\/screening-gross-equiden-wiederkaeuer\/\">Screening gro\u00df <\/a><\/li><li class=\"menu-item sub-page\"><a href=\"https:\/\/laboklin.de\/de-ch\/leistungen\/profile\/profile-screenings-pferd\/klinisch-chemische-profile-screenings\/screening-gross-haptoglobin\/\">Screening gro\u00df + Haptoglobin<\/a><\/li><li class=\"menu-item sub-page\"><a href=\"https:\/\/laboklin.de\/de-ch\/leistungen\/profile\/profile-screenings-pferd\/klinisch-chemische-profile-screenings\/screening-gross-saa\/\">Screening gro\u00df + SAA<\/a><\/li><li class=\"menu-item sub-page\"><a href=\"https:\/\/laboklin.de\/de-ch\/leistungen\/profile\/profile-screenings-pferd\/klinisch-chemische-profile-screenings\/screening-klein-pferd\/\">Screening klein (Pferd)<\/a><\/li><li class=\"menu-item sub-page\"><a href=\"https:\/\/laboklin.de\/de-ch\/leistungen\/profile\/profile-screenings-pferd\/klinisch-chemische-profile-screenings\/senior-profil-pferd\/\">Seniorprofil Pferd<\/a><\/li><li class=\"menu-item sub-page\"><a href=\"https:\/\/laboklin.de\/de-ch\/leistungen\/profile\/profile-screenings-pferd\/klinisch-chemische-profile-screenings\/tumordiagnostik-klein\/\">Tumordiagnostik klein<\/a><\/li><li class=\"menu-item sub-page\"><a href=\"https:\/\/laboklin.de\/de-ch\/leistungen\/profile\/profile-screenings-pferd\/klinisch-chemische-profile-screenings\/vitaminprofil-klein\/\">Vitaminprofil  klein<\/a><\/li><\/div><\/div>\n","protected":false},"excerpt":{"rendered":"<p>LeistungsspektrumBlutspende-Profil (Pferd)Eisenstoffwechsel-ProfilEMS-Monitoring (equines metabolisches Syndrom) EMS-Profil (equines metabolisches Syndrom) PPID-Profil (equines Cushing)FohlenprofilLeber 1 Leber 2Leistungsprofil PferdMineralstoff-Profil IIMuskel-ScreeningMuskel-Screening erweitert Niere 1Niere Gro\u00dftierSchwermetall-ScreeningScreening gro\u00df Screening gro\u00df + HaptoglobinScreening gro\u00df + SAAScreening klein (Pferd)Seniorprofil PferdTumordiagnostik kleinVitaminprofil klein<\/p>\n","protected":false},"author":1,"featured_media":0,"parent":1332741,"menu_order":0,"comment_status":"closed","ping_status":"closed","template":"","meta":{"_seopress_robots_primary_cat":"","_seopress_titles_title":"","_seopress_titles_desc":"","_seopress_robots_index":"","footnotes":""},"class_list":["post-1332849","page","type-page","status-publish","hentry","description-off"],"_links":{"self":[{"href":"https:\/\/laboklin.de\/de-ch\/wp-json\/wp\/v2\/pages\/1332849","targetHints":{"allow":["GET"]}}],"collection":[{"href":"https:\/\/laboklin.de\/de-ch\/wp-json\/wp\/v2\/pages"}],"about":[{"href":"https:\/\/laboklin.de\/de-ch\/wp-json\/wp\/v2\/types\/page"}],"author":[{"embeddable":true,"href":"https:\/\/laboklin.de\/de-ch\/wp-json\/wp\/v2\/users\/1"}],"replies":[{"embeddable":true,"href":"https:\/\/laboklin.de\/de-ch\/wp-json\/wp\/v2\/comments?post=1332849"}],"version-history":[{"count":1,"href":"https:\/\/laboklin.de\/de-ch\/wp-json\/wp\/v2\/pages\/1332849\/revisions"}],"predecessor-version":[{"id":1503813,"href":"https:\/\/laboklin.de\/de-ch\/wp-json\/wp\/v2\/pages\/1332849\/revisions\/1503813"}],"up":[{"embeddable":true,"href":"https:\/\/laboklin.de\/de-ch\/wp-json\/wp\/v2\/pages\/1332741"}],"wp:attachment":[{"href":"https:\/\/laboklin.de\/de-ch\/wp-json\/wp\/v2\/media?parent=1332849"}],"curies":[{"name":"wp","href":"https:\/\/api.w.org\/{rel}","templated":true}]}}