{"id":1332835,"date":"2020-10-16T11:36:26","date_gmt":"2020-10-16T09:36:26","guid":{"rendered":"https:\/\/laboklin.de\/leistungen\/profile\/profile-screenings-kleinsaeuger-voegel-reptilien-fische\/klinisch-chemische-profile-screenings\/"},"modified":"2020-10-16T11:36:26","modified_gmt":"2020-10-16T09:36:26","slug":"klinisch-chemische-profile-screenings","status":"publish","type":"page","link":"https:\/\/laboklin.de\/de-ch\/leistungen\/profile\/profile-screenings-kleinsaeuger-voegel-reptilien-fische\/klinisch-chemische-profile-screenings\/","title":{"rendered":"Klinisch-chemische Profile\/Screenings"},"content":{"rendered":"<h3>Leistungsspektrum<\/h3><div class=\"vc_tta-panels-container\"><div class=\"vc_tta-panels\"><li class=\"menu-item sub-page\"><a href=\"https:\/\/laboklin.de\/de-ch\/leistungen\/profile\/profile-screenings-kleinsaeuger-voegel-reptilien-fische\/klinisch-chemische-profile-screenings\/amphibien-screening\/\">Amphibien-Screening<\/a><\/li><li class=\"menu-item sub-page\"><a href=\"https:\/\/laboklin.de\/de-ch\/leistungen\/profile\/profile-screenings-kleinsaeuger-voegel-reptilien-fische\/klinisch-chemische-profile-screenings\/e-cuniculi-profil\/\">E. cuniculi-Profil<\/a><\/li><li class=\"menu-item sub-page\"><a href=\"https:\/\/laboklin.de\/de-ch\/leistungen\/profile\/profile-screenings-kleinsaeuger-voegel-reptilien-fische\/klinisch-chemische-profile-screenings\/e-cuniculi-profil-gross\/\">E. cuniculi-Profil gro\u00df<\/a><\/li><li class=\"menu-item sub-page\"><a href=\"https:\/\/laboklin.de\/de-ch\/leistungen\/profile\/profile-screenings-kleinsaeuger-voegel-reptilien-fische\/klinisch-chemische-profile-screenings\/fisch-screening\/\">Fisch-Screening<\/a><\/li><li class=\"menu-item sub-page\"><a href=\"https:\/\/laboklin.de\/de-ch\/leistungen\/profile\/profile-screenings-kleinsaeuger-voegel-reptilien-fische\/klinisch-chemische-profile-screenings\/frettchen-screening\/\">Frettchen-Screening<\/a><\/li><li class=\"menu-item sub-page\"><a href=\"https:\/\/laboklin.de\/de-ch\/leistungen\/profile\/profile-screenings-kleinsaeuger-voegel-reptilien-fische\/klinisch-chemische-profile-screenings\/fundigel-profil-2\/\">Fundigel-Profil<\/a><\/li><li class=\"menu-item sub-page\"><a href=\"https:\/\/laboklin.de\/de-ch\/leistungen\/profile\/profile-screenings-kleinsaeuger-voegel-reptilien-fische\/klinisch-chemische-profile-screenings\/kaninchen-screening-gross-e-cuniculi\/\">Kaninchen-Screening gro\u00df + E. cuniculi<\/a><\/li><li class=\"menu-item sub-page\"><a href=\"https:\/\/laboklin.de\/de-ch\/leistungen\/profile\/profile-screenings-kleinsaeuger-voegel-reptilien-fische\/klinisch-chemische-profile-screenings\/kaninchen-screening-gross-e-cuniculi-sdma\/\">Kaninchen-Screening gro\u00df + E. cuniculi + SDMA<\/a><\/li><li class=\"menu-item sub-page\"><a href=\"https:\/\/laboklin.de\/de-ch\/leistungen\/profile\/profile-screenings-kleinsaeuger-voegel-reptilien-fische\/klinisch-chemische-profile-screenings\/kleinsaeuger-screening-gross\/\">Kleins\u00e4uger-Screening gro\u00df<\/a><\/li><li class=\"menu-item sub-page\"><a href=\"https:\/\/laboklin.de\/de-ch\/leistungen\/profile\/profile-screenings-kleinsaeuger-voegel-reptilien-fische\/klinisch-chemische-profile-screenings\/kleinsaeuger-screening-gross-sdma\/\">Kleins\u00e4uger-Screening gro\u00df + SDMA<\/a><\/li><li class=\"menu-item sub-page\"><a href=\"https:\/\/laboklin.de\/de-ch\/leistungen\/profile\/profile-screenings-kleinsaeuger-voegel-reptilien-fische\/klinisch-chemische-profile-screenings\/kleinsaeuger-screening-gross-t4\/\">Kleins\u00e4uger-Screening gro\u00df + T4<\/a><\/li><li class=\"menu-item sub-page\"><a href=\"https:\/\/laboklin.de\/de-ch\/leistungen\/profile\/profile-screenings-kleinsaeuger-voegel-reptilien-fische\/klinisch-chemische-profile-screenings\/kleinsaeuger-screening-klein\/\">Kleins\u00e4uger-Screening klein<\/a><\/li><li class=\"menu-item sub-page\"><a href=\"https:\/\/laboklin.de\/de-ch\/leistungen\/profile\/profile-screenings-kleinsaeuger-voegel-reptilien-fische\/klinisch-chemische-profile-screenings\/nebennierenrinden-nnr-profil-hund-frettchen\/\">Nebennierenrinden- (NNR-) Profil (Hund, Frettchen)<\/a><\/li><li class=\"menu-item sub-page\"><a href=\"https:\/\/laboklin.de\/de-ch\/leistungen\/profile\/profile-screenings-kleinsaeuger-voegel-reptilien-fische\/klinisch-chemische-profile-screenings\/reptilien-screening-gross\/\">Reptilien-Screening (gro\u00df)<\/a><\/li><li class=\"menu-item sub-page\"><a href=\"https:\/\/laboklin.de\/de-ch\/leistungen\/profile\/profile-screenings-kleinsaeuger-voegel-reptilien-fische\/klinisch-chemische-profile-screenings\/reptilien-screening-klein\/\">Reptilien-Screening (klein)<\/a><\/li><li class=\"menu-item sub-page\"><a href=\"https:\/\/laboklin.de\/de-ch\/leistungen\/profile\/profile-screenings-kleinsaeuger-voegel-reptilien-fische\/klinisch-chemische-profile-screenings\/vitaminprofil-voegel-reptilien\/\">Vitaminprofil V\u00f6gel\/Reptilien<\/a><\/li><li class=\"menu-item sub-page\"><a href=\"https:\/\/laboklin.de\/de-ch\/leistungen\/profile\/profile-screenings-kleinsaeuger-voegel-reptilien-fische\/klinisch-chemische-profile-screenings\/vogel-screening\/\">Vogel-Screening<\/a><\/li><li class=\"menu-item sub-page\"><a href=\"https:\/\/laboklin.de\/de-ch\/leistungen\/profile\/profile-screenings-kleinsaeuger-voegel-reptilien-fische\/klinisch-chemische-profile-screenings\/vogel-screening-erweitert\/\">Vogel-Screening erweitert<\/a><\/li><\/div><\/div>\n","protected":false},"excerpt":{"rendered":"<p>LeistungsspektrumAmphibien-ScreeningE. cuniculi-ProfilE. cuniculi-Profil gro\u00dfFisch-ScreeningFrettchen-ScreeningFundigel-ProfilKaninchen-Screening gro\u00df + E. cuniculiKaninchen-Screening gro\u00df + E. cuniculi + SDMAKleins\u00e4uger-Screening gro\u00dfKleins\u00e4uger-Screening gro\u00df + SDMAKleins\u00e4uger-Screening gro\u00df + T4Kleins\u00e4uger-Screening kleinNebennierenrinden- (NNR-) Profil (Hund, Frettchen)Reptilien-Screening (gro\u00df)Reptilien-Screening (klein)Vitaminprofil V\u00f6gel\/ReptilienVogel-ScreeningVogel-Screening erweitert<\/p>\n","protected":false},"author":1,"featured_media":0,"parent":1332739,"menu_order":0,"comment_status":"closed","ping_status":"closed","template":"","meta":{"_seopress_robots_primary_cat":"","_seopress_titles_title":"","_seopress_titles_desc":"","_seopress_robots_index":"","footnotes":""},"class_list":["post-1332835","page","type-page","status-publish","hentry","description-off"],"_links":{"self":[{"href":"https:\/\/laboklin.de\/de-ch\/wp-json\/wp\/v2\/pages\/1332835","targetHints":{"allow":["GET"]}}],"collection":[{"href":"https:\/\/laboklin.de\/de-ch\/wp-json\/wp\/v2\/pages"}],"about":[{"href":"https:\/\/laboklin.de\/de-ch\/wp-json\/wp\/v2\/types\/page"}],"author":[{"embeddable":true,"href":"https:\/\/laboklin.de\/de-ch\/wp-json\/wp\/v2\/users\/1"}],"replies":[{"embeddable":true,"href":"https:\/\/laboklin.de\/de-ch\/wp-json\/wp\/v2\/comments?post=1332835"}],"version-history":[{"count":0,"href":"https:\/\/laboklin.de\/de-ch\/wp-json\/wp\/v2\/pages\/1332835\/revisions"}],"up":[{"embeddable":true,"href":"https:\/\/laboklin.de\/de-ch\/wp-json\/wp\/v2\/pages\/1332739"}],"wp:attachment":[{"href":"https:\/\/laboklin.de\/de-ch\/wp-json\/wp\/v2\/media?parent=1332835"}],"curies":[{"name":"wp","href":"https:\/\/api.w.org\/{rel}","templated":true}]}}