{"id":1332774,"date":"2020-10-16T11:36:27","date_gmt":"2020-10-16T09:36:27","guid":{"rendered":"https:\/\/laboklin.de\/leistungen\/infektionskrankheiten-erreger-und-antikoerpernachweise\/viren\/"},"modified":"2024-12-17T13:06:17","modified_gmt":"2024-12-17T12:06:17","slug":"viren","status":"publish","type":"page","link":"https:\/\/laboklin.de\/de-ch\/leistungen\/infektionskrankheiten-erreger-und-antikoerpernachweise\/viren\/","title":{"rendered":"Viren"},"content":{"rendered":"<div class=\"wpb-content-wrapper\"><p>[vc_row type=&#187;vc_default&#187; css=&#187;.vc_custom_1603118041733{margin-bottom: 20px !important;}&#187;][vc_column][vc_column_text]Die zur Diagnostik von Virusinfektionen gelisteten Tests ber\u00fccksichtigen Antik\u00f6rper- und Antigennachweise sowie f\u00fcr die Erregernachweise die molekularbiologischen Methoden (PCR, realtime PCR, droplet digital PCR). Weiterhin finden Sie Hinweise auf die Pathologie (Histologie, Zytologie).<\/p>\n<p>Bei\u00a0<b><strong>Reptilien<\/strong><\/b><b><strong>\u00a0<\/strong><\/b>bieten wir f\u00fcr F\u00e4lle, in denen die genannten diagnostischen Verfahren nicht m\u00f6glich sind oder keine zum Krankheitsbild passenden Befunde ergeben haben, auch eine m\u00f6gliche Virusanzucht mittels\u00a0<b><strong>Zellkultur<\/strong><\/b><b><strong>\u00a0<\/strong><\/b>an. Hierf\u00fcr ben\u00f6tigen wir Gewebe oder einen Tupfer, jeweils in\u00a0<b><strong>Zellkulturmedium<\/strong><\/b><b><strong>\u00a0<\/strong><\/b>(welches wir Ihnen gerne zur Verf\u00fcgung stellen) oder notfalls in etwas steriler physiologischer Kochsalzl\u00f6sung. F\u00fcr die Zellkultur sollte der Probenversand gek\u00fchlt erfolgen; es eine Untersuchungsdauer von mindestens 4 Wochen zu veranschlagen. Auf weitere Hinweise auf diese Untersuchungsm\u00f6glichkeit wird im Weiteren verzichtet.[\/vc_column_text][\/vc_column][\/vc_row][vc_row type=&#187;vc_default&#187; disable_element=&#187;yes&#187;][vc_column][vc_column_text]<div class=\"vc_tta-panels-container\"><div class=\"vc_tta-panels\"><li class=\"menu-item sub-page\"><a href=\"https:\/\/laboklin.de\/de-ch\/leistungen\/infektionskrankheiten-erreger-und-antikoerpernachweise\/viren\/adenoviren\/\">Adenoviren<\/a><\/li><li class=\"menu-item sub-page\"><a href=\"https:\/\/laboklin.de\/de-ch\/leistungen\/infektionskrankheiten-erreger-und-antikoerpernachweise\/viren\/alongshan-virus\/\">Alongshan-Virus<\/a><\/li><li class=\"menu-item sub-page\"><a href=\"https:\/\/laboklin.de\/de-ch\/leistungen\/infektionskrankheiten-erreger-und-antikoerpernachweise\/viren\/avipoxvirus\/\">Avipoxvirus<\/a><\/li><li class=\"menu-item sub-page\"><a href=\"https:\/\/laboklin.de\/de-ch\/leistungen\/infektionskrankheiten-erreger-und-antikoerpernachweise\/viren\/bornaviren\/\">Bornaviren<\/a><\/li><li class=\"menu-item sub-page\"><a href=\"https:\/\/laboklin.de\/de-ch\/leistungen\/infektionskrankheiten-erreger-und-antikoerpernachweise\/viren\/bovines-respiratorisches-synzytialvirus-brsv\/\">Bovines respiratorisches Synzytialvirus (BRSV)<\/a><\/li><li class=\"menu-item sub-page\"><a href=\"https:\/\/laboklin.de\/de-ch\/leistungen\/infektionskrankheiten-erreger-und-antikoerpernachweise\/viren\/caliciviren\/\">Caliciviren<\/a><\/li><li class=\"menu-item sub-page\"><a href=\"https:\/\/laboklin.de\/de-ch\/leistungen\/infektionskrankheiten-erreger-und-antikoerpernachweise\/viren\/carp-edema-virus-cev\/\">Carp Edema Virus (CEV)<\/a><\/li><li class=\"menu-item sub-page\"><a href=\"https:\/\/laboklin.de\/de-ch\/leistungen\/infektionskrankheiten-erreger-und-antikoerpernachweise\/viren\/chronische-bienenparalyse-virus-cbpv\/\">Chronische-Bienenparalyse-Virus (CBPV)<\/a><\/li><li class=\"menu-item sub-page\"><a href=\"https:\/\/laboklin.de\/de-ch\/leistungen\/infektionskrankheiten-erreger-und-antikoerpernachweise\/viren\/circoviren\/\">Circoviren<\/a><\/li><li class=\"menu-item sub-page\"><a href=\"https:\/\/laboklin.de\/de-ch\/leistungen\/infektionskrankheiten-erreger-und-antikoerpernachweise\/viren\/coronaviren\/\">Coronaviren<\/a><\/li><li class=\"menu-item sub-page\"><a href=\"https:\/\/laboklin.de\/de-ch\/leistungen\/infektionskrankheiten-erreger-und-antikoerpernachweise\/viren\/equine-infektioese-anaemie-virus-eiav\/\">Equine-infekti\u00f6se-An\u00e4mie-Virus (EIAV)<\/a><\/li><li class=\"menu-item sub-page\"><a href=\"https:\/\/laboklin.de\/de-ch\/leistungen\/infektionskrankheiten-erreger-und-antikoerpernachweise\/viren\/equines-arteritis-virus-eav\/\">Equines Arteritis-Virus (EAV)<\/a><\/li><li class=\"menu-item sub-page\"><a href=\"https:\/\/laboklin.de\/de-ch\/leistungen\/infektionskrankheiten-erreger-und-antikoerpernachweise\/viren\/equines-hepacivirus-eqhv\/\">Equines Hepacivirus (EqHV)<\/a><\/li><li class=\"menu-item sub-page\"><a href=\"https:\/\/laboklin.de\/de-ch\/leistungen\/infektionskrankheiten-erreger-und-antikoerpernachweise\/viren\/felines-immundefizienzvirus-fiv\/\">Felines Immundefizienzvirus (FIV)<\/a><\/li><li class=\"menu-item sub-page\"><a href=\"https:\/\/laboklin.de\/de-ch\/leistungen\/infektionskrankheiten-erreger-und-antikoerpernachweise\/viren\/coronaviren\/\">Feline infekti\u00f6se Peritonitis (FIP)<\/a><\/li><li class=\"menu-item sub-page\"><a href=\"https:\/\/laboklin.de\/de-ch\/leistungen\/infektionskrankheiten-erreger-und-antikoerpernachweise\/viren\/felines-leukaemievirus-felv\/\">Felines Leuk\u00e4mievirus (FeLV)<\/a><\/li><li class=\"menu-item sub-page\"><a href=\"https:\/\/laboklin.de\/de-ch\/leistungen\/infektionskrankheiten-erreger-und-antikoerpernachweise\/viren\/felines-morbillivirus-femv\/\">Felines Morbillivirus (FeMV)<\/a><\/li><li class=\"menu-item sub-page\"><a href=\"https:\/\/laboklin.de\/de-ch\/leistungen\/infektionskrankheiten-erreger-und-antikoerpernachweise\/viren\/fluegel-deformations-virus-dwv\/\">Fl\u00fcgel-Deformations-Virus (DWV)<\/a><\/li><li class=\"menu-item sub-page\"><a href=\"https:\/\/laboklin.de\/de-ch\/leistungen\/infektionskrankheiten-erreger-und-antikoerpernachweise\/viren\/fruehsommer-meningo-encephalitis-virus-fsmev\/\">Fr\u00fchsommer-Meningo-encephalitis-Virus (FSMEV)<\/a><\/li><li class=\"menu-item sub-page\"><a href=\"https:\/\/laboklin.de\/de-ch\/leistungen\/infektionskrankheiten-erreger-und-antikoerpernachweise\/viren\/hantavirus\/\">Hantavirus<\/a><\/li><li class=\"menu-item sub-page\"><a href=\"https:\/\/laboklin.de\/de-ch\/leistungen\/infektionskrankheiten-erreger-und-antikoerpernachweise\/viren\/herpesviren\/\">Herpesviren<\/a><\/li><li class=\"menu-item sub-page\"><a href=\"https:\/\/laboklin.de\/de-ch\/leistungen\/infektionskrankheiten-erreger-und-antikoerpernachweise\/viren\/influenzavirus\/\">Influenzavirus<\/a><\/li><li class=\"menu-item sub-page\"><a href=\"https:\/\/laboklin.de\/de-ch\/leistungen\/infektionskrankheiten-erreger-und-antikoerpernachweise\/viren\/iridoviren\/\">Iridoviren<\/a><\/li><li class=\"menu-item sub-page\"><a href=\"https:\/\/laboklin.de\/de-ch\/leistungen\/infektionskrankheiten-erreger-und-antikoerpernachweise\/viren\/lentiviren-cae-maedi-visna\/\">Lentiviren (CAE\/Maedi-Visna)<\/a><\/li><li class=\"menu-item sub-page\"><a href=\"https:\/\/laboklin.de\/de-ch\/leistungen\/infektionskrankheiten-erreger-und-antikoerpernachweise\/viren\/lymphozytaere-choriomeningitis-virus-lcmv\/\">Lymphozyt\u00e4re-Choriomeningitis-Virus (LCMV)<\/a><\/li><li class=\"menu-item sub-page\"><a href=\"https:\/\/laboklin.de\/de-ch\/leistungen\/infektionskrankheiten-erreger-und-antikoerpernachweise\/viren\/myxomavirus\/\">Myxomavirus<\/a><\/li><li class=\"menu-item sub-page\"><a href=\"https:\/\/laboklin.de\/de-ch\/leistungen\/infektionskrankheiten-erreger-und-antikoerpernachweise\/viren\/paramyxoviren\/\">Newcastle Disease Virus (NDV)<\/a><\/li><li class=\"menu-item sub-page\"><a href=\"https:\/\/laboklin.de\/de-ch\/leistungen\/infektionskrankheiten-erreger-und-antikoerpernachweise\/viren\/orthopoxviren\/\">Orthopoxviren<\/a><\/li><li class=\"menu-item sub-page\"><a href=\"https:\/\/laboklin.de\/de-ch\/leistungen\/infektionskrankheiten-erreger-und-antikoerpernachweise\/viren\/herpesviren\/\">Pachecovirus<\/a><\/li><li class=\"menu-item sub-page\"><a href=\"https:\/\/laboklin.de\/de-ch\/leistungen\/infektionskrankheiten-erreger-und-antikoerpernachweise\/viren\/papillomaviren\/\">Papillomaviren<\/a><\/li><li class=\"menu-item sub-page\"><a href=\"https:\/\/laboklin.de\/de-ch\/leistungen\/infektionskrankheiten-erreger-und-antikoerpernachweise\/viren\/parainfluenzaviren\/\">Parainfluenzaviren<\/a><\/li><li class=\"menu-item sub-page\"><a href=\"https:\/\/laboklin.de\/de-ch\/leistungen\/infektionskrankheiten-erreger-und-antikoerpernachweise\/viren\/paramyxoviren\/\">Paramyxoviren<\/a><\/li><li class=\"menu-item sub-page\"><a href=\"https:\/\/laboklin.de\/de-ch\/leistungen\/infektionskrankheiten-erreger-und-antikoerpernachweise\/viren\/parvoviren\/\">Parvoviren<\/a><\/li><li class=\"menu-item sub-page\"><a href=\"https:\/\/laboklin.de\/de-ch\/leistungen\/infektionskrankheiten-erreger-und-antikoerpernachweise\/viren\/polyomaviren\/\">Polyomaviren<\/a><\/li><li class=\"menu-item sub-page\"><a href=\"https:\/\/laboklin.de\/de-ch\/leistungen\/infektionskrankheiten-erreger-und-antikoerpernachweise\/viren\/circoviren\/\">Psittacine Beak and Feather Disease Virus (PBFD)<\/a><\/li><li class=\"menu-item sub-page\"><a href=\"https:\/\/laboklin.de\/de-ch\/leistungen\/infektionskrankheiten-erreger-und-antikoerpernachweise\/viren\/ranaviren\/\">Ranaviren<\/a><\/li><li class=\"menu-item sub-page\"><a href=\"https:\/\/laboklin.de\/de-ch\/leistungen\/infektionskrankheiten-erreger-und-antikoerpernachweise\/viren\/reoviren\/\">Reoviren<\/a><\/li><li class=\"menu-item sub-page\"><a href=\"https:\/\/laboklin.de\/de-ch\/leistungen\/infektionskrankheiten-erreger-und-antikoerpernachweise\/viren\/rotaviren\/\">Rotaviren<\/a><\/li><li class=\"menu-item sub-page\"><a href=\"https:\/\/laboklin.de\/de-ch\/leistungen\/infektionskrankheiten-erreger-und-antikoerpernachweise\/viren\/rustrela-virus\/\">Rustrela-Virus<\/a><\/li><li class=\"menu-item sub-page\"><a href=\"https:\/\/laboklin.de\/de-ch\/leistungen\/infektionskrankheiten-erreger-und-antikoerpernachweise\/viren\/sackbrutvirus\/\">Sackbrutvirus<\/a><\/li><li class=\"menu-item sub-page\"><a href=\"https:\/\/laboklin.de\/de-ch\/leistungen\/infektionskrankheiten-erreger-und-antikoerpernachweise\/viren\/schmallenberg-virus-sbv\/\">Schmallenberg-Virus (SBV)<\/a><\/li><li class=\"menu-item sub-page\"><a href=\"https:\/\/laboklin.de\/de-ch\/leistungen\/infektionskrankheiten-erreger-und-antikoerpernachweise\/viren\/sendai-virus\/\">Sendai-Virus<\/a><\/li><li class=\"menu-item sub-page\"><a href=\"https:\/\/laboklin.de\/de-ch\/leistungen\/infektionskrankheiten-erreger-und-antikoerpernachweise\/viren\/staupevirus\/\">Staupevirus<\/a><\/li><li class=\"menu-item sub-page\"><a href=\"https:\/\/laboklin.de\/de-ch\/leistungen\/infektionskrankheiten-erreger-und-antikoerpernachweise\/viren\/tollwutvirus\/\">Tollwutvirus<\/a><\/li><li class=\"menu-item sub-page\"><a href=\"https:\/\/laboklin.de\/de-ch\/leistungen\/infektionskrankheiten-erreger-und-antikoerpernachweise\/viren\/usutuvirus\/\">Usutuvirus<\/a><\/li><li class=\"menu-item sub-page\"><a href=\"https:\/\/laboklin.de\/de-ch\/leistungen\/infektionskrankheiten-erreger-und-antikoerpernachweise\/viren\/west-nile-virus\/\">West Nile Virus<\/a><\/li><li class=\"menu-item sub-page\"><a href=\"https:\/\/laboklin.de\/de-ch\/leistungen\/infektionskrankheiten-erreger-und-antikoerpernachweise\/viren\/zytomegalievirus\/\">Zytomegalievirus<\/a><\/li><\/div><\/div>[\/vc_column_text][\/vc_column][\/vc_row]<\/p>\n<\/div>","protected":false},"excerpt":{"rendered":"<p>[vc_row type=&#187;vc_default&#187; css=&#187;.vc_custom_1603118041733{margin-bottom: 20px !important;}&#187;][vc_column][vc_column_text]Die zur Diagnostik von Virusinfektionen gelisteten Tests ber\u00fccksichtigen Antik\u00f6rper- und Antigennachweise sowie f\u00fcr die Erregernachweise die molekularbiologischen Methoden (PCR, realtime PCR, droplet digital PCR). Weiterhin finden Sie Hinweise auf die Pathologie (Histologie, Zytologie). Bei\u00a0Reptilien\u00a0bieten wir f\u00fcr F\u00e4lle, in denen die genannten diagnostischen Verfahren nicht m\u00f6glich sind oder keine zum Krankheitsbild passenden&hellip;<\/p>\n","protected":false},"author":1,"featured_media":0,"parent":1332657,"menu_order":0,"comment_status":"closed","ping_status":"closed","template":"","meta":{"_seopress_robots_primary_cat":"","_seopress_titles_title":"\u00dcbersicht \u00fcber die diagnostischen Tests f\u00fcr Virusinfektionen.","_seopress_titles_desc":"Die Tests umfassen Antik\u00f6rper- und Antigennachweise sowie molekularbiologische Methoden wie PCR, realtime PCR und droplet digital PCR.","_seopress_robots_index":"","footnotes":""},"class_list":["post-1332774","page","type-page","status-publish","hentry","description-off"],"_links":{"self":[{"href":"https:\/\/laboklin.de\/de-ch\/wp-json\/wp\/v2\/pages\/1332774","targetHints":{"allow":["GET"]}}],"collection":[{"href":"https:\/\/laboklin.de\/de-ch\/wp-json\/wp\/v2\/pages"}],"about":[{"href":"https:\/\/laboklin.de\/de-ch\/wp-json\/wp\/v2\/types\/page"}],"author":[{"embeddable":true,"href":"https:\/\/laboklin.de\/de-ch\/wp-json\/wp\/v2\/users\/1"}],"replies":[{"embeddable":true,"href":"https:\/\/laboklin.de\/de-ch\/wp-json\/wp\/v2\/comments?post=1332774"}],"version-history":[{"count":2,"href":"https:\/\/laboklin.de\/de-ch\/wp-json\/wp\/v2\/pages\/1332774\/revisions"}],"predecessor-version":[{"id":1498354,"href":"https:\/\/laboklin.de\/de-ch\/wp-json\/wp\/v2\/pages\/1332774\/revisions\/1498354"}],"up":[{"embeddable":true,"href":"https:\/\/laboklin.de\/de-ch\/wp-json\/wp\/v2\/pages\/1332657"}],"wp:attachment":[{"href":"https:\/\/laboklin.de\/de-ch\/wp-json\/wp\/v2\/media?parent=1332774"}],"curies":[{"name":"wp","href":"https:\/\/api.w.org\/{rel}","templated":true}]}}