{"id":1332662,"date":"2020-10-16T11:35:27","date_gmt":"2020-10-16T09:35:27","guid":{"rendered":"https:\/\/laboklin.de\/leistungen\/pathologie\/"},"modified":"2025-05-20T14:32:18","modified_gmt":"2025-05-20T12:32:18","slug":"pathologie","status":"publish","type":"page","link":"https:\/\/laboklin.de\/de-ch\/leistungen\/pathologie\/","title":{"rendered":"Pathologie"},"content":{"rendered":"<div class=\"wpb-content-wrapper\"><p>[vc_row][vc_column][vc_column_text css=&#187;&#187;]Zu unserem Leistungsspektrum geh\u00f6rt die klassische Pathohistologie und Zytologie. Aus diesen Untersuchungen k\u00f6nnen sich weitere Fragestellungen ergeben, die oft schon aus dem eingesandten Material untersucht werden k\u00f6nnen. Neben der Immunhistologie bei Tumorfragestellungen kann die molekularbiologische Klonalit\u00e4tsuntersuchung bei Hund und Katze bei der Abkl\u00e4rung von Lymphomen helfen. Bei Verdacht auf ein Harnblasenkarzinom (\u00dcbergangszellkarzinom) bei Hunden kann Material mit verd\u00e4chtigen Epithelzellen auf die BRAF-Mutation untersucht werden.<\/p>\n<p>Unser Team von Pathologinnen und Pathologen erstellt umfassende Befundberichte und ist f\u00fcr Ihre Fragen erreichbar. Eine schnelle Bearbeitung ist f\u00fcr uns hier, wie in allen Untersuchungssparten, eine Selbstverst\u00e4ndlichkeit.<\/p>\n<p>Bitte beachten Sie auch die umfassenden Hinweise zum Probenmaterial.<b> Informationen zur Probenentnahme finden Sie im Bereich <a href=\"https:\/\/laboklin.de\/de-ch\/fachinformationen\/praeanalytik\/\">Pr\u00e4analytik<\/a> und unter den <a href=\"https:\/\/laboklin.de\/de-ch\/fachinformationen\/faq-allgemeine-fragen\/\">FAQs.<\/a><\/b><\/p>\n<hr \/>\n<p>&nbsp;<\/p>\n<p>Aktuelle Informationen <strong>(deutschsprachige Artikel)<\/strong> zur Tumordiagnostik in der Veterin\u00e4r-Pathologie inklusive molekulargenetischer Methoden finden Sie<strong> <a href=\"https:\/\/laboklin.de\/de\/aktuelles-zur-tumordiagnostik\/\" target=\"_blank\" rel=\"noopener\"> hier.<\/a><\/strong><\/p>\n<p>[\/vc_column_text][\/vc_column][\/vc_row][vc_row type=&#187;vc_default&#187; disable_element=&#187;yes&#187;][vc_column][vc_column_text css=&#187;.vc_custom_1603290927116{margin-left: 20px !important;padding-top: 30px !important;padding-right: 30px !important;padding-bottom: 30px !important;padding-left: 30px !important;}&#187;]<div class=\"vc_tta-panels-container\"><div class=\"vc_tta-panels\"><li class=\"menu-item sub-page\"><a href=\"https:\/\/laboklin.de\/de-ch\/leistungen\/pathologie\/pathohistologie\/\">Pathohistologie<\/a><\/li><li class=\"menu-item sub-page\"><a href=\"https:\/\/laboklin.de\/de-ch\/leistungen\/pathologie\/immunhistologie\/\">Immunhistologie<\/a><\/li><li class=\"menu-item sub-page\"><a href=\"https:\/\/laboklin.de\/de-ch\/leistungen\/pathologie\/zytologie\/\">Zytologie<\/a><\/li><li class=\"menu-item sub-page\"><a href=\"https:\/\/laboklin.de\/de-ch\/leistungen\/pathologie\/lymphozyten-klonalitaet\/\">Lymphozyten-Klonalit\u00e4t<\/a><\/li><li class=\"menu-item sub-page\"><a href=\"https:\/\/laboklin.de\/de-ch\/leistungen\/pathologie\/tumorgenetische-tests\/\">Tumorgenetische Tests<\/a><\/li><\/div><\/div>[\/vc_column_text][\/vc_column][\/vc_row][vc_row type=&#187;vc_default&#187; disable_element=&#187;yes&#187; css=&#187;.vc_custom_1674057540203{margin-top: 40px !important;}&#187;][vc_column]<div class=\"dt-fancy-separator title-left h3-size accent-title-color\" style=\"width: 100%;\"><div class=\"dt-fancy-title\"><span class=\"separator-holder separator-left\"><\/span>Pathologie: Ansprechpartner<span class=\"separator-holder separator-right\"><\/span><\/div><\/div>[\/vc_column][\/vc_row][vc_row type=&#187;vc_default&#187; disable_element=&#187;yes&#187; css=&#187;.vc_custom_1674057551266{margin-top: 30px !important;}&#187;][vc_column][vc_column_text]<div id=\"awsm-team-1307291\" class=\"awsm-grid-wrapper\">\n\t<\/div>\n[\/vc_column_text][\/vc_column][\/vc_row]<\/p>\n<\/div>","protected":false},"excerpt":{"rendered":"<p>[vc_row][vc_column][vc_column_text css=&#187;&#187;]Zu unserem Leistungsspektrum geh\u00f6rt die klassische Pathohistologie und Zytologie. Aus diesen Untersuchungen k\u00f6nnen sich weitere Fragestellungen ergeben, die oft schon aus dem eingesandten Material untersucht werden k\u00f6nnen. Neben der Immunhistologie bei Tumorfragestellungen kann die molekularbiologische Klonalit\u00e4tsuntersuchung bei Hund und Katze bei der Abkl\u00e4rung von Lymphomen helfen. Bei Verdacht auf ein Harnblasenkarzinom (\u00dcbergangszellkarzinom) bei Hunden&hellip;<\/p>\n","protected":false},"author":1,"featured_media":0,"parent":1332646,"menu_order":6,"comment_status":"closed","ping_status":"closed","template":"","meta":{"_seopress_robots_primary_cat":"","_seopress_titles_title":"Pathologie \u2013 ein wichtiger Beitrag zu Diagnose und Therapie","_seopress_titles_desc":"LABOKLIN bietet umfassende Pathologie-Dienstleistungen, einschlie\u00dflich Pathohistologie, Zytologie und molekularbiologischen Tests f\u00fcr Hunde und Katzen.","_seopress_robots_index":"","footnotes":""},"class_list":["post-1332662","page","type-page","status-publish","hentry","description-off"],"_links":{"self":[{"href":"https:\/\/laboklin.de\/de-ch\/wp-json\/wp\/v2\/pages\/1332662","targetHints":{"allow":["GET"]}}],"collection":[{"href":"https:\/\/laboklin.de\/de-ch\/wp-json\/wp\/v2\/pages"}],"about":[{"href":"https:\/\/laboklin.de\/de-ch\/wp-json\/wp\/v2\/types\/page"}],"author":[{"embeddable":true,"href":"https:\/\/laboklin.de\/de-ch\/wp-json\/wp\/v2\/users\/1"}],"replies":[{"embeddable":true,"href":"https:\/\/laboklin.de\/de-ch\/wp-json\/wp\/v2\/comments?post=1332662"}],"version-history":[{"count":8,"href":"https:\/\/laboklin.de\/de-ch\/wp-json\/wp\/v2\/pages\/1332662\/revisions"}],"predecessor-version":[{"id":1515300,"href":"https:\/\/laboklin.de\/de-ch\/wp-json\/wp\/v2\/pages\/1332662\/revisions\/1515300"}],"up":[{"embeddable":true,"href":"https:\/\/laboklin.de\/de-ch\/wp-json\/wp\/v2\/pages\/1332646"}],"wp:attachment":[{"href":"https:\/\/laboklin.de\/de-ch\/wp-json\/wp\/v2\/media?parent=1332662"}],"curies":[{"name":"wp","href":"https:\/\/api.w.org\/{rel}","templated":true}]}}