{"id":1332660,"date":"2020-10-16T11:36:27","date_gmt":"2020-10-16T09:36:27","guid":{"rendered":"https:\/\/laboklin.de\/leistungen\/mikrobiologie-parasitologie\/"},"modified":"2023-08-29T13:50:25","modified_gmt":"2023-08-29T11:50:25","slug":"mikrobiologie-parasitologie","status":"publish","type":"page","link":"https:\/\/laboklin.de\/de-ch\/leistungen\/mikrobiologie-parasitologie\/","title":{"rendered":"Mikrobiologie \/ Parasitologie"},"content":{"rendered":"<div class=\"wpb-content-wrapper\"><p>[vc_row][vc_column][vc_column_text]Unsere Leistungen in der Mikrobiologie und Parasitologie beinhalten die klassische, kulturelle Anzucht mit Durchf\u00fchrung einer Empfindlichkeitspr\u00fcfung, mikroskopische Nachweise sowie Erregernachweise \u00fcber molekularbiologische oder immunologische Verfahren. Bei der kulturellen bakteriologischen Untersuchung erfolgt die Keimdifferenzierung mittels MALDI-TOF. Die Antibiotikatestung erfolgt \u00fcber tierartspezifische Profile und auf der Basis des Clinical and Laboratory Standards Institute (CLSI), wie es den Forderungen T\u00c4HAV entspricht.<\/p>\n<p>Verdauungsst\u00f6rungen k\u00f6nnen \u00fcber Einzelnachweise der Durchfallerreger, umfassende Kotprofile oder eine Mikrobiomanalyse abgekl\u00e4rt werden.<\/p>\n<p>Als therapeutische Hilfe k\u00f6nnen wir f\u00fcr die Kollegen im Rahmen der mikrobiologischen Untersuchung Autovakzinen herstellen. Eine R\u00fccksprache ist empfohlen.<\/p>\n<p>Ausf\u00fchrliche Informationen finden Sie bei den jeweiligen Leistungsbeschreibungen.[\/vc_column_text][\/vc_column][\/vc_row][vc_row type=&#187;vc_default&#187; disable_element=&#187;yes&#187;][vc_column width=&#187;2\/3&#8243;][vc_column_text css=&#187;.vc_custom_1603284608694{margin-left: 20px !important;padding-top: 30px !important;padding-right: 30px !important;padding-bottom: 30px !important;padding-left: 30px !important;}&#187;]<div class=\"vc_tta-panels-container\"><div class=\"vc_tta-panels\"><li class=\"menu-item sub-page\"><a href=\"https:\/\/laboklin.de\/de-ch\/leistungen\/mikrobiologie-parasitologie\/bakteriologie-mykologie\/\">Bakteriologie \/ Mykologie<\/a><\/li><li class=\"menu-item sub-page\"><a href=\"https:\/\/laboklin.de\/de-ch\/leistungen\/mikrobiologie-parasitologie\/parasitologie\/\">Parasitologie<\/a><\/li><li class=\"menu-item sub-page\"><a href=\"https:\/\/laboklin.de\/de-ch\/leistungen\/mikrobiologie-parasitologie\/untersuchungen-bei-verdauungsstoerungen-und-diarrhoee\/\">Untersuchungen bei Verdauungsst\u00f6rungen und Diarrh\u00f6e<\/a><\/li><li class=\"menu-item sub-page\"><a href=\"https:\/\/laboklin.de\/de-ch\/leistungen\/mikrobiologie-parasitologie\/autovakzine-bestandsspezifische-vakzine\/\">Autovakzine \/ bestandsspezifische Vakzine<\/a><\/li><\/div><\/div>[\/vc_column_text][\/vc_column][vc_column width=&#187;1\/3&#8243;][\/vc_column][\/vc_row][vc_row type=&#187;vc_default&#187; disable_element=&#187;yes&#187; css=&#187;.vc_custom_1673962475340{margin-top: 30px !important;}&#187;][vc_column]<div class=\"dt-fancy-separator title-left h3-size accent-title-color\" style=\"width: 100%;\"><div class=\"dt-fancy-title\"><span class=\"separator-holder separator-left\"><\/span>Mikrobiologie - Ansprechpartner<span class=\"separator-holder separator-right\"><\/span><\/div><\/div>[\/vc_column][\/vc_row][vc_row type=&#187;vc_default&#187; disable_element=&#187;yes&#187;][vc_column][vc_column_text css=&#187;.vc_custom_1615297683878{margin-top: 30px !important;}&#187;]<div id=\"awsm-team-1307398\" class=\"awsm-grid-wrapper\">\n\t<\/div>\n[\/vc_column_text][\/vc_column][\/vc_row]<\/p>\n<\/div>","protected":false},"excerpt":{"rendered":"<p>[vc_row][vc_column][vc_column_text]Unsere Leistungen in der Mikrobiologie und Parasitologie beinhalten die klassische, kulturelle Anzucht mit Durchf\u00fchrung einer Empfindlichkeitspr\u00fcfung, mikroskopische Nachweise sowie Erregernachweise \u00fcber molekularbiologische oder immunologische Verfahren. Bei der kulturellen bakteriologischen Untersuchung erfolgt die Keimdifferenzierung mittels MALDI-TOF. Die Antibiotikatestung erfolgt \u00fcber tierartspezifische Profile und auf der Basis des Clinical and Laboratory Standards Institute (CLSI), wie es den&hellip;<\/p>\n","protected":false},"author":1,"featured_media":0,"parent":1332646,"menu_order":5,"comment_status":"closed","ping_status":"closed","template":"","meta":{"_seopress_robots_primary_cat":"","_seopress_titles_title":"","_seopress_titles_desc":"","_seopress_robots_index":"","footnotes":""},"class_list":["post-1332660","page","type-page","status-publish","hentry","description-off"],"_links":{"self":[{"href":"https:\/\/laboklin.de\/de-ch\/wp-json\/wp\/v2\/pages\/1332660","targetHints":{"allow":["GET"]}}],"collection":[{"href":"https:\/\/laboklin.de\/de-ch\/wp-json\/wp\/v2\/pages"}],"about":[{"href":"https:\/\/laboklin.de\/de-ch\/wp-json\/wp\/v2\/types\/page"}],"author":[{"embeddable":true,"href":"https:\/\/laboklin.de\/de-ch\/wp-json\/wp\/v2\/users\/1"}],"replies":[{"embeddable":true,"href":"https:\/\/laboklin.de\/de-ch\/wp-json\/wp\/v2\/comments?post=1332660"}],"version-history":[{"count":1,"href":"https:\/\/laboklin.de\/de-ch\/wp-json\/wp\/v2\/pages\/1332660\/revisions"}],"predecessor-version":[{"id":1447595,"href":"https:\/\/laboklin.de\/de-ch\/wp-json\/wp\/v2\/pages\/1332660\/revisions\/1447595"}],"up":[{"embeddable":true,"href":"https:\/\/laboklin.de\/de-ch\/wp-json\/wp\/v2\/pages\/1332646"}],"wp:attachment":[{"href":"https:\/\/laboklin.de\/de-ch\/wp-json\/wp\/v2\/media?parent=1332660"}],"curies":[{"name":"wp","href":"https:\/\/api.w.org\/{rel}","templated":true}]}}