{"id":1332650,"date":"2020-10-16T11:36:27","date_gmt":"2020-10-16T09:36:27","guid":{"rendered":"https:\/\/laboklin.de\/leistungen\/haematologie-klin-chemie-endokrinologie\/"},"modified":"2025-10-23T16:32:52","modified_gmt":"2025-10-23T14:32:52","slug":"haematologie-klin-chemie-endokrinologie","status":"publish","type":"page","link":"https:\/\/laboklin.de\/de-ch\/leistungen\/haematologie-klin-chemie-endokrinologie\/","title":{"rendered":"H\u00e4matologie, klin. Chemie, Endokrinologie"},"content":{"rendered":"<div class=\"wpb-content-wrapper\"><p>[vc_row][vc_column][vc_column_text]Wir bieten eine breite Palette von Untersuchungsm\u00f6glichkeiten an: Von Parametern des Blutbilds, des Harns, der Enzyme oder Substrate bis zu endokrinologischen Fragestellungen oder Entz\u00fcndungsparametern, Spurenelementen und vieles mehr. Informationen zu fachlichen Details der einzelnen Parameter oder zu wichtigen Funktionstests sind mit aufgef\u00fchrt.<\/p>\n<p>Jeder Befund wird tier\u00e4rztlich validiert, bevor er das Haus verl\u00e4sst. F\u00fcr offene Fragen erreichen Sie unsere Tier\u00e4rztinnen und Tier\u00e4rzte in der Beratung.[\/vc_column_text][\/vc_column][\/vc_row][vc_row type=&#187;vc_default&#187; disable_element=&#187;yes&#187;][vc_column][vc_column_text]<\/p>\n<h3 class=\"csc-firstHeader\">Blut \/ Serumuntersuchungen<\/h3>\n<div class=\"tx-laboklinleistung description text col-xxs-12 col-xs-8\">\n<p class=\"bodytext\">Die klinische Labormedizin dient der Diagnosebest\u00e4tigung von Krankheiten anhand der Untersuchung von Blut- und Harnproben sowie Punktaten.<\/p>\n<p class=\"bodytext\">Arbeitsfelder sind die Klinische Chemie, mit der Enzyme, Substrate und Mineralstoffe bestimmt werden, die Endokrinologie f\u00fcr die Hormonanalyse, die H\u00e4matologie sowie die Serologie f\u00fcr den Nachweis von Antik\u00f6rpern oder Antigenen.<\/p>\n<\/div>\n<p>[\/vc_column_text][\/vc_column][\/vc_row][vc_row type=&#187;vc_default&#187; disable_element=&#187;yes&#187;][vc_column][vc_column_text css=&#187;.vc_custom_1603377146765{margin-left: 20px !important;padding-top: 30px !important;padding-right: 30px !important;padding-bottom: 30px !important;padding-left: 30px !important;}&#187;]<div class=\"vc_tta-panels-container\"><div class=\"vc_tta-panels\"><li class=\"menu-item sub-page\"><a href=\"https:\/\/laboklin.de\/de-ch\/leistungen\/haematologie-klin-chemie-endokrinologie\/haematologie\/\">H\u00e4matologie<\/a><\/li><li class=\"menu-item sub-page\"><a href=\"https:\/\/laboklin.de\/de-ch\/leistungen\/haematologie-klin-chemie-endokrinologie\/klinisch-chemische-parameter\/\">Klinisch-chemische Parameter<\/a><\/li><li class=\"menu-item sub-page\"><a href=\"https:\/\/laboklin.de\/de-ch\/leistungen\/haematologie-klin-chemie-endokrinologie\/harnanalyse\/\">Harnanalyse<\/a><\/li><li class=\"menu-item sub-page\"><a href=\"https:\/\/laboklin.de\/de-ch\/leistungen\/haematologie-klin-chemie-endokrinologie\/immunologische-untersuchungen-entzuendungsparameter\/\">Immunologische Untersuchungen \/ Entz\u00fcndungsparameter<\/a><\/li><li class=\"menu-item sub-page\"><a href=\"https:\/\/laboklin.de\/de-ch\/leistungen\/haematologie-klin-chemie-endokrinologie\/endokrinologie-tumormarker\/\">Endokrinologie \/ Tumormarker<\/a><\/li><li class=\"menu-item sub-page\"><a href=\"https:\/\/laboklin.de\/de-ch\/leistungen\/haematologie-klin-chemie-endokrinologie\/funktionstests-berechnungsformeln\/\">Funktionstests \/ Berechnungsformeln<\/a><\/li><\/div><\/div>[\/vc_column_text][\/vc_column][\/vc_row][vc_row type=&#187;vc_default&#187; disable_element=&#187;yes&#187; css=&#187;.vc_custom_1673962545938{margin-top: 30px !important;}&#187;][vc_column offset=&#187;vc_hidden-md vc_hidden-sm vc_hidden-xs&#187;]<div class=\"dt-fancy-separator title-left h3-size accent-title-color\" style=\"width: 100%;\"><div class=\"dt-fancy-title\"><span class=\"separator-holder separator-left\"><\/span>Klinische Labordiagnostik - Ansprechpartner<span class=\"separator-holder separator-right\"><\/span><\/div><\/div>[\/vc_column][\/vc_row][vc_row type=&#187;vc_default&#187; disable_element=&#187;yes&#187; css=&#187;.vc_custom_1673962553881{margin-top: 20px !important;}&#187;][vc_column offset=&#187;vc_hidden-md vc_hidden-sm vc_hidden-xs&#187;][vc_column_text]<div id=\"awsm-team-1307403\" class=\"awsm-grid-wrapper\">\n\t<\/div>\n[\/vc_column_text][\/vc_column][\/vc_row]<\/p>\n<\/div>","protected":false},"excerpt":{"rendered":"<p>LABOKLIN bietet umfassende diagnostische Dienstleistungen in H\u00e4matologie, klinischer Chemie und Endokrinologie. Tier\u00e4rztlich validierte Befunde.<\/p>\n","protected":false},"author":1,"featured_media":0,"parent":1332646,"menu_order":1,"comment_status":"closed","ping_status":"closed","template":"","meta":{"_seopress_robots_primary_cat":"","_seopress_titles_title":"H\u00e4matologie, klin. Chemie, Endokrinologie | LABOKLIN","_seopress_titles_desc":"LABOKLIN bietet umfassende diagnostische Dienstleistungen in H\u00e4matologie, klinischer Chemie und Endokrinologie. Tier\u00e4rztlich validierte Befunde.","_seopress_robots_index":"","footnotes":""},"class_list":["post-1332650","page","type-page","status-publish","hentry","description-off"],"_links":{"self":[{"href":"https:\/\/laboklin.de\/de-ch\/wp-json\/wp\/v2\/pages\/1332650","targetHints":{"allow":["GET"]}}],"collection":[{"href":"https:\/\/laboklin.de\/de-ch\/wp-json\/wp\/v2\/pages"}],"about":[{"href":"https:\/\/laboklin.de\/de-ch\/wp-json\/wp\/v2\/types\/page"}],"author":[{"embeddable":true,"href":"https:\/\/laboklin.de\/de-ch\/wp-json\/wp\/v2\/users\/1"}],"replies":[{"embeddable":true,"href":"https:\/\/laboklin.de\/de-ch\/wp-json\/wp\/v2\/comments?post=1332650"}],"version-history":[{"count":2,"href":"https:\/\/laboklin.de\/de-ch\/wp-json\/wp\/v2\/pages\/1332650\/revisions"}],"predecessor-version":[{"id":1569690,"href":"https:\/\/laboklin.de\/de-ch\/wp-json\/wp\/v2\/pages\/1332650\/revisions\/1569690"}],"up":[{"embeddable":true,"href":"https:\/\/laboklin.de\/de-ch\/wp-json\/wp\/v2\/pages\/1332646"}],"wp:attachment":[{"href":"https:\/\/laboklin.de\/de-ch\/wp-json\/wp\/v2\/media?parent=1332650"}],"curies":[{"name":"wp","href":"https:\/\/api.w.org\/{rel}","templated":true}]}}