{"id":1332644,"date":"2025-07-16T09:45:30","date_gmt":"2025-07-16T07:45:30","guid":{"rendered":"https:\/\/laboklin.de\/start-karriere-bei-laboklin\/offene-stellen-laboklin\/"},"modified":"2025-09-25T08:50:26","modified_gmt":"2025-09-25T06:50:26","slug":"offene-stellen-laboklin","status":"publish","type":"page","link":"https:\/\/laboklin.de\/de-ch\/start-karriere-bei-laboklin\/offene-stellen-laboklin\/","title":{"rendered":"Offene Stellen"},"content":{"rendered":"<div class=\"wpb-content-wrapper\"><p>[vc_row][vc_column css=&#187;.vc_custom_1661254304034{margin-top: 20px !important;}&#187;][vc_column_text css=&#187;.vc_custom_1691662414812{margin-top: 10px !important;margin-bottom: 10px !important;padding-left: 5px !important;}&#187;]LABOKLIN ist ein sich stets weiterentwickelndes und wachsendes Unternehmen, weshalb wir immer auf der Suche sind nach neuen offenen und engagierte Kollegen, die uns bei der zuk\u00fcnftigen Weiterentwicklung unseres Unternehmens unterst\u00fctzen!<\/p>\n<p><strong>S\u00e4mtliche vakante Stellen unseres Unternehmens finden Sie hier.<\/strong><\/p>\n<p>Wir bitten Sie sich m\u00f6glichst online zu bewerben. So k\u00f6nnen wir Ihre Bewerbung schnellstm\u00f6glich bearbeiten und wieder mit Ihnen in Kontakt treten.[\/vc_column_text][\/vc_column][\/vc_row][vc_row][vc_column]<style type=\"text\/css\" data-type=\"the7_shortcodes-inline-css\">.portfolio-shortcode.portfolio-masonry-shortcode-id-dc6214b1a737325f1b6270d9777a2320.bottom-overlap-layout-list .post-entry-content {\n  margin-top: -100px;\n  width: 90%;\n}\n.portfolio-shortcode.portfolio-masonry-shortcode-id-dc6214b1a737325f1b6270d9777a2320.bottom-overlap-layout-list:not(.mode-list) .no-img .post-entry-content {\n  margin-top: 0;\n  width: 100%;\n}\n.portfolio-shortcode.portfolio-masonry-shortcode-id-dc6214b1a737325f1b6270d9777a2320.bottom-overlap-layout-list.mode-list .no-img .post-entry-content {\n  margin-top: 0;\n}\n.portfolio-shortcode.portfolio-masonry-shortcode-id-dc6214b1a737325f1b6270d9777a2320 .filter {\n  margin-bottom: 30px;\n}\n.portfolio-shortcode.portfolio-masonry-shortcode-id-dc6214b1a737325f1b6270d9777a2320 .filter-bg-decoration .filter-categories a.act {\n  color: #fff;\n}\n.portfolio-shortcode.portfolio-masonry-shortcode-id-dc6214b1a737325f1b6270d9777a2320:not(.mode-masonry) article:first-of-type,\n.portfolio-shortcode.portfolio-masonry-shortcode-id-dc6214b1a737325f1b6270d9777a2320:not(.mode-masonry) article.visible.first {\n  margin-top: 0;\n}\n.portfolio-shortcode.portfolio-masonry-shortcode-id-dc6214b1a737325f1b6270d9777a2320.dividers-on:not(.mode-masonry) article {\n  margin-top: 0;\n}\n.portfolio-shortcode.portfolio-masonry-shortcode-id-dc6214b1a737325f1b6270d9777a2320.dividers-on:not(.mode-masonry) article:first-of-type,\n.portfolio-shortcode.portfolio-masonry-shortcode-id-dc6214b1a737325f1b6270d9777a2320.dividers-on:not(.mode-masonry) article.visible.first {\n  margin-top: 0;\n  padding-top: 0;\n}\n.portfolio-shortcode.portfolio-masonry-shortcode-id-dc6214b1a737325f1b6270d9777a2320.hover-scale article:after {\n  background: -webkit-linear-gradient();\n  background: linear-gradient();\n}\n.portfolio-shortcode.portfolio-masonry-shortcode-id-dc6214b1a737325f1b6270d9777a2320.gradient-overlay-layout-list article {\n  border-radius: 0px;\n}\n.portfolio-shortcode.portfolio-masonry-shortcode-id-dc6214b1a737325f1b6270d9777a2320 .post-thumbnail-wrap {\n  padding: 0px 0px 0px 0px;\n  border-radius: 0px;\n}\n.portfolio-shortcode.portfolio-masonry-shortcode-id-dc6214b1a737325f1b6270d9777a2320 .post-thumbnail-wrap *,\n.portfolio-shortcode.portfolio-masonry-shortcode-id-dc6214b1a737325f1b6270d9777a2320 .post-thumbnail-rollover:after {\n  border-radius: 0px;\n}\n.portfolio-shortcode.portfolio-masonry-shortcode-id-dc6214b1a737325f1b6270d9777a2320.enable-bg-rollover .post-thumbnail-rollover:after {\n  background: -webkit-linear-gradient();\n  background: linear-gradient();\n}\n.portfolio-shortcode.portfolio-masonry-shortcode-id-dc6214b1a737325f1b6270d9777a2320:not(.gradient-overlay-layout-list) .post-thumbnail {\n  box-shadow: 0px 5px 9px 1px rgba(0,0,0,0.25);\n}\n.portfolio-shortcode.portfolio-masonry-shortcode-id-dc6214b1a737325f1b6270d9777a2320.gradient-overlay-layout-list article {\n  box-shadow: 0px 5px 9px 1px rgba(0,0,0,0.25);\n}\n.portfolio-shortcode.portfolio-masonry-shortcode-id-dc6214b1a737325f1b6270d9777a2320:not(.gradient-overlay-layout-list) .post-thumbnail {\n  box-shadow: 0px 5px 9px 1px rgba(0,0,0,0.25);\n}\n.portfolio-shortcode.portfolio-masonry-shortcode-id-dc6214b1a737325f1b6270d9777a2320.gradient-overlay-layout-list article {\n  box-shadow: 0px 5px 9px 1px rgba(0,0,0,0.25);\n}\n.bottom-overlap-layout-list.portfolio-shortcode.portfolio-masonry-shortcode-id-dc6214b1a737325f1b6270d9777a2320 .project-links-container {\n  height: calc(100% - 100px);\n}\n.portfolio-shortcode.portfolio-masonry-shortcode-id-dc6214b1a737325f1b6270d9777a2320 .project-links-container a {\n  width: 44px;\n  height: 44px;\n  line-height: 44px;\n  border-radius: 100px;\n  margin: 10px 5px 10px;\n}\n.content-rollover-layout-list:not(.content-align-center).portfolio-shortcode.portfolio-masonry-shortcode-id-dc6214b1a737325f1b6270d9777a2320 .project-links-container a,\n.gradient-overlay-layout-list:not(.content-align-center).portfolio-shortcode.portfolio-masonry-shortcode-id-dc6214b1a737325f1b6270d9777a2320 .project-links-container a {\n  margin: 10px 10px 10px 0;\n}\n.dt-icon-border-on.portfolio-shortcode.portfolio-masonry-shortcode-id-dc6214b1a737325f1b6270d9777a2320 .project-links-container a:before {\n  border-width: 0px;\n  border-style: solid;\n}\n.dt-icon-hover-border-on.portfolio-shortcode.portfolio-masonry-shortcode-id-dc6214b1a737325f1b6270d9777a2320 .project-links-container a:after {\n  border-width: 0px;\n  border-style: solid;\n}\n.dt-icon-bg-on.portfolio-shortcode.portfolio-masonry-shortcode-id-dc6214b1a737325f1b6270d9777a2320 .project-links-container a:before {\n  background: rgba(255,255,255,0.3);\n  -webkit-box-shadow: none;\n  box-shadow: none;\n}\n.dt-icon-hover-bg-on.portfolio-shortcode.portfolio-masonry-shortcode-id-dc6214b1a737325f1b6270d9777a2320 .project-links-container a:after {\n  background: rgba(255,255,255,0.5);\n  -webkit-box-shadow: none;\n  box-shadow: none;\n}\n.portfolio-shortcode.portfolio-masonry-shortcode-id-dc6214b1a737325f1b6270d9777a2320 .project-links-container a > span,\n.portfolio-shortcode.portfolio-masonry-shortcode-id-dc6214b1a737325f1b6270d9777a2320 .project-links-container a > span:before {\n  font-size: 16px;\n  line-height: 44px;\n}\n.portfolio-shortcode.portfolio-masonry-shortcode-id-dc6214b1a737325f1b6270d9777a2320 .project-links-container a:not(:hover) > span {\n  color: #ffffff;\n}\n.dt-icon-hover-off.portfolio-shortcode.portfolio-masonry-shortcode-id-dc6214b1a737325f1b6270d9777a2320 .project-links-container a > span,\n.dt-icon-hover-off.portfolio-shortcode.portfolio-masonry-shortcode-id-dc6214b1a737325f1b6270d9777a2320 .project-links-container a:hover > span {\n  color: #ffffff;\n}\n.dt-icon-hover-on.portfolio-shortcode.portfolio-masonry-shortcode-id-dc6214b1a737325f1b6270d9777a2320 .project-links-container a:hover > span {\n  color: #ffffff;\n}\n.portfolio-shortcode.portfolio-masonry-shortcode-id-dc6214b1a737325f1b6270d9777a2320 .entry-title,\n.portfolio-shortcode.portfolio-masonry-shortcode-id-dc6214b1a737325f1b6270d9777a2320.owl-carousel .entry-title {\n  margin-bottom: 5px;\n}\n.portfolio-shortcode.portfolio-masonry-shortcode-id-dc6214b1a737325f1b6270d9777a2320 .entry-meta {\n  margin-bottom: 15px;\n}\n.portfolio-shortcode.portfolio-masonry-shortcode-id-dc6214b1a737325f1b6270d9777a2320 .portfolio-categories {\n  margin-bottom: 15px;\n}\n.portfolio-shortcode.portfolio-masonry-shortcode-id-dc6214b1a737325f1b6270d9777a2320 .entry-excerpt {\n  margin-bottom: 5px;\n}\n.portfolio-shortcode.portfolio-masonry-shortcode-id-dc6214b1a737325f1b6270d9777a2320:not(.centered-layout-list) .post-entry-content {\n  padding: 30px 27px 30px 20px;\n}\n.portfolio-shortcode.portfolio-masonry-shortcode-id-dc6214b1a737325f1b6270d9777a2320:not(.centered-layout-list):not(\n      .content-bg-on\n    ):not(.mode-list)\n    .no-img\n    .post-entry-content {\n  padding: 0;\n}\n.portfolio-shortcode.portfolio-masonry-shortcode-id-dc6214b1a737325f1b6270d9777a2320.gradient-overlay-layout-list .post-entry-content {\n  border-radius: 0px;\n}\n@media screen and (max-width: ) {\n  .portfolio-shortcode.portfolio-masonry-shortcode-id-dc6214b1a737325f1b6270d9777a2320 article {\n    -webkit-flex-flow: column nowrap;\n    -moz-flex-flow: column nowrap;\n    -ms-flex-flow: column nowrap;\n    flex-flow: column nowrap;\n    margin-top: 20px;\n  }\n  .portfolio-shortcode.portfolio-masonry-shortcode-id-dc6214b1a737325f1b6270d9777a2320.dividers-on article {\n    border: none;\n  }\n  .portfolio-shortcode.portfolio-masonry-shortcode-id-dc6214b1a737325f1b6270d9777a2320.content-bg-on.centered-layout-list article {\n    padding: 0;\n  }\n  #page .portfolio-shortcode.portfolio-masonry-shortcode-id-dc6214b1a737325f1b6270d9777a2320 .post-thumbnail-wrap,\n  #page .portfolio-shortcode.portfolio-masonry-shortcode-id-dc6214b1a737325f1b6270d9777a2320 .post-entry-content {\n    width: 100%;\n    margin: 0;\n    top: 0;\n  }\n  #page .portfolio-shortcode.portfolio-masonry-shortcode-id-dc6214b1a737325f1b6270d9777a2320 .post-thumbnail-wrap {\n    padding: 0;\n  }\n  #page .portfolio-shortcode.portfolio-masonry-shortcode-id-dc6214b1a737325f1b6270d9777a2320 .post-entry-content:after {\n    display: none;\n  }\n  #page .portfolio-shortcode.portfolio-masonry-shortcode-id-dc6214b1a737325f1b6270d9777a2320 .project-even .post-thumbnail-wrap,\n  #page .portfolio-shortcode.portfolio-masonry-shortcode-id-dc6214b1a737325f1b6270d9777a2320.centered-layout-list .post-thumbnail-wrap {\n    -webkit-order: 0;\n    -moz-order: 0;\n    -ms-flex-order: 0;\n    order: 0;\n  }\n  #page .portfolio-shortcode.portfolio-masonry-shortcode-id-dc6214b1a737325f1b6270d9777a2320.centered-layout-list .post-entry-title-content {\n    -webkit-order: 1;\n    -moz-order: 1;\n    -ms-flex-order: 1;\n    order: 1;\n    width: 100%;\n    padding: 20px 20px 0;\n  }\n  #page .portfolio-shortcode.portfolio-masonry-shortcode-id-dc6214b1a737325f1b6270d9777a2320.centered-layout-list .post-entry-content {\n    -webkit-order: 2;\n    -moz-order: 2;\n    -ms-flex-order: 2;\n    order: 2;\n    padding-top: 0;\n  }\n  #page .portfolio-shortcode.portfolio-masonry-shortcode-id-dc6214b1a737325f1b6270d9777a2320 .post-entry-content {\n    padding: 20px;\n  }\n  #page .portfolio-shortcode.portfolio-masonry-shortcode-id-dc6214b1a737325f1b6270d9777a2320 .entry-title {\n    margin: 3px 0 5px;\n    font-size: 20px;\n    line-height: 26px;\n  }\n  #page .portfolio-shortcode.portfolio-masonry-shortcode-id-dc6214b1a737325f1b6270d9777a2320 .entry-meta {\n    margin: 5px 0 5px;\n  }\n  #page .portfolio-shortcode.portfolio-masonry-shortcode-id-dc6214b1a737325f1b6270d9777a2320 .entry-excerpt {\n    margin: 15px 0 0;\n  }\n  #page .portfolio-shortcode.portfolio-masonry-shortcode-id-dc6214b1a737325f1b6270d9777a2320 .post-details {\n    margin: 5px 0 10px;\n  }\n  #page .portfolio-shortcode.portfolio-masonry-shortcode-id-dc6214b1a737325f1b6270d9777a2320 .post-details.details-type-link {\n    margin-bottom: 2px;\n  }\n}\n.portfolio-shortcode.portfolio-masonry-shortcode-id-dc6214b1a737325f1b6270d9777a2320:not(.resize-by-browser-width) .dt-css-grid {\n  grid-row-gap: 30px;\n  grid-column-gap: 30px;\n  grid-template-columns: repeat(auto-fill,minmax(250px,1fr));\n}\n.portfolio-shortcode.portfolio-masonry-shortcode-id-dc6214b1a737325f1b6270d9777a2320:not(.resize-by-browser-width) .dt-css-grid .double-width {\n  grid-column: span 2;\n}\n.cssgridlegacy.no-cssgrid .portfolio-shortcode.portfolio-masonry-shortcode-id-dc6214b1a737325f1b6270d9777a2320:not(.resize-by-browser-width) .dt-css-grid,\n.no-cssgridlegacy.no-cssgrid .portfolio-shortcode.portfolio-masonry-shortcode-id-dc6214b1a737325f1b6270d9777a2320:not(.resize-by-browser-width) .dt-css-grid {\n  display: flex;\n  flex-flow: row wrap;\n  margin: -15px;\n}\n.cssgridlegacy.no-cssgrid .portfolio-shortcode.portfolio-masonry-shortcode-id-dc6214b1a737325f1b6270d9777a2320:not(.resize-by-browser-width) .dt-css-grid .wf-cell,\n.no-cssgridlegacy.no-cssgrid .portfolio-shortcode.portfolio-masonry-shortcode-id-dc6214b1a737325f1b6270d9777a2320:not(.resize-by-browser-width) .dt-css-grid .wf-cell {\n  flex: 1 0 250px;\n  min-width: 250px;\n  max-width: 100%;\n  padding: 15px;\n  box-sizing: border-box;\n}\n.portfolio-shortcode.portfolio-masonry-shortcode-id-dc6214b1a737325f1b6270d9777a2320.resize-by-browser-width .dt-css-grid {\n  grid-template-columns: repeat(,1fr);\n  grid-template-rows: auto;\n  grid-column-gap: 30px;\n  grid-row-gap: 30px;\n}\n.portfolio-shortcode.portfolio-masonry-shortcode-id-dc6214b1a737325f1b6270d9777a2320.resize-by-browser-width .dt-css-grid .double-width {\n  grid-column: span 2;\n}\n.cssgridlegacy.no-cssgrid .portfolio-shortcode.portfolio-masonry-shortcode-id-dc6214b1a737325f1b6270d9777a2320.resize-by-browser-width .dt-css-grid {\n  margin: -15px;\n}\n.cssgridlegacy.no-cssgrid .portfolio-shortcode.portfolio-masonry-shortcode-id-dc6214b1a737325f1b6270d9777a2320.resize-by-browser-width .dt-css-grid .wf-cell {\n  padding: 15px;\n}\n.cssgridlegacy.no-cssgrid .portfolio-shortcode.portfolio-masonry-shortcode-id-dc6214b1a737325f1b6270d9777a2320.resize-by-browser-width .dt-css-grid .wf-cell.double-width {\n  width: calc() * 2;\n}\n.portfolio-shortcode.portfolio-masonry-shortcode-id-dc6214b1a737325f1b6270d9777a2320.resize-by-browser-width:not(.centered-layout-list):not(.content-bg-on) .dt-css-grid {\n  grid-row-gap: 0px;\n}\n@media screen and (max-width: 1199px) {\n  .portfolio-shortcode.portfolio-masonry-shortcode-id-dc6214b1a737325f1b6270d9777a2320.resize-by-browser-width .dt-css-grid {\n    grid-template-columns: repeat(,1fr);\n  }\n  .cssgridlegacy.no-cssgrid .portfolio-shortcode.portfolio-masonry-shortcode-id-dc6214b1a737325f1b6270d9777a2320.resize-by-browser-width .dt-css-grid .wf-cell.double-width,\n  .no-cssgridlegacy.no-cssgrid .portfolio-shortcode.portfolio-masonry-shortcode-id-dc6214b1a737325f1b6270d9777a2320.resize-by-browser-width .dt-css-grid .wf-cell.double-width {\n    width: calc()*2;\n  }\n}\n@media screen and (max-width: 991px) {\n  .portfolio-shortcode.portfolio-masonry-shortcode-id-dc6214b1a737325f1b6270d9777a2320.resize-by-browser-width .dt-css-grid {\n    grid-template-columns: repeat(,1fr);\n  }\n  .cssgridlegacy.no-cssgrid .portfolio-shortcode.portfolio-masonry-shortcode-id-dc6214b1a737325f1b6270d9777a2320.resize-by-browser-width .dt-css-grid .wf-cell.double-width,\n  .no-cssgridlegacy.no-cssgrid .portfolio-shortcode.portfolio-masonry-shortcode-id-dc6214b1a737325f1b6270d9777a2320.resize-by-browser-width .dt-css-grid .wf-cell.double-width {\n    width: calc()*2;\n  }\n}\n@media screen and (max-width: 767px) {\n  .portfolio-shortcode.portfolio-masonry-shortcode-id-dc6214b1a737325f1b6270d9777a2320.resize-by-browser-width .dt-css-grid {\n    grid-template-columns: repeat(,1fr);\n  }\n  .cssgridlegacy.no-cssgrid .portfolio-shortcode.portfolio-masonry-shortcode-id-dc6214b1a737325f1b6270d9777a2320.resize-by-browser-width .dt-css-grid .wf-cell.double-width,\n  .no-cssgridlegacy.no-cssgrid .portfolio-shortcode.portfolio-masonry-shortcode-id-dc6214b1a737325f1b6270d9777a2320.resize-by-browser-width .dt-css-grid .wf-cell.double-width {\n    width: calc()*2;\n  }\n}\n@media screen and (max-width: 420px) {\n  .portfolio-shortcode.portfolio-masonry-shortcode-id-dc6214b1a737325f1b6270d9777a2320:not(.resize-by-browser-width) .dt-css-grid .double-width {\n    grid-column: span 1;\n  }\n}\n@media screen and (max-width: 320px) {\n  .portfolio-shortcode.portfolio-masonry-shortcode-id-dc6214b1a737325f1b6270d9777a2320:not(.resize-by-browser-width) .dt-css-grid .double-width {\n    grid-column: span 1;\n  }\n}<\/style><div class=\"portfolio-shortcode portfolio-masonry-shortcode-id-dc6214b1a737325f1b6270d9777a2320 mode-grid bottom-overlap-layout-list content-bg-on jquery-filter dt-icon-bg-on dt-icon-border-on dt-icon-hover-on dt-icon-hover-border-on dt-icon-hover-bg-on scale-img meta-info-off dt-css-grid-wrap enable-bg-rollover enable-img-shadow filter-align-left  loading-effect-fade-in description-under-image \" data-padding=\"15px\" data-cur-page=\"1\" data-post-limit=\"-1\" data-pagination-mode=\"none\" aria-live=\"assertive\" data-width=\"250px\" data-columns=\"3\"><div class=\"dt-css-grid\" ><div class=\"visible wf-cell category-479 category-480\" data-post-id=\"1432104\" data-date=\"2025-06-26T10:00:45+02:00\" data-name=\"Tierarzt oder TPA (m\/w\/d) 60-80% im Aussendienst Region Westschweiz\"><article class=\"post visible post-1432104 dt_portfolio type-dt_portfolio status-publish has-post-thumbnail hentry dt_portfolio_category-labor-de-ch dt_portfolio_category-basel-de-ch dt_portfolio_category-479 dt_portfolio_category-480\" data-name=\"Tierarzt oder TPA (m\/w\/d) 60-80% im Aussendienst Region Westschweiz\" data-date=\"2025-06-26T10:00:45+02:00\">\n\n<div class=\"post-thumbnail-wrap rollover-active \">\n\t<div class=\"post-thumbnail\">\n\n\t\t<a href=\"https:\/\/laboklin.de\/de-ch\/laboklin_offene_stellen\/tierarzt-oder-tpa-aussendienst-westschweiz\/\" class=\"post-thumbnail-rollover layzr-bg\" target=\"\"  aria-label=\"Post image\"><img fetchpriority=\"high\" decoding=\"async\" class=\"iso-lazy-load preload-me iso-lazy-load aspect\" src=\"data:image\/svg+xml,%3Csvg%20xmlns%3D&#39;http%3A%2F%2Fwww.w3.org%2F2000%2Fsvg&#39;%20viewBox%3D&#39;0%200%20375%20375&#39;%2F%3E\" data-src=\"https:\/\/laboklin.de\/wp-content\/uploads\/2022\/02\/DSC_7390-1-scaled-375x375.jpg\" data-srcset=\"https:\/\/laboklin.de\/wp-content\/uploads\/2022\/02\/DSC_7390-1-scaled-375x375.jpg 375w, https:\/\/laboklin.de\/wp-content\/uploads\/2022\/02\/DSC_7390-1-scaled-750x750.jpg 750w\" loading=\"eager\" style=\"--ratio: 375 \/ 375\" sizes=\"(max-width: 375px) 100vw, 375px\" alt=\"\" title=\"DSC_7390\" width=\"375\" height=\"375\"  \/><\/a><div class=\"project-links-container\"><a href=\"https:\/\/laboklin.de\/de-ch\/laboklin_offene_stellen\/tierarzt-oder-tpa-aussendienst-westschweiz\/\" target=\"\" class=\"project-details\" aria-label=\"Details link\"><span class=\"icon-portfolio-p205\"><\/span><\/a><\/div>\n\t<\/div>\n<\/div>\n\n\n<div class=\"post-entry-content\">\n\n\t<h3 class=\"entry-title\">\n\t\t<a href=\"https:\/\/laboklin.de\/de-ch\/laboklin_offene_stellen\/tierarzt-oder-tpa-aussendienst-westschweiz\/\" target=\"\" title=\"Tierarzt oder TPA (m\/w\/d) 60-80% im Aussendienst Region Westschweiz\" rel=\"bookmark\">Tierarzt oder TPA (m\/w\/d) 60-80% im Aussendienst Region Westschweiz<\/a>\n\t<\/h3>\n\n\t\n\t\n\t<a class=\"dt-btn-s dt-btn post-details details-type-btn\" href=\"https:\/\/laboklin.de\/de-ch\/laboklin_offene_stellen\/tierarzt-oder-tpa-aussendienst-westschweiz\/\" target=\"\">Weitere Informationen<i class=\"dt-icon-the7-arrow-03\" aria-hidden=\"true\"><\/i><\/a>\n<\/div><\/article><\/div><div class=\"visible wf-cell category-479 category-480\" data-post-id=\"1436016\" data-date=\"2025-06-26T09:31:39+02:00\" data-name=\"Labortierarzt (m\/w\/d) 60-80%\"><article class=\"post visible post-1436016 dt_portfolio type-dt_portfolio status-publish has-post-thumbnail hentry dt_portfolio_category-labor-de-ch dt_portfolio_category-basel-de-ch dt_portfolio_category-479 dt_portfolio_category-480\" data-name=\"Labortierarzt (m\/w\/d) 60-80%\" data-date=\"2025-06-26T09:31:39+02:00\">\n\n<div class=\"post-thumbnail-wrap rollover-active \">\n\t<div class=\"post-thumbnail\">\n\n\t\t<a href=\"https:\/\/laboklin.de\/de-ch\/laboklin_offene_stellen\/labortierarzt-m-w-d-60-80\/\" class=\"post-thumbnail-rollover layzr-bg\" target=\"\"  aria-label=\"Post image\"><img decoding=\"async\" class=\"iso-lazy-load preload-me iso-lazy-load aspect\" src=\"data:image\/svg+xml,%3Csvg%20xmlns%3D&#39;http%3A%2F%2Fwww.w3.org%2F2000%2Fsvg&#39;%20viewBox%3D&#39;0%200%20375%20375&#39;%2F%3E\" data-src=\"https:\/\/laboklin.de\/wp-content\/uploads\/2020\/09\/header_tierarzt_patho-375x375.jpg\" data-srcset=\"https:\/\/laboklin.de\/wp-content\/uploads\/2020\/09\/header_tierarzt_patho-375x375.jpg 375w, https:\/\/laboklin.de\/wp-content\/uploads\/2020\/09\/header_tierarzt_patho-750x750.jpg 750w\" loading=\"eager\" style=\"--ratio: 375 \/ 375\" sizes=\"(max-width: 375px) 100vw, 375px\" alt=\"\" title=\"Header_Tierarzt_Patho\" width=\"375\" height=\"375\"  \/><\/a><div class=\"project-links-container\"><a href=\"https:\/\/laboklin.de\/de-ch\/laboklin_offene_stellen\/labortierarzt-m-w-d-60-80\/\" target=\"\" class=\"project-details\" aria-label=\"Details link\"><span class=\"icon-portfolio-p205\"><\/span><\/a><\/div>\n\t<\/div>\n<\/div>\n\n\n<div class=\"post-entry-content\">\n\n\t<h3 class=\"entry-title\">\n\t\t<a href=\"https:\/\/laboklin.de\/de-ch\/laboklin_offene_stellen\/labortierarzt-m-w-d-60-80\/\" target=\"\" title=\"Labortierarzt (m\/w\/d) 60-80%\" rel=\"bookmark\">Labortierarzt (m\/w\/d) 60-80%<\/a>\n\t<\/h3>\n\n\t\n\t\n\t<a class=\"dt-btn-s dt-btn post-details details-type-btn\" href=\"https:\/\/laboklin.de\/de-ch\/laboklin_offene_stellen\/labortierarzt-m-w-d-60-80\/\" target=\"\">Weitere Informationen<i class=\"dt-icon-the7-arrow-03\" aria-hidden=\"true\"><\/i><\/a>\n<\/div><\/article><\/div><\/div><!-- iso-container|iso-grid --><\/div>[\/vc_column][\/vc_row][vc_row type=&#187;vc_default&#187;][vc_column offset=&#187;vc_hidden-md vc_hidden-sm vc_hidden-xs&#187;][vc_separator color=&#187;custom&#187; border_width=&#187;7&#8243; css=&#187;.vc_custom_1607354829510{margin-top: 30px !important;margin-bottom: 30px !important;}&#187; accent_color=&#187;#e51e1e&#187;][\/vc_column][\/vc_row][vc_row type=&#187;vc_default&#187; css=&#187;.vc_custom_1691648847662{margin-top: 30px !important;margin-bottom: 30px !important;}&#187;][vc_column][vc_column_text css=&#187;.vc_custom_1708496983088{padding-top: 20px !important;padding-bottom: 30px !important;}&#187;]Sie haben kein passendes Stellenangebot gefunden, m\u00f6chten sich uns aber trotzdem vorstellen?<br \/>\nDann senden Sie uns gerne Ihre <strong>Initiativbewerbung<\/strong> \u2013 wir freuen uns darauf Sie kennenzulernen![\/vc_column_text]<style type=\"text\/css\" data-type=\"the7_shortcodes-inline-css\">#default-btn-fe17fdb859e23de2131fa6b1260b9b17.ico-right-side > i {\n  margin-right: 0px;\n  margin-left: 8px;\n}\n#default-btn-fe17fdb859e23de2131fa6b1260b9b17 > i {\n  margin-right: 8px;\n}<\/style><a href=\"https:\/\/laboklin.de\/de\/laboklin_offene_stellen\/initiativbewerbung\/\" class=\"default-btn-shortcode dt-btn dt-btn-m link-hover-off btn-inline-left \" id=\"default-btn-fe17fdb859e23de2131fa6b1260b9b17\" title=\"Initiativbeberbung bei LABOKLIN\"><span>Initiativbewerbung<\/span><\/a>[\/vc_column][\/vc_row]<\/p>\n<\/div>","protected":false},"excerpt":{"rendered":"<p>[vc_row][vc_column css=&#187;.vc_custom_1661254304034{margin-top: 20px !important;}&#187;][vc_column_text css=&#187;.vc_custom_1691662414812{margin-top: 10px !important;margin-bottom: 10px !important;padding-left: 5px !important;}&#187;]LABOKLIN ist ein sich stets weiterentwickelndes und wachsendes Unternehmen, weshalb wir immer auf der Suche sind nach neuen offenen und engagierte Kollegen, die uns bei der zuk\u00fcnftigen Weiterentwicklung unseres Unternehmens unterst\u00fctzen! S\u00e4mtliche vakante Stellen unseres Unternehmens finden Sie hier. Wir bitten Sie sich m\u00f6glichst online&hellip;<\/p>\n","protected":false},"author":1,"featured_media":0,"parent":1332642,"menu_order":2,"comment_status":"closed","ping_status":"closed","template":"","meta":{"_seopress_robots_primary_cat":"","_seopress_titles_title":"\/laboklin_offene_stellen\/","_seopress_titles_desc":"","_seopress_robots_index":"","footnotes":""},"class_list":["post-1332644","page","type-page","status-publish","hentry","description-off"],"_links":{"self":[{"href":"https:\/\/laboklin.de\/de-ch\/wp-json\/wp\/v2\/pages\/1332644","targetHints":{"allow":["GET"]}}],"collection":[{"href":"https:\/\/laboklin.de\/de-ch\/wp-json\/wp\/v2\/pages"}],"about":[{"href":"https:\/\/laboklin.de\/de-ch\/wp-json\/wp\/v2\/types\/page"}],"author":[{"embeddable":true,"href":"https:\/\/laboklin.de\/de-ch\/wp-json\/wp\/v2\/users\/1"}],"replies":[{"embeddable":true,"href":"https:\/\/laboklin.de\/de-ch\/wp-json\/wp\/v2\/comments?post=1332644"}],"version-history":[{"count":45,"href":"https:\/\/laboklin.de\/de-ch\/wp-json\/wp\/v2\/pages\/1332644\/revisions"}],"predecessor-version":[{"id":1564014,"href":"https:\/\/laboklin.de\/de-ch\/wp-json\/wp\/v2\/pages\/1332644\/revisions\/1564014"}],"up":[{"embeddable":true,"href":"https:\/\/laboklin.de\/de-ch\/wp-json\/wp\/v2\/pages\/1332642"}],"wp:attachment":[{"href":"https:\/\/laboklin.de\/de-ch\/wp-json\/wp\/v2\/media?parent=1332644"}],"curies":[{"name":"wp","href":"https:\/\/api.w.org\/{rel}","templated":true}]}}