{"id":1332642,"date":"2020-12-03T12:06:46","date_gmt":"2020-12-03T11:06:46","guid":{"rendered":"https:\/\/laboklin.de\/start-karriere-bei-laboklin\/"},"modified":"2020-12-03T12:06:46","modified_gmt":"2020-12-03T11:06:46","slug":"start-karriere-bei-laboklin","status":"publish","type":"page","link":"https:\/\/laboklin.de\/de-ch\/start-karriere-bei-laboklin\/","title":{"rendered":"Karriere bei LABOKLIN"},"content":{"rendered":"<div class=\"wpb-content-wrapper\"><p>[vc_row][vc_column][vc_column_text css=&#187;.vc_custom_1616232432968{margin-bottom: 20px !important;}&#187;]<\/p>\n<h1>Karriere bei LABOKLIN<\/h1>\n<p>F\u00fcr uns basiert unternehmerischer Erfolg auf engagierten Mitarbeitern, die hochqualifiziert sind, sich mit ihren Aufgaben identifizieren und Spa\u00df an der Arbeit haben.<br \/>\nDie Wertsch\u00e4tzung unserer Mitarbeiter und ihrer Leistungen stehen f\u00fcr uns an oberster Stelle, denn wir wissen:<\/p>\n<p><strong>Unternehmenserfolg ist nur mit einem motivierten und gut ausgebildeten Team realisierbar.<\/strong><\/p>\n<p>Daher freut es uns stetig neue offene und engagierte Kollegen, die uns bei der zuk\u00fcnftigen Weiterentwicklung unseres Unternehmens unterst\u00fctzen, zu gewinnen!<\/p>\n<p>Auch Sie m\u00f6chten gerne an der Weiterf\u00fchrung unser langj\u00e4hrigen Erfolgsgeschichte teilhaben?<br \/>\nSie suchen nach einem Unternehmen, dass ein famili\u00e4res, offenes Miteinander pflegt und dennoch international t\u00e4tig ist?<\/p>\n<h4>Dann informieren Sie sich gerne auf den n\u00e4chsten Seiten \u00fcber uns als Arbeitgeber.<\/h4>\n<p>[\/vc_column_text][\/vc_column][\/vc_row][vc_row type=&#187;vc_default&#187; css=&#187;.vc_custom_1607004486837{margin-left: 5px !important;padding-top: 20px !important;padding-right: 20px !important;padding-bottom: 20px !important;padding-left: 5px !important;background-color: #c4c4c4 !important;}&#187;][vc_column]<style type=\"text\/css\" data-type=\"the7_shortcodes-inline-css\">.icon-with-text-shortcode.icon-text-id-033d2bdf9c4d785145552e5ebf3e3e8e .text-icon {\n  width: 60px;\n  height: 60px;\n  line-height: 60px;\n  font-size: 45px;\n  border-radius: 5px;\n  margin: 0px 10px 0px 0px;\n}\n.icon-with-text-shortcode.icon-text-id-033d2bdf9c4d785145552e5ebf3e3e8e .text-icon .icon-inner {\n  min-width: 60px;\n  min-height: 60px;\n  border-radius: 5px;\n}\n@media all and (-ms-high-contrast: none) {\n  .icon-with-text-shortcode.icon-text-id-033d2bdf9c4d785145552e5ebf3e3e8e .text-icon .icon-inner {\n    height: 60px;\n  }\n}\n.icon-with-text-shortcode.icon-text-id-033d2bdf9c4d785145552e5ebf3e3e8e .text-icon .dt-hover-icon {\n  line-height: 60px;\n}\n.icon-with-text-shortcode.icon-text-id-033d2bdf9c4d785145552e5ebf3e3e8e .text-icon:before,\n.icon-with-text-shortcode.icon-text-id-033d2bdf9c4d785145552e5ebf3e3e8e .text-icon:after,\n.icon-with-text-shortcode.icon-text-id-033d2bdf9c4d785145552e5ebf3e3e8e .text-icon .icon-inner:before,\n.icon-with-text-shortcode.icon-text-id-033d2bdf9c4d785145552e5ebf3e3e8e .text-icon .icon-inner:after {\n  min-width: 100%;\n  min-height: 100%;\n  padding: inherit;\n  border-radius: inherit;\n}\n.icon-with-text-shortcode.icon-text-id-033d2bdf9c4d785145552e5ebf3e3e8e .text-icon.dt-icon-border-on:before {\n  border-width: 2px;\n  border-style: solid;\n}\n.dt-icon-border-dashed.icon-with-text-shortcode.icon-text-id-033d2bdf9c4d785145552e5ebf3e3e8e .text-icon.dt-icon-border-on:before {\n  border-style: dashed;\n}\n.dt-icon-border-dotted.icon-with-text-shortcode.icon-text-id-033d2bdf9c4d785145552e5ebf3e3e8e .text-icon.dt-icon-border-on:before {\n  border-style: dotted;\n}\n.dt-icon-border-double.icon-with-text-shortcode.icon-text-id-033d2bdf9c4d785145552e5ebf3e3e8e .text-icon.dt-icon-border-on:before {\n  border-style: double;\n}\n.icon-with-text-shortcode.icon-text-id-033d2bdf9c4d785145552e5ebf3e3e8e .text-icon.dt-icon-border-dashed.dt-icon-border-on:before {\n  border-style: dashed;\n}\n.icon-with-text-shortcode.icon-text-id-033d2bdf9c4d785145552e5ebf3e3e8e .text-icon.dt-icon-border-dotted.dt-icon-border-on:before {\n  border-style: dotted;\n}\n.icon-with-text-shortcode.icon-text-id-033d2bdf9c4d785145552e5ebf3e3e8e .text-icon.dt-icon-border-double.dt-icon-border-on:before {\n  border-style: double;\n}\n.icon-with-text-shortcode.icon-text-id-033d2bdf9c4d785145552e5ebf3e3e8e .text-icon.dt-icon-hover-border-on:after {\n  border-width: 2px;\n  border-style: solid;\n}\n.icon-with-text-shortcode.icon-text-id-033d2bdf9c4d785145552e5ebf3e3e8e .text-icon.dt-icon-border-dashed.dt-icon-hover-border-on:after {\n  border-style: dashed;\n}\n.icon-with-text-shortcode.icon-text-id-033d2bdf9c4d785145552e5ebf3e3e8e .text-icon.dt-icon-border-dotted.dt-icon-hover-border-on:after {\n  border-style: dotted;\n}\n.icon-with-text-shortcode.icon-text-id-033d2bdf9c4d785145552e5ebf3e3e8e .text-icon.dt-icon-border-double.dt-icon-hover-border-on:after {\n  border-style: double;\n}\n.icon-with-text-shortcode.icon-text-id-033d2bdf9c4d785145552e5ebf3e3e8e .text-icon.dt-icon-hover-on:hover {\n  font-size: 45px;\n}\n#page .icon-with-text-shortcode.icon-text-id-033d2bdf9c4d785145552e5ebf3e3e8e .text-icon.dt-icon-hover-on:hover .soc-font-icon,\n#phantom .icon-with-text-shortcode.icon-text-id-033d2bdf9c4d785145552e5ebf3e3e8e .text-icon.dt-icon-hover-on:hover .soc-font-icon,\n#page .icon-with-text-shortcode.icon-text-id-033d2bdf9c4d785145552e5ebf3e3e8e .text-icon.dt-icon-hover-on:hover .soc-icon,\n#phantom .icon-with-text-shortcode.icon-text-id-033d2bdf9c4d785145552e5ebf3e3e8e .text-icon.dt-icon-hover-on:hover .soc-icon {\n  color: #fff;\n  background: none;\n}\n#page .icon-with-text-shortcode.icon-text-id-033d2bdf9c4d785145552e5ebf3e3e8e .text-icon.dt-icon-hover-on:not(:hover) .soc-font-icon,\n#phantom .icon-with-text-shortcode.icon-text-id-033d2bdf9c4d785145552e5ebf3e3e8e .text-icon.dt-icon-hover-on:not(:hover) .soc-font-icon,\n#page .icon-with-text-shortcode.icon-text-id-033d2bdf9c4d785145552e5ebf3e3e8e .text-icon.dt-icon-hover-on:not(:hover) .soc-icon,\n#phantom .icon-with-text-shortcode.icon-text-id-033d2bdf9c4d785145552e5ebf3e3e8e .text-icon.dt-icon-hover-on:not(:hover) .soc-icon,\n#page .icon-with-text-shortcode.icon-text-id-033d2bdf9c4d785145552e5ebf3e3e8e .text-icon.dt-icon-hover-off .soc-font-icon,\n#phantom .icon-with-text-shortcode.icon-text-id-033d2bdf9c4d785145552e5ebf3e3e8e .text-icon.dt-icon-hover-off .soc-font-icon,\n#page .icon-with-text-shortcode.icon-text-id-033d2bdf9c4d785145552e5ebf3e3e8e .text-icon.dt-icon-hover-off .soc-icon,\n#phantom .icon-with-text-shortcode.icon-text-id-033d2bdf9c4d785145552e5ebf3e3e8e .text-icon.dt-icon-hover-off .soc-icon {\n  color: #e51e1e;\n  background: none;\n}\n.icon-with-text-shortcode.icon-text-id-033d2bdf9c4d785145552e5ebf3e3e8e.layout-1 {\n  grid-template-columns: 60px minmax(0,1fr);\n  grid-column-gap: 10px;\n}\n.icon-with-text-shortcode.icon-text-id-033d2bdf9c4d785145552e5ebf3e3e8e.layout-2 {\n  grid-template-columns: minmax(0,1fr) 60px;\n  grid-column-gap: 0px;\n}\n.icon-with-text-shortcode.icon-text-id-033d2bdf9c4d785145552e5ebf3e3e8e.layout-2 .text-icon {\n  margin-left: 0;\n}\n.icon-with-text-shortcode.icon-text-id-033d2bdf9c4d785145552e5ebf3e3e8e.layout-3 {\n  grid-template-columns: 60px minmax(0,1fr);\n}\n.icon-with-text-shortcode.icon-text-id-033d2bdf9c4d785145552e5ebf3e3e8e.layout-3 .dt-text-title {\n  margin-left: 10px;\n}\n.icon-with-text-shortcode.icon-text-id-033d2bdf9c4d785145552e5ebf3e3e8e .dt-text-title,\n.icon-with-text-shortcode.icon-text-id-033d2bdf9c4d785145552e5ebf3e3e8e .dt-text-title a {\n  font-weight: bold;\n}\n.icon-with-text-shortcode.icon-text-id-033d2bdf9c4d785145552e5ebf3e3e8e .dt-text-title {\n  margin-bottom: 0px;\n}\n.icon-with-text-shortcode.icon-text-id-033d2bdf9c4d785145552e5ebf3e3e8e .dt-text-desc {\n  color: #000000;\n  background: none;\n  margin-bottom: 0px;\n  font-size: 14px;\n  line-height: 22px;\n}<\/style><div class=\"icon-with-text-shortcode  icon-text-id-033d2bdf9c4d785145552e5ebf3e3e8e layout-1  \" ><span   class=\"text-icon dt-icon-bg-off dt-icon-hover-off\" ><span class=\"icon-inner\"><i class=\"dt-regular-icon soc-icon fas fa-info-circle\"><\/i><i class=\"dt-hover-icon soc-icon fas fa-info-circle\"><\/i><\/span><\/span><h4 class=\"dt-text-title\"  >Hinweis:<\/h4><div class=\"dt-text-desc\">Aus Gr\u00fcnden der Lesbarkeit wurde im Text die m\u00e4nnliche Form gew\u00e4hlt, nichtsdestoweniger beziehen sich die Angaben auf Angeh\u00f6rige aller Geschlechter.<\/div><\/div>[\/vc_column][\/vc_row]<\/p>\n<\/div>","protected":false},"excerpt":{"rendered":"<p>[vc_row][vc_column][vc_column_text css=&#187;.vc_custom_1616232432968{margin-bottom: 20px !important;}&#187;] Karriere bei LABOKLIN F\u00fcr uns basiert unternehmerischer Erfolg auf engagierten Mitarbeitern, die hochqualifiziert sind, sich mit ihren Aufgaben identifizieren und Spa\u00df an der Arbeit haben. Die Wertsch\u00e4tzung unserer Mitarbeiter und ihrer Leistungen stehen f\u00fcr uns an oberster Stelle, denn wir wissen: Unternehmenserfolg ist nur mit einem motivierten und gut ausgebildeten Team&hellip;<\/p>\n","protected":false},"author":1,"featured_media":0,"parent":0,"menu_order":59,"comment_status":"closed","ping_status":"closed","template":"","meta":{"_seopress_robots_primary_cat":"","_seopress_titles_title":"","_seopress_titles_desc":"","_seopress_robots_index":"","footnotes":""},"class_list":["post-1332642","page","type-page","status-publish","hentry","description-off"],"_links":{"self":[{"href":"https:\/\/laboklin.de\/de-ch\/wp-json\/wp\/v2\/pages\/1332642","targetHints":{"allow":["GET"]}}],"collection":[{"href":"https:\/\/laboklin.de\/de-ch\/wp-json\/wp\/v2\/pages"}],"about":[{"href":"https:\/\/laboklin.de\/de-ch\/wp-json\/wp\/v2\/types\/page"}],"author":[{"embeddable":true,"href":"https:\/\/laboklin.de\/de-ch\/wp-json\/wp\/v2\/users\/1"}],"replies":[{"embeddable":true,"href":"https:\/\/laboklin.de\/de-ch\/wp-json\/wp\/v2\/comments?post=1332642"}],"version-history":[{"count":0,"href":"https:\/\/laboklin.de\/de-ch\/wp-json\/wp\/v2\/pages\/1332642\/revisions"}],"wp:attachment":[{"href":"https:\/\/laboklin.de\/de-ch\/wp-json\/wp\/v2\/media?parent=1332642"}],"curies":[{"name":"wp","href":"https:\/\/api.w.org\/{rel}","templated":true}]}}